{"id":760,"date":"2016-11-19T22:07:18","date_gmt":"2016-11-19T21:07:18","guid":{"rendered":"http:\/\/www.ati.es\/?page_id=760"},"modified":"2016-11-20T21:49:15","modified_gmt":"2016-11-20T20:49:15","slug":"historia-de-novatica","status":"publish","type":"page","link":"https:\/\/www.ati.es\/es_es\/novatica-2\/historia-de-novatica\/","title":{"rendered":"Historia de Nov\u00e1tica"},"content":{"rendered":"<p><span style=\"font-family: Arial, Helvetica;\">En Enero de 1975, <b>ATI (Asociaci\u00f3n de T\u00e9cnicos de Inform\u00e1tica)<\/b> di\u00f3 a luz el <span style=\"color: #0000ff;\"><strong>primer\u00a0n\u00famero de esta nuestra revista<\/strong><\/span>, o mucho mejor dicho, <i>su<\/i> revista, es decir, la revista de todos y cada uno de sus lectores, las personas que acceden a ella cada a\u00f1o, bien a trav\u00e9s de su versi\u00f3n impresa bien a trav\u00e9s de su versi\u00f3n en l\u00ednea reservada para los <strong>Socios de ATI<\/strong>, a la b\u00fasqueda de <b>informaci\u00f3n rigurosa e independiente sobre las <span style=\"color: #ff6600;\">Tecnolog\u00edas de la Informaci\u00f3n y de las Comunicaciones<\/span><\/b>.<\/span><\/p>\n ","protected":false},"excerpt":{"rendered":"<p>En Enero de 1975, ATI (Asociaci\u00f3n de T\u00e9cnicos de Inform\u00e1tica) di\u00f3 a luz el primer\u00a0n\u00famero de esta nuestra revista, o mucho mejor dicho, su revista, es decir, la revista de todos y cada uno de sus lectores, las personas que acceden a ella cada a\u00f1o, bien a trav\u00e9s de su versi\u00f3n impresa bien a trav\u00e9s&#8230;<\/p>\n<p class=\"more-link-wrap\"><a href=\"https:\/\/www.ati.es\/es_es\/novatica-2\/historia-de-novatica\/\" class=\"more-link\">Leer m\u00e1s<span class=\"screen-reader-text\"> &ldquo;Historia de Nov\u00e1tica&rdquo;<\/span> &raquo;<\/a><\/p>\n","protected":false},"author":1,"featured_media":0,"parent":66,"menu_order":0,"comment_status":"closed","ping_status":"closed","template":"template-fullwidth.php","meta":[],"yoast_head":"<!-- This site is optimized with the Yoast SEO plugin v20.6 - https:\/\/yoast.com\/wordpress\/plugins\/seo\/ -->\n<title>Historia de Nov\u00e1tica - Asociaci\u00f3n de T\u00e9cnicos de Inform\u00e1tica<\/title>\n<meta name=\"robots\" content=\"index, follow, max-snippet:-1, max-image-preview:large, max-video-preview:-1\" \/>\n<link rel=\"canonical\" href=\"https:\/\/www.ati.es\/es_es\/novatica-2\/historia-de-novatica\/\" \/>\n<meta property=\"og:locale\" content=\"es_ES\" \/>\n<meta property=\"og:type\" content=\"article\" \/>\n<meta property=\"og:title\" content=\"Historia de Nov\u00e1tica - Asociaci\u00f3n de T\u00e9cnicos de Inform\u00e1tica\" \/>\n<meta property=\"og:description\" content=\"En Enero de 1975, ATI (Asociaci\u00f3n de T\u00e9cnicos de Inform\u00e1tica) di\u00f3 a luz el primer\u00a0n\u00famero de esta nuestra revista, o mucho mejor dicho, su revista, es decir, la revista de todos y cada uno de sus lectores, las personas que acceden a ella cada a\u00f1o, bien a trav\u00e9s de su versi\u00f3n impresa bien a trav\u00e9s...Leer m\u00e1s &ldquo;Historia de Nov\u00e1tica&rdquo; &raquo;\" \/>\n<meta property=\"og:url\" content=\"https:\/\/www.ati.es\/es_es\/novatica-2\/historia-de-novatica\/\" \/>\n<meta property=\"og:site_name\" content=\"Asociaci\u00f3n de T\u00e9cnicos de Inform\u00e1tica\" \/>\n<meta property=\"article:modified_time\" content=\"2016-11-20T20:49:15+00:00\" \/>\n<meta name=\"twitter:card\" content=\"summary_large_image\" \/>\n<script type=\"application\/ld+json\" class=\"yoast-schema-graph\">{\"@context\":\"https:\/\/schema.org\",\"@graph\":[{\"@type\":\"WebPage\",\"@id\":\"https:\/\/www.ati.es\/novatica-2\/historia-de-novatica\/\",\"url\":\"https:\/\/www.ati.es\/novatica-2\/historia-de-novatica\/\",\"name\":\"Historia de Nov\u00e1tica - Asociaci\u00f3n de T\u00e9cnicos de Inform\u00e1tica\",\"isPartOf\":{\"@id\":\"https:\/\/www.ati.es\/#website\"},\"datePublished\":\"2016-11-19T21:07:18+00:00\",\"dateModified\":\"2016-11-20T20:49:15+00:00\",\"breadcrumb\":{\"@id\":\"https:\/\/www.ati.es\/novatica-2\/historia-de-novatica\/#breadcrumb\"},\"inLanguage\":\"es\",\"potentialAction\":[{\"@type\":\"ReadAction\",\"target\":[\"https:\/\/www.ati.es\/novatica-2\/historia-de-novatica\/\"]}]},{\"@type\":\"BreadcrumbList\",\"@id\":\"https:\/\/www.ati.es\/novatica-2\/historia-de-novatica\/#breadcrumb\",\"itemListElement\":[{\"@type\":\"ListItem\",\"position\":1,\"name\":\"Portada\",\"item\":\"https:\/\/www.ati.es\/\"},{\"@type\":\"ListItem\",\"position\":2,\"name\":\"Nov\u00e1tica\",\"item\":\"https:\/\/www.ati.es\/novatica-2\/\"},{\"@type\":\"ListItem\",\"position\":3,\"name\":\"Historia de Nov\u00e1tica\"}]},{\"@type\":\"WebSite\",\"@id\":\"https:\/\/www.ati.es\/#website\",\"url\":\"https:\/\/www.ati.es\/\",\"name\":\"Asociaci\u00f3n de T\u00e9cnicos de Inform\u00e1tica\",\"description\":\"\",\"publisher\":{\"@id\":\"https:\/\/www.ati.es\/#organization\"},\"potentialAction\":[{\"@type\":\"SearchAction\",\"target\":{\"@type\":\"EntryPoint\",\"urlTemplate\":\"https:\/\/www.ati.es\/?s={search_term_string}\"},\"query-input\":\"required name=search_term_string\"}],\"inLanguage\":\"es\"},{\"@type\":\"Organization\",\"@id\":\"https:\/\/www.ati.es\/#organization\",\"name\":\"Asociaci\u00f3n de T\u00e9cnicos de Inform\u00e1tica\",\"url\":\"https:\/\/www.ati.es\/\",\"logo\":{\"@type\":\"ImageObject\",\"inLanguage\":\"es\",\"@id\":\"https:\/\/www.ati.es\/#\/schema\/logo\/image\/\",\"url\":\"https:\/\/www.ati.es\/wp-content\/uploads\/2021\/07\/cropped-logoATIvectorized.png\",\"contentUrl\":\"https:\/\/www.ati.es\/wp-content\/uploads\/2021\/07\/cropped-logoATIvectorized.png\",\"width\":431,\"height\":231,\"caption\":\"Asociaci\u00f3n de T\u00e9cnicos de Inform\u00e1tica\"},\"image\":{\"@id\":\"https:\/\/www.ati.es\/#\/schema\/logo\/image\/\"}}]}<\/script>\n<!-- \/ Yoast SEO plugin. -->","yoast_head_json":{"title":"Historia de Nov\u00e1tica - Asociaci\u00f3n de T\u00e9cnicos de Inform\u00e1tica","robots":{"index":"index","follow":"follow","max-snippet":"max-snippet:-1","max-image-preview":"max-image-preview:large","max-video-preview":"max-video-preview:-1"},"canonical":"https:\/\/www.ati.es\/es_es\/novatica-2\/historia-de-novatica\/","og_locale":"es_ES","og_type":"article","og_title":"Historia de Nov\u00e1tica - Asociaci\u00f3n de T\u00e9cnicos de Inform\u00e1tica","og_description":"En Enero de 1975, ATI (Asociaci\u00f3n de T\u00e9cnicos de Inform\u00e1tica) di\u00f3 a luz el primer\u00a0n\u00famero de esta nuestra revista, o mucho mejor dicho, su revista, es decir, la revista de todos y cada uno de sus lectores, las personas que acceden a ella cada a\u00f1o, bien a trav\u00e9s de su versi\u00f3n impresa bien a trav\u00e9s...Leer m\u00e1s &ldquo;Historia de Nov\u00e1tica&rdquo; &raquo;","og_url":"https:\/\/www.ati.es\/es_es\/novatica-2\/historia-de-novatica\/","og_site_name":"Asociaci\u00f3n de T\u00e9cnicos de Inform\u00e1tica","article_modified_time":"2016-11-20T20:49:15+00:00","twitter_card":"summary_large_image","schema":{"@context":"https:\/\/schema.org","@graph":[{"@type":"WebPage","@id":"https:\/\/www.ati.es\/novatica-2\/historia-de-novatica\/","url":"https:\/\/www.ati.es\/novatica-2\/historia-de-novatica\/","name":"Historia de Nov\u00e1tica - Asociaci\u00f3n de T\u00e9cnicos de Inform\u00e1tica","isPartOf":{"@id":"https:\/\/www.ati.es\/#website"},"datePublished":"2016-11-19T21:07:18+00:00","dateModified":"2016-11-20T20:49:15+00:00","breadcrumb":{"@id":"https:\/\/www.ati.es\/novatica-2\/historia-de-novatica\/#breadcrumb"},"inLanguage":"es","potentialAction":[{"@type":"ReadAction","target":["https:\/\/www.ati.es\/novatica-2\/historia-de-novatica\/"]}]},{"@type":"BreadcrumbList","@id":"https:\/\/www.ati.es\/novatica-2\/historia-de-novatica\/#breadcrumb","itemListElement":[{"@type":"ListItem","position":1,"name":"Portada","item":"https:\/\/www.ati.es\/"},{"@type":"ListItem","position":2,"name":"Nov\u00e1tica","item":"https:\/\/www.ati.es\/novatica-2\/"},{"@type":"ListItem","position":3,"name":"Historia de Nov\u00e1tica"}]},{"@type":"WebSite","@id":"https:\/\/www.ati.es\/#website","url":"https:\/\/www.ati.es\/","name":"Asociaci\u00f3n de T\u00e9cnicos de Inform\u00e1tica","description":"","publisher":{"@id":"https:\/\/www.ati.es\/#organization"},"potentialAction":[{"@type":"SearchAction","target":{"@type":"EntryPoint","urlTemplate":"https:\/\/www.ati.es\/?s={search_term_string}"},"query-input":"required name=search_term_string"}],"inLanguage":"es"},{"@type":"Organization","@id":"https:\/\/www.ati.es\/#organization","name":"Asociaci\u00f3n de T\u00e9cnicos de Inform\u00e1tica","url":"https:\/\/www.ati.es\/","logo":{"@type":"ImageObject","inLanguage":"es","@id":"https:\/\/www.ati.es\/#\/schema\/logo\/image\/","url":"https:\/\/www.ati.es\/wp-content\/uploads\/2021\/07\/cropped-logoATIvectorized.png","contentUrl":"https:\/\/www.ati.es\/wp-content\/uploads\/2021\/07\/cropped-logoATIvectorized.png","width":431,"height":231,"caption":"Asociaci\u00f3n de T\u00e9cnicos de Inform\u00e1tica"},"image":{"@id":"https:\/\/www.ati.es\/#\/schema\/logo\/image\/"}}]}},"_links":{"self":[{"href":"https:\/\/www.ati.es\/es_es\/wp-json\/wp\/v2\/pages\/760"}],"collection":[{"href":"https:\/\/www.ati.es\/es_es\/wp-json\/wp\/v2\/pages"}],"about":[{"href":"https:\/\/www.ati.es\/es_es\/wp-json\/wp\/v2\/types\/page"}],"author":[{"embeddable":true,"href":"https:\/\/www.ati.es\/es_es\/wp-json\/wp\/v2\/users\/1"}],"replies":[{"embeddable":true,"href":"https:\/\/www.ati.es\/es_es\/wp-json\/wp\/v2\/comments?post=760"}],"version-history":[{"count":0,"href":"https:\/\/www.ati.es\/es_es\/wp-json\/wp\/v2\/pages\/760\/revisions"}],"up":[{"embeddable":true,"href":"https:\/\/www.ati.es\/es_es\/wp-json\/wp\/v2\/pages\/66"}],"wp:attachment":[{"href":"https:\/\/www.ati.es\/es_es\/wp-json\/wp\/v2\/media?parent=760"}],"curies":[{"name":"wp","href":"https:\/\/api.w.org\/{rel}","templated":true}]}}