{"id":752,"date":"2016-11-19T21:59:30","date_gmt":"2016-11-19T20:59:30","guid":{"rendered":"http:\/\/www.ati.es\/?page_id=752"},"modified":"2020-12-28T12:08:49","modified_gmt":"2020-12-28T11:08:49","slug":"premios-novatica","status":"publish","type":"page","link":"https:\/\/www.ati.es\/es_es\/novatica-2\/premios-novatica\/","title":{"rendered":"Premios Nov\u00e1tica"},"content":{"rendered":"\n<div class=\"detail-cos2\">\n<p class=\"spip\">Los Premios Nov\u00e1tica se vienen concediendo desde 2006 a los mejores art\u00edculos publicados por nuestra revista durante el a\u00f1o precedente, seg\u00fan el criterio de un Jurado compuesto por los coordinadores de las Secciones T\u00e9cnicas de la revista, as\u00ed como el Presidente del Consejo Editorial y el Director del misma.<\/p>\n<p class=\"spip\">Los ganadores de las ediciones convocadas hasta ahora han sido:<\/p>\n<p><strong>X Edici\u00f3n del Premio Nov\u00e1tica<br><\/strong><span style=\"color: #006666;\">Algunas reflexiones sobre el presente y futuro de la Inteligencia Artificial<\/span>, del que es autor Ramon L\u00f3pez de M\u00e1ntaras Bad\u00eda.<\/p>\n<p><strong>IX Edici\u00f3n del Premio Nov\u00e1tica<br><\/strong><span style=\"color: #006666;\">Retos de los juegos educativos,<\/span> del que son autores Baltasar Fern\u00e1ndez-Manj\u00f3n, Pablo Moreno-Ger, Ivan Mart\u00ednez-Ortiz y Manuel Freire.<\/p>\n<p><strong>VIII Edici\u00f3n del Premio Nov\u00e1tica<br><\/strong><span style=\"color: #006666;\">ENIAC: una m\u00e1quina y un tiempo por redescubrir<\/span>, del que es autor Xavier Molero.<\/p>\n<p><strong>VII Edici\u00f3n del Premio Nov\u00e1tica<br><\/strong><span style=\"color: #006666;\">Avances tecnol\u00f3gicos en la protecci\u00f3n del menor en redes sociales<\/span>, del que son autores Jos\u00e9 Mar\u00eda G\u00f3mez Hidalgo y Andr\u00e9s Alfonso Caurcel D\u00edaz.<\/p>\n<p><strong>VI Edici\u00f3n del Premio Nov\u00e1tica<br><\/strong><span style=\"color: #006666;\">Eficiencia energ\u00e9tica en centros de proceso de datos: Investigaci\u00f3n y realidad pr\u00e1ctica<\/span>, del que son autoras Marina Zapater Sancho, Patricia Arroba Garc\u00eda, Jos\u00e9 Manuel Moya Fern\u00e1ndez y Zorana Bankovic.<\/p>\n<p><strong>V Edici\u00f3n del Premio Nov\u00e1tica<br><\/strong><span style=\"color: #006666;\">AVBOT: Detecci\u00f3n y correcci\u00f3n de vandalismos en Wikipedia<\/span>, art\u00edculo del que es autor Emilio Jos\u00e9 Rodr\u00edguez Posada.<\/p>\n<p><strong>IV Edici\u00f3n del Premio Nov\u00e1tica<br><\/strong><span style=\"color: #006666;\">Integrando entornos de aprendizaje basados en Web y 3D: Second Life y Moodle se encuentran<\/span>, art\u00edculo del que son autores Daniel Livingstone y Jeremy Kemp.<\/p>\n<p><strong>III Edici\u00f3n del Premio Nov\u00e1tica<br><\/strong><span style=\"color: #006666;\">Recuperaci\u00f3n de informaci\u00f3n con adversario en la Web<\/span>, art\u00edculo del que son autores Ricardo Baeza-Yates, Paolo Boldi y Jos\u00e9 Mar\u00eda G\u00f3mez Hidalgo.<\/p>\n<p><strong>II Edici\u00f3n del Premio Nov\u00e1tica<br><\/strong><span style=\"color: #006666;\">Las publicaciones cient\u00edficas: el papel de los Estados en la era de las TIC<\/span>, art\u00edculo del que es autor Roberto Di Cosmo.<\/p>\n<p><strong>I Edici\u00f3n del Premio Nov\u00e1tica<br><\/strong><span style=\"color: #006666;\">El problema de la masa cr\u00edtica de las redes ad hoc m\u00f3viles<\/span>, art\u00edculo del que es autor J\u00f6rg Roth.<\/p>\n\n<\/div>\n ","protected":false},"excerpt":{"rendered":"<p>Los Premios Nov\u00e1tica se vienen concediendo desde 2006 a los mejores art\u00edculos publicados por nuestra revista durante el a\u00f1o precedente, seg\u00fan el criterio de un Jurado compuesto por los coordinadores de las Secciones T\u00e9cnicas de la revista, as\u00ed como el Presidente del Consejo Editorial y el Director del misma. Los ganadores de las ediciones convocadas&#8230;<\/p>\n<p class=\"more-link-wrap\"><a href=\"https:\/\/www.ati.es\/es_es\/novatica-2\/premios-novatica\/\" class=\"more-link\">Leer m\u00e1s<span class=\"screen-reader-text\"> &ldquo;Premios Nov\u00e1tica&rdquo;<\/span> &raquo;<\/a><\/p>\n","protected":false},"author":1,"featured_media":0,"parent":66,"menu_order":0,"comment_status":"closed","ping_status":"closed","template":"","meta":[],"yoast_head":"<!-- This site is optimized with the Yoast SEO plugin v20.6 - https:\/\/yoast.com\/wordpress\/plugins\/seo\/ -->\n<title>Premios Nov\u00e1tica - Asociaci\u00f3n de T\u00e9cnicos de Inform\u00e1tica<\/title>\n<meta name=\"robots\" content=\"index, follow, max-snippet:-1, max-image-preview:large, max-video-preview:-1\" \/>\n<link rel=\"canonical\" href=\"https:\/\/www.ati.es\/es_es\/novatica-2\/premios-novatica\/\" \/>\n<meta property=\"og:locale\" content=\"es_ES\" \/>\n<meta property=\"og:type\" content=\"article\" \/>\n<meta property=\"og:title\" content=\"Premios Nov\u00e1tica - Asociaci\u00f3n de T\u00e9cnicos de Inform\u00e1tica\" \/>\n<meta property=\"og:description\" content=\"Los Premios Nov\u00e1tica se vienen concediendo desde 2006 a los mejores art\u00edculos publicados por nuestra revista durante el a\u00f1o precedente, seg\u00fan el criterio de un Jurado compuesto por los coordinadores de las Secciones T\u00e9cnicas de la revista, as\u00ed como el Presidente del Consejo Editorial y el Director del misma. Los ganadores de las ediciones convocadas...Leer m\u00e1s &ldquo;Premios Nov\u00e1tica&rdquo; &raquo;\" \/>\n<meta property=\"og:url\" content=\"https:\/\/www.ati.es\/es_es\/novatica-2\/premios-novatica\/\" \/>\n<meta property=\"og:site_name\" content=\"Asociaci\u00f3n de T\u00e9cnicos de Inform\u00e1tica\" \/>\n<meta property=\"article:modified_time\" content=\"2020-12-28T11:08:49+00:00\" \/>\n<meta name=\"twitter:card\" content=\"summary_large_image\" \/>\n<meta name=\"twitter:label1\" content=\"Tiempo de lectura\" \/>\n\t<meta name=\"twitter:data1\" content=\"2 minutos\" \/>\n<script type=\"application\/ld+json\" class=\"yoast-schema-graph\">{\"@context\":\"https:\/\/schema.org\",\"@graph\":[{\"@type\":\"WebPage\",\"@id\":\"https:\/\/www.ati.es\/novatica-2\/premios-novatica\/\",\"url\":\"https:\/\/www.ati.es\/novatica-2\/premios-novatica\/\",\"name\":\"Premios Nov\u00e1tica - Asociaci\u00f3n de T\u00e9cnicos de Inform\u00e1tica\",\"isPartOf\":{\"@id\":\"https:\/\/www.ati.es\/#website\"},\"datePublished\":\"2016-11-19T20:59:30+00:00\",\"dateModified\":\"2020-12-28T11:08:49+00:00\",\"breadcrumb\":{\"@id\":\"https:\/\/www.ati.es\/novatica-2\/premios-novatica\/#breadcrumb\"},\"inLanguage\":\"es\",\"potentialAction\":[{\"@type\":\"ReadAction\",\"target\":[\"https:\/\/www.ati.es\/novatica-2\/premios-novatica\/\"]}]},{\"@type\":\"BreadcrumbList\",\"@id\":\"https:\/\/www.ati.es\/novatica-2\/premios-novatica\/#breadcrumb\",\"itemListElement\":[{\"@type\":\"ListItem\",\"position\":1,\"name\":\"Portada\",\"item\":\"https:\/\/www.ati.es\/\"},{\"@type\":\"ListItem\",\"position\":2,\"name\":\"Nov\u00e1tica\",\"item\":\"https:\/\/www.ati.es\/novatica-2\/\"},{\"@type\":\"ListItem\",\"position\":3,\"name\":\"Premios Nov\u00e1tica\"}]},{\"@type\":\"WebSite\",\"@id\":\"https:\/\/www.ati.es\/#website\",\"url\":\"https:\/\/www.ati.es\/\",\"name\":\"Asociaci\u00f3n de T\u00e9cnicos de Inform\u00e1tica\",\"description\":\"\",\"publisher\":{\"@id\":\"https:\/\/www.ati.es\/#organization\"},\"potentialAction\":[{\"@type\":\"SearchAction\",\"target\":{\"@type\":\"EntryPoint\",\"urlTemplate\":\"https:\/\/www.ati.es\/?s={search_term_string}\"},\"query-input\":\"required name=search_term_string\"}],\"inLanguage\":\"es\"},{\"@type\":\"Organization\",\"@id\":\"https:\/\/www.ati.es\/#organization\",\"name\":\"Asociaci\u00f3n de T\u00e9cnicos de Inform\u00e1tica\",\"url\":\"https:\/\/www.ati.es\/\",\"logo\":{\"@type\":\"ImageObject\",\"inLanguage\":\"es\",\"@id\":\"https:\/\/www.ati.es\/#\/schema\/logo\/image\/\",\"url\":\"https:\/\/www.ati.es\/wp-content\/uploads\/2021\/07\/cropped-logoATIvectorized.png\",\"contentUrl\":\"https:\/\/www.ati.es\/wp-content\/uploads\/2021\/07\/cropped-logoATIvectorized.png\",\"width\":431,\"height\":231,\"caption\":\"Asociaci\u00f3n de T\u00e9cnicos de Inform\u00e1tica\"},\"image\":{\"@id\":\"https:\/\/www.ati.es\/#\/schema\/logo\/image\/\"}}]}<\/script>\n<!-- \/ Yoast SEO plugin. -->","yoast_head_json":{"title":"Premios Nov\u00e1tica - Asociaci\u00f3n de T\u00e9cnicos de Inform\u00e1tica","robots":{"index":"index","follow":"follow","max-snippet":"max-snippet:-1","max-image-preview":"max-image-preview:large","max-video-preview":"max-video-preview:-1"},"canonical":"https:\/\/www.ati.es\/es_es\/novatica-2\/premios-novatica\/","og_locale":"es_ES","og_type":"article","og_title":"Premios Nov\u00e1tica - Asociaci\u00f3n de T\u00e9cnicos de Inform\u00e1tica","og_description":"Los Premios Nov\u00e1tica se vienen concediendo desde 2006 a los mejores art\u00edculos publicados por nuestra revista durante el a\u00f1o precedente, seg\u00fan el criterio de un Jurado compuesto por los coordinadores de las Secciones T\u00e9cnicas de la revista, as\u00ed como el Presidente del Consejo Editorial y el Director del misma. Los ganadores de las ediciones convocadas...Leer m\u00e1s &ldquo;Premios Nov\u00e1tica&rdquo; &raquo;","og_url":"https:\/\/www.ati.es\/es_es\/novatica-2\/premios-novatica\/","og_site_name":"Asociaci\u00f3n de T\u00e9cnicos de Inform\u00e1tica","article_modified_time":"2020-12-28T11:08:49+00:00","twitter_card":"summary_large_image","twitter_misc":{"Tiempo de lectura":"2 minutos"},"schema":{"@context":"https:\/\/schema.org","@graph":[{"@type":"WebPage","@id":"https:\/\/www.ati.es\/novatica-2\/premios-novatica\/","url":"https:\/\/www.ati.es\/novatica-2\/premios-novatica\/","name":"Premios Nov\u00e1tica - Asociaci\u00f3n de T\u00e9cnicos de Inform\u00e1tica","isPartOf":{"@id":"https:\/\/www.ati.es\/#website"},"datePublished":"2016-11-19T20:59:30+00:00","dateModified":"2020-12-28T11:08:49+00:00","breadcrumb":{"@id":"https:\/\/www.ati.es\/novatica-2\/premios-novatica\/#breadcrumb"},"inLanguage":"es","potentialAction":[{"@type":"ReadAction","target":["https:\/\/www.ati.es\/novatica-2\/premios-novatica\/"]}]},{"@type":"BreadcrumbList","@id":"https:\/\/www.ati.es\/novatica-2\/premios-novatica\/#breadcrumb","itemListElement":[{"@type":"ListItem","position":1,"name":"Portada","item":"https:\/\/www.ati.es\/"},{"@type":"ListItem","position":2,"name":"Nov\u00e1tica","item":"https:\/\/www.ati.es\/novatica-2\/"},{"@type":"ListItem","position":3,"name":"Premios Nov\u00e1tica"}]},{"@type":"WebSite","@id":"https:\/\/www.ati.es\/#website","url":"https:\/\/www.ati.es\/","name":"Asociaci\u00f3n de T\u00e9cnicos de Inform\u00e1tica","description":"","publisher":{"@id":"https:\/\/www.ati.es\/#organization"},"potentialAction":[{"@type":"SearchAction","target":{"@type":"EntryPoint","urlTemplate":"https:\/\/www.ati.es\/?s={search_term_string}"},"query-input":"required name=search_term_string"}],"inLanguage":"es"},{"@type":"Organization","@id":"https:\/\/www.ati.es\/#organization","name":"Asociaci\u00f3n de T\u00e9cnicos de Inform\u00e1tica","url":"https:\/\/www.ati.es\/","logo":{"@type":"ImageObject","inLanguage":"es","@id":"https:\/\/www.ati.es\/#\/schema\/logo\/image\/","url":"https:\/\/www.ati.es\/wp-content\/uploads\/2021\/07\/cropped-logoATIvectorized.png","contentUrl":"https:\/\/www.ati.es\/wp-content\/uploads\/2021\/07\/cropped-logoATIvectorized.png","width":431,"height":231,"caption":"Asociaci\u00f3n de T\u00e9cnicos de Inform\u00e1tica"},"image":{"@id":"https:\/\/www.ati.es\/#\/schema\/logo\/image\/"}}]}},"_links":{"self":[{"href":"https:\/\/www.ati.es\/es_es\/wp-json\/wp\/v2\/pages\/752"}],"collection":[{"href":"https:\/\/www.ati.es\/es_es\/wp-json\/wp\/v2\/pages"}],"about":[{"href":"https:\/\/www.ati.es\/es_es\/wp-json\/wp\/v2\/types\/page"}],"author":[{"embeddable":true,"href":"https:\/\/www.ati.es\/es_es\/wp-json\/wp\/v2\/users\/1"}],"replies":[{"embeddable":true,"href":"https:\/\/www.ati.es\/es_es\/wp-json\/wp\/v2\/comments?post=752"}],"version-history":[{"count":22,"href":"https:\/\/www.ati.es\/es_es\/wp-json\/wp\/v2\/pages\/752\/revisions"}],"predecessor-version":[{"id":3469,"href":"https:\/\/www.ati.es\/es_es\/wp-json\/wp\/v2\/pages\/752\/revisions\/3469"}],"up":[{"embeddable":true,"href":"https:\/\/www.ati.es\/es_es\/wp-json\/wp\/v2\/pages\/66"}],"wp:attachment":[{"href":"https:\/\/www.ati.es\/es_es\/wp-json\/wp\/v2\/media?parent=752"}],"curies":[{"name":"wp","href":"https:\/\/api.w.org\/{rel}","templated":true}]}}