{"id":66,"date":"2016-06-19T13:54:19","date_gmt":"2016-06-19T12:54:19","guid":{"rendered":"http:\/\/www.ati.es\/?page_id=66"},"modified":"2024-01-17T14:37:13","modified_gmt":"2024-01-17T13:37:13","slug":"novatica-2","status":"publish","type":"page","link":"https:\/\/www.ati.es\/es_es\/novatica-2\/","title":{"rendered":"Nov\u00e1tica"},"content":{"rendered":"\n<p><\/p>\n\n\n<p><a href=\"https:\/\/www.novatica.es\/\" target=\"_blank\" rel=\"noopener noreferrer\"><img class=\"alignright\" src=\"https:\/\/www.ati.es\/wp-content\/uploads\/2020\/03\/Novatica.jpg\" alt=\"logo de Nov\u00e1tica\" width=\"27%\" \/><\/a><b>Nov\u00e1tica<\/b>\u00a0es la\u00a0<b>decana de las revistas inform\u00e1ticas espa\u00f1olas<\/b>. Est\u00e1 incluida en numerosos cat\u00e1logos e \u00edndices, nacionales e internacionales, de publicaciones t\u00e9cnicas y cient\u00edficas.<\/p>\n<p>Entre los \u00edndices m\u00e1s conocidos en los que aparece\u00a0Nov\u00e1tica\u00a0est\u00e1n\u00a0<strong>ICYT<\/strong>,\u00a0<strong><a href=\"http:\/\/dialnet.unirioja.es\/servlet\/portadarevistas\" target=\"_blank\" rel=\"noopener noreferrer\">D<wbr \/>ialnet<\/a>\u00a0<\/strong>(Espa\u00f1a) y el principal cat\u00e1logo en lengua espa\u00f1ola, <strong>Latindex\u00a0<\/strong>(M\u00e9xico), as\u00ed como a nivel europeo CIRS (Francia)\u00a0y\u00a0<wbr \/><strong><a href=\"http:\/\/www.scienceeurope.org\/\" target=\"_blank\" rel=\"noopener noreferrer\">Scienceineurope.net<\/a><\/strong>.<\/p>\n<p>Desde su\u00a0nacimiento en\u00a01974<span style=\"color: #404040;\">, Nov\u00e1tica ha conseguido constituirse\u00a0como un\u00a0<\/span>medio de gran credibilidad entre un amplio colectivo de profesionales tanto del \u00e1mbito empresarial como acad\u00e9mico.<\/p>\n<p>A partir del n\u00famero 239, Nov\u00e1tica se ofrece en versi\u00f3n digital, temporalmente con contenidos abiertos.<\/p>\n<p>Ir a los n\u00fameros de <a href=\"https:\/\/www.novatica.es\/\">Nov\u00e1tica<\/a>.<\/p>\n\n\n<figure class=\"wp-container-2 wp-block-gallery-1 wp-block-gallery has-nested-images columns-default is-cropped\">\n<figure class=\"wp-block-image size-large\"><img loading=\"lazy\" width=\"733\" height=\"1024\" data-id=\"779\"  src=\"https:\/\/www.ati.es\/wp-content\/uploads\/2016\/06\/Novatica_0235-733x1024.jpg\" alt=\"\" class=\"wp-image-779\" srcset=\"https:\/\/www.ati.es\/wp-content\/uploads\/2016\/06\/Novatica_0235-733x1024.jpg 733w, https:\/\/www.ati.es\/wp-content\/uploads\/2016\/06\/Novatica_0235-215x300.jpg 215w, https:\/\/www.ati.es\/wp-content\/uploads\/2016\/06\/Novatica_0235-768x1073.jpg 768w, https:\/\/www.ati.es\/wp-content\/uploads\/2016\/06\/Novatica_0235-430x600.jpg 430w, https:\/\/www.ati.es\/wp-content\/uploads\/2016\/06\/Novatica_0235-115x160.jpg 115w, https:\/\/www.ati.es\/wp-content\/uploads\/2016\/06\/Novatica_0235.jpg 814w\" sizes=\"(max-width: 733px) 100vw, 733px\" \/><\/figure>\n\n\n\n<figure class=\"wp-block-image size-large\"><img loading=\"lazy\" width=\"452\" height=\"626\" data-id=\"778\"  src=\"https:\/\/www.ati.es\/wp-content\/uploads\/2016\/06\/Novatica_0234.jpg\" alt=\"\" class=\"wp-image-778\" srcset=\"https:\/\/www.ati.es\/wp-content\/uploads\/2016\/06\/Novatica_0234.jpg 452w, https:\/\/www.ati.es\/wp-content\/uploads\/2016\/06\/Novatica_0234-217x300.jpg 217w, https:\/\/www.ati.es\/wp-content\/uploads\/2016\/06\/Novatica_0234-433x600.jpg 433w, https:\/\/www.ati.es\/wp-content\/uploads\/2016\/06\/Novatica_0234-116x160.jpg 116w\" sizes=\"(max-width: 452px) 100vw, 452px\" \/><\/figure>\n\n\n\n<figure class=\"wp-block-image size-large\"><img loading=\"lazy\" width=\"743\" height=\"1024\" data-id=\"777\"  src=\"https:\/\/www.ati.es\/wp-content\/uploads\/2016\/06\/Novatica_0233-743x1024.jpg\" alt=\"\" class=\"wp-image-777\" srcset=\"https:\/\/www.ati.es\/wp-content\/uploads\/2016\/06\/Novatica_0233-743x1024.jpg 743w, https:\/\/www.ati.es\/wp-content\/uploads\/2016\/06\/Novatica_0233-218x300.jpg 218w, https:\/\/www.ati.es\/wp-content\/uploads\/2016\/06\/Novatica_0233-768x1059.jpg 768w, https:\/\/www.ati.es\/wp-content\/uploads\/2016\/06\/Novatica_0233-435x600.jpg 435w, https:\/\/www.ati.es\/wp-content\/uploads\/2016\/06\/Novatica_0233-116x160.jpg 116w, https:\/\/www.ati.es\/wp-content\/uploads\/2016\/06\/Novatica_0233.jpg 823w\" sizes=\"(max-width: 743px) 100vw, 743px\" \/><\/figure>\n\n\n\n<figure class=\"wp-block-image size-large\"><img loading=\"lazy\" width=\"147\" height=\"207\" data-id=\"776\"  src=\"https:\/\/www.ati.es\/wp-content\/uploads\/2016\/06\/Novatica_0001.gif\" alt=\"\" class=\"wp-image-776\"\/><\/figure>\n\n\n\n<figure class=\"wp-block-image size-large\"><img loading=\"lazy\" width=\"147\" height=\"204\" data-id=\"775\"  src=\"https:\/\/www.ati.es\/wp-content\/uploads\/2016\/06\/Novatica_0000-1.gif\" alt=\"\" class=\"wp-image-775\"\/><\/figure>\n\n\n\n<figure class=\"wp-block-image size-large\"><img loading=\"lazy\" width=\"733\" height=\"1024\" data-id=\"774\"  src=\"https:\/\/www.ati.es\/wp-content\/uploads\/2016\/06\/Novatica_0236-733x1024.jpg\" alt=\"\" class=\"wp-image-774\" srcset=\"https:\/\/www.ati.es\/wp-content\/uploads\/2016\/06\/Novatica_0236-733x1024.jpg 733w, https:\/\/www.ati.es\/wp-content\/uploads\/2016\/06\/Novatica_0236-215x300.jpg 215w, https:\/\/www.ati.es\/wp-content\/uploads\/2016\/06\/Novatica_0236-768x1073.jpg 768w, https:\/\/www.ati.es\/wp-content\/uploads\/2016\/06\/Novatica_0236-430x600.jpg 430w, https:\/\/www.ati.es\/wp-content\/uploads\/2016\/06\/Novatica_0236-115x160.jpg 115w, https:\/\/www.ati.es\/wp-content\/uploads\/2016\/06\/Novatica_0236.jpg 814w\" sizes=\"(max-width: 733px) 100vw, 733px\" \/><\/figure>\n<\/figure>\n\n\n\n<h3>Los Premios Nov\u00e1tica<\/h3>\n\n\n\n<p><\/p>\n\n\n\n<p>Tras a\u00f1os de gran labor por parte de los profesionales que han participado en la elaboraci\u00f3n de los diferentes art\u00edculos que componen la revista, en 2006 nace el <strong><a href=\"http:\/\/www.ati.es\/novatica-2\/premios-novatica\/\">Premio Nov\u00e1tica<\/a><\/strong>, un reconocimiento a los mejores art\u00edculos publicados.<\/p>\n\n\n\n<p>Un jurado, compuesto por los 50 coordinadores de las Secciones T\u00e9cnicas de la misma, todos ellos renombrados especialistas en sus respectivas materias, junto con el&nbsp;Presidente del Consejo Editorial y el Director, se encargan cada a\u00f1o de tomar esta decisi\u00f3n.<\/p>\n\n\n\n<hr class=\"wp-block-separator has-css-opacity\"\/>\n\n\n\n<p><strong>Informaci\u00f3n legal sobre Nov\u00e1tica<\/strong><\/p>\n\n\n\n<p>Edita: ATI (Asociaci\u00f3n de de T\u00e9cnicos de Inform\u00e1tica)<\/p>\n\n\n\n<p>     C\/ Camil Fabra 2, entresuelo 2\u00aa<br>     08030 Barcelona (Espa\u00f1a)<br>     Tel. 93 412 52 35<br>     <a href=\"mailto:secregen@ati.es\">secregen@atinet.es<\/a><br>     CIF: G08\/676967<\/p>\n\n\n\n<p>ISSN: 2444-6629 (edici\u00f3n electr\u00f3nica)<br>Dep\u00f3sito legal espa\u00f1ol: B 15.154-1975<\/p>\n\n\n\n<p><\/p>\n\n\n\n<div class=\"wp-block-media-text alignwide is-stacked-on-mobile is-vertically-aligned-center\"><figure class=\"wp-block-media-text__media\"><\/figure><div class=\"wp-block-media-text__content\">\n<p class=\"has-large-font-size\"><\/p>\n<\/div><\/div>\n ","protected":false},"excerpt":{"rendered":"<p>Nov\u00e1tica\u00a0es la\u00a0decana de las revistas inform\u00e1ticas espa\u00f1olas. Est\u00e1 incluida en numerosos cat\u00e1logos e \u00edndices, nacionales e internacionales, de publicaciones t\u00e9cnicas y cient\u00edficas. Entre los \u00edndices m\u00e1s conocidos en los que aparece\u00a0Nov\u00e1tica\u00a0est\u00e1n\u00a0ICYT,\u00a0Dialnet\u00a0(Espa\u00f1a) y el principal cat\u00e1logo en lengua espa\u00f1ola, Latindex\u00a0(M\u00e9xico), as\u00ed como a nivel europeo CIRS (Francia)\u00a0y\u00a0Scienceineurope.net. Desde su\u00a0nacimiento en\u00a01974, Nov\u00e1tica ha conseguido constituirse\u00a0como un\u00a0medio de&#8230;<\/p>\n<p class=\"more-link-wrap\"><a href=\"https:\/\/www.ati.es\/es_es\/novatica-2\/\" class=\"more-link\">Leer m\u00e1s<span class=\"screen-reader-text\"> &ldquo;Nov\u00e1tica&rdquo;<\/span> &raquo;<\/a><\/p>\n","protected":false},"author":1,"featured_media":0,"parent":0,"menu_order":0,"comment_status":"closed","ping_status":"closed","template":"","meta":[],"yoast_head":"<!-- This site is optimized with the Yoast SEO plugin v20.6 - https:\/\/yoast.com\/wordpress\/plugins\/seo\/ -->\n<title>Nov\u00e1tica - Asociaci\u00f3n de T\u00e9cnicos de Inform\u00e1tica<\/title>\n<meta name=\"description\" content=\"Nov\u00e1tica\u00a0es la\u00a0decana de las revistas inform\u00e1ticas espa\u00f1olas.\" \/>\n<meta name=\"robots\" content=\"index, follow, max-snippet:-1, max-image-preview:large, max-video-preview:-1\" \/>\n<link rel=\"canonical\" href=\"https:\/\/www.ati.es\/es_es\/novatica-2\/\" \/>\n<meta property=\"og:locale\" content=\"es_ES\" \/>\n<meta property=\"og:type\" content=\"article\" \/>\n<meta property=\"og:title\" content=\"Nov\u00e1tica - Asociaci\u00f3n de T\u00e9cnicos de Inform\u00e1tica\" \/>\n<meta property=\"og:description\" content=\"Nov\u00e1tica\u00a0es la\u00a0decana de las revistas inform\u00e1ticas espa\u00f1olas.\" \/>\n<meta property=\"og:url\" content=\"https:\/\/www.ati.es\/es_es\/novatica-2\/\" \/>\n<meta property=\"og:site_name\" content=\"Asociaci\u00f3n de T\u00e9cnicos de Inform\u00e1tica\" \/>\n<meta property=\"article:modified_time\" content=\"2024-01-17T13:37:13+00:00\" \/>\n<meta property=\"og:image\" content=\"https:\/\/www.ati.es\/wp-content\/uploads\/2020\/03\/Novatica.jpg\" \/>\n<meta name=\"twitter:card\" content=\"summary_large_image\" \/>\n<meta name=\"twitter:label1\" content=\"Tiempo de lectura\" \/>\n\t<meta name=\"twitter:data1\" content=\"3 minutos\" \/>\n<script type=\"application\/ld+json\" class=\"yoast-schema-graph\">{\"@context\":\"https:\/\/schema.org\",\"@graph\":[{\"@type\":\"WebPage\",\"@id\":\"https:\/\/www.ati.es\/novatica-2\/\",\"url\":\"https:\/\/www.ati.es\/novatica-2\/\",\"name\":\"Nov\u00e1tica - Asociaci\u00f3n de T\u00e9cnicos de Inform\u00e1tica\",\"isPartOf\":{\"@id\":\"https:\/\/www.ati.es\/#website\"},\"datePublished\":\"2016-06-19T12:54:19+00:00\",\"dateModified\":\"2024-01-17T13:37:13+00:00\",\"description\":\"Nov\u00e1tica\u00a0es la\u00a0decana de las revistas inform\u00e1ticas espa\u00f1olas.\",\"breadcrumb\":{\"@id\":\"https:\/\/www.ati.es\/novatica-2\/#breadcrumb\"},\"inLanguage\":\"es\",\"potentialAction\":[{\"@type\":\"ReadAction\",\"target\":[\"https:\/\/www.ati.es\/novatica-2\/\"]}]},{\"@type\":\"BreadcrumbList\",\"@id\":\"https:\/\/www.ati.es\/novatica-2\/#breadcrumb\",\"itemListElement\":[{\"@type\":\"ListItem\",\"position\":1,\"name\":\"Portada\",\"item\":\"https:\/\/www.ati.es\/\"},{\"@type\":\"ListItem\",\"position\":2,\"name\":\"Nov\u00e1tica\"}]},{\"@type\":\"WebSite\",\"@id\":\"https:\/\/www.ati.es\/#website\",\"url\":\"https:\/\/www.ati.es\/\",\"name\":\"Asociaci\u00f3n de T\u00e9cnicos de Inform\u00e1tica\",\"description\":\"\",\"publisher\":{\"@id\":\"https:\/\/www.ati.es\/#organization\"},\"potentialAction\":[{\"@type\":\"SearchAction\",\"target\":{\"@type\":\"EntryPoint\",\"urlTemplate\":\"https:\/\/www.ati.es\/?s={search_term_string}\"},\"query-input\":\"required name=search_term_string\"}],\"inLanguage\":\"es\"},{\"@type\":\"Organization\",\"@id\":\"https:\/\/www.ati.es\/#organization\",\"name\":\"Asociaci\u00f3n de T\u00e9cnicos de Inform\u00e1tica\",\"url\":\"https:\/\/www.ati.es\/\",\"logo\":{\"@type\":\"ImageObject\",\"inLanguage\":\"es\",\"@id\":\"https:\/\/www.ati.es\/#\/schema\/logo\/image\/\",\"url\":\"https:\/\/www.ati.es\/wp-content\/uploads\/2021\/07\/cropped-logoATIvectorized.png\",\"contentUrl\":\"https:\/\/www.ati.es\/wp-content\/uploads\/2021\/07\/cropped-logoATIvectorized.png\",\"width\":431,\"height\":231,\"caption\":\"Asociaci\u00f3n de T\u00e9cnicos de Inform\u00e1tica\"},\"image\":{\"@id\":\"https:\/\/www.ati.es\/#\/schema\/logo\/image\/\"}}]}<\/script>\n<!-- \/ Yoast SEO plugin. -->","yoast_head_json":{"title":"Nov\u00e1tica - Asociaci\u00f3n de T\u00e9cnicos de Inform\u00e1tica","description":"Nov\u00e1tica\u00a0es la\u00a0decana de las revistas inform\u00e1ticas espa\u00f1olas.","robots":{"index":"index","follow":"follow","max-snippet":"max-snippet:-1","max-image-preview":"max-image-preview:large","max-video-preview":"max-video-preview:-1"},"canonical":"https:\/\/www.ati.es\/es_es\/novatica-2\/","og_locale":"es_ES","og_type":"article","og_title":"Nov\u00e1tica - Asociaci\u00f3n de T\u00e9cnicos de Inform\u00e1tica","og_description":"Nov\u00e1tica\u00a0es la\u00a0decana de las revistas inform\u00e1ticas espa\u00f1olas.","og_url":"https:\/\/www.ati.es\/es_es\/novatica-2\/","og_site_name":"Asociaci\u00f3n de T\u00e9cnicos de Inform\u00e1tica","article_modified_time":"2024-01-17T13:37:13+00:00","og_image":[{"url":"https:\/\/www.ati.es\/wp-content\/uploads\/2020\/03\/Novatica.jpg"}],"twitter_card":"summary_large_image","twitter_misc":{"Tiempo de lectura":"3 minutos"},"schema":{"@context":"https:\/\/schema.org","@graph":[{"@type":"WebPage","@id":"https:\/\/www.ati.es\/novatica-2\/","url":"https:\/\/www.ati.es\/novatica-2\/","name":"Nov\u00e1tica - Asociaci\u00f3n de T\u00e9cnicos de Inform\u00e1tica","isPartOf":{"@id":"https:\/\/www.ati.es\/#website"},"datePublished":"2016-06-19T12:54:19+00:00","dateModified":"2024-01-17T13:37:13+00:00","description":"Nov\u00e1tica\u00a0es la\u00a0decana de las revistas inform\u00e1ticas espa\u00f1olas.","breadcrumb":{"@id":"https:\/\/www.ati.es\/novatica-2\/#breadcrumb"},"inLanguage":"es","potentialAction":[{"@type":"ReadAction","target":["https:\/\/www.ati.es\/novatica-2\/"]}]},{"@type":"BreadcrumbList","@id":"https:\/\/www.ati.es\/novatica-2\/#breadcrumb","itemListElement":[{"@type":"ListItem","position":1,"name":"Portada","item":"https:\/\/www.ati.es\/"},{"@type":"ListItem","position":2,"name":"Nov\u00e1tica"}]},{"@type":"WebSite","@id":"https:\/\/www.ati.es\/#website","url":"https:\/\/www.ati.es\/","name":"Asociaci\u00f3n de T\u00e9cnicos de Inform\u00e1tica","description":"","publisher":{"@id":"https:\/\/www.ati.es\/#organization"},"potentialAction":[{"@type":"SearchAction","target":{"@type":"EntryPoint","urlTemplate":"https:\/\/www.ati.es\/?s={search_term_string}"},"query-input":"required name=search_term_string"}],"inLanguage":"es"},{"@type":"Organization","@id":"https:\/\/www.ati.es\/#organization","name":"Asociaci\u00f3n de T\u00e9cnicos de Inform\u00e1tica","url":"https:\/\/www.ati.es\/","logo":{"@type":"ImageObject","inLanguage":"es","@id":"https:\/\/www.ati.es\/#\/schema\/logo\/image\/","url":"https:\/\/www.ati.es\/wp-content\/uploads\/2021\/07\/cropped-logoATIvectorized.png","contentUrl":"https:\/\/www.ati.es\/wp-content\/uploads\/2021\/07\/cropped-logoATIvectorized.png","width":431,"height":231,"caption":"Asociaci\u00f3n de T\u00e9cnicos de Inform\u00e1tica"},"image":{"@id":"https:\/\/www.ati.es\/#\/schema\/logo\/image\/"}}]}},"_links":{"self":[{"href":"https:\/\/www.ati.es\/es_es\/wp-json\/wp\/v2\/pages\/66"}],"collection":[{"href":"https:\/\/www.ati.es\/es_es\/wp-json\/wp\/v2\/pages"}],"about":[{"href":"https:\/\/www.ati.es\/es_es\/wp-json\/wp\/v2\/types\/page"}],"author":[{"embeddable":true,"href":"https:\/\/www.ati.es\/es_es\/wp-json\/wp\/v2\/users\/1"}],"replies":[{"embeddable":true,"href":"https:\/\/www.ati.es\/es_es\/wp-json\/wp\/v2\/comments?post=66"}],"version-history":[{"count":90,"href":"https:\/\/www.ati.es\/es_es\/wp-json\/wp\/v2\/pages\/66\/revisions"}],"predecessor-version":[{"id":5316,"href":"https:\/\/www.ati.es\/es_es\/wp-json\/wp\/v2\/pages\/66\/revisions\/5316"}],"wp:attachment":[{"href":"https:\/\/www.ati.es\/es_es\/wp-json\/wp\/v2\/media?parent=66"}],"curies":[{"name":"wp","href":"https:\/\/api.w.org\/{rel}","templated":true}]}}