{"id":5588,"date":"2024-10-10T11:34:35","date_gmt":"2024-10-10T10:34:35","guid":{"rendered":"https:\/\/www.ati.es\/?page_id=5588"},"modified":"2024-10-10T11:48:38","modified_gmt":"2024-10-10T10:48:38","slug":"universidad-de-alcala","status":"publish","type":"page","link":"https:\/\/www.ati.es\/es_es\/alumnos\/universidad-de-alcala\/","title":{"rendered":"Alumnos del M\u00e1ster Universitario en\u00a0Direcci\u00f3n de Proyectos Inform\u00e1ticos y\u00a0M\u00e1ster Universitario en\u00a0Desarrollo \u00c1gil de Software para la Web"},"content":{"rendered":"\n<figure class=\"wp-block-image size-large is-resized\"><img loading=\"lazy\" src=\"https:\/\/www.ati.es\/wp-content\/uploads\/2024\/10\/uah-1024x311.png\" alt=\"\" class=\"wp-image-5589\" width=\"446\" height=\"135\" srcset=\"https:\/\/www.ati.es\/wp-content\/uploads\/2024\/10\/uah-1024x311.png 1024w, https:\/\/www.ati.es\/wp-content\/uploads\/2024\/10\/uah-300x91.png 300w, https:\/\/www.ati.es\/wp-content\/uploads\/2024\/10\/uah-768x234.png 768w, https:\/\/www.ati.es\/wp-content\/uploads\/2024\/10\/uah-1536x467.png 1536w, https:\/\/www.ati.es\/wp-content\/uploads\/2024\/10\/uah-2048x623.png 2048w, https:\/\/www.ati.es\/wp-content\/uploads\/2024\/10\/uah-18x5.png 18w\" sizes=\"(max-width: 446px) 100vw, 446px\" \/><\/figure>\n\n\n<div class=\"everest-forms\"><div class=\"evf-container default\" id=\"evf-5587\"><form id=\"evf-form-5587\" class=\"everest-form\" data-formid=\"5587\" data-ajax_submission=\"0\" data-keyboard_friendly_form=\"0\" data-form_state_type=\"\" method=\"post\" enctype=\"multipart\/form-data\" action=\"\/es_es\/wp-json\/wp\/v2\/pages\/5588\"><div class=\"evf-field-container\"><input type=\"hidden\" id=\"_wpnonce5587\" name=\"_wpnonce5587\" value=\"0e0189826b\" \/><input type=\"hidden\" name=\"_wp_http_referer\" value=\"\/es_es\/wp-json\/wp\/v2\/pages\/5588\" \/><div class=\"evf-frontend-row\" data-row=\"row_1\" conditional_rules=\"[]\"><div class=\"evf-frontend-grid evf-grid-2\" data-grid=\"grid_1\"><div id=\"evf-5587-field_ys0GeZISRs-1-container\" class=\"evf-field evf-field-first-name form-row validate-required\" data-required-field-message=\"Este campo es obligatorio.\" data-field-id=\"ys0GeZISRs-1\"><label class=\"evf-field-label\" for=\"evf-5587-field_ys0GeZISRs-1\"><span class=\"evf-label\">Nombre<\/span> <abbr class=\"required\" title=\"Obligatorio\">*<\/abbr><\/label><input type=\"text\" id=\"evf-5587-field_ys0GeZISRs-1\" class=\"input-text\" name=\"everest_forms[form_fields][ys0GeZISRs-1]\" required><\/div><div id=\"evf-5587-field_phpCzYxzFT-11-container\" class=\"evf-field evf-field-first-name form-row validate-required\" data-required-field-message=\"Este campo es obligatorio.\" data-field-id=\"phpCzYxzFT-11\"><label class=\"evf-field-label\" for=\"evf-5587-field_phpCzYxzFT-11\"><span class=\"evf-label\">DNI<\/span> <abbr class=\"required\" title=\"Obligatorio\">*<\/abbr><\/label><input type=\"text\" id=\"evf-5587-field_phpCzYxzFT-11\" class=\"input-text\" name=\"everest_forms[form_fields][phpCzYxzFT-11]\" required><\/div><\/div><div class=\"evf-frontend-grid evf-grid-2\" data-grid=\"grid_2\"><div id=\"evf-5587-field_ZYlZHfIJch-5-container\" class=\"evf-field evf-field-last-name form-row validate-required\" data-required-field-message=\"Este campo es obligatorio.\" data-field-id=\"ZYlZHfIJch-5\"><label class=\"evf-field-label\" for=\"evf-5587-field_ZYlZHfIJch-5\"><span class=\"evf-label\">Apellidos<\/span> <abbr class=\"required\" title=\"Obligatorio\">*<\/abbr><\/label><input type=\"text\" id=\"evf-5587-field_ZYlZHfIJch-5\" class=\"input-text\" name=\"everest_forms[form_fields][ZYlZHfIJch-5]\" required><\/div><div id=\"evf-5587-field_fDyyJHHZ7n-12-container\" class=\"evf-field evf-field-first-name form-row validate-required\" data-required-field-message=\"Este campo es obligatorio.\" data-field-id=\"fDyyJHHZ7n-12\"><label class=\"evf-field-label\" for=\"evf-5587-field_fDyyJHHZ7n-12\"><span class=\"evf-label\">Fecha de nacimiento<\/span> <abbr class=\"required\" title=\"Obligatorio\">*<\/abbr><\/label><input type=\"text\" id=\"evf-5587-field_fDyyJHHZ7n-12\" class=\"input-text\" name=\"everest_forms[form_fields][fDyyJHHZ7n-12]\" required><\/div><\/div><\/div><div class=\"evf-frontend-row\" data-row=\"row_2\" conditional_rules=\"[]\"><div class=\"evf-frontend-grid evf-grid-2\" data-grid=\"grid_1\"><div id=\"evf-5587-field_BMo3XeQZCo-7-container\" class=\"evf-field evf-field-first-name form-row validate-required\" data-required-field-message=\"Este campo es obligatorio.\" data-field-id=\"BMo3XeQZCo-7\"><label class=\"evf-field-label\" for=\"evf-5587-field_BMo3XeQZCo-7\"><span class=\"evf-label\">Tel\u00e9fono de contacto<\/span> <abbr class=\"required\" title=\"Obligatorio\">*<\/abbr><\/label><input type=\"text\" id=\"evf-5587-field_BMo3XeQZCo-7\" class=\"input-text\" name=\"everest_forms[form_fields][BMo3XeQZCo-7]\" required><\/div><\/div><div class=\"evf-frontend-grid evf-grid-2\" data-grid=\"grid_2\"><div id=\"evf-5587-field_LbH5NxasXM-2-container\" class=\"evf-field evf-field-email form-row validate-required validate-email\" data-required-field-message=\"Por favor, usa una direcci\u00f3n de correo electr\u00f3nico v\u00e1lida.\" data-field-id=\"LbH5NxasXM-2\"><label class=\"evf-field-label\" for=\"evf-5587-field_LbH5NxasXM-2\"><span class=\"evf-label\">Email<\/span> <abbr class=\"required\" title=\"Obligatorio\">*<\/abbr><\/label><input type=\"email\" id=\"evf-5587-field_LbH5NxasXM-2\" class=\"input-text\" name=\"everest_forms[form_fields][LbH5NxasXM-2]\" required ><\/div><\/div><\/div><div class=\"evf-frontend-row\" data-row=\"row_4\" conditional_rules=\"[]\"><div class=\"evf-frontend-grid evf-grid-2\" data-grid=\"grid_1\"><div id=\"evf-5587-field_TryB5YXbl9-17-container\" class=\"evf-field evf-field-first-name form-row validate-required\" data-required-field-message=\"Este campo es obligatorio.\" data-field-id=\"TryB5YXbl9-17\"><label class=\"evf-field-label\" for=\"evf-5587-field_TryB5YXbl9-17\"><span class=\"evf-label\">IBAN \/ N\u00famero de cuenta bancaria<\/span> <abbr class=\"required\" title=\"Obligatorio\">*<\/abbr><\/label><input type=\"text\" id=\"evf-5587-field_TryB5YXbl9-17\" class=\"input-text\" name=\"everest_forms[form_fields][TryB5YXbl9-17]\" required><\/div><\/div><div class=\"evf-frontend-grid evf-grid-2\" data-grid=\"grid_2\"><div id=\"evf-5587-field_eZfVqmLLMp-18-container\" class=\"evf-field evf-field-email form-row validate-required validate-email\" data-required-field-message=\"Por favor, usa una direcci\u00f3n de correo electr\u00f3nico v\u00e1lida.\" data-field-id=\"eZfVqmLLMp-18\"><label class=\"evf-field-label\" for=\"evf-5587-field_eZfVqmLLMp-18\"><span class=\"evf-label\">Entidad bancaria<\/span> <abbr class=\"required\" title=\"Obligatorio\">*<\/abbr><\/label><input type=\"email\" id=\"evf-5587-field_eZfVqmLLMp-18\" class=\"input-text\" name=\"everest_forms[form_fields][eZfVqmLLMp-18]\" required ><\/div><\/div><\/div><div class=\"evf-frontend-row\" data-row=\"row_3\" conditional_rules=\"[]\"><div class=\"evf-frontend-grid evf-grid-2\" data-grid=\"grid_1\"><div id=\"evf-5587-field_66FR384cge-3-container\" class=\"evf-field evf-field-text form-row validate-required\" data-required-field-message=\"Este campo es obligatorio.\" data-field-id=\"66FR384cge-3\"><label class=\"evf-field-label\" for=\"evf-5587-field_66FR384cge-3\"><span class=\"evf-label\">C\u00f3digo promocional (s\u00f3lo 15\u20ac hasta 31\/12\/2025)<\/span> <abbr class=\"required\" title=\"Obligatorio\">*<\/abbr><\/label><input type=\"text\" id=\"evf-5587-field_66FR384cge-3\" class=\"input-text\" name=\"everest_forms[form_fields][66FR384cge-3]\" required><\/div><\/div><div class=\"evf-frontend-grid evf-grid-2\" data-grid=\"grid_2\"><div id=\"evf-5587-field_RAbjRXnvZP-14-container\" class=\"evf-field evf-field-checkbox form-row validate-required\" data-required-field-message=\"Este campo es obligatorio.\" data-field-id=\"RAbjRXnvZP-14\"><label class=\"evf-field-label evf-label-hide\" for=\"evf-5587-field_RAbjRXnvZP-14\"><span class=\"evf-label\">Verificaci\u00f3n DEUSTO<\/span> <abbr class=\"required\" title=\"Obligatorio\">*<\/abbr><\/label><ul id=\"evf-5587-field_RAbjRXnvZP-14\" class=\" evf-field-required\"><li class=\"choice-1 depth-1\"><input type=\"checkbox\" id=\"evf-5587-field_RAbjRXnvZP-14_1\" class=\"input-text\" name=\"everest_forms[form_fields][RAbjRXnvZP-14][]\" value=\"&lt;span style=&quot;font-weight:normal&quot;&gt;He le\u00eddo y acepto el &lt;a href=&quot;https:\/\/www.ati.es\/aviso-legal\/&quot; target=&quot;_blank&quot;&gt;aviso legal&lt;\/a&gt; y la &lt;a href=&quot;https:\/\/www.ati.es\/politica-de-privacidad\/&quot; target=&quot;_blank&quot;&gt;pol\u00edtica de privacidad&lt;\/a&gt;.&lt;\/span&gt;\" required ><label class=\"everest-forms-field-label-inline\" for=\"evf-5587-field_RAbjRXnvZP-14_1\"><span style=\"font-weight:normal\">He le\u00eddo y acepto el <a href=\"https:\/\/www.ati.es\/aviso-legal\/\" target=\"_blank\">aviso legal<\/a> y la <a href=\"https:\/\/www.ati.es\/politica-de-privacidad\/\" target=\"_blank\">pol\u00edtica de privacidad<\/a>.<\/span><\/label><\/li><\/ul><\/div><\/div><\/div><div class=\"evf-frontend-row\" data-row=\"row_5\" conditional_rules=\"[]\"><div class=\"evf-frontend-grid evf-grid-2\" data-grid=\"grid_1\"><\/div><div class=\"evf-frontend-grid evf-grid-2\" data-grid=\"grid_2\"><\/div><\/div><\/div><div class=\"evf-honeypot-container evf-field-hp\"><label for=\"evf-5587-field-hp\" class=\"evf-field-label\">Phone<\/label><input type=\"text\" name=\"everest_forms[hp]\" id=\"evf-5587-field-hp\" class=\"input-text\"><\/div><div class=\"evf-submit-container \" ><input type=\"hidden\" name=\"everest_forms[id]\" value=\"5587\"><input type=\"hidden\" name=\"everest_forms[author]\" value=\"16\"><button type='submit' name='everest_forms[submit]' class='everest-forms-submit-button button evf-submit ' id='evf-submit-5587' value='evf-submit' data-process-text=\"Procesando\u2026\" conditional_rules='&quot;&quot;' conditional_id='evf-submit-5587'  id=\"evf-submit-5587\" aria-live=\"assertive\">Suscribirse<\/button><\/div><\/form><\/div><!-- .evf-container --><\/div>\n ","protected":false},"excerpt":{"rendered":"","protected":false},"author":16,"featured_media":0,"parent":2584,"menu_order":0,"comment_status":"closed","ping_status":"closed","template":"","meta":[],"yoast_head":"<!-- This site is optimized with the Yoast SEO plugin v20.6 - https:\/\/yoast.com\/wordpress\/plugins\/seo\/ -->\n<title>Alumnos del M\u00e1ster Universitario en\u00a0Direcci\u00f3n de Proyectos Inform\u00e1ticos y\u00a0M\u00e1ster Universitario en\u00a0Desarrollo \u00c1gil de Software para la Web - Asociaci\u00f3n de T\u00e9cnicos de Inform\u00e1tica<\/title>\n<meta name=\"robots\" content=\"index, follow, max-snippet:-1, max-image-preview:large, max-video-preview:-1\" \/>\n<link rel=\"canonical\" href=\"https:\/\/www.ati.es\/es_es\/alumnos\/universidad-de-alcala\/\" \/>\n<meta property=\"og:locale\" content=\"es_ES\" \/>\n<meta property=\"og:type\" content=\"article\" \/>\n<meta property=\"og:title\" content=\"Alumnos del M\u00e1ster Universitario en\u00a0Direcci\u00f3n de Proyectos Inform\u00e1ticos y\u00a0M\u00e1ster Universitario en\u00a0Desarrollo \u00c1gil de Software para la Web - Asociaci\u00f3n de T\u00e9cnicos de Inform\u00e1tica\" \/>\n<meta property=\"og:url\" content=\"https:\/\/www.ati.es\/es_es\/alumnos\/universidad-de-alcala\/\" \/>\n<meta property=\"og:site_name\" content=\"Asociaci\u00f3n de T\u00e9cnicos de Inform\u00e1tica\" \/>\n<meta property=\"article:modified_time\" content=\"2024-10-10T10:48:38+00:00\" \/>\n<meta property=\"og:image\" content=\"https:\/\/www.ati.es\/wp-content\/uploads\/2024\/10\/uah-1024x311.png\" \/>\n<meta name=\"twitter:card\" content=\"summary_large_image\" \/>\n<script type=\"application\/ld+json\" class=\"yoast-schema-graph\">{\"@context\":\"https:\/\/schema.org\",\"@graph\":[{\"@type\":\"WebPage\",\"@id\":\"https:\/\/www.ati.es\/alumnos\/universidad-de-alcala\/\",\"url\":\"https:\/\/www.ati.es\/alumnos\/universidad-de-alcala\/\",\"name\":\"Alumnos del M\u00e1ster Universitario en\u00a0Direcci\u00f3n de Proyectos Inform\u00e1ticos y\u00a0M\u00e1ster Universitario en\u00a0Desarrollo \u00c1gil de Software para la Web - Asociaci\u00f3n de T\u00e9cnicos de Inform\u00e1tica\",\"isPartOf\":{\"@id\":\"https:\/\/www.ati.es\/#website\"},\"datePublished\":\"2024-10-10T10:34:35+00:00\",\"dateModified\":\"2024-10-10T10:48:38+00:00\",\"breadcrumb\":{\"@id\":\"https:\/\/www.ati.es\/alumnos\/universidad-de-alcala\/#breadcrumb\"},\"inLanguage\":\"es\",\"potentialAction\":[{\"@type\":\"ReadAction\",\"target\":[\"https:\/\/www.ati.es\/alumnos\/universidad-de-alcala\/\"]}]},{\"@type\":\"BreadcrumbList\",\"@id\":\"https:\/\/www.ati.es\/alumnos\/universidad-de-alcala\/#breadcrumb\",\"itemListElement\":[{\"@type\":\"ListItem\",\"position\":1,\"name\":\"Portada\",\"item\":\"https:\/\/www.ati.es\/\"},{\"@type\":\"ListItem\",\"position\":2,\"name\":\"Alumn@s\",\"item\":\"https:\/\/www.ati.es\/alumnos\/\"},{\"@type\":\"ListItem\",\"position\":3,\"name\":\"Alumnos del M\u00e1ster Universitario en\u00a0Direcci\u00f3n de Proyectos Inform\u00e1ticos y\u00a0M\u00e1ster Universitario en\u00a0Desarrollo \u00c1gil de Software para la Web\"}]},{\"@type\":\"WebSite\",\"@id\":\"https:\/\/www.ati.es\/#website\",\"url\":\"https:\/\/www.ati.es\/\",\"name\":\"Asociaci\u00f3n de T\u00e9cnicos de Inform\u00e1tica\",\"description\":\"\",\"publisher\":{\"@id\":\"https:\/\/www.ati.es\/#organization\"},\"potentialAction\":[{\"@type\":\"SearchAction\",\"target\":{\"@type\":\"EntryPoint\",\"urlTemplate\":\"https:\/\/www.ati.es\/?s={search_term_string}\"},\"query-input\":\"required name=search_term_string\"}],\"inLanguage\":\"es\"},{\"@type\":\"Organization\",\"@id\":\"https:\/\/www.ati.es\/#organization\",\"name\":\"Asociaci\u00f3n de T\u00e9cnicos de Inform\u00e1tica\",\"url\":\"https:\/\/www.ati.es\/\",\"logo\":{\"@type\":\"ImageObject\",\"inLanguage\":\"es\",\"@id\":\"https:\/\/www.ati.es\/#\/schema\/logo\/image\/\",\"url\":\"https:\/\/www.ati.es\/wp-content\/uploads\/2021\/07\/cropped-logoATIvectorized.png\",\"contentUrl\":\"https:\/\/www.ati.es\/wp-content\/uploads\/2021\/07\/cropped-logoATIvectorized.png\",\"width\":431,\"height\":231,\"caption\":\"Asociaci\u00f3n de T\u00e9cnicos de Inform\u00e1tica\"},\"image\":{\"@id\":\"https:\/\/www.ati.es\/#\/schema\/logo\/image\/\"}}]}<\/script>\n<!-- \/ Yoast SEO plugin. -->","yoast_head_json":{"title":"Alumnos del M\u00e1ster Universitario en\u00a0Direcci\u00f3n de Proyectos Inform\u00e1ticos y\u00a0M\u00e1ster Universitario en\u00a0Desarrollo \u00c1gil de Software para la Web - Asociaci\u00f3n de T\u00e9cnicos de Inform\u00e1tica","robots":{"index":"index","follow":"follow","max-snippet":"max-snippet:-1","max-image-preview":"max-image-preview:large","max-video-preview":"max-video-preview:-1"},"canonical":"https:\/\/www.ati.es\/es_es\/alumnos\/universidad-de-alcala\/","og_locale":"es_ES","og_type":"article","og_title":"Alumnos del M\u00e1ster Universitario en\u00a0Direcci\u00f3n de Proyectos Inform\u00e1ticos y\u00a0M\u00e1ster Universitario en\u00a0Desarrollo \u00c1gil de Software para la Web - Asociaci\u00f3n de T\u00e9cnicos de Inform\u00e1tica","og_url":"https:\/\/www.ati.es\/es_es\/alumnos\/universidad-de-alcala\/","og_site_name":"Asociaci\u00f3n de T\u00e9cnicos de Inform\u00e1tica","article_modified_time":"2024-10-10T10:48:38+00:00","og_image":[{"url":"https:\/\/www.ati.es\/wp-content\/uploads\/2024\/10\/uah-1024x311.png"}],"twitter_card":"summary_large_image","schema":{"@context":"https:\/\/schema.org","@graph":[{"@type":"WebPage","@id":"https:\/\/www.ati.es\/alumnos\/universidad-de-alcala\/","url":"https:\/\/www.ati.es\/alumnos\/universidad-de-alcala\/","name":"Alumnos del M\u00e1ster Universitario en\u00a0Direcci\u00f3n de Proyectos Inform\u00e1ticos y\u00a0M\u00e1ster Universitario en\u00a0Desarrollo \u00c1gil de Software para la Web - Asociaci\u00f3n de T\u00e9cnicos de Inform\u00e1tica","isPartOf":{"@id":"https:\/\/www.ati.es\/#website"},"datePublished":"2024-10-10T10:34:35+00:00","dateModified":"2024-10-10T10:48:38+00:00","breadcrumb":{"@id":"https:\/\/www.ati.es\/alumnos\/universidad-de-alcala\/#breadcrumb"},"inLanguage":"es","potentialAction":[{"@type":"ReadAction","target":["https:\/\/www.ati.es\/alumnos\/universidad-de-alcala\/"]}]},{"@type":"BreadcrumbList","@id":"https:\/\/www.ati.es\/alumnos\/universidad-de-alcala\/#breadcrumb","itemListElement":[{"@type":"ListItem","position":1,"name":"Portada","item":"https:\/\/www.ati.es\/"},{"@type":"ListItem","position":2,"name":"Alumn@s","item":"https:\/\/www.ati.es\/alumnos\/"},{"@type":"ListItem","position":3,"name":"Alumnos del M\u00e1ster Universitario en\u00a0Direcci\u00f3n de Proyectos Inform\u00e1ticos y\u00a0M\u00e1ster Universitario en\u00a0Desarrollo \u00c1gil de Software para la Web"}]},{"@type":"WebSite","@id":"https:\/\/www.ati.es\/#website","url":"https:\/\/www.ati.es\/","name":"Asociaci\u00f3n de T\u00e9cnicos de Inform\u00e1tica","description":"","publisher":{"@id":"https:\/\/www.ati.es\/#organization"},"potentialAction":[{"@type":"SearchAction","target":{"@type":"EntryPoint","urlTemplate":"https:\/\/www.ati.es\/?s={search_term_string}"},"query-input":"required name=search_term_string"}],"inLanguage":"es"},{"@type":"Organization","@id":"https:\/\/www.ati.es\/#organization","name":"Asociaci\u00f3n de T\u00e9cnicos de Inform\u00e1tica","url":"https:\/\/www.ati.es\/","logo":{"@type":"ImageObject","inLanguage":"es","@id":"https:\/\/www.ati.es\/#\/schema\/logo\/image\/","url":"https:\/\/www.ati.es\/wp-content\/uploads\/2021\/07\/cropped-logoATIvectorized.png","contentUrl":"https:\/\/www.ati.es\/wp-content\/uploads\/2021\/07\/cropped-logoATIvectorized.png","width":431,"height":231,"caption":"Asociaci\u00f3n de T\u00e9cnicos de Inform\u00e1tica"},"image":{"@id":"https:\/\/www.ati.es\/#\/schema\/logo\/image\/"}}]}},"_links":{"self":[{"href":"https:\/\/www.ati.es\/es_es\/wp-json\/wp\/v2\/pages\/5588"}],"collection":[{"href":"https:\/\/www.ati.es\/es_es\/wp-json\/wp\/v2\/pages"}],"about":[{"href":"https:\/\/www.ati.es\/es_es\/wp-json\/wp\/v2\/types\/page"}],"author":[{"embeddable":true,"href":"https:\/\/www.ati.es\/es_es\/wp-json\/wp\/v2\/users\/16"}],"replies":[{"embeddable":true,"href":"https:\/\/www.ati.es\/es_es\/wp-json\/wp\/v2\/comments?post=5588"}],"version-history":[{"count":5,"href":"https:\/\/www.ati.es\/es_es\/wp-json\/wp\/v2\/pages\/5588\/revisions"}],"predecessor-version":[{"id":5596,"href":"https:\/\/www.ati.es\/es_es\/wp-json\/wp\/v2\/pages\/5588\/revisions\/5596"}],"up":[{"embeddable":true,"href":"https:\/\/www.ati.es\/es_es\/wp-json\/wp\/v2\/pages\/2584"}],"wp:attachment":[{"href":"https:\/\/www.ati.es\/es_es\/wp-json\/wp\/v2\/media?parent=5588"}],"curies":[{"name":"wp","href":"https:\/\/api.w.org\/{rel}","templated":true}]}}