{"id":5488,"date":"2024-09-04T10:35:15","date_gmt":"2024-09-04T09:35:15","guid":{"rendered":"https:\/\/www.ati.es\/?page_id=5488"},"modified":"2025-06-06T16:07:36","modified_gmt":"2025-06-06T15:07:36","slug":"icodsip-cardpay","status":"publish","type":"page","link":"https:\/\/www.ati.es\/es_es\/icodsip-cardpay\/","title":{"rendered":"ICODSIP 2025 Card Pay"},"content":{"rendered":"\n<p>The second edition of the\u00a0International Conference on Digital Skills and IT Professionalism\u00a0(ICODSIP) will be held on <strong>6\u20137 November 2025<\/strong>, hosted by the\u00a0<a href=\"https:\/\/escuelapolitecnica.uah.es\/es\/\" target=\"_blank\" rel=\"noreferrer noopener\">Escuela Polit\u00e9cnica Superior of the University of Alcal\u00e1<\/a>\u00a0(UAH) in Alcal\u00e1 de Henares, Spain.<\/p>\n\n\n\n<p>La segunda edici\u00f3n de ICODSIP va a celebrarse los d\u00edas<strong> 6 y 7 de noviembre de 2025<\/strong>, de nuevo, en la <a href=\"https:\/\/escuelapolitecnica.uah.es\/es\/\" target=\"_blank\" rel=\"noreferrer noopener\">Escuela Polit\u00e9cnica Superior de la <span style=\"text-decoration: underline;\">Universidad de <\/span>Alcal\u00e1<\/a> (UAH).<\/p>\n\n\n\n<div id=\"shop-frame\" data-url=\"https:\/\/shop.weeztix.com\/b9854596-e62c-4dff-a99b-1dc2f441a97a\" style=\"max-width: 600px; margin:0 auto;\"><\/div>\n<script src=\"https:\/\/shop.weeztix.com\/build\/integrate.js\"><\/script>\n\n\n\n<p class=\"has-text-align-center\"><br>See the&nbsp;<a href=\"https:\/\/euprojects.cc.uah.es\/icodsip2025\/wp-content\/uploads\/sites\/3\/2025\/06\/ATI-Privacy-policy-2025.pdf\" target=\"_blank\" rel=\"noreferrer noopener\">Privacy policy of ATI<\/a>&nbsp;and the&nbsp;<a href=\"https:\/\/euprojects.cc.uah.es\/icodsip2025\/wp-content\/uploads\/sites\/3\/2025\/06\/Cancellation-and-modification-2025.pdf\">Cancellation and Modification Conditions<\/a>.<\/p>\n\n\n\n<p><\/p>\n\n\n\n<div style=\"height:100px\" aria-hidden=\"true\" class=\"wp-block-spacer\"><\/div>\n ","protected":false},"excerpt":{"rendered":"<p>The second edition of the\u00a0International Conference on Digital Skills and IT Professionalism\u00a0(ICODSIP) will be held on 6\u20137 November 2025, hosted by the\u00a0Escuela Polit\u00e9cnica Superior of the University of Alcal\u00e1\u00a0(UAH) in Alcal\u00e1 de Henares, Spain. La segunda edici\u00f3n de ICODSIP va a celebrarse los d\u00edas 6 y 7 de noviembre de 2025, de nuevo, en la&#8230;<\/p>\n<p class=\"more-link-wrap\"><a href=\"https:\/\/www.ati.es\/es_es\/icodsip-cardpay\/\" class=\"more-link\">Leer m\u00e1s<span class=\"screen-reader-text\"> &ldquo;ICODSIP 2025 Card Pay&rdquo;<\/span> &raquo;<\/a><\/p>\n","protected":false},"author":16,"featured_media":0,"parent":0,"menu_order":0,"comment_status":"closed","ping_status":"closed","template":"","meta":[],"yoast_head":"<!-- This site is optimized with the Yoast SEO plugin v20.6 - https:\/\/yoast.com\/wordpress\/plugins\/seo\/ -->\n<title>ICODSIP 2025 Card Pay - Asociaci\u00f3n de T\u00e9cnicos de Inform\u00e1tica<\/title>\n<meta name=\"robots\" content=\"index, follow, max-snippet:-1, max-image-preview:large, max-video-preview:-1\" \/>\n<link rel=\"canonical\" href=\"https:\/\/www.ati.es\/es_es\/icodsip-cardpay\/\" \/>\n<meta property=\"og:locale\" content=\"es_ES\" \/>\n<meta property=\"og:type\" content=\"article\" \/>\n<meta property=\"og:title\" content=\"ICODSIP 2025 Card Pay - Asociaci\u00f3n de T\u00e9cnicos de Inform\u00e1tica\" \/>\n<meta property=\"og:description\" content=\"The second edition of the\u00a0International Conference on Digital Skills and IT Professionalism\u00a0(ICODSIP) will be held on 6\u20137 November 2025, hosted by the\u00a0Escuela Polit\u00e9cnica Superior of the University of Alcal\u00e1\u00a0(UAH) in Alcal\u00e1 de Henares, Spain. La segunda edici\u00f3n de ICODSIP va a celebrarse los d\u00edas 6 y 7 de noviembre de 2025, de nuevo, en la...Leer m\u00e1s &ldquo;ICODSIP 2025 Card Pay&rdquo; &raquo;\" \/>\n<meta property=\"og:url\" content=\"https:\/\/www.ati.es\/es_es\/icodsip-cardpay\/\" \/>\n<meta property=\"og:site_name\" content=\"Asociaci\u00f3n de T\u00e9cnicos de Inform\u00e1tica\" \/>\n<meta property=\"article:modified_time\" content=\"2025-06-06T15:07:36+00:00\" \/>\n<meta name=\"twitter:card\" content=\"summary_large_image\" \/>\n<meta name=\"twitter:label1\" content=\"Tiempo de lectura\" \/>\n\t<meta name=\"twitter:data1\" content=\"1 minuto\" \/>\n<script type=\"application\/ld+json\" class=\"yoast-schema-graph\">{\"@context\":\"https:\/\/schema.org\",\"@graph\":[{\"@type\":\"WebPage\",\"@id\":\"https:\/\/www.ati.es\/icodsip-cardpay\/\",\"url\":\"https:\/\/www.ati.es\/icodsip-cardpay\/\",\"name\":\"ICODSIP 2025 Card Pay - Asociaci\u00f3n de T\u00e9cnicos de Inform\u00e1tica\",\"isPartOf\":{\"@id\":\"https:\/\/www.ati.es\/#website\"},\"datePublished\":\"2024-09-04T09:35:15+00:00\",\"dateModified\":\"2025-06-06T15:07:36+00:00\",\"breadcrumb\":{\"@id\":\"https:\/\/www.ati.es\/icodsip-cardpay\/#breadcrumb\"},\"inLanguage\":\"es\",\"potentialAction\":[{\"@type\":\"ReadAction\",\"target\":[\"https:\/\/www.ati.es\/icodsip-cardpay\/\"]}]},{\"@type\":\"BreadcrumbList\",\"@id\":\"https:\/\/www.ati.es\/icodsip-cardpay\/#breadcrumb\",\"itemListElement\":[{\"@type\":\"ListItem\",\"position\":1,\"name\":\"Portada\",\"item\":\"https:\/\/www.ati.es\/\"},{\"@type\":\"ListItem\",\"position\":2,\"name\":\"ICODSIP 2025 Card Pay\"}]},{\"@type\":\"WebSite\",\"@id\":\"https:\/\/www.ati.es\/#website\",\"url\":\"https:\/\/www.ati.es\/\",\"name\":\"Asociaci\u00f3n de T\u00e9cnicos de Inform\u00e1tica\",\"description\":\"\",\"publisher\":{\"@id\":\"https:\/\/www.ati.es\/#organization\"},\"potentialAction\":[{\"@type\":\"SearchAction\",\"target\":{\"@type\":\"EntryPoint\",\"urlTemplate\":\"https:\/\/www.ati.es\/?s={search_term_string}\"},\"query-input\":\"required name=search_term_string\"}],\"inLanguage\":\"es\"},{\"@type\":\"Organization\",\"@id\":\"https:\/\/www.ati.es\/#organization\",\"name\":\"Asociaci\u00f3n de T\u00e9cnicos de Inform\u00e1tica\",\"url\":\"https:\/\/www.ati.es\/\",\"logo\":{\"@type\":\"ImageObject\",\"inLanguage\":\"es\",\"@id\":\"https:\/\/www.ati.es\/#\/schema\/logo\/image\/\",\"url\":\"https:\/\/www.ati.es\/wp-content\/uploads\/2021\/07\/cropped-logoATIvectorized.png\",\"contentUrl\":\"https:\/\/www.ati.es\/wp-content\/uploads\/2021\/07\/cropped-logoATIvectorized.png\",\"width\":431,\"height\":231,\"caption\":\"Asociaci\u00f3n de T\u00e9cnicos de Inform\u00e1tica\"},\"image\":{\"@id\":\"https:\/\/www.ati.es\/#\/schema\/logo\/image\/\"}}]}<\/script>\n<!-- \/ Yoast SEO plugin. -->","yoast_head_json":{"title":"ICODSIP 2025 Card Pay - Asociaci\u00f3n de T\u00e9cnicos de Inform\u00e1tica","robots":{"index":"index","follow":"follow","max-snippet":"max-snippet:-1","max-image-preview":"max-image-preview:large","max-video-preview":"max-video-preview:-1"},"canonical":"https:\/\/www.ati.es\/es_es\/icodsip-cardpay\/","og_locale":"es_ES","og_type":"article","og_title":"ICODSIP 2025 Card Pay - Asociaci\u00f3n de T\u00e9cnicos de Inform\u00e1tica","og_description":"The second edition of the\u00a0International Conference on Digital Skills and IT Professionalism\u00a0(ICODSIP) will be held on 6\u20137 November 2025, hosted by the\u00a0Escuela Polit\u00e9cnica Superior of the University of Alcal\u00e1\u00a0(UAH) in Alcal\u00e1 de Henares, Spain. La segunda edici\u00f3n de ICODSIP va a celebrarse los d\u00edas 6 y 7 de noviembre de 2025, de nuevo, en la...Leer m\u00e1s &ldquo;ICODSIP 2025 Card Pay&rdquo; &raquo;","og_url":"https:\/\/www.ati.es\/es_es\/icodsip-cardpay\/","og_site_name":"Asociaci\u00f3n de T\u00e9cnicos de Inform\u00e1tica","article_modified_time":"2025-06-06T15:07:36+00:00","twitter_card":"summary_large_image","twitter_misc":{"Tiempo de lectura":"1 minuto"},"schema":{"@context":"https:\/\/schema.org","@graph":[{"@type":"WebPage","@id":"https:\/\/www.ati.es\/icodsip-cardpay\/","url":"https:\/\/www.ati.es\/icodsip-cardpay\/","name":"ICODSIP 2025 Card Pay - Asociaci\u00f3n de T\u00e9cnicos de Inform\u00e1tica","isPartOf":{"@id":"https:\/\/www.ati.es\/#website"},"datePublished":"2024-09-04T09:35:15+00:00","dateModified":"2025-06-06T15:07:36+00:00","breadcrumb":{"@id":"https:\/\/www.ati.es\/icodsip-cardpay\/#breadcrumb"},"inLanguage":"es","potentialAction":[{"@type":"ReadAction","target":["https:\/\/www.ati.es\/icodsip-cardpay\/"]}]},{"@type":"BreadcrumbList","@id":"https:\/\/www.ati.es\/icodsip-cardpay\/#breadcrumb","itemListElement":[{"@type":"ListItem","position":1,"name":"Portada","item":"https:\/\/www.ati.es\/"},{"@type":"ListItem","position":2,"name":"ICODSIP 2025 Card Pay"}]},{"@type":"WebSite","@id":"https:\/\/www.ati.es\/#website","url":"https:\/\/www.ati.es\/","name":"Asociaci\u00f3n de T\u00e9cnicos de Inform\u00e1tica","description":"","publisher":{"@id":"https:\/\/www.ati.es\/#organization"},"potentialAction":[{"@type":"SearchAction","target":{"@type":"EntryPoint","urlTemplate":"https:\/\/www.ati.es\/?s={search_term_string}"},"query-input":"required name=search_term_string"}],"inLanguage":"es"},{"@type":"Organization","@id":"https:\/\/www.ati.es\/#organization","name":"Asociaci\u00f3n de T\u00e9cnicos de Inform\u00e1tica","url":"https:\/\/www.ati.es\/","logo":{"@type":"ImageObject","inLanguage":"es","@id":"https:\/\/www.ati.es\/#\/schema\/logo\/image\/","url":"https:\/\/www.ati.es\/wp-content\/uploads\/2021\/07\/cropped-logoATIvectorized.png","contentUrl":"https:\/\/www.ati.es\/wp-content\/uploads\/2021\/07\/cropped-logoATIvectorized.png","width":431,"height":231,"caption":"Asociaci\u00f3n de T\u00e9cnicos de Inform\u00e1tica"},"image":{"@id":"https:\/\/www.ati.es\/#\/schema\/logo\/image\/"}}]}},"_links":{"self":[{"href":"https:\/\/www.ati.es\/es_es\/wp-json\/wp\/v2\/pages\/5488"}],"collection":[{"href":"https:\/\/www.ati.es\/es_es\/wp-json\/wp\/v2\/pages"}],"about":[{"href":"https:\/\/www.ati.es\/es_es\/wp-json\/wp\/v2\/types\/page"}],"author":[{"embeddable":true,"href":"https:\/\/www.ati.es\/es_es\/wp-json\/wp\/v2\/users\/16"}],"replies":[{"embeddable":true,"href":"https:\/\/www.ati.es\/es_es\/wp-json\/wp\/v2\/comments?post=5488"}],"version-history":[{"count":40,"href":"https:\/\/www.ati.es\/es_es\/wp-json\/wp\/v2\/pages\/5488\/revisions"}],"predecessor-version":[{"id":5769,"href":"https:\/\/www.ati.es\/es_es\/wp-json\/wp\/v2\/pages\/5488\/revisions\/5769"}],"wp:attachment":[{"href":"https:\/\/www.ati.es\/es_es\/wp-json\/wp\/v2\/media?parent=5488"}],"curies":[{"name":"wp","href":"https:\/\/api.w.org\/{rel}","templated":true}]}}