{"id":430,"date":"2016-11-13T15:13:00","date_gmt":"2016-11-13T14:13:00","guid":{"rendered":"http:\/\/www.ati.es\/?page_id=430"},"modified":"2023-06-28T08:48:07","modified_gmt":"2023-06-28T07:48:07","slug":"ati-socios","status":"publish","type":"page","link":"https:\/\/www.ati.es\/es_es\/ati-socios\/","title":{"rendered":"Zona de Socios"},"content":{"rendered":"\n<p>ATI es una asociaci\u00f3n abierta a cualquier profesional vinculado al sector TIC y, desde sus inicios, quiere mantener la filosof\u00eda que le dio su raz\u00f3n de ser:<\/p>\n\n\n\n<h4 class=\"has-text-align-center\">El Intercambio de Conocimiento y Experiencias<br>para que sus asociados puedan desarrollarse profesionalmente de la mejor manera<\/h4>\n\n\n\n<p>Queremos ser un punto de encuentro, un conector entre todos estos profesionales para mejorar su trayectoria laboral. Y lo hacemos a trav\u00e9s de encuentros de <strong>networking<\/strong>, de grupos de trabajo, de publicaciones, de cursos, talleres, seminarios&#8230; que posibiliten esta desarrollo profesional, y generen puntos de encuentro con todos los agentes del sector para poner en marcha proyectos e iniciativas que propicien oportunidades de negocio.<\/p>\n\n\n\n<p>As\u00f3ciate y benef\u00edciate&#8230;<\/p>\n\n\n\n<ul><li>Forma parte de una <strong>Comunidad Profesional TIC<\/strong> abierta y conectada internacionalmente<\/li><li>La revista <strong>Nov\u00e1tica<\/strong>&nbsp;<strong>Digital<\/strong><\/li><li><strong>Descuentos<\/strong> a cursos, seminarios, ofertas especiales, invitaciones&#8230; Charlas, jornadas, eventos&#8230;<\/li><li>La <strong>Participaci\u00f3n<\/strong> en Grupos de Trabajo, Listas de Distribuci\u00f3n&#8230;<\/li><li>Acceso a la <strong>Bolsa de Trabajo<\/strong> especializada<\/li><\/ul>\n\n\n\n<p>Y muchas otras cosas, que t\u00fa mismo nos puedes proponer.<\/p>\n\n\n\n<p>Y si a\u00fan no eres ATI Socio, puedes serlo\u00a0<strong><a href=\"http:\/\/www.ati.es\/hazte-socio\/\">ahora<\/a><\/strong>!<\/p>\n ","protected":false},"excerpt":{"rendered":"<p>ATI es una asociaci\u00f3n abierta a cualquier profesional vinculado al sector TIC y, desde sus inicios, quiere mantener la filosof\u00eda que le dio su raz\u00f3n de ser: El Intercambio de Conocimiento y Experienciaspara que sus asociados puedan desarrollarse profesionalmente de la mejor manera Queremos ser un punto de encuentro, un conector entre todos estos profesionales&#8230;<\/p>\n<p class=\"more-link-wrap\"><a href=\"https:\/\/www.ati.es\/es_es\/ati-socios\/\" class=\"more-link\">Leer m\u00e1s<span class=\"screen-reader-text\"> &ldquo;Zona de Socios&rdquo;<\/span> &raquo;<\/a><\/p>\n","protected":false},"author":1,"featured_media":0,"parent":0,"menu_order":0,"comment_status":"closed","ping_status":"closed","template":"","meta":[],"yoast_head":"<!-- This site is optimized with the Yoast SEO plugin v20.6 - https:\/\/yoast.com\/wordpress\/plugins\/seo\/ -->\n<title>ATI Socios (Asociaci\u00f3n de T\u00e9cnicos de Inform\u00e1tica)<\/title>\n<meta name=\"description\" content=\"La Asociaci\u00f3n de T\u00e9cnicos de Inform\u00e1tica es un punto de encuentro, un conector entre los profesionales del sector TIC para mejorar su trayectoria laboral. Networkings, grupos de trabajo, publicaciones (Nov\u00e1tica), cursos, seminarios\u2026\" \/>\n<meta name=\"robots\" content=\"index, follow, max-snippet:-1, max-image-preview:large, max-video-preview:-1\" \/>\n<link rel=\"canonical\" href=\"https:\/\/www.ati.es\/es_es\/ati-socios\/\" \/>\n<meta property=\"og:locale\" content=\"es_ES\" \/>\n<meta property=\"og:type\" content=\"article\" \/>\n<meta property=\"og:title\" content=\"ATI Socios (Asociaci\u00f3n de T\u00e9cnicos de Inform\u00e1tica)\" \/>\n<meta property=\"og:description\" content=\"La Asociaci\u00f3n de T\u00e9cnicos de Inform\u00e1tica es un punto de encuentro, un conector entre los profesionales del sector TIC para mejorar su trayectoria laboral. Networkings, grupos de trabajo, publicaciones (Nov\u00e1tica), cursos, seminarios\u2026\" \/>\n<meta property=\"og:url\" content=\"https:\/\/www.ati.es\/es_es\/ati-socios\/\" \/>\n<meta property=\"og:site_name\" content=\"Asociaci\u00f3n de T\u00e9cnicos de Inform\u00e1tica\" \/>\n<meta property=\"article:modified_time\" content=\"2023-06-28T07:48:07+00:00\" \/>\n<meta name=\"twitter:card\" content=\"summary_large_image\" \/>\n<meta name=\"twitter:label1\" content=\"Tiempo de lectura\" \/>\n\t<meta name=\"twitter:data1\" content=\"1 minuto\" \/>\n<script type=\"application\/ld+json\" class=\"yoast-schema-graph\">{\"@context\":\"https:\/\/schema.org\",\"@graph\":[{\"@type\":\"WebPage\",\"@id\":\"https:\/\/www.ati.es\/ati-socios\/\",\"url\":\"https:\/\/www.ati.es\/ati-socios\/\",\"name\":\"ATI Socios (Asociaci\u00f3n de T\u00e9cnicos de Inform\u00e1tica)\",\"isPartOf\":{\"@id\":\"https:\/\/www.ati.es\/#website\"},\"datePublished\":\"2016-11-13T14:13:00+00:00\",\"dateModified\":\"2023-06-28T07:48:07+00:00\",\"description\":\"La Asociaci\u00f3n de T\u00e9cnicos de Inform\u00e1tica es un punto de encuentro, un conector entre los profesionales del sector TIC para mejorar su trayectoria laboral. Networkings, grupos de trabajo, publicaciones (Nov\u00e1tica), cursos, seminarios\u2026\",\"breadcrumb\":{\"@id\":\"https:\/\/www.ati.es\/ati-socios\/#breadcrumb\"},\"inLanguage\":\"es\",\"potentialAction\":[{\"@type\":\"ReadAction\",\"target\":[\"https:\/\/www.ati.es\/ati-socios\/\"]}]},{\"@type\":\"BreadcrumbList\",\"@id\":\"https:\/\/www.ati.es\/ati-socios\/#breadcrumb\",\"itemListElement\":[{\"@type\":\"ListItem\",\"position\":1,\"name\":\"Portada\",\"item\":\"https:\/\/www.ati.es\/\"},{\"@type\":\"ListItem\",\"position\":2,\"name\":\"Zona de Socios\"}]},{\"@type\":\"WebSite\",\"@id\":\"https:\/\/www.ati.es\/#website\",\"url\":\"https:\/\/www.ati.es\/\",\"name\":\"Asociaci\u00f3n de T\u00e9cnicos de Inform\u00e1tica\",\"description\":\"\",\"publisher\":{\"@id\":\"https:\/\/www.ati.es\/#organization\"},\"potentialAction\":[{\"@type\":\"SearchAction\",\"target\":{\"@type\":\"EntryPoint\",\"urlTemplate\":\"https:\/\/www.ati.es\/?s={search_term_string}\"},\"query-input\":\"required name=search_term_string\"}],\"inLanguage\":\"es\"},{\"@type\":\"Organization\",\"@id\":\"https:\/\/www.ati.es\/#organization\",\"name\":\"Asociaci\u00f3n de T\u00e9cnicos de Inform\u00e1tica\",\"url\":\"https:\/\/www.ati.es\/\",\"logo\":{\"@type\":\"ImageObject\",\"inLanguage\":\"es\",\"@id\":\"https:\/\/www.ati.es\/#\/schema\/logo\/image\/\",\"url\":\"https:\/\/www.ati.es\/wp-content\/uploads\/2021\/07\/cropped-logoATIvectorized.png\",\"contentUrl\":\"https:\/\/www.ati.es\/wp-content\/uploads\/2021\/07\/cropped-logoATIvectorized.png\",\"width\":431,\"height\":231,\"caption\":\"Asociaci\u00f3n de T\u00e9cnicos de Inform\u00e1tica\"},\"image\":{\"@id\":\"https:\/\/www.ati.es\/#\/schema\/logo\/image\/\"}}]}<\/script>\n<!-- \/ Yoast SEO plugin. -->","yoast_head_json":{"title":"ATI Socios (Asociaci\u00f3n de T\u00e9cnicos de Inform\u00e1tica)","description":"La Asociaci\u00f3n de T\u00e9cnicos de Inform\u00e1tica es un punto de encuentro, un conector entre los profesionales del sector TIC para mejorar su trayectoria laboral. Networkings, grupos de trabajo, publicaciones (Nov\u00e1tica), cursos, seminarios\u2026","robots":{"index":"index","follow":"follow","max-snippet":"max-snippet:-1","max-image-preview":"max-image-preview:large","max-video-preview":"max-video-preview:-1"},"canonical":"https:\/\/www.ati.es\/es_es\/ati-socios\/","og_locale":"es_ES","og_type":"article","og_title":"ATI Socios (Asociaci\u00f3n de T\u00e9cnicos de Inform\u00e1tica)","og_description":"La Asociaci\u00f3n de T\u00e9cnicos de Inform\u00e1tica es un punto de encuentro, un conector entre los profesionales del sector TIC para mejorar su trayectoria laboral. Networkings, grupos de trabajo, publicaciones (Nov\u00e1tica), cursos, seminarios\u2026","og_url":"https:\/\/www.ati.es\/es_es\/ati-socios\/","og_site_name":"Asociaci\u00f3n de T\u00e9cnicos de Inform\u00e1tica","article_modified_time":"2023-06-28T07:48:07+00:00","twitter_card":"summary_large_image","twitter_misc":{"Tiempo de lectura":"1 minuto"},"schema":{"@context":"https:\/\/schema.org","@graph":[{"@type":"WebPage","@id":"https:\/\/www.ati.es\/ati-socios\/","url":"https:\/\/www.ati.es\/ati-socios\/","name":"ATI Socios (Asociaci\u00f3n de T\u00e9cnicos de Inform\u00e1tica)","isPartOf":{"@id":"https:\/\/www.ati.es\/#website"},"datePublished":"2016-11-13T14:13:00+00:00","dateModified":"2023-06-28T07:48:07+00:00","description":"La Asociaci\u00f3n de T\u00e9cnicos de Inform\u00e1tica es un punto de encuentro, un conector entre los profesionales del sector TIC para mejorar su trayectoria laboral. Networkings, grupos de trabajo, publicaciones (Nov\u00e1tica), cursos, seminarios\u2026","breadcrumb":{"@id":"https:\/\/www.ati.es\/ati-socios\/#breadcrumb"},"inLanguage":"es","potentialAction":[{"@type":"ReadAction","target":["https:\/\/www.ati.es\/ati-socios\/"]}]},{"@type":"BreadcrumbList","@id":"https:\/\/www.ati.es\/ati-socios\/#breadcrumb","itemListElement":[{"@type":"ListItem","position":1,"name":"Portada","item":"https:\/\/www.ati.es\/"},{"@type":"ListItem","position":2,"name":"Zona de Socios"}]},{"@type":"WebSite","@id":"https:\/\/www.ati.es\/#website","url":"https:\/\/www.ati.es\/","name":"Asociaci\u00f3n de T\u00e9cnicos de Inform\u00e1tica","description":"","publisher":{"@id":"https:\/\/www.ati.es\/#organization"},"potentialAction":[{"@type":"SearchAction","target":{"@type":"EntryPoint","urlTemplate":"https:\/\/www.ati.es\/?s={search_term_string}"},"query-input":"required name=search_term_string"}],"inLanguage":"es"},{"@type":"Organization","@id":"https:\/\/www.ati.es\/#organization","name":"Asociaci\u00f3n de T\u00e9cnicos de Inform\u00e1tica","url":"https:\/\/www.ati.es\/","logo":{"@type":"ImageObject","inLanguage":"es","@id":"https:\/\/www.ati.es\/#\/schema\/logo\/image\/","url":"https:\/\/www.ati.es\/wp-content\/uploads\/2021\/07\/cropped-logoATIvectorized.png","contentUrl":"https:\/\/www.ati.es\/wp-content\/uploads\/2021\/07\/cropped-logoATIvectorized.png","width":431,"height":231,"caption":"Asociaci\u00f3n de T\u00e9cnicos de Inform\u00e1tica"},"image":{"@id":"https:\/\/www.ati.es\/#\/schema\/logo\/image\/"}}]}},"_links":{"self":[{"href":"https:\/\/www.ati.es\/es_es\/wp-json\/wp\/v2\/pages\/430"}],"collection":[{"href":"https:\/\/www.ati.es\/es_es\/wp-json\/wp\/v2\/pages"}],"about":[{"href":"https:\/\/www.ati.es\/es_es\/wp-json\/wp\/v2\/types\/page"}],"author":[{"embeddable":true,"href":"https:\/\/www.ati.es\/es_es\/wp-json\/wp\/v2\/users\/1"}],"replies":[{"embeddable":true,"href":"https:\/\/www.ati.es\/es_es\/wp-json\/wp\/v2\/comments?post=430"}],"version-history":[{"count":23,"href":"https:\/\/www.ati.es\/es_es\/wp-json\/wp\/v2\/pages\/430\/revisions"}],"predecessor-version":[{"id":5208,"href":"https:\/\/www.ati.es\/es_es\/wp-json\/wp\/v2\/pages\/430\/revisions\/5208"}],"wp:attachment":[{"href":"https:\/\/www.ati.es\/es_es\/wp-json\/wp\/v2\/media?parent=430"}],"curies":[{"name":"wp","href":"https:\/\/api.w.org\/{rel}","templated":true}]}}