{"id":383,"date":"2016-11-12T22:08:23","date_gmt":"2016-11-12T21:08:23","guid":{"rendered":"http:\/\/www.ati.es\/?page_id=383"},"modified":"2020-12-28T12:16:57","modified_gmt":"2020-12-28T11:16:57","slug":"cecua","status":"publish","type":"page","link":"https:\/\/www.ati.es\/es_es\/ati-internacional\/cecua\/","title":{"rendered":"CECUA &#8211; Confederaci\u00f3n Europea de Usuarios de Tecnolog\u00edas de la Informaci\u00f3n"},"content":{"rendered":"<p class=\"spip\"><img loading=\"lazy\" class=\"alignright\" src=\"http:\/\/static.wixstatic.com\/media\/1db7fe_05d2354554e04f32879f17557f0997b7.jpg_srz_245_164_85_22_0.50_1.20_0.00_jpg_srz\" alt=\"Resultado de imagen de cecua\" width=\"136\" height=\"91\"><\/p>\n<p class=\"spip\">ATI es el representante espa\u00f1ol de <strong class=\"spip\"><a class=\"spip_out\" href=\"http:\/\/cecua1.wixsite.com\/cecua\" target=\"_blank\" rel=\"noopener noreferrer\">CECUA<\/a><\/strong>, la Confederaci\u00f3n Europea de Usuarios de Tecnolog\u00edas de la Informaci\u00f3n.<\/p>\n<p class=\"spip\">ATI colabora con CECUA en distintas acciones, e incluso represent\u00f3, en su momento mediante su vicepresidente Luis Fern\u00e1ndez, a CECUA en actos como la presentaci\u00f3n en <br>el Parlamento Europeo del informe <strong class=\"spip\">The Digital World in 2030<\/strong> el d\u00eda 18 de marzo de 2014.<\/p>\n<p class=\"spip\">Tambi\u00e9n, el que fuera&nbsp;presidente de ATI &nbsp;-Didac L\u00f3pez-&nbsp;en su momento, fue nombrado <strong class=\"spip\">embajador especial de CECUA para el&nbsp;Mobile World Congress 2015<\/strong>, representando a CECUA en la mesa redonda especial de <strong class=\"spip\"><a class=\"spip_out\" href=\"https:\/\/www.eifonline.org\/\" target=\"_blank\" rel=\"noopener noreferrer\">EIF<\/a><\/strong> celebrada en Barcelona el 1 de marzo de 2015 con el t\u00edtulo \u2018Sharpening Europe\u2019s Mobile Edge\u2019.<\/p>\n<hr>\n<p class=\"spip\"><\/p>\n\n\n<div class=\"wp-block-image is-style-default\"><figure class=\"alignleft size-large is-resized\"><img loading=\"lazy\" src=\"https:\/\/www.ati.es\/wp-content\/uploads\/2020\/12\/2030.jpg\" alt=\"\" class=\"wp-image-3394\" width=\"262\" height=\"370\"\/><\/figure><\/div>\n\n\n\n<p>La <strong>European Internet Foundation<\/strong> <strong>(EIF) <\/strong>public\u00f3 el informe <strong>El mundo digital en 2030<\/strong>, que presenta una visi\u00f3n del mundo digital en el futuro y analiza la tecnolog\u00eda, la econom\u00eda, y las dimensiones socio-pol\u00edticas de las tendencias digitales clave.<\/p>\n\n\n\n<p>El informe propone un paradigma central para tratar de imaginar el mundo digital de 2030: la Sociedad del Conocimiento. De acuerdo con este paradigma, la capacidad en tiempo real para realizar un seguimiento de forma continua, medida, y reaccionar a la situaci\u00f3n actual de pr\u00e1cticamente cualquier condici\u00f3n externa o fen\u00f3meno a cualquier escala, en cualquier momento, a trav\u00e9s de la captura de datos continua dirigida en tiempo real y su an\u00e1lisis, se convierte en el principal fuente de poder econ\u00f3mico, social y pol\u00edtico a cualquier escala.<\/p>\n\n\n\n<p>ATI particip\u00f3 en representaci\u00f3n de <strong>CEPIS<\/strong> y <strong>CECUA<\/strong> en el acto de presentaci\u00f3n del informe.<\/p>\n ","protected":false},"excerpt":{"rendered":"<p>ATI es el representante espa\u00f1ol de CECUA, la Confederaci\u00f3n Europea de Usuarios de Tecnolog\u00edas de la Informaci\u00f3n. ATI colabora con CECUA en distintas acciones, e incluso represent\u00f3, en su momento mediante su vicepresidente Luis Fern\u00e1ndez, a CECUA en actos como la presentaci\u00f3n en el Parlamento Europeo del informe The Digital World in 2030 el d\u00eda&#8230;<\/p>\n<p class=\"more-link-wrap\"><a href=\"https:\/\/www.ati.es\/es_es\/ati-internacional\/cecua\/\" class=\"more-link\">Leer m\u00e1s<span class=\"screen-reader-text\"> &ldquo;CECUA &#8211; Confederaci\u00f3n Europea de Usuarios de Tecnolog\u00edas de la Informaci\u00f3n&rdquo;<\/span> &raquo;<\/a><\/p>\n","protected":false},"author":1,"featured_media":0,"parent":352,"menu_order":0,"comment_status":"closed","ping_status":"closed","template":"","meta":[],"yoast_head":"<!-- This site is optimized with the Yoast SEO plugin v20.6 - https:\/\/yoast.com\/wordpress\/plugins\/seo\/ -->\n<title>CECUA - Confederaci\u00f3n Europea de Usuarios de Tecnolog\u00edas de la Informaci\u00f3n - Asociaci\u00f3n de T\u00e9cnicos de Inform\u00e1tica<\/title>\n<meta name=\"description\" content=\"ATI es el representante espa\u00f1ol de CECUA, la Confederaci\u00f3n Europea de Usuarios de Tecnolog\u00edas de la Informaci\u00f3n.\" \/>\n<meta name=\"robots\" content=\"index, follow, max-snippet:-1, max-image-preview:large, max-video-preview:-1\" \/>\n<link rel=\"canonical\" href=\"https:\/\/www.ati.es\/es_es\/ati-internacional\/cecua\/\" \/>\n<meta property=\"og:locale\" content=\"es_ES\" \/>\n<meta property=\"og:type\" content=\"article\" \/>\n<meta property=\"og:title\" content=\"CECUA - Confederaci\u00f3n Europea de Usuarios de Tecnolog\u00edas de la Informaci\u00f3n - Asociaci\u00f3n de T\u00e9cnicos de Inform\u00e1tica\" \/>\n<meta property=\"og:description\" content=\"ATI es el representante espa\u00f1ol de CECUA, la Confederaci\u00f3n Europea de Usuarios de Tecnolog\u00edas de la Informaci\u00f3n.\" \/>\n<meta property=\"og:url\" content=\"https:\/\/www.ati.es\/es_es\/ati-internacional\/cecua\/\" \/>\n<meta property=\"og:site_name\" content=\"Asociaci\u00f3n de T\u00e9cnicos de Inform\u00e1tica\" \/>\n<meta property=\"article:modified_time\" content=\"2020-12-28T11:16:57+00:00\" \/>\n<meta property=\"og:image\" content=\"http:\/\/static.wixstatic.com\/media\/1db7fe_05d2354554e04f32879f17557f0997b7.jpg_srz_245_164_85_22_0.50_1.20_0.00_jpg_srz\" \/>\n<meta name=\"twitter:card\" content=\"summary_large_image\" \/>\n<meta name=\"twitter:label1\" content=\"Tiempo de lectura\" \/>\n\t<meta name=\"twitter:data1\" content=\"1 minuto\" \/>\n<script type=\"application\/ld+json\" class=\"yoast-schema-graph\">{\"@context\":\"https:\/\/schema.org\",\"@graph\":[{\"@type\":\"WebPage\",\"@id\":\"https:\/\/www.ati.es\/ati-internacional\/cecua\/\",\"url\":\"https:\/\/www.ati.es\/ati-internacional\/cecua\/\",\"name\":\"CECUA - Confederaci\u00f3n Europea de Usuarios de Tecnolog\u00edas de la Informaci\u00f3n - Asociaci\u00f3n de T\u00e9cnicos de Inform\u00e1tica\",\"isPartOf\":{\"@id\":\"https:\/\/www.ati.es\/#website\"},\"datePublished\":\"2016-11-12T21:08:23+00:00\",\"dateModified\":\"2020-12-28T11:16:57+00:00\",\"description\":\"ATI es el representante espa\u00f1ol de CECUA, la Confederaci\u00f3n Europea de Usuarios de Tecnolog\u00edas de la Informaci\u00f3n.\",\"breadcrumb\":{\"@id\":\"https:\/\/www.ati.es\/ati-internacional\/cecua\/#breadcrumb\"},\"inLanguage\":\"es\",\"potentialAction\":[{\"@type\":\"ReadAction\",\"target\":[\"https:\/\/www.ati.es\/ati-internacional\/cecua\/\"]}]},{\"@type\":\"BreadcrumbList\",\"@id\":\"https:\/\/www.ati.es\/ati-internacional\/cecua\/#breadcrumb\",\"itemListElement\":[{\"@type\":\"ListItem\",\"position\":1,\"name\":\"Portada\",\"item\":\"https:\/\/www.ati.es\/\"},{\"@type\":\"ListItem\",\"position\":2,\"name\":\"ATI Internacional\",\"item\":\"https:\/\/www.ati.es\/ati-internacional\/\"},{\"@type\":\"ListItem\",\"position\":3,\"name\":\"CECUA &#8211; Confederaci\u00f3n Europea de Usuarios de Tecnolog\u00edas de la Informaci\u00f3n\"}]},{\"@type\":\"WebSite\",\"@id\":\"https:\/\/www.ati.es\/#website\",\"url\":\"https:\/\/www.ati.es\/\",\"name\":\"Asociaci\u00f3n de T\u00e9cnicos de Inform\u00e1tica\",\"description\":\"\",\"publisher\":{\"@id\":\"https:\/\/www.ati.es\/#organization\"},\"potentialAction\":[{\"@type\":\"SearchAction\",\"target\":{\"@type\":\"EntryPoint\",\"urlTemplate\":\"https:\/\/www.ati.es\/?s={search_term_string}\"},\"query-input\":\"required name=search_term_string\"}],\"inLanguage\":\"es\"},{\"@type\":\"Organization\",\"@id\":\"https:\/\/www.ati.es\/#organization\",\"name\":\"Asociaci\u00f3n de T\u00e9cnicos de Inform\u00e1tica\",\"url\":\"https:\/\/www.ati.es\/\",\"logo\":{\"@type\":\"ImageObject\",\"inLanguage\":\"es\",\"@id\":\"https:\/\/www.ati.es\/#\/schema\/logo\/image\/\",\"url\":\"https:\/\/www.ati.es\/wp-content\/uploads\/2021\/07\/cropped-logoATIvectorized.png\",\"contentUrl\":\"https:\/\/www.ati.es\/wp-content\/uploads\/2021\/07\/cropped-logoATIvectorized.png\",\"width\":431,\"height\":231,\"caption\":\"Asociaci\u00f3n de T\u00e9cnicos de Inform\u00e1tica\"},\"image\":{\"@id\":\"https:\/\/www.ati.es\/#\/schema\/logo\/image\/\"}}]}<\/script>\n<!-- \/ Yoast SEO plugin. -->","yoast_head_json":{"title":"CECUA - Confederaci\u00f3n Europea de Usuarios de Tecnolog\u00edas de la Informaci\u00f3n - Asociaci\u00f3n de T\u00e9cnicos de Inform\u00e1tica","description":"ATI es el representante espa\u00f1ol de CECUA, la Confederaci\u00f3n Europea de Usuarios de Tecnolog\u00edas de la Informaci\u00f3n.","robots":{"index":"index","follow":"follow","max-snippet":"max-snippet:-1","max-image-preview":"max-image-preview:large","max-video-preview":"max-video-preview:-1"},"canonical":"https:\/\/www.ati.es\/es_es\/ati-internacional\/cecua\/","og_locale":"es_ES","og_type":"article","og_title":"CECUA - Confederaci\u00f3n Europea de Usuarios de Tecnolog\u00edas de la Informaci\u00f3n - Asociaci\u00f3n de T\u00e9cnicos de Inform\u00e1tica","og_description":"ATI es el representante espa\u00f1ol de CECUA, la Confederaci\u00f3n Europea de Usuarios de Tecnolog\u00edas de la Informaci\u00f3n.","og_url":"https:\/\/www.ati.es\/es_es\/ati-internacional\/cecua\/","og_site_name":"Asociaci\u00f3n de T\u00e9cnicos de Inform\u00e1tica","article_modified_time":"2020-12-28T11:16:57+00:00","og_image":[{"url":"http:\/\/static.wixstatic.com\/media\/1db7fe_05d2354554e04f32879f17557f0997b7.jpg_srz_245_164_85_22_0.50_1.20_0.00_jpg_srz"}],"twitter_card":"summary_large_image","twitter_misc":{"Tiempo de lectura":"1 minuto"},"schema":{"@context":"https:\/\/schema.org","@graph":[{"@type":"WebPage","@id":"https:\/\/www.ati.es\/ati-internacional\/cecua\/","url":"https:\/\/www.ati.es\/ati-internacional\/cecua\/","name":"CECUA - Confederaci\u00f3n Europea de Usuarios de Tecnolog\u00edas de la Informaci\u00f3n - Asociaci\u00f3n de T\u00e9cnicos de Inform\u00e1tica","isPartOf":{"@id":"https:\/\/www.ati.es\/#website"},"datePublished":"2016-11-12T21:08:23+00:00","dateModified":"2020-12-28T11:16:57+00:00","description":"ATI es el representante espa\u00f1ol de CECUA, la Confederaci\u00f3n Europea de Usuarios de Tecnolog\u00edas de la Informaci\u00f3n.","breadcrumb":{"@id":"https:\/\/www.ati.es\/ati-internacional\/cecua\/#breadcrumb"},"inLanguage":"es","potentialAction":[{"@type":"ReadAction","target":["https:\/\/www.ati.es\/ati-internacional\/cecua\/"]}]},{"@type":"BreadcrumbList","@id":"https:\/\/www.ati.es\/ati-internacional\/cecua\/#breadcrumb","itemListElement":[{"@type":"ListItem","position":1,"name":"Portada","item":"https:\/\/www.ati.es\/"},{"@type":"ListItem","position":2,"name":"ATI Internacional","item":"https:\/\/www.ati.es\/ati-internacional\/"},{"@type":"ListItem","position":3,"name":"CECUA &#8211; Confederaci\u00f3n Europea de Usuarios de Tecnolog\u00edas de la Informaci\u00f3n"}]},{"@type":"WebSite","@id":"https:\/\/www.ati.es\/#website","url":"https:\/\/www.ati.es\/","name":"Asociaci\u00f3n de T\u00e9cnicos de Inform\u00e1tica","description":"","publisher":{"@id":"https:\/\/www.ati.es\/#organization"},"potentialAction":[{"@type":"SearchAction","target":{"@type":"EntryPoint","urlTemplate":"https:\/\/www.ati.es\/?s={search_term_string}"},"query-input":"required name=search_term_string"}],"inLanguage":"es"},{"@type":"Organization","@id":"https:\/\/www.ati.es\/#organization","name":"Asociaci\u00f3n de T\u00e9cnicos de Inform\u00e1tica","url":"https:\/\/www.ati.es\/","logo":{"@type":"ImageObject","inLanguage":"es","@id":"https:\/\/www.ati.es\/#\/schema\/logo\/image\/","url":"https:\/\/www.ati.es\/wp-content\/uploads\/2021\/07\/cropped-logoATIvectorized.png","contentUrl":"https:\/\/www.ati.es\/wp-content\/uploads\/2021\/07\/cropped-logoATIvectorized.png","width":431,"height":231,"caption":"Asociaci\u00f3n de T\u00e9cnicos de Inform\u00e1tica"},"image":{"@id":"https:\/\/www.ati.es\/#\/schema\/logo\/image\/"}}]}},"_links":{"self":[{"href":"https:\/\/www.ati.es\/es_es\/wp-json\/wp\/v2\/pages\/383"}],"collection":[{"href":"https:\/\/www.ati.es\/es_es\/wp-json\/wp\/v2\/pages"}],"about":[{"href":"https:\/\/www.ati.es\/es_es\/wp-json\/wp\/v2\/types\/page"}],"author":[{"embeddable":true,"href":"https:\/\/www.ati.es\/es_es\/wp-json\/wp\/v2\/users\/1"}],"replies":[{"embeddable":true,"href":"https:\/\/www.ati.es\/es_es\/wp-json\/wp\/v2\/comments?post=383"}],"version-history":[{"count":28,"href":"https:\/\/www.ati.es\/es_es\/wp-json\/wp\/v2\/pages\/383\/revisions"}],"predecessor-version":[{"id":3472,"href":"https:\/\/www.ati.es\/es_es\/wp-json\/wp\/v2\/pages\/383\/revisions\/3472"}],"up":[{"embeddable":true,"href":"https:\/\/www.ati.es\/es_es\/wp-json\/wp\/v2\/pages\/352"}],"wp:attachment":[{"href":"https:\/\/www.ati.es\/es_es\/wp-json\/wp\/v2\/media?parent=383"}],"curies":[{"name":"wp","href":"https:\/\/api.w.org\/{rel}","templated":true}]}}