{"id":376,"date":"2016-11-12T21:59:17","date_gmt":"2016-11-12T20:59:17","guid":{"rendered":"http:\/\/www.ati.es\/?page_id=376"},"modified":"2020-12-28T12:14:42","modified_gmt":"2020-12-28T11:14:42","slug":"clei","status":"publish","type":"page","link":"https:\/\/www.ati.es\/es_es\/ati-internacional\/clei\/","title":{"rendered":"CLEI &#8211; Centro Latinoamericano de Estudios en Inform\u00e1tica"},"content":{"rendered":"<p><img class=\"alignright\" style=\"width: 19%;\" src=\"https:\/\/www.ati.es\/wp-content\/uploads\/2020\/03\/cropped-logoClei.jpeg\"><\/p>\n<p class=\"spip\">ATI es miembro del <strong><a href=\"http:\/\/clei.org\/\" target=\"_blank\" rel=\"noopener noreferrer\">CLEI<\/a>,&nbsp;<\/strong>una instituci\u00f3n sin fines de lucro, que re\u00fane a m\u00e1s de 50 Universidades y Centros de Investigaci\u00f3n Latinoamericanos en el \u00e1rea de investigaci\u00f3n y docencia en Inform\u00e1tica, y sirve como punto de contacto entre los numerosos investigadores latinoamericanos, d\u00e1ndole facilidades para que fructifique la Inform\u00e1tica en la regi\u00f3n.<\/p>\n<p class=\"spip\">Entre las actividades regulares de CLEI se pueden mencionar:<\/p>\n<ul>\n<li>Publicaci\u00f3n semestral de un bolet\u00edn con noticias de la regi\u00f3n: Contacto Latinoamericano<\/li>\n<li>Provee contactos con investigadores de la regi\u00f3n<\/li>\n<li>Organiza seminarios especializados en pa\u00edses que lo requieran, patrocina conferencias y congresos locales<\/li>\n<li>Busca fuentes de financiamiento a trav\u00e9s de sus contactos internacionales<\/li>\n<li>Otorga anualmente becas de asistencia a la conferencia a estudiantes que deben exponer trabajos<\/li>\n<li>Realiza anualmente el Concurso de Tesis de Maestr\u00eda CLEI<\/li>\n<li>Auspicia anualmente en conjunto con las conferencias el Congreso Iberoamericano de Educaci\u00f3n Superior en Computaci\u00f3n (CIESC-CLEI)<\/li>\n<li>CLEI es miembro del International Federation for Information Processing (<a href=\"http:\/\/www.ati.es\/ifip-international-federation-for-information-processing\/\"><strong>IFIP<\/strong><\/a>)<\/li>\n<\/ul>\n ","protected":false},"excerpt":{"rendered":"<p>ATI es miembro del CLEI,&nbsp;una instituci\u00f3n sin fines de lucro, que re\u00fane a m\u00e1s de 50 Universidades y Centros de Investigaci\u00f3n Latinoamericanos en el \u00e1rea de investigaci\u00f3n y docencia en Inform\u00e1tica, y sirve como punto de contacto entre los numerosos investigadores latinoamericanos, d\u00e1ndole facilidades para que fructifique la Inform\u00e1tica en la regi\u00f3n. Entre las actividades&#8230;<\/p>\n<p class=\"more-link-wrap\"><a href=\"https:\/\/www.ati.es\/es_es\/ati-internacional\/clei\/\" class=\"more-link\">Leer m\u00e1s<span class=\"screen-reader-text\"> &ldquo;CLEI &#8211; Centro Latinoamericano de Estudios en Inform\u00e1tica&rdquo;<\/span> &raquo;<\/a><\/p>\n","protected":false},"author":1,"featured_media":0,"parent":352,"menu_order":0,"comment_status":"closed","ping_status":"closed","template":"","meta":[],"yoast_head":"<!-- This site is optimized with the Yoast SEO plugin v20.6 - https:\/\/yoast.com\/wordpress\/plugins\/seo\/ -->\n<title>CLEI - Centro Latinoamericano de Estudios en Inform\u00e1tica - Asociaci\u00f3n de T\u00e9cnicos de Inform\u00e1tica<\/title>\n<meta name=\"description\" content=\"ATI es miembro del CLEI,\u00a0una instituci\u00f3n sin fines de lucro, que re\u00fane a m\u00e1s de 50 Universidades y Centros de Investigaci\u00f3n Latinoamericanos.\" \/>\n<meta name=\"robots\" content=\"index, follow, max-snippet:-1, max-image-preview:large, max-video-preview:-1\" \/>\n<link rel=\"canonical\" href=\"https:\/\/www.ati.es\/es_es\/ati-internacional\/clei\/\" \/>\n<meta property=\"og:locale\" content=\"es_ES\" \/>\n<meta property=\"og:type\" content=\"article\" \/>\n<meta property=\"og:title\" content=\"CLEI - Centro Latinoamericano de Estudios en Inform\u00e1tica - Asociaci\u00f3n de T\u00e9cnicos de Inform\u00e1tica\" \/>\n<meta property=\"og:description\" content=\"ATI es miembro del CLEI,\u00a0una instituci\u00f3n sin fines de lucro, que re\u00fane a m\u00e1s de 50 Universidades y Centros de Investigaci\u00f3n Latinoamericanos.\" \/>\n<meta property=\"og:url\" content=\"https:\/\/www.ati.es\/es_es\/ati-internacional\/clei\/\" \/>\n<meta property=\"og:site_name\" content=\"Asociaci\u00f3n de T\u00e9cnicos de Inform\u00e1tica\" \/>\n<meta property=\"article:modified_time\" content=\"2020-12-28T11:14:42+00:00\" \/>\n<meta property=\"og:image\" content=\"https:\/\/www.ati.es\/wp-content\/uploads\/2020\/03\/cropped-logoClei.jpeg\" \/>\n<meta name=\"twitter:card\" content=\"summary_large_image\" \/>\n<meta name=\"twitter:label1\" content=\"Tiempo de lectura\" \/>\n\t<meta name=\"twitter:data1\" content=\"1 minuto\" \/>\n<script type=\"application\/ld+json\" class=\"yoast-schema-graph\">{\"@context\":\"https:\/\/schema.org\",\"@graph\":[{\"@type\":\"WebPage\",\"@id\":\"https:\/\/www.ati.es\/ati-internacional\/clei\/\",\"url\":\"https:\/\/www.ati.es\/ati-internacional\/clei\/\",\"name\":\"CLEI - Centro Latinoamericano de Estudios en Inform\u00e1tica - Asociaci\u00f3n de T\u00e9cnicos de Inform\u00e1tica\",\"isPartOf\":{\"@id\":\"https:\/\/www.ati.es\/#website\"},\"datePublished\":\"2016-11-12T20:59:17+00:00\",\"dateModified\":\"2020-12-28T11:14:42+00:00\",\"description\":\"ATI es miembro del CLEI,\u00a0una instituci\u00f3n sin fines de lucro, que re\u00fane a m\u00e1s de 50 Universidades y Centros de Investigaci\u00f3n Latinoamericanos.\",\"breadcrumb\":{\"@id\":\"https:\/\/www.ati.es\/ati-internacional\/clei\/#breadcrumb\"},\"inLanguage\":\"es\",\"potentialAction\":[{\"@type\":\"ReadAction\",\"target\":[\"https:\/\/www.ati.es\/ati-internacional\/clei\/\"]}]},{\"@type\":\"BreadcrumbList\",\"@id\":\"https:\/\/www.ati.es\/ati-internacional\/clei\/#breadcrumb\",\"itemListElement\":[{\"@type\":\"ListItem\",\"position\":1,\"name\":\"Portada\",\"item\":\"https:\/\/www.ati.es\/\"},{\"@type\":\"ListItem\",\"position\":2,\"name\":\"ATI Internacional\",\"item\":\"https:\/\/www.ati.es\/ati-internacional\/\"},{\"@type\":\"ListItem\",\"position\":3,\"name\":\"CLEI &#8211; Centro Latinoamericano de Estudios en Inform\u00e1tica\"}]},{\"@type\":\"WebSite\",\"@id\":\"https:\/\/www.ati.es\/#website\",\"url\":\"https:\/\/www.ati.es\/\",\"name\":\"Asociaci\u00f3n de T\u00e9cnicos de Inform\u00e1tica\",\"description\":\"\",\"publisher\":{\"@id\":\"https:\/\/www.ati.es\/#organization\"},\"potentialAction\":[{\"@type\":\"SearchAction\",\"target\":{\"@type\":\"EntryPoint\",\"urlTemplate\":\"https:\/\/www.ati.es\/?s={search_term_string}\"},\"query-input\":\"required name=search_term_string\"}],\"inLanguage\":\"es\"},{\"@type\":\"Organization\",\"@id\":\"https:\/\/www.ati.es\/#organization\",\"name\":\"Asociaci\u00f3n de T\u00e9cnicos de Inform\u00e1tica\",\"url\":\"https:\/\/www.ati.es\/\",\"logo\":{\"@type\":\"ImageObject\",\"inLanguage\":\"es\",\"@id\":\"https:\/\/www.ati.es\/#\/schema\/logo\/image\/\",\"url\":\"https:\/\/www.ati.es\/wp-content\/uploads\/2021\/07\/cropped-logoATIvectorized.png\",\"contentUrl\":\"https:\/\/www.ati.es\/wp-content\/uploads\/2021\/07\/cropped-logoATIvectorized.png\",\"width\":431,\"height\":231,\"caption\":\"Asociaci\u00f3n de T\u00e9cnicos de Inform\u00e1tica\"},\"image\":{\"@id\":\"https:\/\/www.ati.es\/#\/schema\/logo\/image\/\"}}]}<\/script>\n<!-- \/ Yoast SEO plugin. -->","yoast_head_json":{"title":"CLEI - Centro Latinoamericano de Estudios en Inform\u00e1tica - Asociaci\u00f3n de T\u00e9cnicos de Inform\u00e1tica","description":"ATI es miembro del CLEI,\u00a0una instituci\u00f3n sin fines de lucro, que re\u00fane a m\u00e1s de 50 Universidades y Centros de Investigaci\u00f3n Latinoamericanos.","robots":{"index":"index","follow":"follow","max-snippet":"max-snippet:-1","max-image-preview":"max-image-preview:large","max-video-preview":"max-video-preview:-1"},"canonical":"https:\/\/www.ati.es\/es_es\/ati-internacional\/clei\/","og_locale":"es_ES","og_type":"article","og_title":"CLEI - Centro Latinoamericano de Estudios en Inform\u00e1tica - Asociaci\u00f3n de T\u00e9cnicos de Inform\u00e1tica","og_description":"ATI es miembro del CLEI,\u00a0una instituci\u00f3n sin fines de lucro, que re\u00fane a m\u00e1s de 50 Universidades y Centros de Investigaci\u00f3n Latinoamericanos.","og_url":"https:\/\/www.ati.es\/es_es\/ati-internacional\/clei\/","og_site_name":"Asociaci\u00f3n de T\u00e9cnicos de Inform\u00e1tica","article_modified_time":"2020-12-28T11:14:42+00:00","og_image":[{"url":"https:\/\/www.ati.es\/wp-content\/uploads\/2020\/03\/cropped-logoClei.jpeg"}],"twitter_card":"summary_large_image","twitter_misc":{"Tiempo de lectura":"1 minuto"},"schema":{"@context":"https:\/\/schema.org","@graph":[{"@type":"WebPage","@id":"https:\/\/www.ati.es\/ati-internacional\/clei\/","url":"https:\/\/www.ati.es\/ati-internacional\/clei\/","name":"CLEI - Centro Latinoamericano de Estudios en Inform\u00e1tica - Asociaci\u00f3n de T\u00e9cnicos de Inform\u00e1tica","isPartOf":{"@id":"https:\/\/www.ati.es\/#website"},"datePublished":"2016-11-12T20:59:17+00:00","dateModified":"2020-12-28T11:14:42+00:00","description":"ATI es miembro del CLEI,\u00a0una instituci\u00f3n sin fines de lucro, que re\u00fane a m\u00e1s de 50 Universidades y Centros de Investigaci\u00f3n Latinoamericanos.","breadcrumb":{"@id":"https:\/\/www.ati.es\/ati-internacional\/clei\/#breadcrumb"},"inLanguage":"es","potentialAction":[{"@type":"ReadAction","target":["https:\/\/www.ati.es\/ati-internacional\/clei\/"]}]},{"@type":"BreadcrumbList","@id":"https:\/\/www.ati.es\/ati-internacional\/clei\/#breadcrumb","itemListElement":[{"@type":"ListItem","position":1,"name":"Portada","item":"https:\/\/www.ati.es\/"},{"@type":"ListItem","position":2,"name":"ATI Internacional","item":"https:\/\/www.ati.es\/ati-internacional\/"},{"@type":"ListItem","position":3,"name":"CLEI &#8211; Centro Latinoamericano de Estudios en Inform\u00e1tica"}]},{"@type":"WebSite","@id":"https:\/\/www.ati.es\/#website","url":"https:\/\/www.ati.es\/","name":"Asociaci\u00f3n de T\u00e9cnicos de Inform\u00e1tica","description":"","publisher":{"@id":"https:\/\/www.ati.es\/#organization"},"potentialAction":[{"@type":"SearchAction","target":{"@type":"EntryPoint","urlTemplate":"https:\/\/www.ati.es\/?s={search_term_string}"},"query-input":"required name=search_term_string"}],"inLanguage":"es"},{"@type":"Organization","@id":"https:\/\/www.ati.es\/#organization","name":"Asociaci\u00f3n de T\u00e9cnicos de Inform\u00e1tica","url":"https:\/\/www.ati.es\/","logo":{"@type":"ImageObject","inLanguage":"es","@id":"https:\/\/www.ati.es\/#\/schema\/logo\/image\/","url":"https:\/\/www.ati.es\/wp-content\/uploads\/2021\/07\/cropped-logoATIvectorized.png","contentUrl":"https:\/\/www.ati.es\/wp-content\/uploads\/2021\/07\/cropped-logoATIvectorized.png","width":431,"height":231,"caption":"Asociaci\u00f3n de T\u00e9cnicos de Inform\u00e1tica"},"image":{"@id":"https:\/\/www.ati.es\/#\/schema\/logo\/image\/"}}]}},"_links":{"self":[{"href":"https:\/\/www.ati.es\/es_es\/wp-json\/wp\/v2\/pages\/376"}],"collection":[{"href":"https:\/\/www.ati.es\/es_es\/wp-json\/wp\/v2\/pages"}],"about":[{"href":"https:\/\/www.ati.es\/es_es\/wp-json\/wp\/v2\/types\/page"}],"author":[{"embeddable":true,"href":"https:\/\/www.ati.es\/es_es\/wp-json\/wp\/v2\/users\/1"}],"replies":[{"embeddable":true,"href":"https:\/\/www.ati.es\/es_es\/wp-json\/wp\/v2\/comments?post=376"}],"version-history":[{"count":11,"href":"https:\/\/www.ati.es\/es_es\/wp-json\/wp\/v2\/pages\/376\/revisions"}],"predecessor-version":[{"id":3471,"href":"https:\/\/www.ati.es\/es_es\/wp-json\/wp\/v2\/pages\/376\/revisions\/3471"}],"up":[{"embeddable":true,"href":"https:\/\/www.ati.es\/es_es\/wp-json\/wp\/v2\/pages\/352"}],"wp:attachment":[{"href":"https:\/\/www.ati.es\/es_es\/wp-json\/wp\/v2\/media?parent=376"}],"curies":[{"name":"wp","href":"https:\/\/api.w.org\/{rel}","templated":true}]}}