{"id":3748,"date":"2021-05-21T13:12:30","date_gmt":"2021-05-21T12:12:30","guid":{"rendered":"https:\/\/www.ati.es\/?page_id=3748"},"modified":"2021-05-26T08:54:39","modified_gmt":"2021-05-26T07:54:39","slug":"potenzia-consultores","status":"publish","type":"page","link":"https:\/\/www.ati.es\/es_es\/ati-jobs\/potenzia-consultores\/","title":{"rendered":"Potenzia Consultores"},"content":{"rendered":"<a href=\"https:\/\/www.ati.es\/wp-content\/uploads\/2021\/05\/ProductOwner.pdf\" class=\"pdfemb-viewer\" style=\"\" data-width=\"max\" data-height=\"max\"  data-toolbar=\"top\" data-toolbar-fixed=\"on\">ProductOwner<br\/><\/a>\n<p class=\"wp-block-pdfemb-pdf-embedder-viewer\"><\/p>\n\n\n<a href=\"https:\/\/www.ati.es\/wp-content\/uploads\/2021\/05\/ArquitectoJAVA_Galicia.pdf\" class=\"pdfemb-viewer\" style=\"\" data-width=\"max\" data-height=\"max\"  data-toolbar=\"top\" data-toolbar-fixed=\"on\">ArquitectoJAVA_Galicia<br\/><\/a>\n<p class=\"wp-block-pdfemb-pdf-embedder-viewer\"><\/p>\n\n\n<b>PDF Embedder requires a url attribute<\/b>\n\n<a href=\"https:\/\/www.ati.es\/wp-content\/uploads\/2021\/05\/APJAVA_Galicia.pdf\" class=\"pdfemb-viewer\" style=\"\" data-width=\"max\" data-height=\"max\"  data-toolbar=\"top\" data-toolbar-fixed=\"on\">APJAVA_Galicia<br\/><\/a>\n<p class=\"wp-block-pdfemb-pdf-embedder-viewer\"><\/p>\n\n\n<a href=\"https:\/\/www.ati.es\/wp-content\/uploads\/2021\/05\/LidertecnicoMS.pdf\" class=\"pdfemb-viewer\" style=\"\" data-width=\"max\" data-height=\"max\"  data-toolbar=\"top\" data-toolbar-fixed=\"on\">LidertecnicoMS<br\/><\/a>\n<p class=\"wp-block-pdfemb-pdf-embedder-viewer\"><\/p>\n\n\n<a href=\"https:\/\/www.ati.es\/wp-content\/uploads\/2021\/05\/IngenieroSistemasSenior_Bilbao.pdf\" class=\"pdfemb-viewer\" style=\"\" data-width=\"max\" data-height=\"max\"  data-toolbar=\"top\" data-toolbar-fixed=\"on\">IngenieroSistemasSenior_Bilbao<br\/><\/a>\n<p class=\"wp-block-pdfemb-pdf-embedder-viewer\"><\/p>\n\n\n<a href=\"https:\/\/www.ati.es\/wp-content\/uploads\/2021\/05\/IngenieroConsultorVirtualizacion.pdf\" class=\"pdfemb-viewer\" style=\"\" data-width=\"max\" data-height=\"max\"  data-toolbar=\"top\" data-toolbar-fixed=\"on\">IngenieroConsultorVirtualizacion<br\/><\/a>\n<p class=\"wp-block-pdfemb-pdf-embedder-viewer\"><\/p>\n\n\n<a href=\"https:\/\/www.ati.es\/wp-content\/uploads\/2021\/05\/TecnicooperacionN3.pdf\" class=\"pdfemb-viewer\" style=\"\" data-width=\"max\" data-height=\"max\"  data-toolbar=\"top\" data-toolbar-fixed=\"on\">TecnicooperacionN3<br\/><\/a>\n<p class=\"wp-block-pdfemb-pdf-embedder-viewer\"><\/p>\n\n\n<a href=\"https:\/\/www.ati.es\/wp-content\/uploads\/2021\/05\/AdministradorVirtualizacion.pdf\" class=\"pdfemb-viewer\" style=\"\" data-width=\"max\" data-height=\"max\"  data-toolbar=\"top\" data-toolbar-fixed=\"on\">AdministradorVirtualizacion<br\/><\/a>\n<p class=\"wp-block-pdfemb-pdf-embedder-viewer\"><\/p>\n ","protected":false},"excerpt":{"rendered":"","protected":false},"author":16,"featured_media":0,"parent":126,"menu_order":0,"comment_status":"closed","ping_status":"closed","template":"","meta":[],"yoast_head":"<!-- This site is optimized with the Yoast SEO plugin v20.6 - https:\/\/yoast.com\/wordpress\/plugins\/seo\/ -->\n<title>Potenzia Consultores - Asociaci\u00f3n de T\u00e9cnicos de Inform\u00e1tica<\/title>\n<meta name=\"robots\" content=\"index, follow, max-snippet:-1, max-image-preview:large, max-video-preview:-1\" \/>\n<link rel=\"canonical\" href=\"https:\/\/www.ati.es\/es_es\/ati-jobs\/potenzia-consultores\/\" \/>\n<meta property=\"og:locale\" content=\"es_ES\" \/>\n<meta property=\"og:type\" content=\"article\" \/>\n<meta property=\"og:title\" content=\"Potenzia Consultores - Asociaci\u00f3n de T\u00e9cnicos de Inform\u00e1tica\" \/>\n<meta property=\"og:url\" content=\"https:\/\/www.ati.es\/es_es\/ati-jobs\/potenzia-consultores\/\" \/>\n<meta property=\"og:site_name\" content=\"Asociaci\u00f3n de T\u00e9cnicos de Inform\u00e1tica\" \/>\n<meta property=\"article:modified_time\" content=\"2021-05-26T07:54:39+00:00\" \/>\n<meta name=\"twitter:card\" content=\"summary_large_image\" \/>\n<script type=\"application\/ld+json\" class=\"yoast-schema-graph\">{\"@context\":\"https:\/\/schema.org\",\"@graph\":[{\"@type\":\"WebPage\",\"@id\":\"https:\/\/www.ati.es\/ati-jobs\/potenzia-consultores\/\",\"url\":\"https:\/\/www.ati.es\/ati-jobs\/potenzia-consultores\/\",\"name\":\"Potenzia Consultores - Asociaci\u00f3n de T\u00e9cnicos de Inform\u00e1tica\",\"isPartOf\":{\"@id\":\"https:\/\/www.ati.es\/#website\"},\"datePublished\":\"2021-05-21T12:12:30+00:00\",\"dateModified\":\"2021-05-26T07:54:39+00:00\",\"breadcrumb\":{\"@id\":\"https:\/\/www.ati.es\/ati-jobs\/potenzia-consultores\/#breadcrumb\"},\"inLanguage\":\"es\",\"potentialAction\":[{\"@type\":\"ReadAction\",\"target\":[\"https:\/\/www.ati.es\/ati-jobs\/potenzia-consultores\/\"]}]},{\"@type\":\"BreadcrumbList\",\"@id\":\"https:\/\/www.ati.es\/ati-jobs\/potenzia-consultores\/#breadcrumb\",\"itemListElement\":[{\"@type\":\"ListItem\",\"position\":1,\"name\":\"Portada\",\"item\":\"https:\/\/www.ati.es\/\"},{\"@type\":\"ListItem\",\"position\":2,\"name\":\"ATI Jobs\",\"item\":\"https:\/\/www.ati.es\/ati-jobs\/\"},{\"@type\":\"ListItem\",\"position\":3,\"name\":\"Potenzia Consultores\"}]},{\"@type\":\"WebSite\",\"@id\":\"https:\/\/www.ati.es\/#website\",\"url\":\"https:\/\/www.ati.es\/\",\"name\":\"Asociaci\u00f3n de T\u00e9cnicos de Inform\u00e1tica\",\"description\":\"\",\"publisher\":{\"@id\":\"https:\/\/www.ati.es\/#organization\"},\"potentialAction\":[{\"@type\":\"SearchAction\",\"target\":{\"@type\":\"EntryPoint\",\"urlTemplate\":\"https:\/\/www.ati.es\/?s={search_term_string}\"},\"query-input\":\"required name=search_term_string\"}],\"inLanguage\":\"es\"},{\"@type\":\"Organization\",\"@id\":\"https:\/\/www.ati.es\/#organization\",\"name\":\"Asociaci\u00f3n de T\u00e9cnicos de Inform\u00e1tica\",\"url\":\"https:\/\/www.ati.es\/\",\"logo\":{\"@type\":\"ImageObject\",\"inLanguage\":\"es\",\"@id\":\"https:\/\/www.ati.es\/#\/schema\/logo\/image\/\",\"url\":\"https:\/\/www.ati.es\/wp-content\/uploads\/2021\/07\/cropped-logoATIvectorized.png\",\"contentUrl\":\"https:\/\/www.ati.es\/wp-content\/uploads\/2021\/07\/cropped-logoATIvectorized.png\",\"width\":431,\"height\":231,\"caption\":\"Asociaci\u00f3n de T\u00e9cnicos de Inform\u00e1tica\"},\"image\":{\"@id\":\"https:\/\/www.ati.es\/#\/schema\/logo\/image\/\"}}]}<\/script>\n<!-- \/ Yoast SEO plugin. -->","yoast_head_json":{"title":"Potenzia Consultores - Asociaci\u00f3n de T\u00e9cnicos de Inform\u00e1tica","robots":{"index":"index","follow":"follow","max-snippet":"max-snippet:-1","max-image-preview":"max-image-preview:large","max-video-preview":"max-video-preview:-1"},"canonical":"https:\/\/www.ati.es\/es_es\/ati-jobs\/potenzia-consultores\/","og_locale":"es_ES","og_type":"article","og_title":"Potenzia Consultores - Asociaci\u00f3n de T\u00e9cnicos de Inform\u00e1tica","og_url":"https:\/\/www.ati.es\/es_es\/ati-jobs\/potenzia-consultores\/","og_site_name":"Asociaci\u00f3n de T\u00e9cnicos de Inform\u00e1tica","article_modified_time":"2021-05-26T07:54:39+00:00","twitter_card":"summary_large_image","schema":{"@context":"https:\/\/schema.org","@graph":[{"@type":"WebPage","@id":"https:\/\/www.ati.es\/ati-jobs\/potenzia-consultores\/","url":"https:\/\/www.ati.es\/ati-jobs\/potenzia-consultores\/","name":"Potenzia Consultores - Asociaci\u00f3n de T\u00e9cnicos de Inform\u00e1tica","isPartOf":{"@id":"https:\/\/www.ati.es\/#website"},"datePublished":"2021-05-21T12:12:30+00:00","dateModified":"2021-05-26T07:54:39+00:00","breadcrumb":{"@id":"https:\/\/www.ati.es\/ati-jobs\/potenzia-consultores\/#breadcrumb"},"inLanguage":"es","potentialAction":[{"@type":"ReadAction","target":["https:\/\/www.ati.es\/ati-jobs\/potenzia-consultores\/"]}]},{"@type":"BreadcrumbList","@id":"https:\/\/www.ati.es\/ati-jobs\/potenzia-consultores\/#breadcrumb","itemListElement":[{"@type":"ListItem","position":1,"name":"Portada","item":"https:\/\/www.ati.es\/"},{"@type":"ListItem","position":2,"name":"ATI Jobs","item":"https:\/\/www.ati.es\/ati-jobs\/"},{"@type":"ListItem","position":3,"name":"Potenzia Consultores"}]},{"@type":"WebSite","@id":"https:\/\/www.ati.es\/#website","url":"https:\/\/www.ati.es\/","name":"Asociaci\u00f3n de T\u00e9cnicos de Inform\u00e1tica","description":"","publisher":{"@id":"https:\/\/www.ati.es\/#organization"},"potentialAction":[{"@type":"SearchAction","target":{"@type":"EntryPoint","urlTemplate":"https:\/\/www.ati.es\/?s={search_term_string}"},"query-input":"required name=search_term_string"}],"inLanguage":"es"},{"@type":"Organization","@id":"https:\/\/www.ati.es\/#organization","name":"Asociaci\u00f3n de T\u00e9cnicos de Inform\u00e1tica","url":"https:\/\/www.ati.es\/","logo":{"@type":"ImageObject","inLanguage":"es","@id":"https:\/\/www.ati.es\/#\/schema\/logo\/image\/","url":"https:\/\/www.ati.es\/wp-content\/uploads\/2021\/07\/cropped-logoATIvectorized.png","contentUrl":"https:\/\/www.ati.es\/wp-content\/uploads\/2021\/07\/cropped-logoATIvectorized.png","width":431,"height":231,"caption":"Asociaci\u00f3n de T\u00e9cnicos de Inform\u00e1tica"},"image":{"@id":"https:\/\/www.ati.es\/#\/schema\/logo\/image\/"}}]}},"_links":{"self":[{"href":"https:\/\/www.ati.es\/es_es\/wp-json\/wp\/v2\/pages\/3748"}],"collection":[{"href":"https:\/\/www.ati.es\/es_es\/wp-json\/wp\/v2\/pages"}],"about":[{"href":"https:\/\/www.ati.es\/es_es\/wp-json\/wp\/v2\/types\/page"}],"author":[{"embeddable":true,"href":"https:\/\/www.ati.es\/es_es\/wp-json\/wp\/v2\/users\/16"}],"replies":[{"embeddable":true,"href":"https:\/\/www.ati.es\/es_es\/wp-json\/wp\/v2\/comments?post=3748"}],"version-history":[{"count":3,"href":"https:\/\/www.ati.es\/es_es\/wp-json\/wp\/v2\/pages\/3748\/revisions"}],"predecessor-version":[{"id":3762,"href":"https:\/\/www.ati.es\/es_es\/wp-json\/wp\/v2\/pages\/3748\/revisions\/3762"}],"up":[{"embeddable":true,"href":"https:\/\/www.ati.es\/es_es\/wp-json\/wp\/v2\/pages\/126"}],"wp:attachment":[{"href":"https:\/\/www.ati.es\/es_es\/wp-json\/wp\/v2\/media?parent=3748"}],"curies":[{"name":"wp","href":"https:\/\/api.w.org\/{rel}","templated":true}]}}