{"id":371,"date":"2016-11-12T21:52:51","date_gmt":"2016-11-12T20:52:51","guid":{"rendered":"http:\/\/www.ati.es\/?page_id=371"},"modified":"2020-12-28T12:16:02","modified_gmt":"2020-12-28T11:16:02","slug":"cepis","status":"publish","type":"page","link":"https:\/\/www.ati.es\/es_es\/ati-internacional\/cepis\/","title":{"rendered":"CEPIS &#8211; Consejo Europeo de Asociaciones de Profesionales Inform\u00e1ticos"},"content":{"rendered":"<p><img class=\"alignright\" style=\"width: 142px;\" src=\"https:\/\/www.ati.es\/wp-content\/uploads\/2020\/03\/cepislogo.png\" alt=\"logo CEPIS\" height=\"53\"><\/p>\n<p class=\"spip\" style=\"text-align: justify;\">ATI es el miembro exclusivo en Espa\u00f1a de <a class=\"spip_out\" href=\"http:\/\/www.cepis.org\/\" target=\"_blank\" rel=\"noopener noreferrer\"><strong class=\"spip\">CEPIS<\/strong><\/a>, que es el <strong>Consejo Europeo de Asociaciones de Profesionales Inform\u00e1ticos<\/strong>, organismo del que ATI es miembro fundador. Disponemos de un Delegado Permanente de la Junta Directiva General.<\/p>\n<p>Adem\u00e1s, distintos socios de ATI participan en nombre de la asociaci\u00f3n en los <strong class=\"spip\">grupos de trabajo creados por CEPIS<\/strong>:<\/p>\n<ul>\n<li>&nbsp;<strong class=\"spip\">Green ICT<\/strong><\/li>\n<li>&nbsp;<strong class=\"spip\">ICT Professionalism<\/strong><\/li>\n<li>&nbsp;<strong>Women in ICT<\/strong><\/li>\n<li>&nbsp;<strong class=\"spip\">Computing in Schools<\/strong><\/li>\n<li>&nbsp;<strong class=\"spip\"><strong class=\"spip\">Legal &amp; Security Issues<\/strong><\/strong><\/li>\n<\/ul>\n\n\n<\/p>\n<hr \/>\n<p>Por delegaci\u00f3n de CEPIS, <strong>Nov\u00e1tica<\/strong> edit\u00f3, desde su creaci\u00f3n hasta 2010, la revista digital europea <strong><a href=\"http:\/\/www.upgrade-cepis.org\/\" target=\"_blank\" rel=\"noreferrer noopener\">UPGRADE<\/a><\/strong>, cuyo \u00faltimo director fue el de Nov\u00e1tica, <strong>Lloren\u00e7 Pag\u00e9s Casas<\/strong>. Asimismo, <strong>Nov\u00e1tica<\/strong> es miembro fundador de <strong>UPENET<\/strong>, la red europea de revistas de sociedades miembro de CEPIS, creada en 2004, red cuyo coordinador ha sido <strong>Rafael Fern\u00e1ndez Calvo<\/strong>, fundador y primer director de UPGRADE.<\/p>\n<p>\n\n\n<p><\/p>\n\n\n<p>ATI promueve y participa adem\u00e1s en diversas iniciativas y grupos de trabajo de CEPIS, pues considera esencial la dimensi\u00f3n internacional, y en especial la europea, para el correcto desarrollo de su actividad asociativa y para la defensa efectiva de los intereses profesionales de los inform\u00e1ticos espa\u00f1oles.<\/p>\n ","protected":false},"excerpt":{"rendered":"<p>ATI es el miembro exclusivo en Espa\u00f1a de CEPIS, que es el Consejo Europeo de Asociaciones de Profesionales Inform\u00e1ticos, organismo del que ATI es miembro fundador. Disponemos de un Delegado Permanente de la Junta Directiva General. Adem\u00e1s, distintos socios de ATI participan en nombre de la asociaci\u00f3n en los grupos de trabajo creados por CEPIS:&#8230;<\/p>\n<p class=\"more-link-wrap\"><a href=\"https:\/\/www.ati.es\/es_es\/ati-internacional\/cepis\/\" class=\"more-link\">Leer m\u00e1s<span class=\"screen-reader-text\"> &ldquo;CEPIS &#8211; Consejo Europeo de Asociaciones de Profesionales Inform\u00e1ticos&rdquo;<\/span> &raquo;<\/a><\/p>\n","protected":false},"author":1,"featured_media":0,"parent":352,"menu_order":0,"comment_status":"closed","ping_status":"closed","template":"","meta":[],"yoast_head":"<!-- This site is optimized with the Yoast SEO plugin v20.6 - https:\/\/yoast.com\/wordpress\/plugins\/seo\/ -->\n<title>CEPIS - Consejo Europeo de Asociaciones de Profesionales Inform\u00e1ticos - Asociaci\u00f3n de T\u00e9cnicos de Inform\u00e1tica<\/title>\n<meta name=\"description\" content=\"ATI es el miembro exclusivo en Espa\u00f1a de CEPIS, que es el Consejo Europeo de Asociaciones de Profesionales Inform\u00e1ticos.\" \/>\n<meta name=\"robots\" content=\"index, follow, max-snippet:-1, max-image-preview:large, max-video-preview:-1\" \/>\n<link rel=\"canonical\" href=\"https:\/\/www.ati.es\/es_es\/ati-internacional\/cepis\/\" \/>\n<meta property=\"og:locale\" content=\"es_ES\" \/>\n<meta property=\"og:type\" content=\"article\" \/>\n<meta property=\"og:title\" content=\"CEPIS - Consejo Europeo de Asociaciones de Profesionales Inform\u00e1ticos - Asociaci\u00f3n de T\u00e9cnicos de Inform\u00e1tica\" \/>\n<meta property=\"og:description\" content=\"ATI es el miembro exclusivo en Espa\u00f1a de CEPIS, que es el Consejo Europeo de Asociaciones de Profesionales Inform\u00e1ticos.\" \/>\n<meta property=\"og:url\" content=\"https:\/\/www.ati.es\/es_es\/ati-internacional\/cepis\/\" \/>\n<meta property=\"og:site_name\" content=\"Asociaci\u00f3n de T\u00e9cnicos de Inform\u00e1tica\" \/>\n<meta property=\"article:modified_time\" content=\"2020-12-28T11:16:02+00:00\" \/>\n<meta property=\"og:image\" content=\"https:\/\/www.ati.es\/wp-content\/uploads\/2020\/03\/cepislogo.png\" \/>\n<meta name=\"twitter:card\" content=\"summary_large_image\" \/>\n<meta name=\"twitter:label1\" content=\"Tiempo de lectura\" \/>\n\t<meta name=\"twitter:data1\" content=\"1 minuto\" \/>\n<script type=\"application\/ld+json\" class=\"yoast-schema-graph\">{\"@context\":\"https:\/\/schema.org\",\"@graph\":[{\"@type\":\"WebPage\",\"@id\":\"https:\/\/www.ati.es\/ati-internacional\/cepis\/\",\"url\":\"https:\/\/www.ati.es\/ati-internacional\/cepis\/\",\"name\":\"CEPIS - Consejo Europeo de Asociaciones de Profesionales Inform\u00e1ticos - Asociaci\u00f3n de T\u00e9cnicos de Inform\u00e1tica\",\"isPartOf\":{\"@id\":\"https:\/\/www.ati.es\/#website\"},\"datePublished\":\"2016-11-12T20:52:51+00:00\",\"dateModified\":\"2020-12-28T11:16:02+00:00\",\"description\":\"ATI es el miembro exclusivo en Espa\u00f1a de CEPIS, que es el Consejo Europeo de Asociaciones de Profesionales Inform\u00e1ticos.\",\"breadcrumb\":{\"@id\":\"https:\/\/www.ati.es\/ati-internacional\/cepis\/#breadcrumb\"},\"inLanguage\":\"es\",\"potentialAction\":[{\"@type\":\"ReadAction\",\"target\":[\"https:\/\/www.ati.es\/ati-internacional\/cepis\/\"]}]},{\"@type\":\"BreadcrumbList\",\"@id\":\"https:\/\/www.ati.es\/ati-internacional\/cepis\/#breadcrumb\",\"itemListElement\":[{\"@type\":\"ListItem\",\"position\":1,\"name\":\"Portada\",\"item\":\"https:\/\/www.ati.es\/\"},{\"@type\":\"ListItem\",\"position\":2,\"name\":\"ATI Internacional\",\"item\":\"https:\/\/www.ati.es\/ati-internacional\/\"},{\"@type\":\"ListItem\",\"position\":3,\"name\":\"CEPIS &#8211; Consejo Europeo de Asociaciones de Profesionales Inform\u00e1ticos\"}]},{\"@type\":\"WebSite\",\"@id\":\"https:\/\/www.ati.es\/#website\",\"url\":\"https:\/\/www.ati.es\/\",\"name\":\"Asociaci\u00f3n de T\u00e9cnicos de Inform\u00e1tica\",\"description\":\"\",\"publisher\":{\"@id\":\"https:\/\/www.ati.es\/#organization\"},\"potentialAction\":[{\"@type\":\"SearchAction\",\"target\":{\"@type\":\"EntryPoint\",\"urlTemplate\":\"https:\/\/www.ati.es\/?s={search_term_string}\"},\"query-input\":\"required name=search_term_string\"}],\"inLanguage\":\"es\"},{\"@type\":\"Organization\",\"@id\":\"https:\/\/www.ati.es\/#organization\",\"name\":\"Asociaci\u00f3n de T\u00e9cnicos de Inform\u00e1tica\",\"url\":\"https:\/\/www.ati.es\/\",\"logo\":{\"@type\":\"ImageObject\",\"inLanguage\":\"es\",\"@id\":\"https:\/\/www.ati.es\/#\/schema\/logo\/image\/\",\"url\":\"https:\/\/www.ati.es\/wp-content\/uploads\/2021\/07\/cropped-logoATIvectorized.png\",\"contentUrl\":\"https:\/\/www.ati.es\/wp-content\/uploads\/2021\/07\/cropped-logoATIvectorized.png\",\"width\":431,\"height\":231,\"caption\":\"Asociaci\u00f3n de T\u00e9cnicos de Inform\u00e1tica\"},\"image\":{\"@id\":\"https:\/\/www.ati.es\/#\/schema\/logo\/image\/\"}}]}<\/script>\n<!-- \/ Yoast SEO plugin. -->","yoast_head_json":{"title":"CEPIS - Consejo Europeo de Asociaciones de Profesionales Inform\u00e1ticos - Asociaci\u00f3n de T\u00e9cnicos de Inform\u00e1tica","description":"ATI es el miembro exclusivo en Espa\u00f1a de CEPIS, que es el Consejo Europeo de Asociaciones de Profesionales Inform\u00e1ticos.","robots":{"index":"index","follow":"follow","max-snippet":"max-snippet:-1","max-image-preview":"max-image-preview:large","max-video-preview":"max-video-preview:-1"},"canonical":"https:\/\/www.ati.es\/es_es\/ati-internacional\/cepis\/","og_locale":"es_ES","og_type":"article","og_title":"CEPIS - Consejo Europeo de Asociaciones de Profesionales Inform\u00e1ticos - Asociaci\u00f3n de T\u00e9cnicos de Inform\u00e1tica","og_description":"ATI es el miembro exclusivo en Espa\u00f1a de CEPIS, que es el Consejo Europeo de Asociaciones de Profesionales Inform\u00e1ticos.","og_url":"https:\/\/www.ati.es\/es_es\/ati-internacional\/cepis\/","og_site_name":"Asociaci\u00f3n de T\u00e9cnicos de Inform\u00e1tica","article_modified_time":"2020-12-28T11:16:02+00:00","og_image":[{"url":"https:\/\/www.ati.es\/wp-content\/uploads\/2020\/03\/cepislogo.png"}],"twitter_card":"summary_large_image","twitter_misc":{"Tiempo de lectura":"1 minuto"},"schema":{"@context":"https:\/\/schema.org","@graph":[{"@type":"WebPage","@id":"https:\/\/www.ati.es\/ati-internacional\/cepis\/","url":"https:\/\/www.ati.es\/ati-internacional\/cepis\/","name":"CEPIS - Consejo Europeo de Asociaciones de Profesionales Inform\u00e1ticos - Asociaci\u00f3n de T\u00e9cnicos de Inform\u00e1tica","isPartOf":{"@id":"https:\/\/www.ati.es\/#website"},"datePublished":"2016-11-12T20:52:51+00:00","dateModified":"2020-12-28T11:16:02+00:00","description":"ATI es el miembro exclusivo en Espa\u00f1a de CEPIS, que es el Consejo Europeo de Asociaciones de Profesionales Inform\u00e1ticos.","breadcrumb":{"@id":"https:\/\/www.ati.es\/ati-internacional\/cepis\/#breadcrumb"},"inLanguage":"es","potentialAction":[{"@type":"ReadAction","target":["https:\/\/www.ati.es\/ati-internacional\/cepis\/"]}]},{"@type":"BreadcrumbList","@id":"https:\/\/www.ati.es\/ati-internacional\/cepis\/#breadcrumb","itemListElement":[{"@type":"ListItem","position":1,"name":"Portada","item":"https:\/\/www.ati.es\/"},{"@type":"ListItem","position":2,"name":"ATI Internacional","item":"https:\/\/www.ati.es\/ati-internacional\/"},{"@type":"ListItem","position":3,"name":"CEPIS &#8211; Consejo Europeo de Asociaciones de Profesionales Inform\u00e1ticos"}]},{"@type":"WebSite","@id":"https:\/\/www.ati.es\/#website","url":"https:\/\/www.ati.es\/","name":"Asociaci\u00f3n de T\u00e9cnicos de Inform\u00e1tica","description":"","publisher":{"@id":"https:\/\/www.ati.es\/#organization"},"potentialAction":[{"@type":"SearchAction","target":{"@type":"EntryPoint","urlTemplate":"https:\/\/www.ati.es\/?s={search_term_string}"},"query-input":"required name=search_term_string"}],"inLanguage":"es"},{"@type":"Organization","@id":"https:\/\/www.ati.es\/#organization","name":"Asociaci\u00f3n de T\u00e9cnicos de Inform\u00e1tica","url":"https:\/\/www.ati.es\/","logo":{"@type":"ImageObject","inLanguage":"es","@id":"https:\/\/www.ati.es\/#\/schema\/logo\/image\/","url":"https:\/\/www.ati.es\/wp-content\/uploads\/2021\/07\/cropped-logoATIvectorized.png","contentUrl":"https:\/\/www.ati.es\/wp-content\/uploads\/2021\/07\/cropped-logoATIvectorized.png","width":431,"height":231,"caption":"Asociaci\u00f3n de T\u00e9cnicos de Inform\u00e1tica"},"image":{"@id":"https:\/\/www.ati.es\/#\/schema\/logo\/image\/"}}]}},"_links":{"self":[{"href":"https:\/\/www.ati.es\/es_es\/wp-json\/wp\/v2\/pages\/371"}],"collection":[{"href":"https:\/\/www.ati.es\/es_es\/wp-json\/wp\/v2\/pages"}],"about":[{"href":"https:\/\/www.ati.es\/es_es\/wp-json\/wp\/v2\/types\/page"}],"author":[{"embeddable":true,"href":"https:\/\/www.ati.es\/es_es\/wp-json\/wp\/v2\/users\/1"}],"replies":[{"embeddable":true,"href":"https:\/\/www.ati.es\/es_es\/wp-json\/wp\/v2\/comments?post=371"}],"version-history":[{"count":24,"href":"https:\/\/www.ati.es\/es_es\/wp-json\/wp\/v2\/pages\/371\/revisions"}],"predecessor-version":[{"id":3454,"href":"https:\/\/www.ati.es\/es_es\/wp-json\/wp\/v2\/pages\/371\/revisions\/3454"}],"up":[{"embeddable":true,"href":"https:\/\/www.ati.es\/es_es\/wp-json\/wp\/v2\/pages\/352"}],"wp:attachment":[{"href":"https:\/\/www.ati.es\/es_es\/wp-json\/wp\/v2\/media?parent=371"}],"curies":[{"name":"wp","href":"https:\/\/api.w.org\/{rel}","templated":true}]}}