{"id":352,"date":"2016-11-12T20:51:13","date_gmt":"2016-11-12T19:51:13","guid":{"rendered":"http:\/\/www.ati.es\/?page_id=352"},"modified":"2024-01-17T14:29:39","modified_gmt":"2024-01-17T13:29:39","slug":"ati-internacional","status":"publish","type":"page","link":"https:\/\/www.ati.es\/es_es\/ati-internacional\/","title":{"rendered":"ATI Internacional"},"content":{"rendered":"<p class=\"spip\">ATI es el miembro exclusivo en Espa\u00f1a de <strong class=\"spip\"><a href=\"http:\/\/www.ati.es\/cepis\/\">CEPIS<\/a><\/strong>, que es el Consejo Europeo de Asociaciones de Profesionales Inform\u00e1ticos, organismo del que ATI es adem\u00e1s miembro fundador. Adem\u00e1s <strong class=\"spip\">ATI es la licenciataria<\/strong> en Espa\u00f1a de la reconocida <strong class=\"spip\"><a class=\"spip_out\" href=\"http:\/\/www.ati.es\/certificacion_ecdl\/\">acreditaci\u00f3n ICDL<\/a><\/strong> de inform\u00e1tica de usuario, creada por\u00a0CEPIS y gestionada por <strong class=\"spip\"><a class=\"spip_out\" href=\"http:\/\/www.ecdl.org\/\" target=\"_blank\" rel=\"noopener noreferrer\">ICDL Foundation<\/a><\/strong>.<\/p>\n<p class=\"spip\">Adem\u00e1s, ATI gestiona el <strong class=\"spip\">punto nacional de contacto (NPOC) de la iniciativa europea <a href=\"http:\/\/www.ati.es\/ecwt-european-centre-for-women-and-technology\/\">ECWT<\/a> (European Centre for Women and Technology)<\/strong>.<\/p>\n<p>ATI tambi\u00e9n est\u00e1 presente en el <strong class=\"spip\"><a href=\"http:\/\/www.cen.eu\/about\/Pages\/default.aspx\" target=\"_blank\" rel=\"noopener noreferrer\">CEN<\/a> <a href=\"http:\/\/www.cen.eu\/work\/areas\/ICT\/eEducation\/Pages\/WS-ICT-skills.aspx\" target=\"_blank\" rel=\"noopener noreferrer\">Workshop on ICT Skills<\/a><\/strong>, actualmente la \u00fanica entidad espa\u00f1ola en este foro donde se est\u00e1n generando est\u00e1ndares clave para la <strong class=\"spip\">organizaci\u00f3n y clasificaci\u00f3n de las competencias profesionales en TIC<\/strong> como <strong class=\"spip\"><a class=\"spip_out\" href=\"http:\/\/www.ecompetences.eu\/\" target=\"_blank\" rel=\"noopener noreferrer\">eCF<\/a><\/strong>.<\/p>\n ","protected":false},"excerpt":{"rendered":"<p>ATI es el miembro exclusivo en Espa\u00f1a de CEPIS, que es el Consejo Europeo de Asociaciones de Profesionales Inform\u00e1ticos, organismo del que ATI es adem\u00e1s miembro fundador. Adem\u00e1s ATI es la licenciataria en Espa\u00f1a de la reconocida acreditaci\u00f3n ICDL de inform\u00e1tica de usuario, creada por\u00a0CEPIS y gestionada por ICDL Foundation. Adem\u00e1s, ATI gestiona el punto&#8230;<\/p>\n<p class=\"more-link-wrap\"><a href=\"https:\/\/www.ati.es\/es_es\/ati-internacional\/\" class=\"more-link\">Leer m\u00e1s<span class=\"screen-reader-text\"> &ldquo;ATI Internacional&rdquo;<\/span> &raquo;<\/a><\/p>\n","protected":false},"author":1,"featured_media":0,"parent":0,"menu_order":0,"comment_status":"closed","ping_status":"closed","template":"","meta":[],"yoast_head":"<!-- This site is optimized with the Yoast SEO plugin v20.6 - https:\/\/yoast.com\/wordpress\/plugins\/seo\/ -->\n<title>ATI Internacional - Asociaci\u00f3n de T\u00e9cnicos de Inform\u00e1tica<\/title>\n<meta name=\"robots\" content=\"index, follow, max-snippet:-1, max-image-preview:large, max-video-preview:-1\" \/>\n<link rel=\"canonical\" href=\"https:\/\/www.ati.es\/es_es\/ati-internacional\/\" \/>\n<meta property=\"og:locale\" content=\"es_ES\" \/>\n<meta property=\"og:type\" content=\"article\" \/>\n<meta property=\"og:title\" content=\"ATI Internacional - Asociaci\u00f3n de T\u00e9cnicos de Inform\u00e1tica\" \/>\n<meta property=\"og:description\" content=\"ATI es el miembro exclusivo en Espa\u00f1a de CEPIS, que es el Consejo Europeo de Asociaciones de Profesionales Inform\u00e1ticos, organismo del que ATI es adem\u00e1s miembro fundador. Adem\u00e1s ATI es la licenciataria en Espa\u00f1a de la reconocida acreditaci\u00f3n ICDL de inform\u00e1tica de usuario, creada por\u00a0CEPIS y gestionada por ICDL Foundation. Adem\u00e1s, ATI gestiona el punto...Leer m\u00e1s &ldquo;ATI Internacional&rdquo; &raquo;\" \/>\n<meta property=\"og:url\" content=\"https:\/\/www.ati.es\/es_es\/ati-internacional\/\" \/>\n<meta property=\"og:site_name\" content=\"Asociaci\u00f3n de T\u00e9cnicos de Inform\u00e1tica\" \/>\n<meta property=\"article:modified_time\" content=\"2024-01-17T13:29:39+00:00\" \/>\n<meta name=\"twitter:card\" content=\"summary_large_image\" \/>\n<meta name=\"twitter:label1\" content=\"Tiempo de lectura\" \/>\n\t<meta name=\"twitter:data1\" content=\"1 minuto\" \/>\n<script type=\"application\/ld+json\" class=\"yoast-schema-graph\">{\"@context\":\"https:\/\/schema.org\",\"@graph\":[{\"@type\":\"WebPage\",\"@id\":\"https:\/\/www.ati.es\/ati-internacional\/\",\"url\":\"https:\/\/www.ati.es\/ati-internacional\/\",\"name\":\"ATI Internacional - Asociaci\u00f3n de T\u00e9cnicos de Inform\u00e1tica\",\"isPartOf\":{\"@id\":\"https:\/\/www.ati.es\/#website\"},\"datePublished\":\"2016-11-12T19:51:13+00:00\",\"dateModified\":\"2024-01-17T13:29:39+00:00\",\"breadcrumb\":{\"@id\":\"https:\/\/www.ati.es\/ati-internacional\/#breadcrumb\"},\"inLanguage\":\"es\",\"potentialAction\":[{\"@type\":\"ReadAction\",\"target\":[\"https:\/\/www.ati.es\/ati-internacional\/\"]}]},{\"@type\":\"BreadcrumbList\",\"@id\":\"https:\/\/www.ati.es\/ati-internacional\/#breadcrumb\",\"itemListElement\":[{\"@type\":\"ListItem\",\"position\":1,\"name\":\"Portada\",\"item\":\"https:\/\/www.ati.es\/\"},{\"@type\":\"ListItem\",\"position\":2,\"name\":\"ATI Internacional\"}]},{\"@type\":\"WebSite\",\"@id\":\"https:\/\/www.ati.es\/#website\",\"url\":\"https:\/\/www.ati.es\/\",\"name\":\"Asociaci\u00f3n de T\u00e9cnicos de Inform\u00e1tica\",\"description\":\"\",\"publisher\":{\"@id\":\"https:\/\/www.ati.es\/#organization\"},\"potentialAction\":[{\"@type\":\"SearchAction\",\"target\":{\"@type\":\"EntryPoint\",\"urlTemplate\":\"https:\/\/www.ati.es\/?s={search_term_string}\"},\"query-input\":\"required name=search_term_string\"}],\"inLanguage\":\"es\"},{\"@type\":\"Organization\",\"@id\":\"https:\/\/www.ati.es\/#organization\",\"name\":\"Asociaci\u00f3n de T\u00e9cnicos de Inform\u00e1tica\",\"url\":\"https:\/\/www.ati.es\/\",\"logo\":{\"@type\":\"ImageObject\",\"inLanguage\":\"es\",\"@id\":\"https:\/\/www.ati.es\/#\/schema\/logo\/image\/\",\"url\":\"https:\/\/www.ati.es\/wp-content\/uploads\/2021\/07\/cropped-logoATIvectorized.png\",\"contentUrl\":\"https:\/\/www.ati.es\/wp-content\/uploads\/2021\/07\/cropped-logoATIvectorized.png\",\"width\":431,\"height\":231,\"caption\":\"Asociaci\u00f3n de T\u00e9cnicos de Inform\u00e1tica\"},\"image\":{\"@id\":\"https:\/\/www.ati.es\/#\/schema\/logo\/image\/\"}}]}<\/script>\n<!-- \/ Yoast SEO plugin. -->","yoast_head_json":{"title":"ATI Internacional - Asociaci\u00f3n de T\u00e9cnicos de Inform\u00e1tica","robots":{"index":"index","follow":"follow","max-snippet":"max-snippet:-1","max-image-preview":"max-image-preview:large","max-video-preview":"max-video-preview:-1"},"canonical":"https:\/\/www.ati.es\/es_es\/ati-internacional\/","og_locale":"es_ES","og_type":"article","og_title":"ATI Internacional - Asociaci\u00f3n de T\u00e9cnicos de Inform\u00e1tica","og_description":"ATI es el miembro exclusivo en Espa\u00f1a de CEPIS, que es el Consejo Europeo de Asociaciones de Profesionales Inform\u00e1ticos, organismo del que ATI es adem\u00e1s miembro fundador. Adem\u00e1s ATI es la licenciataria en Espa\u00f1a de la reconocida acreditaci\u00f3n ICDL de inform\u00e1tica de usuario, creada por\u00a0CEPIS y gestionada por ICDL Foundation. Adem\u00e1s, ATI gestiona el punto...Leer m\u00e1s &ldquo;ATI Internacional&rdquo; &raquo;","og_url":"https:\/\/www.ati.es\/es_es\/ati-internacional\/","og_site_name":"Asociaci\u00f3n de T\u00e9cnicos de Inform\u00e1tica","article_modified_time":"2024-01-17T13:29:39+00:00","twitter_card":"summary_large_image","twitter_misc":{"Tiempo de lectura":"1 minuto"},"schema":{"@context":"https:\/\/schema.org","@graph":[{"@type":"WebPage","@id":"https:\/\/www.ati.es\/ati-internacional\/","url":"https:\/\/www.ati.es\/ati-internacional\/","name":"ATI Internacional - Asociaci\u00f3n de T\u00e9cnicos de Inform\u00e1tica","isPartOf":{"@id":"https:\/\/www.ati.es\/#website"},"datePublished":"2016-11-12T19:51:13+00:00","dateModified":"2024-01-17T13:29:39+00:00","breadcrumb":{"@id":"https:\/\/www.ati.es\/ati-internacional\/#breadcrumb"},"inLanguage":"es","potentialAction":[{"@type":"ReadAction","target":["https:\/\/www.ati.es\/ati-internacional\/"]}]},{"@type":"BreadcrumbList","@id":"https:\/\/www.ati.es\/ati-internacional\/#breadcrumb","itemListElement":[{"@type":"ListItem","position":1,"name":"Portada","item":"https:\/\/www.ati.es\/"},{"@type":"ListItem","position":2,"name":"ATI Internacional"}]},{"@type":"WebSite","@id":"https:\/\/www.ati.es\/#website","url":"https:\/\/www.ati.es\/","name":"Asociaci\u00f3n de T\u00e9cnicos de Inform\u00e1tica","description":"","publisher":{"@id":"https:\/\/www.ati.es\/#organization"},"potentialAction":[{"@type":"SearchAction","target":{"@type":"EntryPoint","urlTemplate":"https:\/\/www.ati.es\/?s={search_term_string}"},"query-input":"required name=search_term_string"}],"inLanguage":"es"},{"@type":"Organization","@id":"https:\/\/www.ati.es\/#organization","name":"Asociaci\u00f3n de T\u00e9cnicos de Inform\u00e1tica","url":"https:\/\/www.ati.es\/","logo":{"@type":"ImageObject","inLanguage":"es","@id":"https:\/\/www.ati.es\/#\/schema\/logo\/image\/","url":"https:\/\/www.ati.es\/wp-content\/uploads\/2021\/07\/cropped-logoATIvectorized.png","contentUrl":"https:\/\/www.ati.es\/wp-content\/uploads\/2021\/07\/cropped-logoATIvectorized.png","width":431,"height":231,"caption":"Asociaci\u00f3n de T\u00e9cnicos de Inform\u00e1tica"},"image":{"@id":"https:\/\/www.ati.es\/#\/schema\/logo\/image\/"}}]}},"_links":{"self":[{"href":"https:\/\/www.ati.es\/es_es\/wp-json\/wp\/v2\/pages\/352"}],"collection":[{"href":"https:\/\/www.ati.es\/es_es\/wp-json\/wp\/v2\/pages"}],"about":[{"href":"https:\/\/www.ati.es\/es_es\/wp-json\/wp\/v2\/types\/page"}],"author":[{"embeddable":true,"href":"https:\/\/www.ati.es\/es_es\/wp-json\/wp\/v2\/users\/1"}],"replies":[{"embeddable":true,"href":"https:\/\/www.ati.es\/es_es\/wp-json\/wp\/v2\/comments?post=352"}],"version-history":[{"count":19,"href":"https:\/\/www.ati.es\/es_es\/wp-json\/wp\/v2\/pages\/352\/revisions"}],"predecessor-version":[{"id":5311,"href":"https:\/\/www.ati.es\/es_es\/wp-json\/wp\/v2\/pages\/352\/revisions\/5311"}],"wp:attachment":[{"href":"https:\/\/www.ati.es\/es_es\/wp-json\/wp\/v2\/media?parent=352"}],"curies":[{"name":"wp","href":"https:\/\/api.w.org\/{rel}","templated":true}]}}