{"id":2794,"date":"2020-11-11T17:31:10","date_gmt":"2020-11-11T16:31:10","guid":{"rendered":"https:\/\/www.ati.es\/?page_id=2794"},"modified":"2022-02-17T09:59:31","modified_gmt":"2022-02-17T08:59:31","slug":"deusto-formacion","status":"publish","type":"page","link":"https:\/\/www.ati.es\/es_es\/alumnos\/deusto-formacion\/","title":{"rendered":"Deusto Formaci\u00f3n"},"content":{"rendered":"\n<div class=\"wp-block-image\"><figure class=\"aligncenter size-large is-resized\"><img loading=\"lazy\" src=\"https:\/\/www.ati.es\/wp-content\/uploads\/2022\/02\/DFO-Logotipo-Pantalla-1024x299.png\" alt=\"\" class=\"wp-image-4604\" width=\"200\" height=\"58\" srcset=\"https:\/\/www.ati.es\/wp-content\/uploads\/2022\/02\/DFO-Logotipo-Pantalla-1024x299.png 1024w, https:\/\/www.ati.es\/wp-content\/uploads\/2022\/02\/DFO-Logotipo-Pantalla-300x88.png 300w, https:\/\/www.ati.es\/wp-content\/uploads\/2022\/02\/DFO-Logotipo-Pantalla-768x224.png 768w, https:\/\/www.ati.es\/wp-content\/uploads\/2022\/02\/DFO-Logotipo-Pantalla.png 1200w\" sizes=\"(max-width: 200px) 100vw, 200px\" \/><\/figure><\/div>\n\n\n<div class=\"everest-forms\"><div class=\"evf-container default\" id=\"evf-2798\"><form id=\"evf-form-2798\" class=\"everest-form\" data-formid=\"2798\" data-ajax_submission=\"0\" data-keyboard_friendly_form=\"0\" data-form_state_type=\"\" method=\"post\" enctype=\"multipart\/form-data\" action=\"\/es_es\/wp-json\/wp\/v2\/pages\/2794\"><div class=\"evf-field-container\"><input type=\"hidden\" id=\"_wpnonce2798\" name=\"_wpnonce2798\" value=\"6fb9fab780\" \/><input type=\"hidden\" name=\"_wp_http_referer\" value=\"\/es_es\/wp-json\/wp\/v2\/pages\/2794\" \/><div class=\"evf-frontend-row\" data-row=\"row_1\" conditional_rules=\"[]\"><div class=\"evf-frontend-grid evf-grid-2\" data-grid=\"grid_1\"><div id=\"evf-2798-field_ys0GeZISRs-1-container\" class=\"evf-field evf-field-first-name form-row validate-required\" data-required-field-message=\"Este campo es obligatorio.\" data-field-id=\"ys0GeZISRs-1\"><label class=\"evf-field-label\" for=\"evf-2798-field_ys0GeZISRs-1\"><span class=\"evf-label\">Nombre<\/span> <abbr class=\"required\" title=\"Obligatorio\">*<\/abbr><\/label><input type=\"text\" id=\"evf-2798-field_ys0GeZISRs-1\" class=\"input-text\" name=\"everest_forms[form_fields][ys0GeZISRs-1]\" required><\/div><div id=\"evf-2798-field_ZYlZHfIJch-5-container\" class=\"evf-field evf-field-last-name form-row validate-required\" data-required-field-message=\"Este campo es obligatorio.\" data-field-id=\"ZYlZHfIJch-5\"><label class=\"evf-field-label\" for=\"evf-2798-field_ZYlZHfIJch-5\"><span class=\"evf-label\">Apellidos<\/span> <abbr class=\"required\" title=\"Obligatorio\">*<\/abbr><\/label><input type=\"text\" id=\"evf-2798-field_ZYlZHfIJch-5\" class=\"input-text\" name=\"everest_forms[form_fields][ZYlZHfIJch-5]\" required><\/div><\/div><div class=\"evf-frontend-grid evf-grid-2\" data-grid=\"grid_2\"><div id=\"evf-2798-field_phpCzYxzFT-11-container\" class=\"evf-field evf-field-first-name form-row validate-required\" data-required-field-message=\"Este campo es obligatorio.\" data-field-id=\"phpCzYxzFT-11\"><label class=\"evf-field-label\" for=\"evf-2798-field_phpCzYxzFT-11\"><span class=\"evf-label\">DNI<\/span> <abbr class=\"required\" title=\"Obligatorio\">*<\/abbr><\/label><input type=\"text\" id=\"evf-2798-field_phpCzYxzFT-11\" class=\"input-text\" name=\"everest_forms[form_fields][phpCzYxzFT-11]\" required><\/div><div id=\"evf-2798-field_fDyyJHHZ7n-12-container\" class=\"evf-field evf-field-first-name form-row validate-required\" data-required-field-message=\"Este campo es obligatorio.\" data-field-id=\"fDyyJHHZ7n-12\"><label class=\"evf-field-label\" for=\"evf-2798-field_fDyyJHHZ7n-12\"><span class=\"evf-label\">Fecha de nacimiento<\/span> <abbr class=\"required\" title=\"Obligatorio\">*<\/abbr><\/label><input type=\"text\" id=\"evf-2798-field_fDyyJHHZ7n-12\" class=\"input-text\" name=\"everest_forms[form_fields][fDyyJHHZ7n-12]\" required><\/div><\/div><\/div><div class=\"evf-frontend-row\" data-row=\"row_2\" conditional_rules=\"[]\"><div class=\"evf-frontend-grid evf-grid-2\" data-grid=\"grid_1\"><div id=\"evf-2798-field_BMo3XeQZCo-7-container\" class=\"evf-field evf-field-first-name form-row validate-required\" data-required-field-message=\"Este campo es obligatorio.\" data-field-id=\"BMo3XeQZCo-7\"><label class=\"evf-field-label\" for=\"evf-2798-field_BMo3XeQZCo-7\"><span class=\"evf-label\">Tel\u00e9fono de contacto<\/span> <abbr class=\"required\" title=\"Obligatorio\">*<\/abbr><\/label><input type=\"text\" id=\"evf-2798-field_BMo3XeQZCo-7\" class=\"input-text\" name=\"everest_forms[form_fields][BMo3XeQZCo-7]\" required><\/div><\/div><div class=\"evf-frontend-grid evf-grid-2\" data-grid=\"grid_2\"><div id=\"evf-2798-field_LbH5NxasXM-2-container\" class=\"evf-field evf-field-email form-row validate-required validate-email\" data-required-field-message=\"Por favor, usa una direcci\u00f3n de correo electr\u00f3nico v\u00e1lida.\" data-field-id=\"LbH5NxasXM-2\"><label class=\"evf-field-label\" for=\"evf-2798-field_LbH5NxasXM-2\"><span class=\"evf-label\">Email<\/span> <abbr class=\"required\" title=\"Obligatorio\">*<\/abbr><\/label><input type=\"email\" id=\"evf-2798-field_LbH5NxasXM-2\" class=\"input-text\" name=\"everest_forms[form_fields][LbH5NxasXM-2]\" required ><\/div><\/div><\/div><div class=\"evf-frontend-row\" data-row=\"row_3\" conditional_rules=\"[]\"><div class=\"evf-frontend-grid evf-grid-2\" data-grid=\"grid_1\"><div id=\"evf-2798-field_66FR384cge-3-container\" class=\"evf-field evf-field-text form-row validate-required\" data-required-field-message=\"Este campo es obligatorio.\" data-field-id=\"66FR384cge-3\"><label class=\"evf-field-label\" for=\"evf-2798-field_66FR384cge-3\"><span class=\"evf-label\">C\u00f3digo promocional (1 a\u00f1o)<\/span> <abbr class=\"required\" title=\"Obligatorio\">*<\/abbr><\/label><input type=\"text\" id=\"evf-2798-field_66FR384cge-3\" class=\"input-text\" name=\"everest_forms[form_fields][66FR384cge-3]\" required><\/div><\/div><div class=\"evf-frontend-grid evf-grid-2\" data-grid=\"grid_2\"><div id=\"evf-2798-field_RAbjRXnvZP-14-container\" class=\"evf-field evf-field-checkbox form-row validate-required\" data-required-field-message=\"Este campo es obligatorio.\" data-field-id=\"RAbjRXnvZP-14\"><label class=\"evf-field-label evf-label-hide\" for=\"evf-2798-field_RAbjRXnvZP-14\"><span class=\"evf-label\">Verificaci\u00f3n DEUSTO<\/span> <abbr class=\"required\" title=\"Obligatorio\">*<\/abbr><\/label><ul id=\"evf-2798-field_RAbjRXnvZP-14\" class=\" evf-field-required\"><li class=\"choice-1 depth-1\"><input type=\"checkbox\" id=\"evf-2798-field_RAbjRXnvZP-14_1\" class=\"input-text\" name=\"everest_forms[form_fields][RAbjRXnvZP-14][]\" value=\"&lt;span style=&quot;font-weight:normal&quot;&gt;He le\u00eddo y acepto el &lt;a href=&quot;https:\/\/www.ati.es\/aviso-legal\/&quot; target=&quot;_blank&quot;&gt;aviso legal&lt;\/a&gt; y la &lt;a href=&quot;https:\/\/www.ati.es\/politica-de-privacidad\/&quot; target=&quot;_blank&quot;&gt;pol\u00edtica de privacidad&lt;\/a&gt;.&lt;\/span&gt;\" required ><label class=\"everest-forms-field-label-inline\" for=\"evf-2798-field_RAbjRXnvZP-14_1\"><span style=\"font-weight:normal\">He le\u00eddo y acepto el <a href=\"https:\/\/www.ati.es\/aviso-legal\/\" target=\"_blank\">aviso legal<\/a> y la <a href=\"https:\/\/www.ati.es\/politica-de-privacidad\/\" target=\"_blank\">pol\u00edtica de privacidad<\/a>.<\/span><\/label><\/li><\/ul><\/div><\/div><\/div><\/div><div class=\"evf-honeypot-container evf-field-hp\"><label for=\"evf-2798-field-hp\" class=\"evf-field-label\">Phone<\/label><input type=\"text\" name=\"everest_forms[hp]\" id=\"evf-2798-field-hp\" class=\"input-text\"><\/div><div class=\"evf-submit-container \" ><input type=\"hidden\" name=\"everest_forms[id]\" value=\"2798\"><input type=\"hidden\" name=\"everest_forms[author]\" value=\"16\"><button type='submit' name='everest_forms[submit]' class='everest-forms-submit-button button evf-submit ' id='evf-submit-2798' value='evf-submit' data-process-text=\"Procesando\u2026\" conditional_rules='&quot;&quot;' conditional_id='evf-submit-2798'  id=\"evf-submit-2798\" aria-live=\"assertive\">Suscribirse<\/button><\/div><\/form><\/div><!-- .evf-container --><\/div>\n ","protected":false},"excerpt":{"rendered":"","protected":false},"author":16,"featured_media":0,"parent":2584,"menu_order":0,"comment_status":"closed","ping_status":"closed","template":"","meta":[],"yoast_head":"<!-- This site is optimized with the Yoast SEO plugin v20.6 - https:\/\/yoast.com\/wordpress\/plugins\/seo\/ -->\n<title>Deusto Formaci\u00f3n - Asociaci\u00f3n de T\u00e9cnicos de Inform\u00e1tica<\/title>\n<meta name=\"robots\" content=\"index, follow, max-snippet:-1, max-image-preview:large, max-video-preview:-1\" \/>\n<link rel=\"canonical\" href=\"https:\/\/www.ati.es\/es_es\/alumnos\/deusto-formacion\/\" \/>\n<meta property=\"og:locale\" content=\"es_ES\" \/>\n<meta property=\"og:type\" content=\"article\" \/>\n<meta property=\"og:title\" content=\"Deusto Formaci\u00f3n - Asociaci\u00f3n de T\u00e9cnicos de Inform\u00e1tica\" \/>\n<meta property=\"og:url\" content=\"https:\/\/www.ati.es\/es_es\/alumnos\/deusto-formacion\/\" \/>\n<meta property=\"og:site_name\" content=\"Asociaci\u00f3n de T\u00e9cnicos de Inform\u00e1tica\" \/>\n<meta property=\"article:modified_time\" content=\"2022-02-17T08:59:31+00:00\" \/>\n<meta property=\"og:image\" content=\"https:\/\/www.ati.es\/wp-content\/uploads\/2022\/02\/DFO-Logotipo-Pantalla-1024x299.png\" \/>\n<meta name=\"twitter:card\" content=\"summary_large_image\" \/>\n<meta name=\"twitter:label1\" content=\"Tiempo de lectura\" \/>\n\t<meta name=\"twitter:data1\" content=\"1 minuto\" \/>\n<script type=\"application\/ld+json\" class=\"yoast-schema-graph\">{\"@context\":\"https:\/\/schema.org\",\"@graph\":[{\"@type\":\"WebPage\",\"@id\":\"https:\/\/www.ati.es\/alumnos\/deusto-formacion\/\",\"url\":\"https:\/\/www.ati.es\/alumnos\/deusto-formacion\/\",\"name\":\"Deusto Formaci\u00f3n - Asociaci\u00f3n de T\u00e9cnicos de Inform\u00e1tica\",\"isPartOf\":{\"@id\":\"https:\/\/www.ati.es\/#website\"},\"datePublished\":\"2020-11-11T16:31:10+00:00\",\"dateModified\":\"2022-02-17T08:59:31+00:00\",\"breadcrumb\":{\"@id\":\"https:\/\/www.ati.es\/alumnos\/deusto-formacion\/#breadcrumb\"},\"inLanguage\":\"es\",\"potentialAction\":[{\"@type\":\"ReadAction\",\"target\":[\"https:\/\/www.ati.es\/alumnos\/deusto-formacion\/\"]}]},{\"@type\":\"BreadcrumbList\",\"@id\":\"https:\/\/www.ati.es\/alumnos\/deusto-formacion\/#breadcrumb\",\"itemListElement\":[{\"@type\":\"ListItem\",\"position\":1,\"name\":\"Portada\",\"item\":\"https:\/\/www.ati.es\/\"},{\"@type\":\"ListItem\",\"position\":2,\"name\":\"Alumn@s\",\"item\":\"https:\/\/www.ati.es\/alumnos\/\"},{\"@type\":\"ListItem\",\"position\":3,\"name\":\"Deusto Formaci\u00f3n\"}]},{\"@type\":\"WebSite\",\"@id\":\"https:\/\/www.ati.es\/#website\",\"url\":\"https:\/\/www.ati.es\/\",\"name\":\"Asociaci\u00f3n de T\u00e9cnicos de Inform\u00e1tica\",\"description\":\"\",\"publisher\":{\"@id\":\"https:\/\/www.ati.es\/#organization\"},\"potentialAction\":[{\"@type\":\"SearchAction\",\"target\":{\"@type\":\"EntryPoint\",\"urlTemplate\":\"https:\/\/www.ati.es\/?s={search_term_string}\"},\"query-input\":\"required name=search_term_string\"}],\"inLanguage\":\"es\"},{\"@type\":\"Organization\",\"@id\":\"https:\/\/www.ati.es\/#organization\",\"name\":\"Asociaci\u00f3n de T\u00e9cnicos de Inform\u00e1tica\",\"url\":\"https:\/\/www.ati.es\/\",\"logo\":{\"@type\":\"ImageObject\",\"inLanguage\":\"es\",\"@id\":\"https:\/\/www.ati.es\/#\/schema\/logo\/image\/\",\"url\":\"https:\/\/www.ati.es\/wp-content\/uploads\/2021\/07\/cropped-logoATIvectorized.png\",\"contentUrl\":\"https:\/\/www.ati.es\/wp-content\/uploads\/2021\/07\/cropped-logoATIvectorized.png\",\"width\":431,\"height\":231,\"caption\":\"Asociaci\u00f3n de T\u00e9cnicos de Inform\u00e1tica\"},\"image\":{\"@id\":\"https:\/\/www.ati.es\/#\/schema\/logo\/image\/\"}}]}<\/script>\n<!-- \/ Yoast SEO plugin. -->","yoast_head_json":{"title":"Deusto Formaci\u00f3n - Asociaci\u00f3n de T\u00e9cnicos de Inform\u00e1tica","robots":{"index":"index","follow":"follow","max-snippet":"max-snippet:-1","max-image-preview":"max-image-preview:large","max-video-preview":"max-video-preview:-1"},"canonical":"https:\/\/www.ati.es\/es_es\/alumnos\/deusto-formacion\/","og_locale":"es_ES","og_type":"article","og_title":"Deusto Formaci\u00f3n - Asociaci\u00f3n de T\u00e9cnicos de Inform\u00e1tica","og_url":"https:\/\/www.ati.es\/es_es\/alumnos\/deusto-formacion\/","og_site_name":"Asociaci\u00f3n de T\u00e9cnicos de Inform\u00e1tica","article_modified_time":"2022-02-17T08:59:31+00:00","og_image":[{"url":"https:\/\/www.ati.es\/wp-content\/uploads\/2022\/02\/DFO-Logotipo-Pantalla-1024x299.png"}],"twitter_card":"summary_large_image","twitter_misc":{"Tiempo de lectura":"1 minuto"},"schema":{"@context":"https:\/\/schema.org","@graph":[{"@type":"WebPage","@id":"https:\/\/www.ati.es\/alumnos\/deusto-formacion\/","url":"https:\/\/www.ati.es\/alumnos\/deusto-formacion\/","name":"Deusto Formaci\u00f3n - Asociaci\u00f3n de T\u00e9cnicos de Inform\u00e1tica","isPartOf":{"@id":"https:\/\/www.ati.es\/#website"},"datePublished":"2020-11-11T16:31:10+00:00","dateModified":"2022-02-17T08:59:31+00:00","breadcrumb":{"@id":"https:\/\/www.ati.es\/alumnos\/deusto-formacion\/#breadcrumb"},"inLanguage":"es","potentialAction":[{"@type":"ReadAction","target":["https:\/\/www.ati.es\/alumnos\/deusto-formacion\/"]}]},{"@type":"BreadcrumbList","@id":"https:\/\/www.ati.es\/alumnos\/deusto-formacion\/#breadcrumb","itemListElement":[{"@type":"ListItem","position":1,"name":"Portada","item":"https:\/\/www.ati.es\/"},{"@type":"ListItem","position":2,"name":"Alumn@s","item":"https:\/\/www.ati.es\/alumnos\/"},{"@type":"ListItem","position":3,"name":"Deusto Formaci\u00f3n"}]},{"@type":"WebSite","@id":"https:\/\/www.ati.es\/#website","url":"https:\/\/www.ati.es\/","name":"Asociaci\u00f3n de T\u00e9cnicos de Inform\u00e1tica","description":"","publisher":{"@id":"https:\/\/www.ati.es\/#organization"},"potentialAction":[{"@type":"SearchAction","target":{"@type":"EntryPoint","urlTemplate":"https:\/\/www.ati.es\/?s={search_term_string}"},"query-input":"required name=search_term_string"}],"inLanguage":"es"},{"@type":"Organization","@id":"https:\/\/www.ati.es\/#organization","name":"Asociaci\u00f3n de T\u00e9cnicos de Inform\u00e1tica","url":"https:\/\/www.ati.es\/","logo":{"@type":"ImageObject","inLanguage":"es","@id":"https:\/\/www.ati.es\/#\/schema\/logo\/image\/","url":"https:\/\/www.ati.es\/wp-content\/uploads\/2021\/07\/cropped-logoATIvectorized.png","contentUrl":"https:\/\/www.ati.es\/wp-content\/uploads\/2021\/07\/cropped-logoATIvectorized.png","width":431,"height":231,"caption":"Asociaci\u00f3n de T\u00e9cnicos de Inform\u00e1tica"},"image":{"@id":"https:\/\/www.ati.es\/#\/schema\/logo\/image\/"}}]}},"_links":{"self":[{"href":"https:\/\/www.ati.es\/es_es\/wp-json\/wp\/v2\/pages\/2794"}],"collection":[{"href":"https:\/\/www.ati.es\/es_es\/wp-json\/wp\/v2\/pages"}],"about":[{"href":"https:\/\/www.ati.es\/es_es\/wp-json\/wp\/v2\/types\/page"}],"author":[{"embeddable":true,"href":"https:\/\/www.ati.es\/es_es\/wp-json\/wp\/v2\/users\/16"}],"replies":[{"embeddable":true,"href":"https:\/\/www.ati.es\/es_es\/wp-json\/wp\/v2\/comments?post=2794"}],"version-history":[{"count":12,"href":"https:\/\/www.ati.es\/es_es\/wp-json\/wp\/v2\/pages\/2794\/revisions"}],"predecessor-version":[{"id":4608,"href":"https:\/\/www.ati.es\/es_es\/wp-json\/wp\/v2\/pages\/2794\/revisions\/4608"}],"up":[{"embeddable":true,"href":"https:\/\/www.ati.es\/es_es\/wp-json\/wp\/v2\/pages\/2584"}],"wp:attachment":[{"href":"https:\/\/www.ati.es\/es_es\/wp-json\/wp\/v2\/media?parent=2794"}],"curies":[{"name":"wp","href":"https:\/\/api.w.org\/{rel}","templated":true}]}}