{"id":225,"date":"2016-11-02T15:45:08","date_gmt":"2016-11-02T14:45:08","guid":{"rendered":"http:\/\/www.ati.es\/?page_id=225"},"modified":"2022-04-21T10:54:12","modified_gmt":"2022-04-21T09:54:12","slug":"aviso-legal","status":"publish","type":"page","link":"https:\/\/www.ati.es\/es_es\/aviso-legal\/","title":{"rendered":"Aviso Legal"},"content":{"rendered":"\n<p>Esta p\u00e1gina web es propiedad de\u00a0ASOCIACI\u00d3N DE T\u00c9CNICOS DE INFORM\u00c1TICA\u00a0en adelante, por su nombre completo o\u00a0ATI. El hecho de acceder a esta p\u00e1gina implica el conocimiento y aceptaci\u00f3n de la pol\u00edtica de privacidad. Esta pol\u00edtica de privacidad forma parte de las condiciones y t\u00e9rminos de uso.<br>En cumplimiento del art\u00edculo 10 de la Ley 34\/2002, de 11 de Julio, de Servicios de la Sociedad de la Informaci\u00f3n y Comercio Electr\u00f3nico (LSSI) se exponen los datos identificativos.<\/p>\n\n\n\n<ol><li><strong>Titularidad de la p\u00e1gina Web<\/strong><br>El nombre de dominio ati.es est\u00e1 registrado a favor de la ASOCIACI\u00d3N DE T\u00c9CNICOS DE INFORM\u00c1TICA, con CIF G08676967 y domicilio social en la calle Camil Fabra n\u00ba 2, entresuelo 2\u00aa, 08030 de Barcelona.<br>Tel\u00e9fono de contacto +34 93 412 52 35 y direcci\u00f3n de correo electr\u00f3nico secregen@atinet.es.<br><\/li><li><strong>Tratamiento de los datos de car\u00e1cter personal<\/strong><br>Los datos de car\u00e1cter personal recibidos de los usuarios ser\u00e1n tratados de modo confidencial, cumpliendo adecuadamente y en todo momento las disposiciones contenidas en el RGPD, en la LOPDGDD y en cualquier otra norma vigente o que en el futuro pueda promulgarse sobre<br>la materia.<br>ATI se compromete a tratar los datos de car\u00e1cter personal conforme a las finalidades para las que han sido obtenidos, a no aplicarlos ni utilizarlos con fin distinto y a no comunicarlos, ni siquiera para su conservaci\u00f3n, a otras personas, salvo con el consentimiento previo y expreso de la parte<br>en cuesti\u00f3n. Asimismo, ATI se compromete a adoptar y aplicar las medidas t\u00e9cnicas y organizativas apropiadas para garantizar un nivel de seguridad que evite su alteraci\u00f3n, p\u00e9rdida, tratamiento o acceso no autorizado, habida cuenta del estado de la tecnolog\u00eda, la naturaleza de los datos almacenados y los riesgos a que est\u00e9n expuestos, conforme lo previsto en el art\u00edculo 32 del RGPD. Para m\u00e1s informaci\u00f3n, ver nuestra\u00a0Pol\u00edtica de Privacidad.<br><\/li><li><strong>Propiedad Intelectual e Industrial<\/strong><br>El nombre de dominio ati.es es propiedad de ATI. Todos sus sitios webs, o portales en su totalidad, incluyendo su dise\u00f1o, estructura, distribuci\u00f3n, textos, contenidos, logotipos, botones, im\u00e1genes, dibujos, c\u00f3digo fuente, planos, instrucciones, dise\u00f1o, as\u00ed como todos los derechos de propiedad intelectual e industrial y cualquier otro signo distintivo, pertenecen a ATI, o, en su caso, a las personas o empresas que figuran como autores o titulares de los derechos y que han autorizado a su uso a ATI. El usuario reconoce y acepta que a excepci\u00f3n del contenido, datos o la informaci\u00f3n que cada usuario cree o introduzca en su cuenta, perfil, o al interactuar en el sitio web, pertenecen a ATI o a un tercero que autoriza a la empresa a su uso.<br>Asimismo el usuario reconoce que al introducir, crear o compartir contenidos en este sitio web expresamente otorga y est\u00e1 en condici\u00f3n de otorgar sin contraprestaci\u00f3n alguna y de forma irrevocable licencia a favor de ATI a fin de que \u00e9sta pueda utilizar, copiar, comunicar, hacer p\u00fablico, distribuir el contenido del usuario en el sitio web.<br>Queda prohibida la reproducci\u00f3n o explotaci\u00f3n total o parcial, por cualquier medio, de los contenidos de esta web para usos diferentes de la leg\u00edtima informaci\u00f3n o contrataci\u00f3n por los usuarios de los servicios ofrecidos. En tal sentido, usted no puede copiar, reproducir, recopilar, descompilar, desmontar, distribuir, publicar, mostrar, ejecutar, modificar, volcar, realizar trabajos derivados, transmitir o explotar partes del servicio, exceptuando el volcado del material del servicio y\/o hacer copia para su uso personal no lucrativo, siempre y cuando usted reconozca todos los derechos de autor y Propiedad Industrial. La modificaci\u00f3n del contenido de los servicios representa una violaci\u00f3n a los leg\u00edtimos<\/li><li>derechos de terceros o de ATI.<\/li><\/ol>\n\n\n\n<ol start=\"4\"><li><strong>Responsabilidades<\/strong><br>De conformidad con la Ley Org\u00e1nica 1\/1982, de 5 de mayo, de Protecci\u00f3n Civil del Derecho al honor, a la Intimidad Personal y familiar y a la propia Imagen, as\u00ed como tambi\u00e9n a la Ley Org\u00e1nica 15\/99, de 13 de<br>diciembre, sobre Protecci\u00f3n de Datos de Car\u00e1cter Personal, el texto refundido de la Ley de Propiedad Intelectual y sus actuales modificaciones y la Ley 34\/2002, de 11 de julio, de Servicios de la Sociedad de la Informaci\u00f3n y de Comercio Electr\u00f3nico y sus modificaciones, el usuario se hace responsable y compromete al respeto y cumplimiento de las citadas leyes.<br>ATI no se responsabiliza de cualquier da\u00f1o o perjuicio que se pudiera dar a causa de una circunstancia de fuerza mayor, como: error en las l\u00edneas de comunicaciones, defectos en el Hardware y Software de los usuarios, fallos en la red de Internet (de conexi\u00f3n, en las p\u00e1ginas enlazadas).<\/li><\/ol>\n\n\n\n<p>No se garantiza que el sitio web vaya a funcionar constante, fiable y correctamente, sin retrasos o interrupciones.<br>ATI se reserva el derecho a modificar la presente pol\u00edtica de privacidad con objeto de adaptarla a las posibles novedades legislativas, as\u00ed como a las que pudieran derivarse de los c\u00f3digos tipo existentes en la materia o por motivos estrat\u00e9gicos. ATI declina cualquier responsabilidad respecto a la informaci\u00f3n de esta web procedente de fuentes ajenas o terceros.<br>ATI no se responsabiliza del mal uso que se realice de los contenidos de su p\u00e1gina web, siendo responsabilidad exclusiva de la persona que accede a ellos o los utiliza. Tampoco asume responsabilidad alguna por la informaci\u00f3n contenida en las p\u00e1ginas web de terceros a las que se<br>pueda acceder a trav\u00e9s de enlaces desde sus portales. La presencia de estos enlaces tiene una finalidad informativa, y no constituyen en ning\u00fan caso una invitaci\u00f3n a la contrataci\u00f3n de productos o servicios que se puedan ofrecer en la p\u00e1gina web de destino. ATI no responde ni se hace<br>cargo de ning\u00fan tipo de responsabilidad por los da\u00f1os y perjuicios que puedan relacionarse con el funcionamiento, disponibilidad y continuidad de los sitios enlazados.<br>El usuario se compromete a utilizar nuestros portales conforme a lo establecido en esta Pol\u00edtica de Privacidad y Condiciones de Uso, adem\u00e1s el usuario se compromete a no utilizar nuestros portales de forma contraria a lo dispuesto por la legislaci\u00f3n vigente que sea de su aplicaci\u00f3n o de mala fe, as\u00ed como tambi\u00e9n, se comprometen a utilizar la web en cumplimiento al respeto del orden p\u00fablico y a las buenas<br>costumbres.<br>En todos los espacios abiertos en nuestros portales para el usuario, ya sea en blogs, eventos, fotos, videos, todo debate, material gr\u00e1fico, videos, etc., debe haber unas reglas, unos m\u00ednimos que permitan que las discusiones o comentarios, material gr\u00e1fico, videos, etc., se mantengan dentro de los m\u00e1rgenes de la educaci\u00f3n, el respeto al orden p\u00fablico y a las buenas costumbres, a las normas legales vigentes aplicables, y al sentido com\u00fan. En tal sentido, a t\u00edtulo enunciativo pero no exhaustivo enumeramos las siguientes prohibiciones: (a) No se admitir\u00e1n comentarios o contenidos que incluyan insultos, difamaciones, amenazas, vejaciones o expresiones que puedan resultar inc\u00f3modas hacia algunos de los participantes, usuarios o cualquier persona o instituci\u00f3n;(b) No se permitir\u00e1n comentarios que se consideren obscenos, racistas o xen\u00f3fobos; (c) Se proh\u00edben contenidos que promuevan<br>actividades ilegales, tales como la pornograf\u00eda infantil, terrorismo,<br>carreras de veh\u00edculos de motor ilegales, etc., o inciten a la violencia en<br>general; (d) Los contenidos que se env\u00eden desde robots inform\u00e1ticos con la intenci\u00f3n de generar da\u00f1os en nuestros portales ser\u00e1n considerados spam y se eliminar\u00e1n.<br>Al registrarte como usuario de nuestros portales declaras, garantizas y aceptas que ninguno de los materiales audiovisuales, gr\u00e1ficos, comentarios, historias, noticias, etc., que se suban, expongan, publiquen y distribuyan en nuestros portales infringen los derechos de cualquier tercero, incluyendo los derechos de autor, propia imagen, marca, privacidad, publicidad u otros derechos personales o de propiedad intelectual y que de igual manera, no incluir\u00e1n ning\u00fan contenido denigrante, difamatorio o ilegal.<br>En ning\u00fan caso ATI ser\u00e1 responsable de los da\u00f1os que pudiera causar el usuario por el uso err\u00f3neo o indebido en relaci\u00f3n con terceros, siendo responsabilidad \u00fanica y exclusiva del usuario de nuestros portales. El usuario asumir\u00e1 todos los gastos, indemnizaciones que pudieran derivarse de procesos iniciados contra \u00e9l por el incumplimiento de la norma legal y de esta Pol\u00edtica de Privacidad y Condiciones de Uso. En todo caso, ATI colaborar\u00e1 en lo que haga falta con las autoridades judiciales, si se diera el caso, para frenar los actos ilegales o contrarios a la buena fe contra ATI o cualquier tercero, para identificar a los usuarios que act\u00faen de forma contraria a la norma legal y a esta Pol\u00edtica de<br>Privacidad y Condiciones de Uso.<br>ATI podr\u00e1 monitorizar los contenidos que los usuarios suban a sus portales con la finalidad de servir de filtro a actos ilegales o de mala fe, sin significar esto, que ATI sea responsable de los contenidos cargados en sus portales por los usuarios, esta medida simplemente es preventiva y de colaboraci\u00f3n con la administraci\u00f3n judicial, quedando entendido que aun colaborando, se pueden escapar contenidos contrarios a la legalidad y a la buena fe por parte de los usuarios, quienes ser\u00e1n los \u00fanicos responsables de los contenidos que suban a los portales de ATI.<\/p>\n\n\n\n<ol start=\"5\"><li><strong>Navegaci\u00f3n con cookies<\/strong><br>La web de ATI puede utilizar cookies, peque\u00f1os ficheros de datos que se generan en el ordenador del usuario y que nos permiten conocer su frecuencia de visitas, los contenidos m\u00e1s seleccionados y los elementos de seguridad que pueden intervenir en el control de acceso a \u00e1reas restringidas, as\u00ed como la visualizaci\u00f3n de publicidad en funci\u00f3n de criterios predefinidos por ATI y que se activan por cookies servidas por dicha entidad o por terceros que prestan estos servicios por cuenta de ATI.<\/li><\/ol>\n\n\n\n<p>El usuario tiene la opci\u00f3n de impedir la generaci\u00f3n de cookies, mediante la selecci\u00f3n de la correspondiente opci\u00f3n en su programa navegador.<\/p>\n\n\n\n<ol start=\"6\"><li><strong>Seguridad<\/strong><br>Este sitio web en cuanto a la confidencialidad y tratamiento de datos de car\u00e1cter personal responde a las medidas de seguridad de nivel medio, establecidas en virtud de lo dispuesto en el Reglamento (UE) 2016\/679 de 27 de abril (RGPD) y la Ley Org\u00e1nica 3\/2018 de 5 de diciembre (LOPDGDD). Todo lo anterior a sabiendas que en la red de redes la seguridad absoluta no existe.<br><\/li><li><strong>Legislaci\u00f3n y jurisdicci\u00f3n aplicable<\/strong><br>Con car\u00e1cter general, las relaciones con los usuarios, derivadas de la prestaci\u00f3n de servicios contenidos en esta p\u00e1gina web, con renuncia expresa a cualquier fuero que pudiera corresponderles, se someten a la legislaci\u00f3n y jurisdicci\u00f3n espa\u00f1ola, espec\u00edficamente a los tribunales de Barcelona. Los usuarios de esta p\u00e1gina web son conscientes de todo lo que se ha expuesto y lo aceptan voluntariamente.<\/li><\/ol>\n\n\n\n<p><\/p>\n ","protected":false},"excerpt":{"rendered":"<p>Esta p\u00e1gina web es propiedad de\u00a0ASOCIACI\u00d3N DE T\u00c9CNICOS DE INFORM\u00c1TICA\u00a0en adelante, por su nombre completo o\u00a0ATI. El hecho de acceder a esta p\u00e1gina implica el conocimiento y aceptaci\u00f3n de la pol\u00edtica de privacidad. Esta pol\u00edtica de privacidad forma parte de las condiciones y t\u00e9rminos de uso.En cumplimiento del art\u00edculo 10 de la Ley 34\/2002, de&#8230;<\/p>\n<p class=\"more-link-wrap\"><a href=\"https:\/\/www.ati.es\/es_es\/aviso-legal\/\" class=\"more-link\">Leer m\u00e1s<span class=\"screen-reader-text\"> &ldquo;Aviso Legal&rdquo;<\/span> &raquo;<\/a><\/p>\n","protected":false},"author":1,"featured_media":0,"parent":0,"menu_order":0,"comment_status":"closed","ping_status":"closed","template":"","meta":[],"yoast_head":"<!-- This site is optimized with the Yoast SEO plugin v20.6 - https:\/\/yoast.com\/wordpress\/plugins\/seo\/ -->\n<title>Aviso Legal de ATI<\/title>\n<meta name=\"description\" content=\"Aviso legal de la Asociaci\u00f3n de T\u00e9cnicos de Inform\u00e1tica (ATI).\" \/>\n<meta name=\"robots\" content=\"index, follow, max-snippet:-1, max-image-preview:large, max-video-preview:-1\" \/>\n<link rel=\"canonical\" href=\"https:\/\/www.ati.es\/es_es\/aviso-legal\/\" \/>\n<meta property=\"og:locale\" content=\"es_ES\" \/>\n<meta property=\"og:type\" content=\"article\" \/>\n<meta property=\"og:title\" content=\"Aviso Legal de ATI\" \/>\n<meta property=\"og:description\" content=\"Aviso legal de la Asociaci\u00f3n de T\u00e9cnicos de Inform\u00e1tica (ATI).\" \/>\n<meta property=\"og:url\" content=\"https:\/\/www.ati.es\/es_es\/aviso-legal\/\" \/>\n<meta property=\"og:site_name\" content=\"Asociaci\u00f3n de T\u00e9cnicos de Inform\u00e1tica\" \/>\n<meta property=\"article:modified_time\" content=\"2022-04-21T09:54:12+00:00\" \/>\n<meta name=\"twitter:card\" content=\"summary_large_image\" \/>\n<meta name=\"twitter:label1\" content=\"Tiempo de lectura\" \/>\n\t<meta name=\"twitter:data1\" content=\"8 minutos\" \/>\n<script type=\"application\/ld+json\" class=\"yoast-schema-graph\">{\"@context\":\"https:\/\/schema.org\",\"@graph\":[{\"@type\":\"WebPage\",\"@id\":\"https:\/\/www.ati.es\/aviso-legal\/\",\"url\":\"https:\/\/www.ati.es\/aviso-legal\/\",\"name\":\"Aviso Legal de ATI\",\"isPartOf\":{\"@id\":\"https:\/\/www.ati.es\/#website\"},\"datePublished\":\"2016-11-02T14:45:08+00:00\",\"dateModified\":\"2022-04-21T09:54:12+00:00\",\"description\":\"Aviso legal de la Asociaci\u00f3n de T\u00e9cnicos de Inform\u00e1tica (ATI).\",\"breadcrumb\":{\"@id\":\"https:\/\/www.ati.es\/aviso-legal\/#breadcrumb\"},\"inLanguage\":\"es\",\"potentialAction\":[{\"@type\":\"ReadAction\",\"target\":[\"https:\/\/www.ati.es\/aviso-legal\/\"]}]},{\"@type\":\"BreadcrumbList\",\"@id\":\"https:\/\/www.ati.es\/aviso-legal\/#breadcrumb\",\"itemListElement\":[{\"@type\":\"ListItem\",\"position\":1,\"name\":\"Portada\",\"item\":\"https:\/\/www.ati.es\/\"},{\"@type\":\"ListItem\",\"position\":2,\"name\":\"Aviso Legal\"}]},{\"@type\":\"WebSite\",\"@id\":\"https:\/\/www.ati.es\/#website\",\"url\":\"https:\/\/www.ati.es\/\",\"name\":\"Asociaci\u00f3n de T\u00e9cnicos de Inform\u00e1tica\",\"description\":\"\",\"publisher\":{\"@id\":\"https:\/\/www.ati.es\/#organization\"},\"potentialAction\":[{\"@type\":\"SearchAction\",\"target\":{\"@type\":\"EntryPoint\",\"urlTemplate\":\"https:\/\/www.ati.es\/?s={search_term_string}\"},\"query-input\":\"required name=search_term_string\"}],\"inLanguage\":\"es\"},{\"@type\":\"Organization\",\"@id\":\"https:\/\/www.ati.es\/#organization\",\"name\":\"Asociaci\u00f3n de T\u00e9cnicos de Inform\u00e1tica\",\"url\":\"https:\/\/www.ati.es\/\",\"logo\":{\"@type\":\"ImageObject\",\"inLanguage\":\"es\",\"@id\":\"https:\/\/www.ati.es\/#\/schema\/logo\/image\/\",\"url\":\"https:\/\/www.ati.es\/wp-content\/uploads\/2021\/07\/cropped-logoATIvectorized.png\",\"contentUrl\":\"https:\/\/www.ati.es\/wp-content\/uploads\/2021\/07\/cropped-logoATIvectorized.png\",\"width\":431,\"height\":231,\"caption\":\"Asociaci\u00f3n de T\u00e9cnicos de Inform\u00e1tica\"},\"image\":{\"@id\":\"https:\/\/www.ati.es\/#\/schema\/logo\/image\/\"}}]}<\/script>\n<!-- \/ Yoast SEO plugin. -->","yoast_head_json":{"title":"Aviso Legal de ATI","description":"Aviso legal de la Asociaci\u00f3n de T\u00e9cnicos de Inform\u00e1tica (ATI).","robots":{"index":"index","follow":"follow","max-snippet":"max-snippet:-1","max-image-preview":"max-image-preview:large","max-video-preview":"max-video-preview:-1"},"canonical":"https:\/\/www.ati.es\/es_es\/aviso-legal\/","og_locale":"es_ES","og_type":"article","og_title":"Aviso Legal de ATI","og_description":"Aviso legal de la Asociaci\u00f3n de T\u00e9cnicos de Inform\u00e1tica (ATI).","og_url":"https:\/\/www.ati.es\/es_es\/aviso-legal\/","og_site_name":"Asociaci\u00f3n de T\u00e9cnicos de Inform\u00e1tica","article_modified_time":"2022-04-21T09:54:12+00:00","twitter_card":"summary_large_image","twitter_misc":{"Tiempo de lectura":"8 minutos"},"schema":{"@context":"https:\/\/schema.org","@graph":[{"@type":"WebPage","@id":"https:\/\/www.ati.es\/aviso-legal\/","url":"https:\/\/www.ati.es\/aviso-legal\/","name":"Aviso Legal de ATI","isPartOf":{"@id":"https:\/\/www.ati.es\/#website"},"datePublished":"2016-11-02T14:45:08+00:00","dateModified":"2022-04-21T09:54:12+00:00","description":"Aviso legal de la Asociaci\u00f3n de T\u00e9cnicos de Inform\u00e1tica (ATI).","breadcrumb":{"@id":"https:\/\/www.ati.es\/aviso-legal\/#breadcrumb"},"inLanguage":"es","potentialAction":[{"@type":"ReadAction","target":["https:\/\/www.ati.es\/aviso-legal\/"]}]},{"@type":"BreadcrumbList","@id":"https:\/\/www.ati.es\/aviso-legal\/#breadcrumb","itemListElement":[{"@type":"ListItem","position":1,"name":"Portada","item":"https:\/\/www.ati.es\/"},{"@type":"ListItem","position":2,"name":"Aviso Legal"}]},{"@type":"WebSite","@id":"https:\/\/www.ati.es\/#website","url":"https:\/\/www.ati.es\/","name":"Asociaci\u00f3n de T\u00e9cnicos de Inform\u00e1tica","description":"","publisher":{"@id":"https:\/\/www.ati.es\/#organization"},"potentialAction":[{"@type":"SearchAction","target":{"@type":"EntryPoint","urlTemplate":"https:\/\/www.ati.es\/?s={search_term_string}"},"query-input":"required name=search_term_string"}],"inLanguage":"es"},{"@type":"Organization","@id":"https:\/\/www.ati.es\/#organization","name":"Asociaci\u00f3n de T\u00e9cnicos de Inform\u00e1tica","url":"https:\/\/www.ati.es\/","logo":{"@type":"ImageObject","inLanguage":"es","@id":"https:\/\/www.ati.es\/#\/schema\/logo\/image\/","url":"https:\/\/www.ati.es\/wp-content\/uploads\/2021\/07\/cropped-logoATIvectorized.png","contentUrl":"https:\/\/www.ati.es\/wp-content\/uploads\/2021\/07\/cropped-logoATIvectorized.png","width":431,"height":231,"caption":"Asociaci\u00f3n de T\u00e9cnicos de Inform\u00e1tica"},"image":{"@id":"https:\/\/www.ati.es\/#\/schema\/logo\/image\/"}}]}},"_links":{"self":[{"href":"https:\/\/www.ati.es\/es_es\/wp-json\/wp\/v2\/pages\/225"}],"collection":[{"href":"https:\/\/www.ati.es\/es_es\/wp-json\/wp\/v2\/pages"}],"about":[{"href":"https:\/\/www.ati.es\/es_es\/wp-json\/wp\/v2\/types\/page"}],"author":[{"embeddable":true,"href":"https:\/\/www.ati.es\/es_es\/wp-json\/wp\/v2\/users\/1"}],"replies":[{"embeddable":true,"href":"https:\/\/www.ati.es\/es_es\/wp-json\/wp\/v2\/comments?post=225"}],"version-history":[{"count":11,"href":"https:\/\/www.ati.es\/es_es\/wp-json\/wp\/v2\/pages\/225\/revisions"}],"predecessor-version":[{"id":4784,"href":"https:\/\/www.ati.es\/es_es\/wp-json\/wp\/v2\/pages\/225\/revisions\/4784"}],"wp:attachment":[{"href":"https:\/\/www.ati.es\/es_es\/wp-json\/wp\/v2\/media?parent=225"}],"curies":[{"name":"wp","href":"https:\/\/api.w.org\/{rel}","templated":true}]}}