{"id":2,"date":"2016-05-09T19:12:52","date_gmt":"2016-05-09T19:12:52","guid":{"rendered":"http:\/\/www.ati.es\/?page_id=2"},"modified":"2026-02-18T13:05:25","modified_gmt":"2026-02-18T12:05:25","slug":"que_es_ati","status":"publish","type":"page","link":"https:\/\/www.ati.es\/es_es\/que_es_ati\/","title":{"rendered":"\u00bfQu\u00e9 es ATI?"},"content":{"rendered":"\n<p class=\"spip\">La <strong>Asociaci\u00f3n de T\u00e9cnicos de Inform\u00e1tica<\/strong> (<strong>ATI<\/strong>) inscrita en el Registro Nacional de Asociaciones, Grupo 1, Secci\u00f3n 1 y N\u00famero Nacional 31434, es una asociaci\u00f3n sin \u00e1nimo de lucro fundada en 1967, abierta a todos los que, en cualquier nivel profesional y sector productivo, desarrollan su actividad como profesionales en el \u00e1mbito de las Tecnolog\u00edas de la Informaci\u00f3n y de la Comunicaci\u00f3n (TIC).<\/p>\n\n\n\n<p>Tiene como objetivo la defensa, promoci\u00f3n y desarrollo de la actividad de quienes ejercen como t\u00e9cnicos y profesionales en el campo de las tecnolog\u00edas de informaci\u00f3n, facilitando a sus socios el intercambio de experiencias, la formaci\u00f3n y la informaci\u00f3n sobre dichas tecnolog\u00edas, a la vez que contribuye a la promoci\u00f3n, y el desarrollo de las mismas, estudiando su impacto en la Sociedad y los ciudadanos, y potenciando las relaciones con su entorno social y econ\u00f3mico, colaborando con otras entidades profesionales inform\u00e1ticas, implantadas tanto en nuestro pa\u00eds como fuera de \u00e9l.<\/p>\n\n\n\n<p>ATI es la principal y m\u00e1s veterana asociaci\u00f3n de profesionales de la inform\u00e1tica en Espa\u00f1a, constituy\u00e9ndose como una comunidad abierta, conectada con las principales entidades internacionales como\u00a0<strong><a href=\"http:\/\/www.cepis.org\/\">CEPIS<\/a>\u00a0<\/strong>(Council for European Professional Informatic Societies),\u00a0<strong><a href=\"http:\/\/womenandtechnology.eu\/\">ECWT<\/a>\u00a0<\/strong>(European Center for Women and Technology), Pacto por la Generaci\u00f3n D (Subdirecci\u00f3n General de Talento y Emprendimiento Digital) y otras. Es una asociaci\u00f3n con vocaci\u00f3n de influir en el desarrollo profesional de los profesionales de inform\u00e1tica de nuestro pa\u00eds.<\/p>\n\n\n\n<hr class=\"wp-block-separator has-css-opacity\"\/>\n\n\n\n<h3>Objetivos<\/h3>\n\n\n\n<p>Los objetivos b\u00e1sicos de la asociaci\u00f3n son:<\/p>\n\n\n\n<ul><li>Defender, promover y mejorar el desarrollo de la actividad de quienes ejercen como t\u00e9cnicos y profesionales en el campo de las tecnolog\u00edas de informaci\u00f3n.<\/li><li>Facilitar a sus socios el intercambio de experiencias, la formaci\u00f3n y la informaci\u00f3n sobre dichas tecnolog\u00edas.<\/li><li>Contribuir a la promoci\u00f3n y desarrollo de las tecnolog\u00edas de informaci\u00f3n.<\/li><li>Mantener relaciones con el entorno social y econ\u00f3mico en que la Asociaci\u00f3n se mueve.<\/li><li>Fomentar la difusi\u00f3n de las tecnolog\u00edas de Informaci\u00f3n y estudiar su impacto sobre la sociedad y sobre los ciudadanos.<\/li><li>Colaborar con otras entidades profesionales inform\u00e1ticas, implantadas tanto en nuestro pa\u00eds como fuera de \u00e9l, especialmente en Europa y Latinoam\u00e9rica.<\/li><\/ul>\n\n\n\n<hr class=\"wp-block-separator has-css-opacity\"\/>\n\n\n\n<h3 class=\"spip\">Organizaci\u00f3n<\/h3>\n\n\n\n<p>La <strong>Asamblea General de Socios<\/strong> y la <strong>Junta Directiva General<\/strong> son los \u00f3rganos m\u00e1ximos para el conjunto de la asociaci\u00f3n.<\/p>\n\n\n\n<p class=\"spip\">Los <a href=\"http:\/\/www.ati.es\/capitulos-territoriales\/\"><strong>Cap\u00edtulos Territoriales<\/strong><\/a> con sus <strong>Asambleas Territoriales<\/strong> y sus <strong>Juntas Directivas Territoriales&nbsp;<\/strong>estructuran la asociaci\u00f3n en las Comunidades Aut\u00f3nomas mediante una organizaci\u00f3n de tipo federal.<\/p>\n\n\n\n<p class=\"spip\">Las <strong>Secciones T\u00e9cnicas, Grupos de Trabajo y Grupos de Inter\u00e9s<\/strong> facilitan la participaci\u00f3n de los socios en las actividades de la Asociaci\u00f3n.<\/p>\n\n\n\n<hr class=\"wp-block-separator has-css-opacity\"\/>\n\n\n\n<h3 class=\"spip\">Grupos de Trabajo e Inter\u00e9s<\/h3>\n\n\n\n<p class=\"spip\">Los <strong class=\"spip\">Grupos de Trabajo y de Inter\u00e9s<\/strong> est\u00e1n formados por un conjunto de socios, que los crean para el desarrollo de temas cient\u00edficos, t\u00e9cnicos, profesionales o l\u00fadicos en el seno de la Asociaci\u00f3n. Se excluye el \u00e1nimo de lucro de sus integrantes. Estos Grupos han sido tradicionalmente el instrumento de participaci\u00f3n de los socios en la vida de la misma.<\/p>\n\n\n\n<p class=\"spip\">Los grupos de trabajo y de inter\u00e9s est\u00e1n abiertos a todos los socios que se sientan atra\u00eddos por alguno de sus <strong class=\"spip\">Temas de Actuaci\u00f3n<\/strong>, por ello animamos a participar activamente en los que ya est\u00e1n creados o proponer otros nuevos.<\/p>\n\n\n\n<p class=\"spip\">La forma de participar es sencilla, solo hay que manifestar el deseo en la Secretar\u00eda del Cap\u00edtulo Territorial correspondiente.<\/p>\n\n\n\n<p class=\"spip\">Para crear un nuevo grupo es necesario comunicarlo por escrito a la Secretar\u00eda del Cap\u00edtulo Territorial correspondiente, quien lo traspasar\u00e1 a la Junta Directiva para su estudio y aprobaci\u00f3n si procede. Si su objeto no figurase entre los Temas de actuaci\u00f3n de ATI deber\u00e1 tener la aprobaci\u00f3n de la Junta Directiva General.<\/p>\n\n\n\n<p class=\"spip\">Las Secciones T\u00e9cnicas eligen a su Coordinador, en cambio para los Grupos de Trabajo, por abordar una tem\u00e1tica que puede afectar al posicionamiento o a la imagen de ATI, es la Junta Directiva que los crea quien nombra su Coordinador.<\/p>\n ","protected":false},"excerpt":{"rendered":"<p>La Asociaci\u00f3n de T\u00e9cnicos de Inform\u00e1tica (ATI) inscrita en el Registro Nacional de Asociaciones, Grupo 1, Secci\u00f3n 1 y N\u00famero Nacional 31434, es una asociaci\u00f3n sin \u00e1nimo de lucro fundada en 1967, abierta a todos los que, en cualquier nivel profesional y sector productivo, desarrollan su actividad como profesionales en el \u00e1mbito de las Tecnolog\u00edas&#8230;<\/p>\n<p class=\"more-link-wrap\"><a href=\"https:\/\/www.ati.es\/es_es\/que_es_ati\/\" class=\"more-link\">Leer m\u00e1s<span class=\"screen-reader-text\"> &ldquo;\u00bfQu\u00e9 es ATI?&rdquo;<\/span> &raquo;<\/a><\/p>\n","protected":false},"author":1,"featured_media":0,"parent":0,"menu_order":0,"comment_status":"closed","ping_status":"open","template":"","meta":[],"yoast_head":"<!-- This site is optimized with the Yoast SEO plugin v20.6 - https:\/\/yoast.com\/wordpress\/plugins\/seo\/ -->\n<title>Que es ATI?<\/title>\n<meta name=\"description\" content=\"Somos un punto de encuentro, un conector entre todos los profesionales del sector TIC, para mejorar su trayectoria laboral. Y lo hacemos a trav\u00e9s de encuentros de networking, de grupos de trabajo, de publicaciones, de cursos, talleres, seminarios\u2026\" \/>\n<meta name=\"robots\" content=\"index, follow, max-snippet:-1, max-image-preview:large, max-video-preview:-1\" \/>\n<link rel=\"canonical\" href=\"https:\/\/www.ati.es\/es_es\/que_es_ati\/\" \/>\n<meta property=\"og:locale\" content=\"es_ES\" \/>\n<meta property=\"og:type\" content=\"article\" \/>\n<meta property=\"og:title\" content=\"Que es ATI?\" \/>\n<meta property=\"og:description\" content=\"Somos un punto de encuentro, un conector entre todos los profesionales del sector TIC, para mejorar su trayectoria laboral. Y lo hacemos a trav\u00e9s de encuentros de networking, de grupos de trabajo, de publicaciones, de cursos, talleres, seminarios\u2026\" \/>\n<meta property=\"og:url\" content=\"https:\/\/www.ati.es\/es_es\/que_es_ati\/\" \/>\n<meta property=\"og:site_name\" content=\"Asociaci\u00f3n de T\u00e9cnicos de Inform\u00e1tica\" \/>\n<meta property=\"article:modified_time\" content=\"2026-02-18T12:05:25+00:00\" \/>\n<meta name=\"twitter:card\" content=\"summary_large_image\" \/>\n<meta name=\"twitter:label1\" content=\"Tiempo de lectura\" \/>\n\t<meta name=\"twitter:data1\" content=\"3 minutos\" \/>\n<script type=\"application\/ld+json\" class=\"yoast-schema-graph\">{\"@context\":\"https:\/\/schema.org\",\"@graph\":[{\"@type\":\"WebPage\",\"@id\":\"https:\/\/www.ati.es\/que_es_ati\/\",\"url\":\"https:\/\/www.ati.es\/que_es_ati\/\",\"name\":\"Que es ATI?\",\"isPartOf\":{\"@id\":\"https:\/\/www.ati.es\/#website\"},\"datePublished\":\"2016-05-09T19:12:52+00:00\",\"dateModified\":\"2026-02-18T12:05:25+00:00\",\"description\":\"Somos un punto de encuentro, un conector entre todos los profesionales del sector TIC, para mejorar su trayectoria laboral. Y lo hacemos a trav\u00e9s de encuentros de networking, de grupos de trabajo, de publicaciones, de cursos, talleres, seminarios\u2026\",\"breadcrumb\":{\"@id\":\"https:\/\/www.ati.es\/que_es_ati\/#breadcrumb\"},\"inLanguage\":\"es\",\"potentialAction\":[{\"@type\":\"ReadAction\",\"target\":[\"https:\/\/www.ati.es\/que_es_ati\/\"]}]},{\"@type\":\"BreadcrumbList\",\"@id\":\"https:\/\/www.ati.es\/que_es_ati\/#breadcrumb\",\"itemListElement\":[{\"@type\":\"ListItem\",\"position\":1,\"name\":\"Portada\",\"item\":\"https:\/\/www.ati.es\/\"},{\"@type\":\"ListItem\",\"position\":2,\"name\":\"\u00bfQu\u00e9 es ATI?\"}]},{\"@type\":\"WebSite\",\"@id\":\"https:\/\/www.ati.es\/#website\",\"url\":\"https:\/\/www.ati.es\/\",\"name\":\"Asociaci\u00f3n de T\u00e9cnicos de Inform\u00e1tica\",\"description\":\"\",\"publisher\":{\"@id\":\"https:\/\/www.ati.es\/#organization\"},\"potentialAction\":[{\"@type\":\"SearchAction\",\"target\":{\"@type\":\"EntryPoint\",\"urlTemplate\":\"https:\/\/www.ati.es\/?s={search_term_string}\"},\"query-input\":\"required name=search_term_string\"}],\"inLanguage\":\"es\"},{\"@type\":\"Organization\",\"@id\":\"https:\/\/www.ati.es\/#organization\",\"name\":\"Asociaci\u00f3n de T\u00e9cnicos de Inform\u00e1tica\",\"url\":\"https:\/\/www.ati.es\/\",\"logo\":{\"@type\":\"ImageObject\",\"inLanguage\":\"es\",\"@id\":\"https:\/\/www.ati.es\/#\/schema\/logo\/image\/\",\"url\":\"https:\/\/www.ati.es\/wp-content\/uploads\/2021\/07\/cropped-logoATIvectorized.png\",\"contentUrl\":\"https:\/\/www.ati.es\/wp-content\/uploads\/2021\/07\/cropped-logoATIvectorized.png\",\"width\":431,\"height\":231,\"caption\":\"Asociaci\u00f3n de T\u00e9cnicos de Inform\u00e1tica\"},\"image\":{\"@id\":\"https:\/\/www.ati.es\/#\/schema\/logo\/image\/\"}}]}<\/script>\n<!-- \/ Yoast SEO plugin. -->","yoast_head_json":{"title":"Que es ATI?","description":"Somos un punto de encuentro, un conector entre todos los profesionales del sector TIC, para mejorar su trayectoria laboral. Y lo hacemos a trav\u00e9s de encuentros de networking, de grupos de trabajo, de publicaciones, de cursos, talleres, seminarios\u2026","robots":{"index":"index","follow":"follow","max-snippet":"max-snippet:-1","max-image-preview":"max-image-preview:large","max-video-preview":"max-video-preview:-1"},"canonical":"https:\/\/www.ati.es\/es_es\/que_es_ati\/","og_locale":"es_ES","og_type":"article","og_title":"Que es ATI?","og_description":"Somos un punto de encuentro, un conector entre todos los profesionales del sector TIC, para mejorar su trayectoria laboral. Y lo hacemos a trav\u00e9s de encuentros de networking, de grupos de trabajo, de publicaciones, de cursos, talleres, seminarios\u2026","og_url":"https:\/\/www.ati.es\/es_es\/que_es_ati\/","og_site_name":"Asociaci\u00f3n de T\u00e9cnicos de Inform\u00e1tica","article_modified_time":"2026-02-18T12:05:25+00:00","twitter_card":"summary_large_image","twitter_misc":{"Tiempo de lectura":"3 minutos"},"schema":{"@context":"https:\/\/schema.org","@graph":[{"@type":"WebPage","@id":"https:\/\/www.ati.es\/que_es_ati\/","url":"https:\/\/www.ati.es\/que_es_ati\/","name":"Que es ATI?","isPartOf":{"@id":"https:\/\/www.ati.es\/#website"},"datePublished":"2016-05-09T19:12:52+00:00","dateModified":"2026-02-18T12:05:25+00:00","description":"Somos un punto de encuentro, un conector entre todos los profesionales del sector TIC, para mejorar su trayectoria laboral. Y lo hacemos a trav\u00e9s de encuentros de networking, de grupos de trabajo, de publicaciones, de cursos, talleres, seminarios\u2026","breadcrumb":{"@id":"https:\/\/www.ati.es\/que_es_ati\/#breadcrumb"},"inLanguage":"es","potentialAction":[{"@type":"ReadAction","target":["https:\/\/www.ati.es\/que_es_ati\/"]}]},{"@type":"BreadcrumbList","@id":"https:\/\/www.ati.es\/que_es_ati\/#breadcrumb","itemListElement":[{"@type":"ListItem","position":1,"name":"Portada","item":"https:\/\/www.ati.es\/"},{"@type":"ListItem","position":2,"name":"\u00bfQu\u00e9 es ATI?"}]},{"@type":"WebSite","@id":"https:\/\/www.ati.es\/#website","url":"https:\/\/www.ati.es\/","name":"Asociaci\u00f3n de T\u00e9cnicos de Inform\u00e1tica","description":"","publisher":{"@id":"https:\/\/www.ati.es\/#organization"},"potentialAction":[{"@type":"SearchAction","target":{"@type":"EntryPoint","urlTemplate":"https:\/\/www.ati.es\/?s={search_term_string}"},"query-input":"required name=search_term_string"}],"inLanguage":"es"},{"@type":"Organization","@id":"https:\/\/www.ati.es\/#organization","name":"Asociaci\u00f3n de T\u00e9cnicos de Inform\u00e1tica","url":"https:\/\/www.ati.es\/","logo":{"@type":"ImageObject","inLanguage":"es","@id":"https:\/\/www.ati.es\/#\/schema\/logo\/image\/","url":"https:\/\/www.ati.es\/wp-content\/uploads\/2021\/07\/cropped-logoATIvectorized.png","contentUrl":"https:\/\/www.ati.es\/wp-content\/uploads\/2021\/07\/cropped-logoATIvectorized.png","width":431,"height":231,"caption":"Asociaci\u00f3n de T\u00e9cnicos de Inform\u00e1tica"},"image":{"@id":"https:\/\/www.ati.es\/#\/schema\/logo\/image\/"}}]}},"_links":{"self":[{"href":"https:\/\/www.ati.es\/es_es\/wp-json\/wp\/v2\/pages\/2"}],"collection":[{"href":"https:\/\/www.ati.es\/es_es\/wp-json\/wp\/v2\/pages"}],"about":[{"href":"https:\/\/www.ati.es\/es_es\/wp-json\/wp\/v2\/types\/page"}],"author":[{"embeddable":true,"href":"https:\/\/www.ati.es\/es_es\/wp-json\/wp\/v2\/users\/1"}],"replies":[{"embeddable":true,"href":"https:\/\/www.ati.es\/es_es\/wp-json\/wp\/v2\/comments?post=2"}],"version-history":[{"count":35,"href":"https:\/\/www.ati.es\/es_es\/wp-json\/wp\/v2\/pages\/2\/revisions"}],"predecessor-version":[{"id":5819,"href":"https:\/\/www.ati.es\/es_es\/wp-json\/wp\/v2\/pages\/2\/revisions\/5819"}],"wp:attachment":[{"href":"https:\/\/www.ati.es\/es_es\/wp-json\/wp\/v2\/media?parent=2"}],"curies":[{"name":"wp","href":"https:\/\/api.w.org\/{rel}","templated":true}]}}