{"id":1724,"date":"2018-05-25T17:56:36","date_gmt":"2018-05-25T16:56:36","guid":{"rendered":"http:\/\/www.ati.es\/?page_id=1724"},"modified":"2022-04-21T10:58:34","modified_gmt":"2022-04-21T09:58:34","slug":"politica-de-privacidad","status":"publish","type":"page","link":"https:\/\/www.ati.es\/es_es\/politica-de-privacidad\/","title":{"rendered":"Pol\u00edtica de Privacidad"},"content":{"rendered":"\n<p>Quien es el Responsable del tratamiento de tus datos personales Asociaci\u00f3n de T\u00e9cnicos de Inform\u00e1tica (ATI), NIF G08676967 con domicilio social en Calle Camil Fabra 2, entresuelo 2\u00aa, 08030 Barcelona.<br><strong>Para que tratamos tus datos personales y con qu\u00e9 objetivos<\/strong><br>Los tratamos conforme a lo establecido en los estatutos de nuestra asociaci\u00f3n profesional sin \u00e1nimo de lucro y de conformidad con lo dispuesto en el Reglamento (UE) 2016\/679 de 27 de abril (RGPD) y la<br>Ley Org\u00e1nica 3\/2018 de 5 de diciembre (LOPDGDD).<br>Las finalidades del tratamiento de datos son:<br><strong>i)<\/strong>\u00a0Tramitar su alta como socio y los cambios que desee llevar a cambio, as\u00ed como su participaci\u00f3n en las actividades, cursos, jornadas, etc. que ATI lleve a cabo directamente o promociones.<br><strong>ii) <\/strong>Env\u00edo de informaci\u00f3n sobre los productos y servicios (descargas a m\u00f3viles, suscripciones, sorteos, concursos, etc.) de ATI que haya solicitado mediante los formularios de la web, ya sea a trav\u00e9s de medios electr\u00f3nicos o por correo postal.<br><strong>iii)<\/strong>\u00a0A la gesti\u00f3n del contenido, informaci\u00f3n y\/o datos que se contienen en los perfiles de cada uno de los usuarios as\u00ed como el contenido, informaci\u00f3n y\/o datos generados al interactuar el usuario con el Sitio web como espacio virtual para dichas utilidades y\/o funciones.<br><strong>iv)<\/strong>\u00a0Al estudio estad\u00edstico. ATI cuenta con un programa estad\u00edstico para el estudio de las visitas, origen geogr\u00e1fico de las mismas, con la finalidad de mejorar el servicio ofrecido a trav\u00e9s de la web.<br><strong>v)<\/strong>\u00a0La conservaci\u00f3n de sus datos de car\u00e1cter personal durante el plazo previsto en las disposiciones aplicables.<br><strong>Qu\u00e9 datos tenemos y c\u00f3mo los obtenemos<\/strong><br>Los que indicaste al hacerte socio de ATI, como necesarios para ayudarte a ejercer tu profesi\u00f3n de T\u00e9cnico en Inform\u00e1tica y se consideran exclusivamente de car\u00e1cter profesional, con las actualizaciones que nos hayas expresado posteriormente. No tenemos m\u00e1s datos que los que t\u00fa nos facilites.<\/p>\n\n\n\n<p><strong>Con quien compartimos tus datos personales<\/strong><br>Con aquellas entidades con las que ATI tenga convenios de colaboraci\u00f3n como pueden ser organizaciones profesionales, centros educativos, etc.<br>Administraciones, Autoridades y Organismos P\u00fablicos, incluidos Juzgados y Tribunales, cuando as\u00ed lo exija la normativa aplicable.<br><strong>Cuanto tiempo mantendremos tus datos<\/strong><br>Conservaremos tus datos mientras sigas siendo socio. Cuando tu relaci\u00f3n con ATI termine, tus datos ser\u00e1n cancelados. No obstante, debemos conservarlos el tiempo necesario para cumplir con diferentes<br>obligaciones legales y por si en alg\u00fan momento nos fueran solicitados por un juez o tribunal o una autoridad administrativa. Durante este tiempo de conservaci\u00f3n no utilizaremos tus datos para ninguna otra finalidad diferente a las mencionadas y, una vez que terminen los plazos legales de conservaci\u00f3n y los plazos de prescripci\u00f3n de acciones aplicables en cada caso, borraremos tus datos de forma definitiva.<br><strong>Derechos que puedes ejercer<\/strong><br>Como interesado, tienes derecho a acceder, rectificar, cancelar, solicitar la portabilidad de tus datos, oponerte o limitar el tratamiento que hacemos de tus datos en los casos y con el alcance que establezca la normativa aplicable. Puedes ejercer estos derechos enviando una carta a ATI Calle Camil Fabra 2, entresuelo 2\u00aa, 08030 Barcelona, o solicit\u00e1ndolo a trav\u00e9s de un correo electr\u00f3nico dirigido<br>a\u00a0secregen@atinet.es\u00a0marcando como asunto \u201cProtecci\u00f3n de Datos\u201d. En ambos casos la comunicaci\u00f3n deber\u00e1 ir acompa\u00f1ada de una fotocopia de tu DNI o documento de identidad equivalente, y el de reclamaci\u00f3n a www.aepd.es.<\/p>\n ","protected":false},"excerpt":{"rendered":"<p>Quien es el Responsable del tratamiento de tus datos personales Asociaci\u00f3n de T\u00e9cnicos de Inform\u00e1tica (ATI), NIF G08676967 con domicilio social en Calle Camil Fabra 2, entresuelo 2\u00aa, 08030 Barcelona.Para que tratamos tus datos personales y con qu\u00e9 objetivosLos tratamos conforme a lo establecido en los estatutos de nuestra asociaci\u00f3n profesional sin \u00e1nimo de lucro&#8230;<\/p>\n<p class=\"more-link-wrap\"><a href=\"https:\/\/www.ati.es\/es_es\/politica-de-privacidad\/\" class=\"more-link\">Leer m\u00e1s<span class=\"screen-reader-text\"> &ldquo;Pol\u00edtica de Privacidad&rdquo;<\/span> &raquo;<\/a><\/p>\n","protected":false},"author":16,"featured_media":0,"parent":0,"menu_order":0,"comment_status":"closed","ping_status":"closed","template":"","meta":[],"yoast_head":"<!-- This site is optimized with the Yoast SEO plugin v20.6 - https:\/\/yoast.com\/wordpress\/plugins\/seo\/ -->\n<title>Pol\u00edtica de Privacidad de ATI<\/title>\n<meta name=\"description\" content=\"Pol\u00edtica de privacidad de la Asociaci\u00f3n de T\u00e9cnicos de Inform\u00e1tica (ATI).\" \/>\n<meta name=\"robots\" content=\"index, follow, max-snippet:-1, max-image-preview:large, max-video-preview:-1\" \/>\n<link rel=\"canonical\" href=\"https:\/\/www.ati.es\/es_es\/politica-de-privacidad\/\" \/>\n<meta property=\"og:locale\" content=\"es_ES\" \/>\n<meta property=\"og:type\" content=\"article\" \/>\n<meta property=\"og:title\" content=\"Pol\u00edtica de Privacidad de ATI\" \/>\n<meta property=\"og:description\" content=\"Pol\u00edtica de privacidad de la Asociaci\u00f3n de T\u00e9cnicos de Inform\u00e1tica (ATI).\" \/>\n<meta property=\"og:url\" content=\"https:\/\/www.ati.es\/es_es\/politica-de-privacidad\/\" \/>\n<meta property=\"og:site_name\" content=\"Asociaci\u00f3n de T\u00e9cnicos de Inform\u00e1tica\" \/>\n<meta property=\"article:modified_time\" content=\"2022-04-21T09:58:34+00:00\" \/>\n<meta name=\"twitter:card\" content=\"summary_large_image\" \/>\n<meta name=\"twitter:label1\" content=\"Tiempo de lectura\" \/>\n\t<meta name=\"twitter:data1\" content=\"3 minutos\" \/>\n<script type=\"application\/ld+json\" class=\"yoast-schema-graph\">{\"@context\":\"https:\/\/schema.org\",\"@graph\":[{\"@type\":\"WebPage\",\"@id\":\"https:\/\/www.ati.es\/politica-de-privacidad\/\",\"url\":\"https:\/\/www.ati.es\/politica-de-privacidad\/\",\"name\":\"Pol\u00edtica de Privacidad de ATI\",\"isPartOf\":{\"@id\":\"https:\/\/www.ati.es\/#website\"},\"datePublished\":\"2018-05-25T16:56:36+00:00\",\"dateModified\":\"2022-04-21T09:58:34+00:00\",\"description\":\"Pol\u00edtica de privacidad de la Asociaci\u00f3n de T\u00e9cnicos de Inform\u00e1tica (ATI).\",\"breadcrumb\":{\"@id\":\"https:\/\/www.ati.es\/politica-de-privacidad\/#breadcrumb\"},\"inLanguage\":\"es\",\"potentialAction\":[{\"@type\":\"ReadAction\",\"target\":[\"https:\/\/www.ati.es\/politica-de-privacidad\/\"]}]},{\"@type\":\"BreadcrumbList\",\"@id\":\"https:\/\/www.ati.es\/politica-de-privacidad\/#breadcrumb\",\"itemListElement\":[{\"@type\":\"ListItem\",\"position\":1,\"name\":\"Portada\",\"item\":\"https:\/\/www.ati.es\/\"},{\"@type\":\"ListItem\",\"position\":2,\"name\":\"Pol\u00edtica de Privacidad\"}]},{\"@type\":\"WebSite\",\"@id\":\"https:\/\/www.ati.es\/#website\",\"url\":\"https:\/\/www.ati.es\/\",\"name\":\"Asociaci\u00f3n de T\u00e9cnicos de Inform\u00e1tica\",\"description\":\"\",\"publisher\":{\"@id\":\"https:\/\/www.ati.es\/#organization\"},\"potentialAction\":[{\"@type\":\"SearchAction\",\"target\":{\"@type\":\"EntryPoint\",\"urlTemplate\":\"https:\/\/www.ati.es\/?s={search_term_string}\"},\"query-input\":\"required name=search_term_string\"}],\"inLanguage\":\"es\"},{\"@type\":\"Organization\",\"@id\":\"https:\/\/www.ati.es\/#organization\",\"name\":\"Asociaci\u00f3n de T\u00e9cnicos de Inform\u00e1tica\",\"url\":\"https:\/\/www.ati.es\/\",\"logo\":{\"@type\":\"ImageObject\",\"inLanguage\":\"es\",\"@id\":\"https:\/\/www.ati.es\/#\/schema\/logo\/image\/\",\"url\":\"https:\/\/www.ati.es\/wp-content\/uploads\/2021\/07\/cropped-logoATIvectorized.png\",\"contentUrl\":\"https:\/\/www.ati.es\/wp-content\/uploads\/2021\/07\/cropped-logoATIvectorized.png\",\"width\":431,\"height\":231,\"caption\":\"Asociaci\u00f3n de T\u00e9cnicos de Inform\u00e1tica\"},\"image\":{\"@id\":\"https:\/\/www.ati.es\/#\/schema\/logo\/image\/\"}}]}<\/script>\n<!-- \/ Yoast SEO plugin. -->","yoast_head_json":{"title":"Pol\u00edtica de Privacidad de ATI","description":"Pol\u00edtica de privacidad de la Asociaci\u00f3n de T\u00e9cnicos de Inform\u00e1tica (ATI).","robots":{"index":"index","follow":"follow","max-snippet":"max-snippet:-1","max-image-preview":"max-image-preview:large","max-video-preview":"max-video-preview:-1"},"canonical":"https:\/\/www.ati.es\/es_es\/politica-de-privacidad\/","og_locale":"es_ES","og_type":"article","og_title":"Pol\u00edtica de Privacidad de ATI","og_description":"Pol\u00edtica de privacidad de la Asociaci\u00f3n de T\u00e9cnicos de Inform\u00e1tica (ATI).","og_url":"https:\/\/www.ati.es\/es_es\/politica-de-privacidad\/","og_site_name":"Asociaci\u00f3n de T\u00e9cnicos de Inform\u00e1tica","article_modified_time":"2022-04-21T09:58:34+00:00","twitter_card":"summary_large_image","twitter_misc":{"Tiempo de lectura":"3 minutos"},"schema":{"@context":"https:\/\/schema.org","@graph":[{"@type":"WebPage","@id":"https:\/\/www.ati.es\/politica-de-privacidad\/","url":"https:\/\/www.ati.es\/politica-de-privacidad\/","name":"Pol\u00edtica de Privacidad de ATI","isPartOf":{"@id":"https:\/\/www.ati.es\/#website"},"datePublished":"2018-05-25T16:56:36+00:00","dateModified":"2022-04-21T09:58:34+00:00","description":"Pol\u00edtica de privacidad de la Asociaci\u00f3n de T\u00e9cnicos de Inform\u00e1tica (ATI).","breadcrumb":{"@id":"https:\/\/www.ati.es\/politica-de-privacidad\/#breadcrumb"},"inLanguage":"es","potentialAction":[{"@type":"ReadAction","target":["https:\/\/www.ati.es\/politica-de-privacidad\/"]}]},{"@type":"BreadcrumbList","@id":"https:\/\/www.ati.es\/politica-de-privacidad\/#breadcrumb","itemListElement":[{"@type":"ListItem","position":1,"name":"Portada","item":"https:\/\/www.ati.es\/"},{"@type":"ListItem","position":2,"name":"Pol\u00edtica de Privacidad"}]},{"@type":"WebSite","@id":"https:\/\/www.ati.es\/#website","url":"https:\/\/www.ati.es\/","name":"Asociaci\u00f3n de T\u00e9cnicos de Inform\u00e1tica","description":"","publisher":{"@id":"https:\/\/www.ati.es\/#organization"},"potentialAction":[{"@type":"SearchAction","target":{"@type":"EntryPoint","urlTemplate":"https:\/\/www.ati.es\/?s={search_term_string}"},"query-input":"required name=search_term_string"}],"inLanguage":"es"},{"@type":"Organization","@id":"https:\/\/www.ati.es\/#organization","name":"Asociaci\u00f3n de T\u00e9cnicos de Inform\u00e1tica","url":"https:\/\/www.ati.es\/","logo":{"@type":"ImageObject","inLanguage":"es","@id":"https:\/\/www.ati.es\/#\/schema\/logo\/image\/","url":"https:\/\/www.ati.es\/wp-content\/uploads\/2021\/07\/cropped-logoATIvectorized.png","contentUrl":"https:\/\/www.ati.es\/wp-content\/uploads\/2021\/07\/cropped-logoATIvectorized.png","width":431,"height":231,"caption":"Asociaci\u00f3n de T\u00e9cnicos de Inform\u00e1tica"},"image":{"@id":"https:\/\/www.ati.es\/#\/schema\/logo\/image\/"}}]}},"_links":{"self":[{"href":"https:\/\/www.ati.es\/es_es\/wp-json\/wp\/v2\/pages\/1724"}],"collection":[{"href":"https:\/\/www.ati.es\/es_es\/wp-json\/wp\/v2\/pages"}],"about":[{"href":"https:\/\/www.ati.es\/es_es\/wp-json\/wp\/v2\/types\/page"}],"author":[{"embeddable":true,"href":"https:\/\/www.ati.es\/es_es\/wp-json\/wp\/v2\/users\/16"}],"replies":[{"embeddable":true,"href":"https:\/\/www.ati.es\/es_es\/wp-json\/wp\/v2\/comments?post=1724"}],"version-history":[{"count":12,"href":"https:\/\/www.ati.es\/es_es\/wp-json\/wp\/v2\/pages\/1724\/revisions"}],"predecessor-version":[{"id":4786,"href":"https:\/\/www.ati.es\/es_es\/wp-json\/wp\/v2\/pages\/1724\/revisions\/4786"}],"wp:attachment":[{"href":"https:\/\/www.ati.es\/es_es\/wp-json\/wp\/v2\/media?parent=1724"}],"curies":[{"name":"wp","href":"https:\/\/api.w.org\/{rel}","templated":true}]}}