{"id":132,"date":"2016-10-30T16:54:59","date_gmt":"2016-10-30T15:54:59","guid":{"rendered":"http:\/\/www.ati.es\/?page_id=132"},"modified":"2024-05-10T10:10:23","modified_gmt":"2024-05-10T09:10:23","slug":"hazte-socio","status":"publish","type":"page","link":"https:\/\/www.ati.es\/es_es\/hazte-socio\/","title":{"rendered":"Hazte Socio"},"content":{"rendered":"<div>Cuota anual socio de n\u00famero:\u00a0 100,00 \u20ac<\/div>\n<div>Cuota anual socio estudiante:\u00a0 15,00 \u20ac<\/div>\n<div>Cuota anual socio jubilado:\u00a0 \u00a030,00 \u20ac<\/div>\n<div>\u00a0<\/div>\n<div><div class=\"everest-forms\"><div class=\"evf-container default\" id=\"evf-2317\"><form id=\"evf-form-2317\" class=\"everest-form\" data-formid=\"2317\" data-ajax_submission=\"0\" data-keyboard_friendly_form=\"0\" data-form_state_type=\"\" method=\"post\" enctype=\"multipart\/form-data\" action=\"\/es_es\/wp-json\/wp\/v2\/pages\/132\"><div class=\"evf-field-container\"><input type=\"hidden\" id=\"_wpnonce2317\" name=\"_wpnonce2317\" value=\"741cc3aeaf\" \/><input type=\"hidden\" name=\"_wp_http_referer\" value=\"\/es_es\/wp-json\/wp\/v2\/pages\/132\" \/><div class=\"evf-frontend-row\" data-row=\"row_3\" conditional_rules=\"[]\"><div class=\"evf-frontend-grid evf-grid-2\" data-grid=\"grid_1\"><div id=\"evf-2317-field_Z6kB3GWepN-10-container\" class=\"evf-field evf-field-first-name form-row validate-required\" data-required-field-message=\"Este campo es obligatorio.\" data-field-id=\"Z6kB3GWepN-10\"><label class=\"evf-field-label\" for=\"evf-2317-field_Z6kB3GWepN-10\"><span class=\"evf-label\">Nombre<\/span> <abbr class=\"required\" title=\"Obligatorio\">*<\/abbr><\/label><input type=\"text\" id=\"evf-2317-field_Z6kB3GWepN-10\" class=\"input-text\" name=\"everest_forms[form_fields][Z6kB3GWepN-10]\" required><\/div><div id=\"evf-2317-field_3VVMleOCDt-1-container\" class=\"evf-field evf-field-last-name form-row validate-required\" data-required-field-message=\"Este campo es obligatorio.\" data-field-id=\"3VVMleOCDt-1\"><label class=\"evf-field-label\" for=\"evf-2317-field_3VVMleOCDt-1\"><span class=\"evf-label\">Apellidos<\/span> <abbr class=\"required\" title=\"Obligatorio\">*<\/abbr><\/label><input type=\"text\" id=\"evf-2317-field_3VVMleOCDt-1\" class=\"input-text\" name=\"everest_forms[form_fields][3VVMleOCDt-1]\" required><\/div><div id=\"evf-2317-field_dkp9F5zGqY-22-container\" class=\"evf-field evf-field-first-name form-row validate-required\" data-required-field-message=\"Este campo es obligatorio.\" data-field-id=\"dkp9F5zGqY-22\"><label class=\"evf-field-label\" for=\"evf-2317-field_dkp9F5zGqY-22\"><span class=\"evf-label\">DNI \/ NIF<\/span> <abbr class=\"required\" title=\"Obligatorio\">*<\/abbr><\/label><input type=\"text\" id=\"evf-2317-field_dkp9F5zGqY-22\" class=\"input-text\" name=\"everest_forms[form_fields][dkp9F5zGqY-22]\" required><\/div><\/div><div class=\"evf-frontend-grid evf-grid-2\" data-grid=\"grid_2\"><div id=\"evf-2317-field_X4cS3AOpZp-2-container\" class=\"evf-field evf-field-text form-row validate-required\" data-required-field-message=\"Este campo es obligatorio.\" data-field-id=\"X4cS3AOpZp-2\"><label class=\"evf-field-label\" for=\"evf-2317-field_X4cS3AOpZp-2\"><span class=\"evf-label\">Tel\u00e9fono de contacto<\/span> <abbr class=\"required\" title=\"Obligatorio\">*<\/abbr><\/label><input type=\"text\" id=\"evf-2317-field_X4cS3AOpZp-2\" class=\"input-text\" name=\"everest_forms[form_fields][X4cS3AOpZp-2]\" required><\/div><div id=\"evf-2317-field_email-container\" class=\"evf-field evf-field-email form-row validate-required validate-email\" data-required-field-message=\"Por favor, usa una direcci\u00f3n de correo electr\u00f3nico v\u00e1lida.\" data-field-id=\"email\"><label class=\"evf-field-label\" for=\"evf-2317-field_email\"><span class=\"evf-label\">Email<\/span> <abbr class=\"required\" title=\"Obligatorio\">*<\/abbr><\/label><input type=\"email\" id=\"evf-2317-field_email\" class=\"input-text\" name=\"everest_forms[form_fields][email]\" required ><\/div><div id=\"evf-2317-field_C3tYhRt2rn-11-container\" class=\"evf-field evf-field-first-name form-row validate-required\" data-required-field-message=\"Este campo es obligatorio.\" data-field-id=\"C3tYhRt2rn-11\"><label class=\"evf-field-label\" for=\"evf-2317-field_C3tYhRt2rn-11\"><span class=\"evf-label\">Fecha de nacimiento<\/span> <abbr class=\"required\" title=\"Obligatorio\">*<\/abbr><\/label><input type=\"text\" id=\"evf-2317-field_C3tYhRt2rn-11\" class=\"input-text\" name=\"everest_forms[form_fields][C3tYhRt2rn-11]\" required><\/div><\/div><\/div><div class=\"evf-frontend-row\" data-row=\"row_2\" conditional_rules=\"[]\"><div class=\"evf-frontend-grid evf-grid-2\" data-grid=\"grid_1\"><div id=\"evf-2317-field_mkWl0rw9C5-4-container\" class=\"evf-field evf-field-text form-row validate-required\" data-required-field-message=\"Este campo es obligatorio.\" data-field-id=\"mkWl0rw9C5-4\"><label class=\"evf-field-label\" for=\"evf-2317-field_mkWl0rw9C5-4\"><span class=\"evf-label\">Direcci\u00f3n<\/span> <abbr class=\"required\" title=\"Obligatorio\">*<\/abbr><\/label><input type=\"text\" id=\"evf-2317-field_mkWl0rw9C5-4\" class=\"input-text\" name=\"everest_forms[form_fields][mkWl0rw9C5-4]\" required><\/div><div id=\"evf-2317-field_GX1g0JcfrP-31-container\" class=\"evf-field evf-field-first-name form-row validate-required\" data-required-field-message=\"Este campo es obligatorio.\" data-field-id=\"GX1g0JcfrP-31\"><label class=\"evf-field-label\" for=\"evf-2317-field_GX1g0JcfrP-31\"><span class=\"evf-label\">C\u00f3digo postal<\/span> <abbr class=\"required\" title=\"Obligatorio\">*<\/abbr><\/label><input type=\"text\" id=\"evf-2317-field_GX1g0JcfrP-31\" class=\"input-text\" name=\"everest_forms[form_fields][GX1g0JcfrP-31]\" required><\/div><\/div><div class=\"evf-frontend-grid evf-grid-2\" data-grid=\"grid_2\"><div id=\"evf-2317-field_RZ7DGM9IDd-5-container\" class=\"evf-field evf-field-text form-row validate-required\" data-required-field-message=\"Este campo es obligatorio.\" data-field-id=\"RZ7DGM9IDd-5\"><label class=\"evf-field-label\" for=\"evf-2317-field_RZ7DGM9IDd-5\"><span class=\"evf-label\">Poblaci\u00f3n<\/span> <abbr class=\"required\" title=\"Obligatorio\">*<\/abbr><\/label><input type=\"text\" id=\"evf-2317-field_RZ7DGM9IDd-5\" class=\"input-text\" name=\"everest_forms[form_fields][RZ7DGM9IDd-5]\" required><\/div><div id=\"evf-2317-field_mUZxQ5cLJk-7-container\" class=\"evf-field evf-field-first-name form-row validate-required\" data-required-field-message=\"Este campo es obligatorio.\" data-field-id=\"mUZxQ5cLJk-7\"><label class=\"evf-field-label\" for=\"evf-2317-field_mUZxQ5cLJk-7\"><span class=\"evf-label\">Prov\u00edncia<\/span> <abbr class=\"required\" title=\"Obligatorio\">*<\/abbr><\/label><input type=\"text\" id=\"evf-2317-field_mUZxQ5cLJk-7\" class=\"input-text\" name=\"everest_forms[form_fields][mUZxQ5cLJk-7]\" required><\/div><\/div><\/div><div class=\"evf-frontend-row\" data-row=\"row_4\" conditional_rules=\"[]\"><div class=\"evf-frontend-grid evf-grid-2\" data-grid=\"grid_1\"><div id=\"evf-2317-field_OJGLsn1Eo4-24-container\" class=\"evf-field evf-field-select form-row\" data-field-id=\"OJGLsn1Eo4-24\"><label class=\"evf-field-label\" for=\"evf-2317-field_OJGLsn1Eo4-24\"><span class=\"evf-label\">Nivel de estudios<\/span> <\/label><select id=\"evf-2317-field_OJGLsn1Eo4-24\" class=\"input-text\" name=\"everest_forms[form_fields][OJGLsn1Eo4-24]\" ><option value=\"Educaci\u00f3n Primaria\" >Educaci\u00f3n Primaria<\/option><option value=\"Educaci\u00f3n Secundaria Obligatoria\" >Educaci\u00f3n Secundaria Obligatoria<\/option><option value=\"Ciclo Formativo Grado Superior\" >Ciclo Formativo Grado Superior<\/option><option value=\"Grado\" >Grado<\/option><option value=\"Master\" >Master<\/option><option value=\"Doctorado\" >Doctorado<\/option><option value=\"No oficial\" >No oficial<\/option><option value=\"Estudiante\" >Estudiante<\/option><\/select><\/div><\/div><div class=\"evf-frontend-grid evf-grid-2\" data-grid=\"grid_2\"><div id=\"evf-2317-field_ZCVRlngigG-23-container\" class=\"evf-field evf-field-first-name form-row\" data-field-id=\"ZCVRlngigG-23\"><label class=\"evf-field-label\" for=\"evf-2317-field_ZCVRlngigG-23\"><span class=\"evf-label\">Titulaci\u00f3n<\/span> <\/label><input type=\"text\" id=\"evf-2317-field_ZCVRlngigG-23\" class=\"input-text\" name=\"everest_forms[form_fields][ZCVRlngigG-23]\" ><\/div><\/div><\/div><div class=\"evf-frontend-row\" data-row=\"row_6\" conditional_rules=\"[]\"><div class=\"evf-frontend-grid evf-grid-2\" data-grid=\"grid_1\"><div id=\"evf-2317-field_OTE0NJMvfc-20-container\" class=\"evf-field evf-field-text form-row validate-required\" data-required-field-message=\"Este campo es obligatorio.\" data-field-id=\"OTE0NJMvfc-20\"><label class=\"evf-field-label\" for=\"evf-2317-field_OTE0NJMvfc-20\"><span class=\"evf-label\">IBAN \/ N\u00famero de cuenta bancaria<\/span> <abbr class=\"required\" title=\"Obligatorio\">*<\/abbr><\/label><input type=\"text\" id=\"evf-2317-field_OTE0NJMvfc-20\" class=\"input-text\" name=\"everest_forms[form_fields][OTE0NJMvfc-20]\" required><div class=\"evf-field-description\">La cuota anual se paga \u00edntegra cuando es una alta. Al a\u00f1o siguiente se pasan tres recibos a lo largo del a\u00f1o.<\/div><\/div><\/div><div class=\"evf-frontend-grid evf-grid-2\" data-grid=\"grid_2\"><div id=\"evf-2317-field_oeIOiCSpNB-16-container\" class=\"evf-field evf-field-first-name form-row validate-required\" data-required-field-message=\"Este campo es obligatorio.\" data-field-id=\"oeIOiCSpNB-16\"><label class=\"evf-field-label\" for=\"evf-2317-field_oeIOiCSpNB-16\"><span class=\"evf-label\">Entidad bancaria<\/span> <abbr class=\"required\" title=\"Obligatorio\">*<\/abbr><\/label><input type=\"text\" id=\"evf-2317-field_oeIOiCSpNB-16\" class=\"input-text\" name=\"everest_forms[form_fields][oeIOiCSpNB-16]\" required><\/div><\/div><\/div><div class=\"evf-frontend-row\" data-row=\"row_7\" conditional_rules=\"[]\"><div class=\"evf-frontend-grid evf-grid-1\" data-grid=\"grid_1\"><div id=\"evf-2317-field_QuxAk1QoeX-18-container\" class=\"evf-field evf-field-checkbox form-row validate-required\" data-required-field-message=\"Este campo es obligatorio.\" data-field-id=\"QuxAk1QoeX-18\"><ul id=\"evf-2317-field_QuxAk1QoeX-18\" class=\" evf-field-required\"><li class=\"choice-1 depth-1\"><input type=\"checkbox\" id=\"evf-2317-field_QuxAk1QoeX-18_1\" class=\"input-text\" name=\"everest_forms[form_fields][QuxAk1QoeX-18][]\" value=\"&lt;span style=&quot;font-style:italic&quot;&gt;He le\u00eddo y acepto el &lt;a href=&quot;https:\/\/www.ati.es\/aviso-legal\/&quot; target=&quot;_blank&quot;&gt;aviso legal&lt;\/a&gt; y la &lt;a href=&quot;https:\/\/www.ati.es\/politica-de-privacidad\/&quot; target=&quot;_blank&quot;&gt;pol\u00edtica de privacidad&lt;\/a&gt;.&lt;\/span&gt;\" required ><label class=\"everest-forms-field-label-inline\" for=\"evf-2317-field_QuxAk1QoeX-18_1\"><span style=\"font-style:italic\">He le\u00eddo y acepto el <a href=\"https:\/\/www.ati.es\/aviso-legal\/\" target=\"_blank\">aviso legal<\/a> y la <a href=\"https:\/\/www.ati.es\/politica-de-privacidad\/\" target=\"_blank\">pol\u00edtica de privacidad<\/a>.<\/span><\/label><\/li><\/ul><\/div><\/div><\/div><div class=\"evf-frontend-row\" data-row=\"row_8\" conditional_rules=\"[]\"><div class=\"evf-frontend-grid evf-grid-1\" data-grid=\"grid_1\"><div id=\"evf-2317-field_gLNt1IcrA6-34-container\" class=\"evf-field evf-field-text form-row\" data-field-id=\"gLNt1IcrA6-34\"><label class=\"evf-field-label\" for=\"evf-2317-field_gLNt1IcrA6-34\"><span class=\"evf-label\">(el env\u00edo de este formulario puede tardar unos minutos)<\/span> <\/label><input type=\"text\" id=\"evf-2317-field_gLNt1IcrA6-34\" class=\"input-text\" name=\"everest_forms[form_fields][gLNt1IcrA6-34]\" ><\/div><\/div><\/div><\/div><div class=\"evf-honeypot-container evf-field-hp\"><label for=\"evf-2317-field-hp\" class=\"evf-field-label\">Website<\/label><input type=\"text\" name=\"everest_forms[hp]\" id=\"evf-2317-field-hp\" class=\"input-text\"><\/div><div class=\"evf-submit-container \" ><input type=\"hidden\" name=\"everest_forms[id]\" value=\"2317\"><input type=\"hidden\" name=\"everest_forms[author]\" value=\"1\"><button type='submit' name='everest_forms[submit]' class='everest-forms-submit-button button evf-submit ' id='evf-submit-2317' value='evf-submit' data-process-text=\"Procesando...\" conditional_rules='&quot;&quot;' conditional_id='evf-submit-2317'  id=\"evf-submit-2317\" aria-live=\"assertive\">Enviar<\/button><\/div><\/form><\/div><!-- .evf-container --><\/div><\/div>\n\n\n<p><\/p>\n ","protected":false},"excerpt":{"rendered":"<p>Cuota anual socio de n\u00famero:\u00a0 100,00 \u20ac Cuota anual socio estudiante:\u00a0 15,00 \u20ac Cuota anual socio jubilado:\u00a0 \u00a030,00 \u20ac \u00a0<\/p>\n","protected":false},"author":1,"featured_media":0,"parent":0,"menu_order":0,"comment_status":"closed","ping_status":"closed","template":"","meta":[],"yoast_head":"<!-- This site is optimized with the Yoast SEO plugin v20.6 - https:\/\/yoast.com\/wordpress\/plugins\/seo\/ -->\n<title>Hazte Socio - Asociaci\u00f3n de T\u00e9cnicos de Inform\u00e1tica<\/title>\n<meta name=\"description\" content=\"Hazte socio de ATI y mantente informado de todas las noticias relacionadas con el sector TIC, entre otras ventajas. M\u00e1s informaci\u00f3n en nuestra web.\" \/>\n<meta name=\"robots\" content=\"index, follow, max-snippet:-1, max-image-preview:large, max-video-preview:-1\" \/>\n<link rel=\"canonical\" href=\"https:\/\/www.ati.es\/es_es\/hazte-socio\/\" \/>\n<meta property=\"og:locale\" content=\"es_ES\" \/>\n<meta property=\"og:type\" content=\"article\" \/>\n<meta property=\"og:title\" content=\"Hazte Socio - Asociaci\u00f3n de T\u00e9cnicos de Inform\u00e1tica\" \/>\n<meta property=\"og:description\" content=\"Hazte socio de ATI y mantente informado de todas las noticias relacionadas con el sector TIC, entre otras ventajas. M\u00e1s informaci\u00f3n en nuestra web.\" \/>\n<meta property=\"og:url\" content=\"https:\/\/www.ati.es\/es_es\/hazte-socio\/\" \/>\n<meta property=\"og:site_name\" content=\"Asociaci\u00f3n de T\u00e9cnicos de Inform\u00e1tica\" \/>\n<meta property=\"article:modified_time\" content=\"2024-05-10T09:10:23+00:00\" \/>\n<meta name=\"twitter:card\" content=\"summary_large_image\" \/>\n<meta name=\"twitter:label1\" content=\"Tiempo de lectura\" \/>\n\t<meta name=\"twitter:data1\" content=\"1 minuto\" \/>\n<script type=\"application\/ld+json\" class=\"yoast-schema-graph\">{\"@context\":\"https:\/\/schema.org\",\"@graph\":[{\"@type\":\"WebPage\",\"@id\":\"https:\/\/www.ati.es\/hazte-socio\/\",\"url\":\"https:\/\/www.ati.es\/hazte-socio\/\",\"name\":\"Hazte Socio - Asociaci\u00f3n de T\u00e9cnicos de Inform\u00e1tica\",\"isPartOf\":{\"@id\":\"https:\/\/www.ati.es\/#website\"},\"datePublished\":\"2016-10-30T15:54:59+00:00\",\"dateModified\":\"2024-05-10T09:10:23+00:00\",\"description\":\"Hazte socio de ATI y mantente informado de todas las noticias relacionadas con el sector TIC, entre otras ventajas. M\u00e1s informaci\u00f3n en nuestra web.\",\"breadcrumb\":{\"@id\":\"https:\/\/www.ati.es\/hazte-socio\/#breadcrumb\"},\"inLanguage\":\"es\",\"potentialAction\":[{\"@type\":\"ReadAction\",\"target\":[\"https:\/\/www.ati.es\/hazte-socio\/\"]}]},{\"@type\":\"BreadcrumbList\",\"@id\":\"https:\/\/www.ati.es\/hazte-socio\/#breadcrumb\",\"itemListElement\":[{\"@type\":\"ListItem\",\"position\":1,\"name\":\"Portada\",\"item\":\"https:\/\/www.ati.es\/\"},{\"@type\":\"ListItem\",\"position\":2,\"name\":\"Hazte Socio\"}]},{\"@type\":\"WebSite\",\"@id\":\"https:\/\/www.ati.es\/#website\",\"url\":\"https:\/\/www.ati.es\/\",\"name\":\"Asociaci\u00f3n de T\u00e9cnicos de Inform\u00e1tica\",\"description\":\"\",\"publisher\":{\"@id\":\"https:\/\/www.ati.es\/#organization\"},\"potentialAction\":[{\"@type\":\"SearchAction\",\"target\":{\"@type\":\"EntryPoint\",\"urlTemplate\":\"https:\/\/www.ati.es\/?s={search_term_string}\"},\"query-input\":\"required name=search_term_string\"}],\"inLanguage\":\"es\"},{\"@type\":\"Organization\",\"@id\":\"https:\/\/www.ati.es\/#organization\",\"name\":\"Asociaci\u00f3n de T\u00e9cnicos de Inform\u00e1tica\",\"url\":\"https:\/\/www.ati.es\/\",\"logo\":{\"@type\":\"ImageObject\",\"inLanguage\":\"es\",\"@id\":\"https:\/\/www.ati.es\/#\/schema\/logo\/image\/\",\"url\":\"https:\/\/www.ati.es\/wp-content\/uploads\/2021\/07\/cropped-logoATIvectorized.png\",\"contentUrl\":\"https:\/\/www.ati.es\/wp-content\/uploads\/2021\/07\/cropped-logoATIvectorized.png\",\"width\":431,\"height\":231,\"caption\":\"Asociaci\u00f3n de T\u00e9cnicos de Inform\u00e1tica\"},\"image\":{\"@id\":\"https:\/\/www.ati.es\/#\/schema\/logo\/image\/\"}}]}<\/script>\n<!-- \/ Yoast SEO plugin. -->","yoast_head_json":{"title":"Hazte Socio - Asociaci\u00f3n de T\u00e9cnicos de Inform\u00e1tica","description":"Hazte socio de ATI y mantente informado de todas las noticias relacionadas con el sector TIC, entre otras ventajas. M\u00e1s informaci\u00f3n en nuestra web.","robots":{"index":"index","follow":"follow","max-snippet":"max-snippet:-1","max-image-preview":"max-image-preview:large","max-video-preview":"max-video-preview:-1"},"canonical":"https:\/\/www.ati.es\/es_es\/hazte-socio\/","og_locale":"es_ES","og_type":"article","og_title":"Hazte Socio - Asociaci\u00f3n de T\u00e9cnicos de Inform\u00e1tica","og_description":"Hazte socio de ATI y mantente informado de todas las noticias relacionadas con el sector TIC, entre otras ventajas. M\u00e1s informaci\u00f3n en nuestra web.","og_url":"https:\/\/www.ati.es\/es_es\/hazte-socio\/","og_site_name":"Asociaci\u00f3n de T\u00e9cnicos de Inform\u00e1tica","article_modified_time":"2024-05-10T09:10:23+00:00","twitter_card":"summary_large_image","twitter_misc":{"Tiempo de lectura":"1 minuto"},"schema":{"@context":"https:\/\/schema.org","@graph":[{"@type":"WebPage","@id":"https:\/\/www.ati.es\/hazte-socio\/","url":"https:\/\/www.ati.es\/hazte-socio\/","name":"Hazte Socio - Asociaci\u00f3n de T\u00e9cnicos de Inform\u00e1tica","isPartOf":{"@id":"https:\/\/www.ati.es\/#website"},"datePublished":"2016-10-30T15:54:59+00:00","dateModified":"2024-05-10T09:10:23+00:00","description":"Hazte socio de ATI y mantente informado de todas las noticias relacionadas con el sector TIC, entre otras ventajas. M\u00e1s informaci\u00f3n en nuestra web.","breadcrumb":{"@id":"https:\/\/www.ati.es\/hazte-socio\/#breadcrumb"},"inLanguage":"es","potentialAction":[{"@type":"ReadAction","target":["https:\/\/www.ati.es\/hazte-socio\/"]}]},{"@type":"BreadcrumbList","@id":"https:\/\/www.ati.es\/hazte-socio\/#breadcrumb","itemListElement":[{"@type":"ListItem","position":1,"name":"Portada","item":"https:\/\/www.ati.es\/"},{"@type":"ListItem","position":2,"name":"Hazte Socio"}]},{"@type":"WebSite","@id":"https:\/\/www.ati.es\/#website","url":"https:\/\/www.ati.es\/","name":"Asociaci\u00f3n de T\u00e9cnicos de Inform\u00e1tica","description":"","publisher":{"@id":"https:\/\/www.ati.es\/#organization"},"potentialAction":[{"@type":"SearchAction","target":{"@type":"EntryPoint","urlTemplate":"https:\/\/www.ati.es\/?s={search_term_string}"},"query-input":"required name=search_term_string"}],"inLanguage":"es"},{"@type":"Organization","@id":"https:\/\/www.ati.es\/#organization","name":"Asociaci\u00f3n de T\u00e9cnicos de Inform\u00e1tica","url":"https:\/\/www.ati.es\/","logo":{"@type":"ImageObject","inLanguage":"es","@id":"https:\/\/www.ati.es\/#\/schema\/logo\/image\/","url":"https:\/\/www.ati.es\/wp-content\/uploads\/2021\/07\/cropped-logoATIvectorized.png","contentUrl":"https:\/\/www.ati.es\/wp-content\/uploads\/2021\/07\/cropped-logoATIvectorized.png","width":431,"height":231,"caption":"Asociaci\u00f3n de T\u00e9cnicos de Inform\u00e1tica"},"image":{"@id":"https:\/\/www.ati.es\/#\/schema\/logo\/image\/"}}]}},"_links":{"self":[{"href":"https:\/\/www.ati.es\/es_es\/wp-json\/wp\/v2\/pages\/132"}],"collection":[{"href":"https:\/\/www.ati.es\/es_es\/wp-json\/wp\/v2\/pages"}],"about":[{"href":"https:\/\/www.ati.es\/es_es\/wp-json\/wp\/v2\/types\/page"}],"author":[{"embeddable":true,"href":"https:\/\/www.ati.es\/es_es\/wp-json\/wp\/v2\/users\/1"}],"replies":[{"embeddable":true,"href":"https:\/\/www.ati.es\/es_es\/wp-json\/wp\/v2\/comments?post=132"}],"version-history":[{"count":79,"href":"https:\/\/www.ati.es\/es_es\/wp-json\/wp\/v2\/pages\/132\/revisions"}],"predecessor-version":[{"id":5419,"href":"https:\/\/www.ati.es\/es_es\/wp-json\/wp\/v2\/pages\/132\/revisions\/5419"}],"wp:attachment":[{"href":"https:\/\/www.ati.es\/es_es\/wp-json\/wp\/v2\/media?parent=132"}],"curies":[{"name":"wp","href":"https:\/\/api.w.org\/{rel}","templated":true}]}}