{"id":126,"date":"2016-10-30T16:48:31","date_gmt":"2016-10-30T15:48:31","guid":{"rendered":"http:\/\/www.ati.es\/?page_id=126"},"modified":"2022-10-17T16:22:48","modified_gmt":"2022-10-17T15:22:48","slug":"ati-jobs","status":"publish","type":"page","link":"https:\/\/www.ati.es\/es_es\/ati-jobs\/","title":{"rendered":"ATI Jobs"},"content":{"rendered":"\n<p>ATI Jobs es la <strong>Bolsa de Trabajo<\/strong> propia de ATI donde se recogen las demandas o solicitudes de profesionales por parte de las empresas relacionadas con el <strong>Sector TIC<\/strong>.<\/p>\n\n\n\n<p>Los socios de ATI tienen preferencia, ya sea a trav\u00e9s de la <a href=\"https:\/\/intranet.ati.es\/\" target=\"_blank\" rel=\"noopener noreferrer\"><strong>intranet<\/strong><\/a>&nbsp;o bien mediante notificaciones por <span style=\"color: #006666;\"><strong>@email<\/strong><\/span>, en el conocimiento de las nuevas solicitudes de trabajo que llegan regularmente.<\/p>\n\n\n\n<hr class=\"wp-block-separator has-css-opacity\"\/>\n\n\n\t<div class=\"wpnawfree-plugin news-clearfix \" id=\"wpnw-news-1\">\r\n\r\n\t\t\r\n\t\t\t<div id=\"post-5878\" class=\"news type-news wpnaw-blog-class has-date news-col-1 wpnaw-first\">\r\n\t\t\t\t<div class=\"news-inner-wrap-view news-clearfix wpnaw-news-no-image\">\r\n\r\n\t\t\t\t\t\r\n\t\t\t\t\t<div class=\"news-content\">\r\n\t\t\t\t\t\t\t\t\t\t\t\t\t<div class=\"date-post\">\r\n\t\t\t\t\t\t\t\t<h2><span>15<\/span><\/h2>\r\n\t\t\t\t\t\t\t\t<p>Abr 26<\/p>\r\n\t\t\t\t\t\t\t<\/div>\r\n\t\t\t\t\t\t\r\n\t\t\t\t\t\t<div class=\"post-content-text\">\r\n\t\t\t\t\t\t\t<h3 class=\"news-title\"><a href=\"https:\/\/www.ati.es\/es_es\/news\/titulado-superior-para-elarea-de-informatica-del-hospital-univ-fuenlabrada\/\" rel=\"bookmark\">Titulado Superior para el \u00c1rea de Inform\u00e1tica del Hospital Uniersitario de Fuenlabrada<\/a><\/h3>\t\t\t\t\t\t\t\t<div class=\"news-content-excerpt\">\r\n\t\t\t\t\t\t\t\t\t\t\t\t\t\t\t\t\t\t\t<div class=\"news-short-content\">\r\n\t\t\t\t\t\t\t\t\t\t\t\t\t\t\t\t\t\t\t\t\t<\/div>\r\n\t\t\t\t\t\t\t\t\t\t<a href=\"https:\/\/www.ati.es\/es_es\/news\/titulado-superior-para-elarea-de-informatica-del-hospital-univ-fuenlabrada\/\" class=\"news-more-link\">Lea m\u00e1s<\/a>\r\n\t\t\t\t\t\t\t\t\t\t\t\t\t\t\t\t\t<\/div><!-- .entry-content -->\r\n\t\t\t\t\t\t\t\t\t\t\t\t\t<\/div>\r\n\t\t\t\t\t<\/div>\r\n\t\t\t\t<\/div><!-- #post-## -->\r\n\t\t\t<\/div><!-- #post-## -->\r\n\t\t\r\n\t\t\t<div id=\"post-5771\" class=\"news type-news wpnaw-blog-class has-date news-col-1\">\r\n\t\t\t\t<div class=\"news-inner-wrap-view news-clearfix wpnaw-news-no-image\">\r\n\r\n\t\t\t\t\t\r\n\t\t\t\t\t<div class=\"news-content\">\r\n\t\t\t\t\t\t\t\t\t\t\t\t\t<div class=\"date-post\">\r\n\t\t\t\t\t\t\t\t<h2><span>13<\/span><\/h2>\r\n\t\t\t\t\t\t\t\t<p>Jun 25<\/p>\r\n\t\t\t\t\t\t\t<\/div>\r\n\t\t\t\t\t\t\r\n\t\t\t\t\t\t<div class=\"post-content-text\">\r\n\t\t\t\t\t\t\t<h3 class=\"news-title\"><a href=\"https:\/\/www.ati.es\/es_es\/news\/experto-en-ia-make\/\" rel=\"bookmark\">Experto en IA (Make)<\/a><\/h3>\t\t\t\t\t\t\t\t<div class=\"news-content-excerpt\">\r\n\t\t\t\t\t\t\t\t\t\t\t\t\t\t\t\t\t\t\t<div class=\"news-short-content\">\r\n\t\t\t\t\t\t\t\t\t\t\t\t\t\t\t\t\t\t\t\t\t<\/div>\r\n\t\t\t\t\t\t\t\t\t\t<a href=\"https:\/\/www.ati.es\/es_es\/news\/experto-en-ia-make\/\" class=\"news-more-link\">Lea m\u00e1s<\/a>\r\n\t\t\t\t\t\t\t\t\t\t\t\t\t\t\t\t\t<\/div><!-- .entry-content -->\r\n\t\t\t\t\t\t\t\t\t\t\t\t\t<\/div>\r\n\t\t\t\t\t<\/div>\r\n\t\t\t\t<\/div><!-- #post-## -->\r\n\t\t\t<\/div><!-- #post-## -->\r\n\t\t\r\n\t\t\t<div id=\"post-5640\" class=\"news type-news wpnaw-blog-class has-date news-col-1\">\r\n\t\t\t\t<div class=\"news-inner-wrap-view news-clearfix wpnaw-news-no-image\">\r\n\r\n\t\t\t\t\t\r\n\t\t\t\t\t<div class=\"news-content\">\r\n\t\t\t\t\t\t\t\t\t\t\t\t\t<div class=\"date-post\">\r\n\t\t\t\t\t\t\t\t<h2><span>16<\/span><\/h2>\r\n\t\t\t\t\t\t\t\t<p>Oct 24<\/p>\r\n\t\t\t\t\t\t\t<\/div>\r\n\t\t\t\t\t\t\r\n\t\t\t\t\t\t<div class=\"post-content-text\">\r\n\t\t\t\t\t\t\t<h3 class=\"news-title\"><a href=\"https:\/\/www.ati.es\/es_es\/news\/tecnico-sistemas-junior\/\" rel=\"bookmark\">T\u00e9cnico Sistemas Junior<\/a><\/h3>\t\t\t\t\t\t\t\t<div class=\"news-content-excerpt\">\r\n\t\t\t\t\t\t\t\t\t\t\t\t\t\t\t\t\t\t\t<div class=\"news-short-content\">\r\n\t\t\t\t\t\t\t\t\t\t\t\t\t\t\t\t\t\t\t\t\t<\/div>\r\n\t\t\t\t\t\t\t\t\t\t<a href=\"https:\/\/www.ati.es\/es_es\/news\/tecnico-sistemas-junior\/\" class=\"news-more-link\">Lea m\u00e1s<\/a>\r\n\t\t\t\t\t\t\t\t\t\t\t\t\t\t\t\t\t<\/div><!-- .entry-content -->\r\n\t\t\t\t\t\t\t\t\t\t\t\t\t<\/div>\r\n\t\t\t\t\t<\/div>\r\n\t\t\t\t<\/div><!-- #post-## -->\r\n\t\t\t<\/div><!-- #post-## -->\r\n\t\t\r\n\t\t\t<div id=\"post-5476\" class=\"news type-news wpnaw-blog-class has-date news-col-1\">\r\n\t\t\t\t<div class=\"news-inner-wrap-view news-clearfix wpnaw-news-no-image\">\r\n\r\n\t\t\t\t\t\r\n\t\t\t\t\t<div class=\"news-content\">\r\n\t\t\t\t\t\t\t\t\t\t\t\t\t<div class=\"date-post\">\r\n\t\t\t\t\t\t\t\t<h2><span>17<\/span><\/h2>\r\n\t\t\t\t\t\t\t\t<p>Jul 24<\/p>\r\n\t\t\t\t\t\t\t<\/div>\r\n\t\t\t\t\t\t\r\n\t\t\t\t\t\t<div class=\"post-content-text\">\r\n\t\t\t\t\t\t\t<h3 class=\"news-title\"><a href=\"https:\/\/www.ati.es\/es_es\/news\/programador-2\/\" rel=\"bookmark\">Programador<\/a><\/h3>\t\t\t\t\t\t\t\t<div class=\"news-content-excerpt\">\r\n\t\t\t\t\t\t\t\t\t\t\t\t\t\t\t\t\t\t\t<div class=\"news-short-content\">\r\n\t\t\t\t\t\t\t\t\t\t\t\t\t\t\t\t\t\t\t\t\t<\/div>\r\n\t\t\t\t\t\t\t\t\t\t<a href=\"https:\/\/www.ati.es\/es_es\/news\/programador-2\/\" class=\"news-more-link\">Lea m\u00e1s<\/a>\r\n\t\t\t\t\t\t\t\t\t\t\t\t\t\t\t\t\t<\/div><!-- .entry-content -->\r\n\t\t\t\t\t\t\t\t\t\t\t\t\t<\/div>\r\n\t\t\t\t\t<\/div>\r\n\t\t\t\t<\/div><!-- #post-## -->\r\n\t\t\t<\/div><!-- #post-## -->\r\n\t\t\r\n\t\t\t<div id=\"post-5394\" class=\"news type-news wpnaw-blog-class has-date news-col-1\">\r\n\t\t\t\t<div class=\"news-inner-wrap-view news-clearfix wpnaw-news-no-image\">\r\n\r\n\t\t\t\t\t\r\n\t\t\t\t\t<div class=\"news-content\">\r\n\t\t\t\t\t\t\t\t\t\t\t\t\t<div class=\"date-post\">\r\n\t\t\t\t\t\t\t\t<h2><span>25<\/span><\/h2>\r\n\t\t\t\t\t\t\t\t<p>Mar 24<\/p>\r\n\t\t\t\t\t\t\t<\/div>\r\n\t\t\t\t\t\t\r\n\t\t\t\t\t\t<div class=\"post-content-text\">\r\n\t\t\t\t\t\t\t<h3 class=\"news-title\"><a href=\"https:\/\/www.ati.es\/es_es\/news\/tecnic-mitja-informatic\/\" rel=\"bookmark\">T\u00e8cnic mitj\u00e0 inform\u00e0tic<\/a><\/h3>\t\t\t\t\t\t\t\t<div class=\"news-content-excerpt\">\r\n\t\t\t\t\t\t\t\t\t\t\t\t\t\t\t\t\t\t\t<div class=\"news-short-content\">\r\n\t\t\t\t\t\t\t\t\t\t\t\t\t\t\t\t\t\t\t\t\t<\/div>\r\n\t\t\t\t\t\t\t\t\t\t<a href=\"https:\/\/www.ati.es\/es_es\/news\/tecnic-mitja-informatic\/\" class=\"news-more-link\">Lea m\u00e1s<\/a>\r\n\t\t\t\t\t\t\t\t\t\t\t\t\t\t\t\t\t<\/div><!-- .entry-content -->\r\n\t\t\t\t\t\t\t\t\t\t\t\t\t<\/div>\r\n\t\t\t\t\t<\/div>\r\n\t\t\t\t<\/div><!-- #post-## -->\r\n\t\t\t<\/div><!-- #post-## -->\r\n\t\t\r\n\t\t\t<div id=\"post-5243\" class=\"news type-news wpnaw-blog-class has-date news-col-1 wpnaw-last\">\r\n\t\t\t\t<div class=\"news-inner-wrap-view news-clearfix wpnaw-news-no-image\">\r\n\r\n\t\t\t\t\t\r\n\t\t\t\t\t<div class=\"news-content\">\r\n\t\t\t\t\t\t\t\t\t\t\t\t\t<div class=\"date-post\">\r\n\t\t\t\t\t\t\t\t<h2><span>24<\/span><\/h2>\r\n\t\t\t\t\t\t\t\t<p>Oct 23<\/p>\r\n\t\t\t\t\t\t\t<\/div>\r\n\t\t\t\t\t\t\r\n\t\t\t\t\t\t<div class=\"post-content-text\">\r\n\t\t\t\t\t\t\t<h3 class=\"news-title\"><a href=\"https:\/\/www.ati.es\/es_es\/news\/programador\/\" rel=\"bookmark\">PROGRAMADOR<\/a><\/h3>\t\t\t\t\t\t\t\t<div class=\"news-content-excerpt\">\r\n\t\t\t\t\t\t\t\t\t\t\t\t\t\t\t\t\t\t\t<div class=\"news-short-content\">\r\n\t\t\t\t\t\t\t\t\t\t\t\t\t\t\t\t\t\t\t\t\t<\/div>\r\n\t\t\t\t\t\t\t\t\t\t<a href=\"https:\/\/www.ati.es\/es_es\/news\/programador\/\" class=\"news-more-link\">Lea m\u00e1s<\/a>\r\n\t\t\t\t\t\t\t\t\t\t\t\t\t\t\t\t\t<\/div><!-- .entry-content -->\r\n\t\t\t\t\t\t\t\t\t\t\t\t\t<\/div>\r\n\t\t\t\t\t<\/div>\r\n\t\t\t\t<\/div><!-- #post-## -->\r\n\t\t\t<\/div><!-- #post-## -->\r\n\t\t\t\t\t<div class=\"news_pagination wpnw-numeric\">\r\n\t\t\t\t<span aria-current=\"page\" class=\"page-numbers current\">1<\/span>\n<a class=\"page-numbers\" href=\"https:\/\/www.ati.es\/es_es\/wp-json\/wp\/v2\/pages\/126\/page\/2\/#wpnw-news-1\">2<\/a>\n<a class=\"page-numbers\" href=\"https:\/\/www.ati.es\/es_es\/wp-json\/wp\/v2\/pages\/126\/page\/3\/#wpnw-news-1\">3<\/a>\n<span class=\"page-numbers dots\">&hellip;<\/span>\n<a class=\"page-numbers\" href=\"https:\/\/www.ati.es\/es_es\/wp-json\/wp\/v2\/pages\/126\/page\/41\/#wpnw-news-1\">41<\/a>\n<a class=\"next page-numbers\" href=\"https:\/\/www.ati.es\/es_es\/wp-json\/wp\/v2\/pages\/126\/page\/2\/#wpnw-news-1\">Next &raquo;<\/a>\t\t\t<\/div>\r\n\t\t\t<\/div>\r\n\r\n\t\n ","protected":false},"excerpt":{"rendered":"<p>ATI Jobs es la Bolsa de Trabajo propia de ATI donde se recogen las demandas o solicitudes de profesionales por parte de las empresas relacionadas con el Sector TIC. Los socios de ATI tienen preferencia, ya sea a trav\u00e9s de la intranet&nbsp;o bien mediante notificaciones por @email, en el conocimiento de las nuevas solicitudes de&#8230;<\/p>\n<p class=\"more-link-wrap\"><a href=\"https:\/\/www.ati.es\/es_es\/news\/programador\/\" class=\"more-link\">Leer m\u00e1s<span class=\"screen-reader-text\"> &ldquo;PROGRAMADOR&rdquo;<\/span> &raquo;<\/a><\/p>\n","protected":false},"author":1,"featured_media":3518,"parent":0,"menu_order":0,"comment_status":"closed","ping_status":"closed","template":"","meta":[],"yoast_head":"<!-- This site is optimized with the Yoast SEO plugin v20.6 - https:\/\/yoast.com\/wordpress\/plugins\/seo\/ -->\n<title>Bolsa de Trabajo para profesionales del sector TIC<\/title>\n<meta name=\"description\" content=\"ATI posee una Bolsa de Trabajo propia donde se recogen las demandas o solicitudes de profesionales por parte de empresas relacionadas con el Sector TIC.\" \/>\n<meta name=\"robots\" content=\"index, follow, max-snippet:-1, max-image-preview:large, max-video-preview:-1\" \/>\n<link rel=\"canonical\" href=\"https:\/\/www.ati.es\/es_es\/ati-jobs\/\" \/>\n<meta property=\"og:locale\" content=\"es_ES\" \/>\n<meta property=\"og:type\" content=\"article\" \/>\n<meta property=\"og:title\" content=\"Bolsa de Trabajo para profesionales del sector TIC\" \/>\n<meta property=\"og:description\" content=\"ATI posee una Bolsa de Trabajo propia donde se recogen las demandas o solicitudes de profesionales por parte de empresas relacionadas con el Sector TIC.\" \/>\n<meta property=\"og:url\" content=\"https:\/\/www.ati.es\/es_es\/ati-jobs\/\" \/>\n<meta property=\"og:site_name\" content=\"Asociaci\u00f3n de T\u00e9cnicos de Inform\u00e1tica\" \/>\n<meta property=\"article:modified_time\" content=\"2022-10-17T15:22:48+00:00\" \/>\n<meta property=\"og:image\" content=\"https:\/\/www.ati.es\/wp-content\/uploads\/2021\/02\/ATI_Jobs.png\" \/>\n\t<meta property=\"og:image:width\" content=\"3640\" \/>\n\t<meta property=\"og:image:height\" content=\"1625\" \/>\n\t<meta property=\"og:image:type\" content=\"image\/png\" \/>\n<meta name=\"twitter:card\" content=\"summary_large_image\" \/>\n<meta name=\"twitter:label1\" content=\"Tiempo de lectura\" \/>\n\t<meta name=\"twitter:data1\" content=\"1 minuto\" \/>\n<script type=\"application\/ld+json\" class=\"yoast-schema-graph\">{\"@context\":\"https:\/\/schema.org\",\"@graph\":[{\"@type\":\"WebPage\",\"@id\":\"https:\/\/www.ati.es\/ati-jobs\/\",\"url\":\"https:\/\/www.ati.es\/ati-jobs\/\",\"name\":\"Bolsa de Trabajo para profesionales del sector TIC\",\"isPartOf\":{\"@id\":\"https:\/\/www.ati.es\/#website\"},\"datePublished\":\"2016-10-30T15:48:31+00:00\",\"dateModified\":\"2022-10-17T15:22:48+00:00\",\"description\":\"ATI posee una Bolsa de Trabajo propia donde se recogen las demandas o solicitudes de profesionales por parte de empresas relacionadas con el Sector TIC.\",\"breadcrumb\":{\"@id\":\"https:\/\/www.ati.es\/ati-jobs\/#breadcrumb\"},\"inLanguage\":\"es\",\"potentialAction\":[{\"@type\":\"ReadAction\",\"target\":[\"https:\/\/www.ati.es\/ati-jobs\/\"]}]},{\"@type\":\"BreadcrumbList\",\"@id\":\"https:\/\/www.ati.es\/ati-jobs\/#breadcrumb\",\"itemListElement\":[{\"@type\":\"ListItem\",\"position\":1,\"name\":\"Portada\",\"item\":\"https:\/\/www.ati.es\/\"},{\"@type\":\"ListItem\",\"position\":2,\"name\":\"ATI Jobs\"}]},{\"@type\":\"WebSite\",\"@id\":\"https:\/\/www.ati.es\/#website\",\"url\":\"https:\/\/www.ati.es\/\",\"name\":\"Asociaci\u00f3n de T\u00e9cnicos de Inform\u00e1tica\",\"description\":\"\",\"publisher\":{\"@id\":\"https:\/\/www.ati.es\/#organization\"},\"potentialAction\":[{\"@type\":\"SearchAction\",\"target\":{\"@type\":\"EntryPoint\",\"urlTemplate\":\"https:\/\/www.ati.es\/?s={search_term_string}\"},\"query-input\":\"required name=search_term_string\"}],\"inLanguage\":\"es\"},{\"@type\":\"Organization\",\"@id\":\"https:\/\/www.ati.es\/#organization\",\"name\":\"Asociaci\u00f3n de T\u00e9cnicos de Inform\u00e1tica\",\"url\":\"https:\/\/www.ati.es\/\",\"logo\":{\"@type\":\"ImageObject\",\"inLanguage\":\"es\",\"@id\":\"https:\/\/www.ati.es\/#\/schema\/logo\/image\/\",\"url\":\"https:\/\/www.ati.es\/wp-content\/uploads\/2021\/07\/cropped-logoATIvectorized.png\",\"contentUrl\":\"https:\/\/www.ati.es\/wp-content\/uploads\/2021\/07\/cropped-logoATIvectorized.png\",\"width\":431,\"height\":231,\"caption\":\"Asociaci\u00f3n de T\u00e9cnicos de Inform\u00e1tica\"},\"image\":{\"@id\":\"https:\/\/www.ati.es\/#\/schema\/logo\/image\/\"}}]}<\/script>\n<!-- \/ Yoast SEO plugin. -->","yoast_head_json":{"title":"Bolsa de Trabajo para profesionales del sector TIC","description":"ATI posee una Bolsa de Trabajo propia donde se recogen las demandas o solicitudes de profesionales por parte de empresas relacionadas con el Sector TIC.","robots":{"index":"index","follow":"follow","max-snippet":"max-snippet:-1","max-image-preview":"max-image-preview:large","max-video-preview":"max-video-preview:-1"},"canonical":"https:\/\/www.ati.es\/es_es\/ati-jobs\/","og_locale":"es_ES","og_type":"article","og_title":"Bolsa de Trabajo para profesionales del sector TIC","og_description":"ATI posee una Bolsa de Trabajo propia donde se recogen las demandas o solicitudes de profesionales por parte de empresas relacionadas con el Sector TIC.","og_url":"https:\/\/www.ati.es\/es_es\/ati-jobs\/","og_site_name":"Asociaci\u00f3n de T\u00e9cnicos de Inform\u00e1tica","article_modified_time":"2022-10-17T15:22:48+00:00","og_image":[{"width":3640,"height":1625,"url":"https:\/\/www.ati.es\/wp-content\/uploads\/2021\/02\/ATI_Jobs.png","type":"image\/png"}],"twitter_card":"summary_large_image","twitter_misc":{"Tiempo de lectura":"1 minuto"},"schema":{"@context":"https:\/\/schema.org","@graph":[{"@type":"WebPage","@id":"https:\/\/www.ati.es\/ati-jobs\/","url":"https:\/\/www.ati.es\/ati-jobs\/","name":"Bolsa de Trabajo para profesionales del sector TIC","isPartOf":{"@id":"https:\/\/www.ati.es\/#website"},"datePublished":"2016-10-30T15:48:31+00:00","dateModified":"2022-10-17T15:22:48+00:00","description":"ATI posee una Bolsa de Trabajo propia donde se recogen las demandas o solicitudes de profesionales por parte de empresas relacionadas con el Sector TIC.","breadcrumb":{"@id":"https:\/\/www.ati.es\/ati-jobs\/#breadcrumb"},"inLanguage":"es","potentialAction":[{"@type":"ReadAction","target":["https:\/\/www.ati.es\/ati-jobs\/"]}]},{"@type":"BreadcrumbList","@id":"https:\/\/www.ati.es\/ati-jobs\/#breadcrumb","itemListElement":[{"@type":"ListItem","position":1,"name":"Portada","item":"https:\/\/www.ati.es\/"},{"@type":"ListItem","position":2,"name":"ATI Jobs"}]},{"@type":"WebSite","@id":"https:\/\/www.ati.es\/#website","url":"https:\/\/www.ati.es\/","name":"Asociaci\u00f3n de T\u00e9cnicos de Inform\u00e1tica","description":"","publisher":{"@id":"https:\/\/www.ati.es\/#organization"},"potentialAction":[{"@type":"SearchAction","target":{"@type":"EntryPoint","urlTemplate":"https:\/\/www.ati.es\/?s={search_term_string}"},"query-input":"required name=search_term_string"}],"inLanguage":"es"},{"@type":"Organization","@id":"https:\/\/www.ati.es\/#organization","name":"Asociaci\u00f3n de T\u00e9cnicos de Inform\u00e1tica","url":"https:\/\/www.ati.es\/","logo":{"@type":"ImageObject","inLanguage":"es","@id":"https:\/\/www.ati.es\/#\/schema\/logo\/image\/","url":"https:\/\/www.ati.es\/wp-content\/uploads\/2021\/07\/cropped-logoATIvectorized.png","contentUrl":"https:\/\/www.ati.es\/wp-content\/uploads\/2021\/07\/cropped-logoATIvectorized.png","width":431,"height":231,"caption":"Asociaci\u00f3n de T\u00e9cnicos de Inform\u00e1tica"},"image":{"@id":"https:\/\/www.ati.es\/#\/schema\/logo\/image\/"}}]}},"_links":{"self":[{"href":"https:\/\/www.ati.es\/es_es\/wp-json\/wp\/v2\/pages\/126"}],"collection":[{"href":"https:\/\/www.ati.es\/es_es\/wp-json\/wp\/v2\/pages"}],"about":[{"href":"https:\/\/www.ati.es\/es_es\/wp-json\/wp\/v2\/types\/page"}],"author":[{"embeddable":true,"href":"https:\/\/www.ati.es\/es_es\/wp-json\/wp\/v2\/users\/1"}],"replies":[{"embeddable":true,"href":"https:\/\/www.ati.es\/es_es\/wp-json\/wp\/v2\/comments?post=126"}],"version-history":[{"count":107,"href":"https:\/\/www.ati.es\/es_es\/wp-json\/wp\/v2\/pages\/126\/revisions"}],"predecessor-version":[{"id":5055,"href":"https:\/\/www.ati.es\/es_es\/wp-json\/wp\/v2\/pages\/126\/revisions\/5055"}],"wp:featuredmedia":[{"embeddable":true,"href":"https:\/\/www.ati.es\/es_es\/wp-json\/wp\/v2\/media\/3518"}],"wp:attachment":[{"href":"https:\/\/www.ati.es\/es_es\/wp-json\/wp\/v2\/media?parent=126"}],"curies":[{"name":"wp","href":"https:\/\/api.w.org\/{rel}","templated":true}]}}