{"id":923,"date":"2016-11-25T11:45:15","date_gmt":"2016-11-25T10:45:15","guid":{"rendered":"http:\/\/www.ati.es\/?page_id=923"},"modified":"2016-11-25T11:47:00","modified_gmt":"2016-11-25T10:47:00","slug":"contenidos-novatica","status":"publish","type":"page","link":"https:\/\/www.ati.es\/ca\/novatica-2\/contenidos-novatica\/","title":{"rendered":"Contenidos Nov\u00e1tica"},"content":{"rendered":"<p>Estimado lector, recientemente hemos publicado la Nueva Web de <strong><a href=\"http:\/\/www.ati.es\/ca\/\">ATI <\/a><\/strong>y estamos en proceso de <strong>migraci\u00f3n de datos<\/strong><\/p>\n<p>Algunos de los enlaces a contenidos de <strong>Nov\u00e1tica<\/strong> se estan viendo afectados, y nos estamos esforzando para ponerlos a su disposici\u00f3n lo antes posible<\/p>\n<p>Le invitamos a que acceda al nuevo enlace de <strong><a href=\"http:\/\/www.ati.es\/ca\/novatica\/\">Nov\u00e1tica<\/a><\/strong>, que iremos actualizando en las proximas semanas para que los contenidos<br \/>\nvuelvan a estar disponibles en breve<\/p>\n<p>Si necesita alg\u00fan contenido especifico con caracter de urgencia, no dude en contactar con <a href=\"mailto:secregen@ati.es\"><strong>Secretar\u00eda General de ATI<\/strong><\/a> para que se lo faciliten<\/p>\n<p>Disculpe las molestias que esto le pueda ocasionar<\/p>","protected":false},"excerpt":{"rendered":"<p>Estimado lector, recientemente hemos publicado la Nueva Web de ATI y estamos en proceso de migraci\u00f3n de datos Algunos de los enlaces a contenidos de Nov\u00e1tica se estan viendo afectados, y nos estamos esforzando para ponerlos a su disposici\u00f3n lo antes posible Le invitamos a que acceda al nuevo enlace de Nov\u00e1tica, que iremos actualizando&#8230;<\/p>\n<p class=\"more-link-wrap\"><a href=\"https:\/\/www.ati.es\/ca\/novatica-2\/contenidos-novatica\/\" class=\"more-link\">Leer m\u00e1s<span class=\"screen-reader-text\"> &ldquo;Contenidos Nov\u00e1tica&rdquo;<\/span> \u00bb<\/a><\/p>","protected":false},"author":1,"featured_media":0,"parent":66,"menu_order":0,"comment_status":"closed","ping_status":"closed","template":"template-fullwidth.php","meta":[],"yoast_head":"<!-- This site is optimized with the Yoast SEO plugin v20.6 - https:\/\/yoast.com\/wordpress\/plugins\/seo\/ -->\n<title>Contenidos Nov\u00e1tica - Asociaci\u00f3n de T\u00e9cnicos de Inform\u00e1tica<\/title>\n<meta name=\"robots\" content=\"index, follow, max-snippet:-1, max-image-preview:large, max-video-preview:-1\" \/>\n<link rel=\"canonical\" href=\"https:\/\/www.ati.es\/ca\/novatica-2\/contenidos-novatica\/\" \/>\n<meta property=\"og:locale\" content=\"ca_ES\" \/>\n<meta property=\"og:type\" content=\"article\" \/>\n<meta property=\"og:title\" content=\"Contenidos Nov\u00e1tica - Asociaci\u00f3n de T\u00e9cnicos de Inform\u00e1tica\" \/>\n<meta property=\"og:description\" content=\"Estimado lector, recientemente hemos publicado la Nueva Web de ATI y estamos en proceso de migraci\u00f3n de datos Algunos de los enlaces a contenidos de Nov\u00e1tica se estan viendo afectados, y nos estamos esforzando para ponerlos a su disposici\u00f3n lo antes posible Le invitamos a que acceda al nuevo enlace de Nov\u00e1tica, que iremos actualizando...Leer m\u00e1s &ldquo;Contenidos Nov\u00e1tica&rdquo; &raquo;\" \/>\n<meta property=\"og:url\" content=\"https:\/\/www.ati.es\/ca\/novatica-2\/contenidos-novatica\/\" \/>\n<meta property=\"og:site_name\" content=\"Asociaci\u00f3n de T\u00e9cnicos de Inform\u00e1tica\" \/>\n<meta property=\"article:modified_time\" content=\"2016-11-25T10:47:00+00:00\" \/>\n<meta name=\"twitter:card\" content=\"summary_large_image\" \/>\n<meta name=\"twitter:label1\" content=\"Temps estimat de lectura\" \/>\n\t<meta name=\"twitter:data1\" content=\"1 minut\" \/>\n<script type=\"application\/ld+json\" class=\"yoast-schema-graph\">{\"@context\":\"https:\/\/schema.org\",\"@graph\":[{\"@type\":\"WebPage\",\"@id\":\"https:\/\/www.ati.es\/novatica-2\/contenidos-novatica\/\",\"url\":\"https:\/\/www.ati.es\/novatica-2\/contenidos-novatica\/\",\"name\":\"Contenidos Nov\u00e1tica - Asociaci\u00f3n de T\u00e9cnicos de Inform\u00e1tica\",\"isPartOf\":{\"@id\":\"https:\/\/www.ati.es\/#website\"},\"datePublished\":\"2016-11-25T10:45:15+00:00\",\"dateModified\":\"2016-11-25T10:47:00+00:00\",\"breadcrumb\":{\"@id\":\"https:\/\/www.ati.es\/novatica-2\/contenidos-novatica\/#breadcrumb\"},\"inLanguage\":\"ca\",\"potentialAction\":[{\"@type\":\"ReadAction\",\"target\":[\"https:\/\/www.ati.es\/novatica-2\/contenidos-novatica\/\"]}]},{\"@type\":\"BreadcrumbList\",\"@id\":\"https:\/\/www.ati.es\/novatica-2\/contenidos-novatica\/#breadcrumb\",\"itemListElement\":[{\"@type\":\"ListItem\",\"position\":1,\"name\":\"Portada\",\"item\":\"https:\/\/www.ati.es\/\"},{\"@type\":\"ListItem\",\"position\":2,\"name\":\"Nov\u00e1tica\",\"item\":\"https:\/\/www.ati.es\/novatica-2\/\"},{\"@type\":\"ListItem\",\"position\":3,\"name\":\"Contenidos Nov\u00e1tica\"}]},{\"@type\":\"WebSite\",\"@id\":\"https:\/\/www.ati.es\/#website\",\"url\":\"https:\/\/www.ati.es\/\",\"name\":\"Asociaci\u00f3n de T\u00e9cnicos de Inform\u00e1tica\",\"description\":\"\",\"publisher\":{\"@id\":\"https:\/\/www.ati.es\/#organization\"},\"potentialAction\":[{\"@type\":\"SearchAction\",\"target\":{\"@type\":\"EntryPoint\",\"urlTemplate\":\"https:\/\/www.ati.es\/?s={search_term_string}\"},\"query-input\":\"required name=search_term_string\"}],\"inLanguage\":\"ca\"},{\"@type\":\"Organization\",\"@id\":\"https:\/\/www.ati.es\/#organization\",\"name\":\"Asociaci\u00f3n de T\u00e9cnicos de Inform\u00e1tica\",\"url\":\"https:\/\/www.ati.es\/\",\"logo\":{\"@type\":\"ImageObject\",\"inLanguage\":\"ca\",\"@id\":\"https:\/\/www.ati.es\/#\/schema\/logo\/image\/\",\"url\":\"https:\/\/www.ati.es\/wp-content\/uploads\/2021\/07\/cropped-logoATIvectorized.png\",\"contentUrl\":\"https:\/\/www.ati.es\/wp-content\/uploads\/2021\/07\/cropped-logoATIvectorized.png\",\"width\":431,\"height\":231,\"caption\":\"Asociaci\u00f3n de T\u00e9cnicos de Inform\u00e1tica\"},\"image\":{\"@id\":\"https:\/\/www.ati.es\/#\/schema\/logo\/image\/\"}}]}<\/script>\n<!-- \/ Yoast SEO plugin. -->","yoast_head_json":{"title":"Contenidos Nov\u00e1tica - Asociaci\u00f3n de T\u00e9cnicos de Inform\u00e1tica","robots":{"index":"index","follow":"follow","max-snippet":"max-snippet:-1","max-image-preview":"max-image-preview:large","max-video-preview":"max-video-preview:-1"},"canonical":"https:\/\/www.ati.es\/ca\/novatica-2\/contenidos-novatica\/","og_locale":"ca_ES","og_type":"article","og_title":"Contenidos Nov\u00e1tica - Asociaci\u00f3n de T\u00e9cnicos de Inform\u00e1tica","og_description":"Estimado lector, recientemente hemos publicado la Nueva Web de ATI y estamos en proceso de migraci\u00f3n de datos Algunos de los enlaces a contenidos de Nov\u00e1tica se estan viendo afectados, y nos estamos esforzando para ponerlos a su disposici\u00f3n lo antes posible Le invitamos a que acceda al nuevo enlace de Nov\u00e1tica, que iremos actualizando...Leer m\u00e1s &ldquo;Contenidos Nov\u00e1tica&rdquo; &raquo;","og_url":"https:\/\/www.ati.es\/ca\/novatica-2\/contenidos-novatica\/","og_site_name":"Asociaci\u00f3n de T\u00e9cnicos de Inform\u00e1tica","article_modified_time":"2016-11-25T10:47:00+00:00","twitter_card":"summary_large_image","twitter_misc":{"Temps estimat de lectura":"1 minut"},"schema":{"@context":"https:\/\/schema.org","@graph":[{"@type":"WebPage","@id":"https:\/\/www.ati.es\/novatica-2\/contenidos-novatica\/","url":"https:\/\/www.ati.es\/novatica-2\/contenidos-novatica\/","name":"Contenidos Nov\u00e1tica - Asociaci\u00f3n de T\u00e9cnicos de Inform\u00e1tica","isPartOf":{"@id":"https:\/\/www.ati.es\/#website"},"datePublished":"2016-11-25T10:45:15+00:00","dateModified":"2016-11-25T10:47:00+00:00","breadcrumb":{"@id":"https:\/\/www.ati.es\/novatica-2\/contenidos-novatica\/#breadcrumb"},"inLanguage":"ca","potentialAction":[{"@type":"ReadAction","target":["https:\/\/www.ati.es\/novatica-2\/contenidos-novatica\/"]}]},{"@type":"BreadcrumbList","@id":"https:\/\/www.ati.es\/novatica-2\/contenidos-novatica\/#breadcrumb","itemListElement":[{"@type":"ListItem","position":1,"name":"Portada","item":"https:\/\/www.ati.es\/"},{"@type":"ListItem","position":2,"name":"Nov\u00e1tica","item":"https:\/\/www.ati.es\/novatica-2\/"},{"@type":"ListItem","position":3,"name":"Contenidos Nov\u00e1tica"}]},{"@type":"WebSite","@id":"https:\/\/www.ati.es\/#website","url":"https:\/\/www.ati.es\/","name":"Associaci\u00f3 de T\u00e8cnics d'Inform\u00e0tica","description":"","publisher":{"@id":"https:\/\/www.ati.es\/#organization"},"potentialAction":[{"@type":"SearchAction","target":{"@type":"EntryPoint","urlTemplate":"https:\/\/www.ati.es\/?s={search_term_string}"},"query-input":"required name=search_term_string"}],"inLanguage":"ca"},{"@type":"Organization","@id":"https:\/\/www.ati.es\/#organization","name":"Associaci\u00f3 de T\u00e8cnics d'Inform\u00e0tica","url":"https:\/\/www.ati.es\/","logo":{"@type":"ImageObject","inLanguage":"ca","@id":"https:\/\/www.ati.es\/#\/schema\/logo\/image\/","url":"https:\/\/www.ati.es\/wp-content\/uploads\/2021\/07\/cropped-logoATIvectorized.png","contentUrl":"https:\/\/www.ati.es\/wp-content\/uploads\/2021\/07\/cropped-logoATIvectorized.png","width":431,"height":231,"caption":"Asociaci\u00f3n de T\u00e9cnicos de Inform\u00e1tica"},"image":{"@id":"https:\/\/www.ati.es\/#\/schema\/logo\/image\/"}}]}},"_links":{"self":[{"href":"https:\/\/www.ati.es\/ca\/wp-json\/wp\/v2\/pages\/923"}],"collection":[{"href":"https:\/\/www.ati.es\/ca\/wp-json\/wp\/v2\/pages"}],"about":[{"href":"https:\/\/www.ati.es\/ca\/wp-json\/wp\/v2\/types\/page"}],"author":[{"embeddable":true,"href":"https:\/\/www.ati.es\/ca\/wp-json\/wp\/v2\/users\/1"}],"replies":[{"embeddable":true,"href":"https:\/\/www.ati.es\/ca\/wp-json\/wp\/v2\/comments?post=923"}],"version-history":[{"count":0,"href":"https:\/\/www.ati.es\/ca\/wp-json\/wp\/v2\/pages\/923\/revisions"}],"up":[{"embeddable":true,"href":"https:\/\/www.ati.es\/ca\/wp-json\/wp\/v2\/pages\/66"}],"wp:attachment":[{"href":"https:\/\/www.ati.es\/ca\/wp-json\/wp\/v2\/media?parent=923"}],"curies":[{"name":"wp","href":"https:\/\/api.w.org\/{rel}","templated":true}]}}