{"id":740,"date":"2016-11-19T21:31:31","date_gmt":"2016-11-19T20:31:31","guid":{"rendered":"http:\/\/www.ati.es\/?page_id=740"},"modified":"2025-06-06T10:21:28","modified_gmt":"2025-06-06T09:21:28","slug":"50-aniversario","status":"publish","type":"page","link":"https:\/\/www.ati.es\/ca\/50-aniversario\/","title":{"rendered":"50 Aniversari"},"content":{"rendered":"<p>El 2017 la nostra associaci\u00f3 va complir el seu 50\u00e8 aniversari. Una efem\u00e8ride que va ser una excel\u00b7lent oportunitat per visibillitzar i apropar l'associaci\u00f3 als professionals TIC, i a la societat en el seu conjunt.<\/p>\n\n\n\n<p>Creada el 1967, ATI ha acollit al llarg d'aquestes d\u00e8cades els professionals de la inform\u00e0tica del nostre pa\u00eds, contribuint a l'aven\u00e7 i desenvolupament de la nostra societat. Estant presents des de les primeres instal\u00b7lacions de mainframes cap als anys 60 fins a l'actualitat, amb reptes apassionants a la nostra professi\u00f3, que fan de l'Associaci\u00f3 un motor per als professionals TIC.<\/p>\n\n\n<div class=\"wp-block-image is-style-default\">\n<figure class=\"aligncenter size-large is-resized\"><img loading=\"lazy\" src=\"https:\/\/www.ati.es\/wp-content\/uploads\/2016\/11\/50_Logo.jpg\" alt=\"\" class=\"wp-image-1319\" width=\"491\" height=\"154\" srcset=\"https:\/\/www.ati.es\/wp-content\/uploads\/2016\/11\/50_Logo.jpg 698w, https:\/\/www.ati.es\/wp-content\/uploads\/2016\/11\/50_Logo-300x95.jpg 300w, https:\/\/www.ati.es\/wp-content\/uploads\/2016\/11\/50_Logo-600x189.jpg 600w, https:\/\/www.ati.es\/wp-content\/uploads\/2016\/11\/50_Logo-280x88.jpg 280w\" sizes=\"(max-width: 491px) 100vw, 491px\" \/><\/figure><\/div>\n\n\n<p><strong>Actes de celebraci\u00f3<\/strong><\/p>\n\n\n\n<p>Homenatge a ATI de la Facultat de Inform\u00e0tica de Barcelona-UPC.<\/p>\n\n\n\n<p><strong>12\/02\/2018<\/strong> \u2013 Ciberseguretat \u00bfS\u00f3n els hackers l'\u00fanica amena\u00e7a? <em>Impartida per Enric Sandoval, Infrastructure &amp; Systems TIC Manager<\/em>.<\/p>\n\n\n\n<p><strong>22\/01\/2018<\/strong> \u2013 Homenatge a ATI pels seus 50 anys d'hist\u00f2ria, per part de la 23\u00aa \u201cNit de les Telecomunicacions i la Inform\u00e0tica\u201d.<\/p>\n\n\n\n<p><strong>18\/01\/2018<\/strong> \u2013 Confer\u00e8ncia, Introducci\u00f3 al Blockchain. <em>Impartida per Jaume Sol\u00e9, Enginyer Superior UPV, PDD, IESE.<\/em><\/p>\n\n\n\n<p><strong>18\/01\/2018<\/strong> \u2013 Confer\u00e8ncia El Ecosistema Blockchain. <em>Impartida per Antonio Ruiz, Blockchain Expert &amp; Miner.<\/em><\/p>\n\n\n\n<p><strong>16\/11\/2017<\/strong>&nbsp;\u2013 El Council de CEPIS celebra la seva reuni\u00f3 anual a Barcelona. <em>Intervenci\u00f3 del Tresorer d'ATI a la reuni\u00f3.<\/em><\/p>\n\n\n\n<p><strong>19\/10\/2017<\/strong> \u2013 La Cambra de Comer\u00e7, Ind\u00fastria i Navegaci\u00f3 de Barcelona lliura una placa conmemorativa dels 50 anys d'ATI.<\/p>\n\n\n\n<figure class=\"wp-container-2 wp-block-gallery-1 wp-block-gallery has-nested-images columns-default is-cropped\">\n<figure class=\"wp-block-image size-large\"><img loading=\"lazy\" width=\"1024\" height=\"683\" data-id=\"1683\"  src=\"https:\/\/www.ati.es\/wp-content\/uploads\/2018\/02\/LaNit18GrupPremiats-1024x683.jpg\" alt=\"\" class=\"wp-image-1683\" srcset=\"https:\/\/www.ati.es\/wp-content\/uploads\/2018\/02\/LaNit18GrupPremiats-1024x683.jpg 1024w, https:\/\/www.ati.es\/wp-content\/uploads\/2018\/02\/LaNit18GrupPremiats-300x200.jpg 300w, https:\/\/www.ati.es\/wp-content\/uploads\/2018\/02\/LaNit18GrupPremiats-768x512.jpg 768w, https:\/\/www.ati.es\/wp-content\/uploads\/2018\/02\/LaNit18GrupPremiats-750x500.jpg 750w, https:\/\/www.ati.es\/wp-content\/uploads\/2018\/02\/LaNit18GrupPremiats.jpg 1348w\" sizes=\"(max-width: 1024px) 100vw, 1024px\" \/><figcaption>Nit de les Telecomunicacions i la Inform\u00e0tica<\/figcaption><\/figure>\n\n\n\n<figure class=\"wp-block-image size-large\"><img loading=\"lazy\" width=\"659\" height=\"325\" data-id=\"1637\"  src=\"https:\/\/www.ati.es\/wp-content\/uploads\/2017\/12\/BANNERLANIT-659x325_NIT18.jpg\" alt=\"\" class=\"wp-image-1637\" srcset=\"https:\/\/www.ati.es\/wp-content\/uploads\/2017\/12\/BANNERLANIT-659x325_NIT18.jpg 659w, https:\/\/www.ati.es\/wp-content\/uploads\/2017\/12\/BANNERLANIT-659x325_NIT18-300x148.jpg 300w\" sizes=\"(max-width: 659px) 100vw, 659px\" \/><\/figure>\n\n\n\n<figure class=\"wp-block-image size-large\"><img loading=\"lazy\" width=\"955\" height=\"680\" data-id=\"1686\"  src=\"https:\/\/www.ati.es\/wp-content\/uploads\/2016\/11\/Imagen-2_Ciberde.png\" alt=\"\" class=\"wp-image-1686\" srcset=\"https:\/\/www.ati.es\/wp-content\/uploads\/2016\/11\/Imagen-2_Ciberde.png 955w, https:\/\/www.ati.es\/wp-content\/uploads\/2016\/11\/Imagen-2_Ciberde-300x214.png 300w, https:\/\/www.ati.es\/wp-content\/uploads\/2016\/11\/Imagen-2_Ciberde-768x547.png 768w\" sizes=\"(max-width: 955px) 100vw, 955px\" \/><figcaption>Confer\u00e8ncia Ciberseguretat<\/figcaption><\/figure>\n\n\n\n<figure class=\"wp-block-image size-large\"><img loading=\"lazy\" width=\"794\" height=\"752\" data-id=\"1685\"  src=\"https:\/\/www.ati.es\/wp-content\/uploads\/2016\/11\/Imagen-1_Ciberde.png\" alt=\"\" class=\"wp-image-1685\" srcset=\"https:\/\/www.ati.es\/wp-content\/uploads\/2016\/11\/Imagen-1_Ciberde.png 794w, https:\/\/www.ati.es\/wp-content\/uploads\/2016\/11\/Imagen-1_Ciberde-300x284.png 300w, https:\/\/www.ati.es\/wp-content\/uploads\/2016\/11\/Imagen-1_Ciberde-768x727.png 768w\" sizes=\"(max-width: 794px) 100vw, 794px\" \/><figcaption>Enric Sandoval<\/figcaption><\/figure>\n\n\n\n<figure class=\"wp-block-image size-large\"><img loading=\"lazy\" width=\"638\" height=\"693\" data-id=\"1674\"  src=\"https:\/\/www.ati.es\/wp-content\/uploads\/2016\/11\/PonentJS.png\" alt=\"\" class=\"wp-image-1674\" srcset=\"https:\/\/www.ati.es\/wp-content\/uploads\/2016\/11\/PonentJS.png 638w, https:\/\/www.ati.es\/wp-content\/uploads\/2016\/11\/PonentJS-276x300.png 276w\" sizes=\"(max-width: 638px) 100vw, 638px\" \/><figcaption>Jaume Sol\u00e9<\/figcaption><\/figure>\n\n\n\n<figure class=\"wp-block-image size-large\"><img loading=\"lazy\" width=\"640\" height=\"760\" data-id=\"1671\"  src=\"https:\/\/www.ati.es\/wp-content\/uploads\/2016\/11\/Imagen-2.png\" alt=\"\" class=\"wp-image-1671\" srcset=\"https:\/\/www.ati.es\/wp-content\/uploads\/2016\/11\/Imagen-2.png 640w, https:\/\/www.ati.es\/wp-content\/uploads\/2016\/11\/Imagen-2-253x300.png 253w\" sizes=\"(max-width: 640px) 100vw, 640px\" \/><figcaption>Antonio Ruiz<\/figcaption><\/figure>\n\n\n\n<figure class=\"wp-block-image size-large\"><img loading=\"lazy\" width=\"1024\" height=\"682\" data-id=\"1670\"  src=\"https:\/\/www.ati.es\/wp-content\/uploads\/2018\/02\/DiaCambra2017_DSF1556_Foto-1024x682.jpg\" alt=\"\" class=\"wp-image-1670\" srcset=\"https:\/\/www.ati.es\/wp-content\/uploads\/2018\/02\/DiaCambra2017_DSF1556_Foto-1024x682.jpg 1024w, https:\/\/www.ati.es\/wp-content\/uploads\/2018\/02\/DiaCambra2017_DSF1556_Foto-300x200.jpg 300w, https:\/\/www.ati.es\/wp-content\/uploads\/2018\/02\/DiaCambra2017_DSF1556_Foto-768x512.jpg 768w, https:\/\/www.ati.es\/wp-content\/uploads\/2018\/02\/DiaCambra2017_DSF1556_Foto-750x500.jpg 750w, https:\/\/www.ati.es\/wp-content\/uploads\/2018\/02\/DiaCambra2017_DSF1556_Foto.jpg 2000w\" sizes=\"(max-width: 1024px) 100vw, 1024px\" \/><figcaption>Cambra de Comer\u00e7, Ind\u00fastria i Navegaci\u00f3 de Barcelona<\/figcaption><\/figure>\n\n\n\n<figure class=\"wp-block-image size-large\"><img loading=\"lazy\" width=\"1024\" height=\"682\" data-id=\"1669\"  src=\"https:\/\/www.ati.es\/wp-content\/uploads\/2018\/02\/DiaCambra16Oct2017_Foto_DSF0539-1024x682.jpg\" alt=\"\" class=\"wp-image-1669\" srcset=\"https:\/\/www.ati.es\/wp-content\/uploads\/2018\/02\/DiaCambra16Oct2017_Foto_DSF0539-1024x682.jpg 1024w, https:\/\/www.ati.es\/wp-content\/uploads\/2018\/02\/DiaCambra16Oct2017_Foto_DSF0539-300x200.jpg 300w, https:\/\/www.ati.es\/wp-content\/uploads\/2018\/02\/DiaCambra16Oct2017_Foto_DSF0539-768x512.jpg 768w, https:\/\/www.ati.es\/wp-content\/uploads\/2018\/02\/DiaCambra16Oct2017_Foto_DSF0539-750x500.jpg 750w, https:\/\/www.ati.es\/wp-content\/uploads\/2018\/02\/DiaCambra16Oct2017_Foto_DSF0539.jpg 2000w\" sizes=\"(max-width: 1024px) 100vw, 1024px\" \/><figcaption>El President d'ATI recull la placa conmemorativa<\/figcaption><\/figure>\n<\/figure>","protected":false},"excerpt":{"rendered":"<p>En 2017 nuestra asociaci\u00f3n cumpli\u00f3 su Cincuentenario. Una efem\u00e9ride que fue una excelente oportunidad para visibilizar y acercar la asociaci\u00f3n a los profesionales TIC, y a la sociedad en su conjunto. Creada en 1967, ATI ha acogido a lo largo de estas d\u00e9cadas a los profesionales de la inform\u00e1tica de nuestro pa\u00eds, contribuyendo al avance&#8230;<\/p>\n<p class=\"more-link-wrap\"><a href=\"https:\/\/www.ati.es\/ca\/50-aniversario\/\" class=\"more-link\">Leer m\u00e1s<span class=\"screen-reader-text\"> &ldquo;50 Aniversario&rdquo;<\/span> \u00bb<\/a><\/p>","protected":false},"author":1,"featured_media":0,"parent":0,"menu_order":0,"comment_status":"closed","ping_status":"closed","template":"","meta":[],"yoast_head":"<!-- This site is optimized with the Yoast SEO plugin v20.6 - https:\/\/yoast.com\/wordpress\/plugins\/seo\/ -->\n<title>ATI cumple 50 a\u00f1os<\/title>\n<meta name=\"description\" content=\"En 2017 ATI cumpli\u00f3 su Cincuentenario.\" \/>\n<meta name=\"robots\" content=\"index, follow, max-snippet:-1, max-image-preview:large, max-video-preview:-1\" \/>\n<link rel=\"canonical\" href=\"https:\/\/www.ati.es\/ca\/50-aniversario\/\" \/>\n<meta property=\"og:locale\" content=\"ca_ES\" \/>\n<meta property=\"og:type\" content=\"article\" \/>\n<meta property=\"og:title\" content=\"ATI cumple 50 a\u00f1os\" \/>\n<meta property=\"og:description\" content=\"En 2017 ATI cumpli\u00f3 su Cincuentenario.\" \/>\n<meta property=\"og:url\" content=\"https:\/\/www.ati.es\/ca\/50-aniversario\/\" \/>\n<meta property=\"og:site_name\" content=\"Asociaci\u00f3n de T\u00e9cnicos de Inform\u00e1tica\" \/>\n<meta property=\"article:modified_time\" content=\"2025-06-06T09:21:28+00:00\" \/>\n<meta property=\"og:image\" content=\"https:\/\/www.ati.es\/wp-content\/uploads\/2016\/11\/50_Logo.jpg\" \/>\n<meta name=\"twitter:card\" content=\"summary_large_image\" \/>\n<meta name=\"twitter:label1\" content=\"Temps estimat de lectura\" \/>\n\t<meta name=\"twitter:data1\" content=\"3 minuts\" \/>\n<script type=\"application\/ld+json\" class=\"yoast-schema-graph\">{\"@context\":\"https:\/\/schema.org\",\"@graph\":[{\"@type\":\"WebPage\",\"@id\":\"https:\/\/www.ati.es\/50-aniversario\/\",\"url\":\"https:\/\/www.ati.es\/50-aniversario\/\",\"name\":\"ATI cumple 50 a\u00f1os\",\"isPartOf\":{\"@id\":\"https:\/\/www.ati.es\/#website\"},\"datePublished\":\"2016-11-19T20:31:31+00:00\",\"dateModified\":\"2025-06-06T09:21:28+00:00\",\"description\":\"En 2017 ATI cumpli\u00f3 su Cincuentenario.\",\"breadcrumb\":{\"@id\":\"https:\/\/www.ati.es\/50-aniversario\/#breadcrumb\"},\"inLanguage\":\"ca\",\"potentialAction\":[{\"@type\":\"ReadAction\",\"target\":[\"https:\/\/www.ati.es\/50-aniversario\/\"]}]},{\"@type\":\"BreadcrumbList\",\"@id\":\"https:\/\/www.ati.es\/50-aniversario\/#breadcrumb\",\"itemListElement\":[{\"@type\":\"ListItem\",\"position\":1,\"name\":\"Portada\",\"item\":\"https:\/\/www.ati.es\/\"},{\"@type\":\"ListItem\",\"position\":2,\"name\":\"50 Aniversario\"}]},{\"@type\":\"WebSite\",\"@id\":\"https:\/\/www.ati.es\/#website\",\"url\":\"https:\/\/www.ati.es\/\",\"name\":\"Asociaci\u00f3n de T\u00e9cnicos de Inform\u00e1tica\",\"description\":\"\",\"publisher\":{\"@id\":\"https:\/\/www.ati.es\/#organization\"},\"potentialAction\":[{\"@type\":\"SearchAction\",\"target\":{\"@type\":\"EntryPoint\",\"urlTemplate\":\"https:\/\/www.ati.es\/?s={search_term_string}\"},\"query-input\":\"required name=search_term_string\"}],\"inLanguage\":\"ca\"},{\"@type\":\"Organization\",\"@id\":\"https:\/\/www.ati.es\/#organization\",\"name\":\"Asociaci\u00f3n de T\u00e9cnicos de Inform\u00e1tica\",\"url\":\"https:\/\/www.ati.es\/\",\"logo\":{\"@type\":\"ImageObject\",\"inLanguage\":\"ca\",\"@id\":\"https:\/\/www.ati.es\/#\/schema\/logo\/image\/\",\"url\":\"https:\/\/www.ati.es\/wp-content\/uploads\/2021\/07\/cropped-logoATIvectorized.png\",\"contentUrl\":\"https:\/\/www.ati.es\/wp-content\/uploads\/2021\/07\/cropped-logoATIvectorized.png\",\"width\":431,\"height\":231,\"caption\":\"Asociaci\u00f3n de T\u00e9cnicos de Inform\u00e1tica\"},\"image\":{\"@id\":\"https:\/\/www.ati.es\/#\/schema\/logo\/image\/\"}}]}<\/script>\n<!-- \/ Yoast SEO plugin. -->","yoast_head_json":{"title":"ATI cumple 50 a\u00f1os","description":"En 2017 ATI cumpli\u00f3 su Cincuentenario.","robots":{"index":"index","follow":"follow","max-snippet":"max-snippet:-1","max-image-preview":"max-image-preview:large","max-video-preview":"max-video-preview:-1"},"canonical":"https:\/\/www.ati.es\/ca\/50-aniversario\/","og_locale":"ca_ES","og_type":"article","og_title":"ATI cumple 50 a\u00f1os","og_description":"En 2017 ATI cumpli\u00f3 su Cincuentenario.","og_url":"https:\/\/www.ati.es\/ca\/50-aniversario\/","og_site_name":"Asociaci\u00f3n de T\u00e9cnicos de Inform\u00e1tica","article_modified_time":"2025-06-06T09:21:28+00:00","og_image":[{"url":"https:\/\/www.ati.es\/wp-content\/uploads\/2016\/11\/50_Logo.jpg"}],"twitter_card":"summary_large_image","twitter_misc":{"Temps estimat de lectura":"3 minuts"},"schema":{"@context":"https:\/\/schema.org","@graph":[{"@type":"WebPage","@id":"https:\/\/www.ati.es\/50-aniversario\/","url":"https:\/\/www.ati.es\/50-aniversario\/","name":"ATI cumple 50 a\u00f1os","isPartOf":{"@id":"https:\/\/www.ati.es\/#website"},"datePublished":"2016-11-19T20:31:31+00:00","dateModified":"2025-06-06T09:21:28+00:00","description":"En 2017 ATI cumpli\u00f3 su Cincuentenario.","breadcrumb":{"@id":"https:\/\/www.ati.es\/50-aniversario\/#breadcrumb"},"inLanguage":"ca","potentialAction":[{"@type":"ReadAction","target":["https:\/\/www.ati.es\/50-aniversario\/"]}]},{"@type":"BreadcrumbList","@id":"https:\/\/www.ati.es\/50-aniversario\/#breadcrumb","itemListElement":[{"@type":"ListItem","position":1,"name":"Portada","item":"https:\/\/www.ati.es\/"},{"@type":"ListItem","position":2,"name":"50 Aniversario"}]},{"@type":"WebSite","@id":"https:\/\/www.ati.es\/#website","url":"https:\/\/www.ati.es\/","name":"Associaci\u00f3 de T\u00e8cnics d'Inform\u00e0tica","description":"","publisher":{"@id":"https:\/\/www.ati.es\/#organization"},"potentialAction":[{"@type":"SearchAction","target":{"@type":"EntryPoint","urlTemplate":"https:\/\/www.ati.es\/?s={search_term_string}"},"query-input":"required name=search_term_string"}],"inLanguage":"ca"},{"@type":"Organization","@id":"https:\/\/www.ati.es\/#organization","name":"Associaci\u00f3 de T\u00e8cnics d'Inform\u00e0tica","url":"https:\/\/www.ati.es\/","logo":{"@type":"ImageObject","inLanguage":"ca","@id":"https:\/\/www.ati.es\/#\/schema\/logo\/image\/","url":"https:\/\/www.ati.es\/wp-content\/uploads\/2021\/07\/cropped-logoATIvectorized.png","contentUrl":"https:\/\/www.ati.es\/wp-content\/uploads\/2021\/07\/cropped-logoATIvectorized.png","width":431,"height":231,"caption":"Asociaci\u00f3n de T\u00e9cnicos de Inform\u00e1tica"},"image":{"@id":"https:\/\/www.ati.es\/#\/schema\/logo\/image\/"}}]}},"_links":{"self":[{"href":"https:\/\/www.ati.es\/ca\/wp-json\/wp\/v2\/pages\/740"}],"collection":[{"href":"https:\/\/www.ati.es\/ca\/wp-json\/wp\/v2\/pages"}],"about":[{"href":"https:\/\/www.ati.es\/ca\/wp-json\/wp\/v2\/types\/page"}],"author":[{"embeddable":true,"href":"https:\/\/www.ati.es\/ca\/wp-json\/wp\/v2\/users\/1"}],"replies":[{"embeddable":true,"href":"https:\/\/www.ati.es\/ca\/wp-json\/wp\/v2\/comments?post=740"}],"version-history":[{"count":72,"href":"https:\/\/www.ati.es\/ca\/wp-json\/wp\/v2\/pages\/740\/revisions"}],"predecessor-version":[{"id":5763,"href":"https:\/\/www.ati.es\/ca\/wp-json\/wp\/v2\/pages\/740\/revisions\/5763"}],"wp:attachment":[{"href":"https:\/\/www.ati.es\/ca\/wp-json\/wp\/v2\/media?parent=740"}],"curies":[{"name":"wp","href":"https:\/\/api.w.org\/{rel}","templated":true}]}}