{"id":682,"date":"2016-11-16T23:12:38","date_gmt":"2016-11-16T22:12:38","guid":{"rendered":"http:\/\/www.ati.es\/?page_id=682"},"modified":"2016-11-16T23:12:44","modified_gmt":"2016-11-16T22:12:44","slug":"ofertas-comerciales","status":"publish","type":"page","link":"https:\/\/www.ati.es\/ca\/ofertas-comerciales\/","title":{"rendered":"Ofertas Comerciales"},"content":{"rendered":"<div class=\"wpnawfree-plugin news-clearfix\" id=\"wpnw-news-1\">\r\n\r\n\t\t\r\n\t\t\t<div id=\"post-3902\" class=\"news type-news wpnaw-blog-class has-no-date news-col-1 wpnaw-first\">\r\n\t\t\t\t<div class=\"news-inner-wrap-view news-clearfix\">\r\n\r\n\t\t\t\t\t\t\t\t\t\t<div class=\"news-thumb\">\r\n\t\t\t\t\t\t\t\t\t\t\t\t\t<div class=\"grid-news-thumb\">\r\n\t\t\t\t\t\t\t\t<a href=\"https:\/\/www.ati.es\/ca\/news\/acuerdo-de-colaboracion-con-bureau-veritas\/\"><img width=\"300\" height=\"152\" src=\"https:\/\/www.ati.es\/wp-content\/uploads\/2021\/07\/Logo-bureau.png\" class=\"attachment-large size-large wp-post-image\" alt=\"\" loading=\"lazy\" \/><\/a>\r\n\t\t\t\t\t\t\t<\/div>\r\n\t\t\t\t\t\t\t\t\t\t\t<\/div>\r\n\t\t\t\t\t\r\n\t\t\t\t\t<div class=\"news-content\">\r\n\t\t\t\t\t\t\r\n\t\t\t\t\t\t<div class=\"post-content-text\">\r\n\t\t\t\t\t\t\t<h3 class=\"news-title\"><a href=\"https:\/\/www.ati.es\/ca\/news\/acuerdo-de-colaboracion-con-bureau-veritas\/\" rel=\"bookmark\">Importante Acuerdo de colaboraci\u00f3n con Bureau Veritas<\/a><\/h3>\t\t\t\t\t\t\t\t<div class=\"news-content-excerpt\">\r\n\t\t\t\t\t\t\t\t\t\n<p>Nos complace informaros que&nbsp;<strong>ATI<\/strong>&nbsp;ha firmado un&nbsp;acuerdo de colaboraci\u00f3n muy ventajoso con&nbsp;<strong>Bureau Veritas&nbsp;<\/strong>(l\u00edder mundial en evaluaci\u00f3n de la conformidad y la certificaci\u00f3n),&nbsp;para ofrecer a los socios&nbsp;<strong>condiciones especiales<\/strong>&nbsp;en los servicios de certificaci\u00f3n en sistemas de IT y formaci\u00f3n.<\/p>\n\n\n\n<p>Este acuerdo es muy interesante puesto que&nbsp;Bureau Veritas ofrece un excelente conjunto de&nbsp;servicios&nbsp;para la implementaci\u00f3n de la&nbsp;seguridad,&nbsp;an\u00e1lisis&nbsp;y&nbsp;evaluaci\u00f3n de riesgos IT,&nbsp;privacidad,&nbsp;protecci\u00f3n de datos&#8230;<\/p>\n\n\n\n<p>Se pueden consultar todos los\u00a0<a href=\"https:\/\/www.bureauveritas.es\/ciberseguridad\" target=\"_blank\" rel=\"noreferrer noopener\"><strong>servicios de ciberseguridad\u00a0aqu\u00ed<\/strong><\/a>.<\/p>\n \t\t\t\t\t\t\t\t<\/div><!-- .entry-content -->\r\n\t\t\t\t\t\t\t\t\t\t\t\t\t<\/div>\r\n\t\t\t\t\t<\/div>\r\n\t\t\t\t<\/div><!-- #post-## -->\r\n\t\t\t<\/div><!-- #post-## -->\r\n\t\t\r\n\t\t\t<div id=\"post-1421\" class=\"news type-news wpnaw-blog-class has-no-date news-col-1\">\r\n\t\t\t\t<div class=\"news-inner-wrap-view news-clearfix wpnaw-news-no-image\">\r\n\r\n\t\t\t\t\t\r\n\t\t\t\t\t<div class=\"news-content\">\r\n\t\t\t\t\t\t\r\n\t\t\t\t\t\t<div class=\"post-content-text\">\r\n\t\t\t\t\t\t\t<h3 class=\"news-title\"><a href=\"https:\/\/www.ati.es\/ca\/news\/beneficiate-de-los-descuentos-para-estudiar-en-la-uoc\/\" rel=\"bookmark\">Benef\u00edciate de los descuentos para estudiar en la UOC<\/a><\/h3>\t\t\t\t\t\t\t\t<div class=\"news-content-excerpt\">\r\n\t\t\t\t\t\t\t\t\t<p><strong><a href=\"http:\/\/estudis.uoc.edu\/es\/estudios\">Convenio UOC-ATI<\/a>:&nbsp; consigue descuentos en programas UOC para mejorar profesionalmente<\/strong><\/p>\n<p>Con el objetivo de potenciar la continua mejora profesional de nuestros socios, hemos firmado un convenio con la UOC para obtener ventajas econ\u00f3micas en las matr\u00edculas de los programas m\u00e1s afines a tu \u00e1mbito profesional.<\/p>\n<p>Gracias al acuerdo firmado entre la <strong>Associaci\u00f3 de T\u00e8cnics d'Inform\u00e0tica<\/strong> i la <strong>UOC<\/strong>, los asociados pueden beneficiarse de grandes ventajas para seguir form\u00e1ndose profesionalmente:<\/p>\n<p>\u2022 <strong>10% de descuento<\/strong> en programas de <a href=\"http:\/\/estudios.uoc.edu\/es\/masters-posgrados-especializaciones\">m\u00e1steres propios<\/a>, <a href=\"http:\/\/estudios.uoc.edu\/es\/masters-posgrados-especializaciones\">posgrados, especializaciones<\/a>, <a href=\"http:\/\/estudios.uoc.edu\/es\/seminarios-cursos\/\">seminarios<\/a> i <a href=\"http:\/\/estudios.uoc.edu\/es\/cursos-idiomas\">cursos de idiomas<\/a>, ampliable hasta un <strong>30% en matr\u00edcula avanzada<\/strong>.<br \/>\n\u2022 <strong>5% de descuento<\/strong> en primeras matr\u00edculas de grados y m\u00e1steres universitarios, ampliable hasta a un <strong>15% en matr\u00edcula avanzada<\/strong>.<\/p>\n<p>Programa que puede interesarte:<br \/>\n\u2022&nbsp; <a href=\"http:\/\/estudios.uoc.edu\/es\/masters-universitarios\/seguridad-tecnologias-informacion-comunicaciones\/presentacion\">M\u00e1ster Universitario de Seguridad de las Tecnolog\u00edas de la Informaci\u00f3n y de las Comunicaciones<\/a><\/p>\n<p>PROCEDIMIENTO PARA BENEFICIARSE DE LAS VENTAJAS<br \/>\n\u00b7&nbsp; Formalizar la matr\u00edcula <strong>antes del 30 de junio<\/strong>.<br \/>\n\u00b7 Realizar la matr\u00edcula desde la p\u00e1gina web de la UOC solicitando previamente el c\u00f3digo de descuento en &lt;<a href=\"mailto:secregen@ati.es\">secregen@ati.es<\/a>&gt;.<\/p>\n<p>OTROS SERVICIOS DE MATR\u00cdCULA CORPORATIVA<br \/>\n\u00b7 Informe para la Fundaci\u00f3n Tripartita.<br \/>\n\u00b7 Factura a nombre de la empresa.<\/p>\n<p>Para m\u00e1s informaci\u00f3n consulta el siguiente enlace: <a href=\"http:\/\/research.uoc.edu\/portal\/es\/matricula-corporativa\/index.html\">http:\/\/research.uoc.edu\/portal\/es\/matricula-corporativa\/index.html<\/a><\/p>\n \t\t\t\t\t\t\t\t<\/div><!-- .entry-content -->\r\n\t\t\t\t\t\t\t\t\t\t\t\t\t<\/div>\r\n\t\t\t\t\t<\/div>\r\n\t\t\t\t<\/div><!-- #post-## -->\r\n\t\t\t<\/div><!-- #post-## -->\r\n\t\t\r\n\t\t\t<div id=\"post-1384\" class=\"news type-news wpnaw-blog-class has-no-date news-col-1\">\r\n\t\t\t\t<div class=\"news-inner-wrap-view news-clearfix wpnaw-news-no-image\">\r\n\r\n\t\t\t\t\t\r\n\t\t\t\t\t<div class=\"news-content\">\r\n\t\t\t\t\t\t\r\n\t\t\t\t\t\t<div class=\"post-content-text\">\r\n\t\t\t\t\t\t\t<h3 class=\"news-title\"><a href=\"https:\/\/www.ati.es\/ca\/news\/becas-extraordinarias-del-40-de-descuento-para-asociados-de-ati\/\" rel=\"bookmark\">Becas extraordinarias del 40% del importe de la matr\u00edcula para socios de ATI<\/a><\/h3>\t\t\t\t\t\t\t\t<div class=\"news-content-excerpt\">\r\n\t\t\t\t\t\t\t\t\t<p>Gracias al acuerdo de colaboraci\u00f3n que <strong>ATI<\/strong> mantiene con la <strong>Universidad Internacional de La Rioja<\/strong>, UNIR, los socios interesados pueden aprovechar la oportunidad de acogerse al programa de becas extraordinarias del 40% de descuento en la matr\u00edcula de los siguientes m\u00e1steres universitarios:*<\/p>\n<p><strong>&gt;&gt;\u00a0 M\u00e1ster Universitario en Seguridad Inform\u00e1tica<\/strong><br \/>\nPara m\u00e1s informaci\u00f3n consultar el siguiente <a href=\"http:\/\/www.unir.net\/ingenieria\/master-seguridad-informatica\/549200001557\/\" target=\"_blank\">enlace al m\u00e1ster<\/a><br \/>\nDuraci\u00f3n: un curso acad\u00e9mico | 60 ECTS<\/p>\n<p><strong>&gt;&gt;\u00a0 M\u00e1ster Universitario en Visual Analytics &amp; Big Data<\/strong><br \/>\nPara m\u00e1s informaci\u00f3n consultar el siguiente <a href=\"http:\/\/www.unir.net\/ingenieria\/master-visual-analytics-big-data\/549200001429\/\" target=\"_blank\">enlace al m\u00e1ster<\/a><br \/>\nDuraci\u00f3n: un curso acad\u00e9mico | 60 ECTS<\/p>\n<p><strong>&gt;&gt;\u00a0 M\u00e1ster Universitario en Direcci\u00f3n de Empresas (MBA)<\/strong><br \/>\nPara m\u00e1s informaci\u00f3n consultar el siguiente <a href=\"http:\/\/www.unir.net\/empresa\/master-online-direccion-empresas-mba\/549200001559\/\" target=\"_blank\">enlace al m\u00e1ster<\/a><br \/>\nInicio: Abril 2017 | Duraci\u00f3n: 60 ECTS<\/p>\n<p>* Becas v\u00e1lidas hasta inicio de curso en Marzo 2017<\/p>\n<p>Todos los m\u00e1steres 100% online, con clases online en directo y tutor personal.<\/p>\n<p><strong>\u00a1\u00daLTIMAS PLAZAS. NO DEJES PASAR ESTA OPORTUNIDAD!<\/strong><\/p>\n \t\t\t\t\t\t\t\t<\/div><!-- .entry-content -->\r\n\t\t\t\t\t\t\t\t\t\t\t\t\t<\/div>\r\n\t\t\t\t\t<\/div>\r\n\t\t\t\t<\/div><!-- #post-## -->\r\n\t\t\t<\/div><!-- #post-## -->\r\n\t\t\r\n\t\t\t<div id=\"post-1382\" class=\"news type-news wpnaw-blog-class has-no-date news-col-1\">\r\n\t\t\t\t<div class=\"news-inner-wrap-view news-clearfix wpnaw-news-no-image\">\r\n\r\n\t\t\t\t\t\r\n\t\t\t\t\t<div class=\"news-content\">\r\n\t\t\t\t\t\t\r\n\t\t\t\t\t\t<div class=\"post-content-text\">\r\n\t\t\t\t\t\t\t<h3 class=\"news-title\"><a href=\"https:\/\/www.ati.es\/ca\/news\/oferta-panel-autorenting-del-banco-sabadell\/\" rel=\"bookmark\">Oferta panel autorenting del Banco Sabadell<\/a><\/h3>\t\t\t\t\t\t\t\t<div class=\"news-content-excerpt\">\r\n\t\t\t\t\t\t\t\t\t<p>El <a href=\"http:\/\/www.bancsabadell.com\">Banco Sabadell<\/a>, entidad con la que ATI mantiene un acuerdo de colaboraci\u00f3n, ofrece a los profesionales y socios los beneficios de renting. En este caso, con el fin de que puedan aprovecharse de sus ventajas a la hora de adquirir o renovar su veh\u00edculo, les facilita una nueva selecci\u00f3n con una amplia gama de modelos.<\/p>\n<p>El autorenting consiste en el disfrute de un veh\u00edculo a medio plazo a cambio de una cuota mensual que incluye todo lo necesario para su uso a excepci\u00f3n del combustible. En funci\u00f3n del plazo y kilometraje que desea, se calcula una cuota fija que le da derecho de uso del veh\u00edculo que elija con todo incluido.<\/p>\n<p>El Banco Sabadell dispone de un abanico de ofertas que recoge todos los segmentos del mercado. Disfrute de su veh\u00edculo desde 177 euros al mes\u00a0 con todo incluido.<\/p>\n<p>Para m\u00e1s informaci\u00f3n consultar el siguiente <a href=\"https:\/\/intranet.ati.es\/spip.php?article419\">enlace de la intranet de ATI<\/a>.<\/p>\n \t\t\t\t\t\t\t\t<\/div><!-- .entry-content -->\r\n\t\t\t\t\t\t\t\t\t\t\t\t\t<\/div>\r\n\t\t\t\t\t<\/div>\r\n\t\t\t\t<\/div><!-- #post-## -->\r\n\t\t\t<\/div><!-- #post-## -->\r\n\t\t\r\n\t\t\t<div id=\"post-737\" class=\"news type-news wpnaw-blog-class has-no-date news-col-1\">\r\n\t\t\t\t<div class=\"news-inner-wrap-view news-clearfix wpnaw-news-no-image\">\r\n\r\n\t\t\t\t\t\r\n\t\t\t\t\t<div class=\"news-content\">\r\n\t\t\t\t\t\t\r\n\t\t\t\t\t\t<div class=\"post-content-text\">\r\n\t\t\t\t\t\t\t<h3 class=\"news-title\"><a href=\"https:\/\/www.ati.es\/ca\/news\/acm-association-for-computer-machinery\/\" rel=\"bookmark\">ACM &#8211; Association for Computer Machinery<\/a><\/h3>\t\t\t\t\t\t\t\t<div class=\"news-content-excerpt\">\r\n\t\t\t\t\t\t\t\t\t<hr \/>\n<p><strong><img loading=\"lazy\" class=\"size-medium wp-image-738 alignright\" src=\"http:\/\/www.ati.es\/wp-content\/uploads\/2016\/11\/acm_0-300x107.gif\" alt=\"acm_0\" width=\"300\" height=\"107\" srcset=\"https:\/\/www.ati.es\/wp-content\/uploads\/2016\/11\/acm_0-300x107.gif 300w, https:\/\/www.ati.es\/wp-content\/uploads\/2016\/11\/acm_0-768x274.gif 768w, https:\/\/www.ati.es\/wp-content\/uploads\/2016\/11\/acm_0-1024x365.gif 1024w, https:\/\/www.ati.es\/wp-content\/uploads\/2016\/11\/acm_0-600x214.gif 600w, https:\/\/www.ati.es\/wp-content\/uploads\/2016\/11\/acm_0-280x100.gif 280w\" sizes=\"(max-width: 300px) 100vw, 300px\" \/><\/strong>Por ser <strong>Socio de ATI<\/strong>, dispones de un descuento del 20% en la cuota de ACM<\/p>\n<p>Con m\u00e1s de 100.000 asociados <a href=\"http:\/\/www.acm.org\/\" target=\"_blank\"><strong>ACM<\/strong> <\/a>re\u00fane a educadores, inform\u00e1ticos, investigadores y profesionales del sector TIC para promover el di\u00e1logo, compartir recursos y abordar los desaf\u00edos del futuro.<\/p>\n \t\t\t\t\t\t\t\t<\/div><!-- .entry-content -->\r\n\t\t\t\t\t\t\t\t\t\t\t\t\t<\/div>\r\n\t\t\t\t\t<\/div>\r\n\t\t\t\t<\/div><!-- #post-## -->\r\n\t\t\t<\/div><!-- #post-## -->\r\n\t\t\r\n\t\t\t<div id=\"post-735\" class=\"news type-news wpnaw-blog-class has-no-date news-col-1\">\r\n\t\t\t\t<div class=\"news-inner-wrap-view news-clearfix wpnaw-news-no-image\">\r\n\r\n\t\t\t\t\t\r\n\t\t\t\t\t<div class=\"news-content\">\r\n\t\t\t\t\t\t\r\n\t\t\t\t\t\t<div class=\"post-content-text\">\r\n\t\t\t\t\t\t\t<h3 class=\"news-title\"><a href=\"https:\/\/www.ati.es\/ca\/news\/uoc\/\" rel=\"bookmark\">UOC<\/a><\/h3>\t\t\t\t\t\t\t\t<div class=\"news-content-excerpt\">\r\n\t\t\t\t\t\t\t\t\t<hr \/>\n<p><strong><img loading=\"lazy\" class=\"size-full wp-image-736 alignright\" src=\"http:\/\/www.ati.es\/wp-content\/uploads\/2016\/11\/20anys-ca.png\" alt=\"20anys-ca\" width=\"220\" height=\"81\" \/>Con ATI, consigue descuentos en programas <a href=\"http:\/\/estudis.uoc.edu\/ca\/estudis\" target=\"_blank\">UOC <\/a>para mejorar profesionalmente<\/strong><\/p>\n<p>Con el objetivo de potenciar la continua mejora profesional de nuestros socios, hemos firmado un convenio con la UOC para obtener ventajas econ\u00f3micas en las matr\u00edculas de los programas m\u00e1s afines a tu \u00e1mbito profesional.<\/p>\n \t\t\t\t\t\t\t\t<\/div><!-- .entry-content -->\r\n\t\t\t\t\t\t\t\t\t\t\t\t\t<\/div>\r\n\t\t\t\t\t<\/div>\r\n\t\t\t\t<\/div><!-- #post-## -->\r\n\t\t\t<\/div><!-- #post-## -->\r\n\t\t\r\n\t\t\t<div id=\"post-731\" class=\"news type-news wpnaw-blog-class has-no-date news-col-1\">\r\n\t\t\t\t<div class=\"news-inner-wrap-view news-clearfix wpnaw-news-no-image\">\r\n\r\n\t\t\t\t\t\r\n\t\t\t\t\t<div class=\"news-content\">\r\n\t\t\t\t\t\t\r\n\t\t\t\t\t\t<div class=\"post-content-text\">\r\n\t\t\t\t\t\t\t<h3 class=\"news-title\"><a href=\"https:\/\/www.ati.es\/ca\/news\/netmind\/\" rel=\"bookmark\">Netmind<\/a><\/h3>\t\t\t\t\t\t\t\t<div class=\"news-content-excerpt\">\r\n\t\t\t\t\t\t\t\t\t<hr \/>\n<p><strong class=\"spip\"><a href=\"http:\/\/www.netmind.es\/\" target=\"_blank\">netmi<img loading=\"lazy\" class=\"wp-image-734 alignright\" src=\"http:\/\/www.ati.es\/wp-content\/uploads\/2016\/11\/netmindlogolanding-2.gif\" alt=\"netmindlogolanding\" width=\"247\" height=\"59\" \/>nd<\/a><\/strong> ofrece a los <strong>Socios de ATI<\/strong>, en los cursos de su \u00e1rea tecnol\u00f3gica, un 10% de descuento en los de modalidad presencial (Barcelona y Madrid), y un 5% en los Openclass. <img src=\"file:\/\/\/C:\/Users\/Admin\/Desktop\/ATI_JDG\/WEB\/Acuerdos\/netmindlogolanding.gif\" \/><\/p>\n \t\t\t\t\t\t\t\t<\/div><!-- .entry-content -->\r\n\t\t\t\t\t\t\t\t\t\t\t\t\t<\/div>\r\n\t\t\t\t\t<\/div>\r\n\t\t\t\t<\/div><!-- #post-## -->\r\n\t\t\t<\/div><!-- #post-## -->\r\n\t\t\r\n\t\t\t<div id=\"post-729\" class=\"news type-news wpnaw-blog-class has-no-date news-col-1\">\r\n\t\t\t\t<div class=\"news-inner-wrap-view news-clearfix wpnaw-news-no-image\">\r\n\r\n\t\t\t\t\t\r\n\t\t\t\t\t<div class=\"news-content\">\r\n\t\t\t\t\t\t\r\n\t\t\t\t\t\t<div class=\"post-content-text\">\r\n\t\t\t\t\t\t\t<h3 class=\"news-title\"><a href=\"https:\/\/www.ati.es\/ca\/news\/la-salle-campus-barcelona\/\" rel=\"bookmark\">La Salle &#8211; Campus Barcelona<\/a><\/h3>\t\t\t\t\t\t\t\t<div class=\"news-content-excerpt\">\r\n\t\t\t\t\t\t\t\t\t<hr \/>\n<p class=\"spip\"><strong class=\"spip\">ATI<\/strong> i <strong class=\"spip\"><a href=\"http:\/\/www.salleurl.edu\/\" target=\"_blank\">La Salle Campus Barcelona<\/a><\/strong> colaboran para acercarte la formaci\u00f3n de esta escuela de negocios.<img loading=\"lazy\" class=\"size-medium wp-image-730 alignright\" src=\"http:\/\/www.ati.es\/wp-content\/uploads\/2016\/11\/logo_laSalle-300x146.jpg\" alt=\"logo_lasalle\" width=\"300\" height=\"146\" srcset=\"https:\/\/www.ati.es\/wp-content\/uploads\/2016\/11\/logo_laSalle-300x146.jpg 300w, https:\/\/www.ati.es\/wp-content\/uploads\/2016\/11\/logo_laSalle-768x375.jpg 768w, https:\/\/www.ati.es\/wp-content\/uploads\/2016\/11\/logo_laSalle-1024x500.jpg 1024w, https:\/\/www.ati.es\/wp-content\/uploads\/2016\/11\/logo_laSalle-600x293.jpg 600w, https:\/\/www.ati.es\/wp-content\/uploads\/2016\/11\/logo_laSalle-280x137.jpg 280w, https:\/\/www.ati.es\/wp-content\/uploads\/2016\/11\/logo_laSalle.jpg 2048w\" sizes=\"(max-width: 300px) 100vw, 300px\" \/><\/p>\n<p class=\"spip\">Ahora, para cursar un de los programas de m\u00e1ster o postgrado, podr\u00e1s <strong class=\"spip\">beneficiarte de un 15% de descuento en el precio de la matr\u00edcula<\/strong> por ser<strong class=\"spip\"> Socio de ATI<\/strong>.<\/p>\n<ul class=\"spip\">\n<li class=\"spip\">MBA \/\u00a0Direcci\u00f3n de Proyectos \/\u00a0Ingenier\u00edas TIC \/\u00a0Consultor\u00eda SAP \/\u00a0Digital Business \/\u00a0Arquitectura<\/li>\n<\/ul>\n \t\t\t\t\t\t\t\t<\/div><!-- .entry-content -->\r\n\t\t\t\t\t\t\t\t\t\t\t\t\t<\/div>\r\n\t\t\t\t\t<\/div>\r\n\t\t\t\t<\/div><!-- #post-## -->\r\n\t\t\t<\/div><!-- #post-## -->\r\n\t\t\r\n\t\t\t<div id=\"post-724\" class=\"news type-news wpnaw-blog-class has-no-date news-col-1\">\r\n\t\t\t\t<div class=\"news-inner-wrap-view news-clearfix wpnaw-news-no-image\">\r\n\r\n\t\t\t\t\t\r\n\t\t\t\t\t<div class=\"news-content\">\r\n\t\t\t\t\t\t\r\n\t\t\t\t\t\t<div class=\"post-content-text\">\r\n\t\t\t\t\t\t\t<h3 class=\"news-title\"><a href=\"https:\/\/www.ati.es\/ca\/news\/grupo-planeta\/\" rel=\"bookmark\">Grupo Planeta<\/a><\/h3>\t\t\t\t\t\t\t\t<div class=\"news-content-excerpt\">\r\n\t\t\t\t\t\t\t\t\t<hr \/>\n<p class=\"spip\"><strong class=\"spip\"><a href=\"http:\/\/www.planeta.es\/\" target=\"_blank\">Grupo Planeta<\/a><\/strong> ofrece a los empleados y <strong>Socio<img loading=\"lazy\" class=\"wp-image-725 alignright\" src=\"http:\/\/www.ati.es\/wp-content\/uploads\/2016\/11\/Grupo_Planeta.png\" alt=\"grupo_planeta\" width=\"293\" height=\"72\" srcset=\"https:\/\/www.ati.es\/wp-content\/uploads\/2016\/11\/Grupo_Planeta.png 660w, https:\/\/www.ati.es\/wp-content\/uploads\/2016\/11\/Grupo_Planeta-300x74.png 300w, https:\/\/www.ati.es\/wp-content\/uploads\/2016\/11\/Grupo_Planeta-600x147.png 600w, https:\/\/www.ati.es\/wp-content\/uploads\/2016\/11\/Grupo_Planeta-280x69.png 280w\" sizes=\"(max-width: 293px) 100vw, 293px\" \/>s de<\/strong> <strong class=\"spip\">ATI<\/strong>, y a sus familiares, un 20% de descuento en el precio de sus Ciclos o programas formativos.<\/p>\n<p class=\"spip\">Igualmente, ofrece tambi\u00e9n un 15% de descuento en el precio para formaci\u00f3n superior<\/p>\n<ul class=\"spip\">\n<li class=\"spip\">EAE \/\u00a0OBS \/\u00a0UNIBA \/\u00a0VIU \/ OSTELEA \/\u00a0HOME ENGLISH \/\u00a0CEAC \/\u00a0DEUSTO FORMACI\u00d3N \/\u00a0DEUSTO SALUD<\/li>\n<\/ul>\n \t\t\t\t\t\t\t\t<\/div><!-- .entry-content -->\r\n\t\t\t\t\t\t\t\t\t\t\t\t\t<\/div>\r\n\t\t\t\t\t<\/div>\r\n\t\t\t\t<\/div><!-- #post-## -->\r\n\t\t\t<\/div><!-- #post-## -->\r\n\t\t\r\n\t\t\t<div id=\"post-661\" class=\"news type-news wpnaw-blog-class has-no-date news-col-1 wpnaw-last\">\r\n\t\t\t\t<div class=\"news-inner-wrap-view news-clearfix wpnaw-news-no-image\">\r\n\r\n\t\t\t\t\t\r\n\t\t\t\t\t<div class=\"news-content\">\r\n\t\t\t\t\t\t\r\n\t\t\t\t\t\t<div class=\"post-content-text\">\r\n\t\t\t\t\t\t\t<h3 class=\"news-title\"><a href=\"https:\/\/www.ati.es\/ca\/news\/banco-sabadell\/\" rel=\"bookmark\">Banco Sabadell<\/a><\/h3>\t\t\t\t\t\t\t\t<div class=\"news-content-excerpt\">\r\n\t\t\t\t\t\t\t\t\t<hr \/>\n<p><strong><img loading=\"lazy\" class=\"wp-image-662 size-medium alignright\" src=\"http:\/\/www.ati.es\/wp-content\/uploads\/2016\/11\/logo_1330518294-300x101.jpg\" alt=\"logo_1330518294\" width=\"300\" height=\"101\" srcset=\"https:\/\/www.ati.es\/wp-content\/uploads\/2016\/11\/logo_1330518294-300x101.jpg 300w, https:\/\/www.ati.es\/wp-content\/uploads\/2016\/11\/logo_1330518294-768x259.jpg 768w, https:\/\/www.ati.es\/wp-content\/uploads\/2016\/11\/logo_1330518294-1024x345.jpg 1024w, https:\/\/www.ati.es\/wp-content\/uploads\/2016\/11\/logo_1330518294-600x202.jpg 600w, https:\/\/www.ati.es\/wp-content\/uploads\/2016\/11\/logo_1330518294-280x94.jpg 280w, https:\/\/www.ati.es\/wp-content\/uploads\/2016\/11\/logo_1330518294.jpg 1417w\" sizes=\"(max-width: 300px) 100vw, 300px\" \/><\/strong><\/p>\n<p><strong>En <a href=\"https:\/\/www.bancsabadell.com\/cs\/Satellite\/SabAtl\/\" target=\"_blank\"><span style=\"text-decoration: underline;\">Sabadell Professional<\/span><\/a> queremos trabajar en PRO de usted<\/strong><\/p>\n<p>Por eso mantenemos un acuerdo de colaboraci\u00f3n con la <span style=\"color: #3366ff;\"><strong>Asociaci\u00f3n de T\u00e9cnicos de Inform\u00e1tica (ATI)<\/strong><\/span> para ofrecerle ventajas exclusivas en la contrataci\u00f3n de productos financieros.<\/p>\n<ul>\n<li>Cuenta Expansi\u00f3n PRO \/\u00a0Cuenta Expansi\u00f3n Negocios PRO \/ Cr\u00e9dito PRO \/\u00a0Pr\u00e9stamo Inicio \/Financiaci\u00f3n de Estudios<\/li>\n<\/ul>\n \t\t\t\t\t\t\t\t<\/div><!-- .entry-content -->\r\n\t\t\t\t\t\t\t\t\t\t\t\t\t<\/div>\r\n\t\t\t\t\t<\/div>\r\n\t\t\t\t<\/div><!-- #post-## -->\r\n\t\t\t<\/div><!-- #post-## -->\r\n\t\t\t<\/div>\r\n\r\n\t<span style=\"color: #ffffff;\">.<\/span><\/p>","protected":false},"excerpt":{"rendered":"<p>.<\/p>","protected":false},"author":1,"featured_media":0,"parent":0,"menu_order":0,"comment_status":"closed","ping_status":"closed","template":"template-fullwidth.php","meta":[],"yoast_head":"<!-- This site is optimized with the Yoast SEO plugin v20.6 - https:\/\/yoast.com\/wordpress\/plugins\/seo\/ -->\n<title>Ofertas Comerciales - Asociaci\u00f3n de T\u00e9cnicos de Inform\u00e1tica<\/title>\n<meta name=\"robots\" content=\"index, follow, max-snippet:-1, max-image-preview:large, max-video-preview:-1\" \/>\n<link rel=\"canonical\" href=\"https:\/\/www.ati.es\/ca\/ofertas-comerciales\/\" \/>\n<meta property=\"og:locale\" content=\"ca_ES\" \/>\n<meta property=\"og:type\" content=\"article\" \/>\n<meta property=\"og:title\" content=\"Ofertas Comerciales - Asociaci\u00f3n de T\u00e9cnicos de Inform\u00e1tica\" \/>\n<meta property=\"og:description\" content=\".\" \/>\n<meta property=\"og:url\" content=\"https:\/\/www.ati.es\/ca\/ofertas-comerciales\/\" \/>\n<meta property=\"og:site_name\" content=\"Asociaci\u00f3n de T\u00e9cnicos de Inform\u00e1tica\" \/>\n<meta property=\"article:modified_time\" content=\"2016-11-16T22:12:44+00:00\" \/>\n<meta name=\"twitter:card\" content=\"summary_large_image\" \/>\n<script type=\"application\/ld+json\" class=\"yoast-schema-graph\">{\"@context\":\"https:\/\/schema.org\",\"@graph\":[{\"@type\":\"WebPage\",\"@id\":\"https:\/\/www.ati.es\/ofertas-comerciales\/\",\"url\":\"https:\/\/www.ati.es\/ofertas-comerciales\/\",\"name\":\"Ofertas Comerciales - Asociaci\u00f3n de T\u00e9cnicos de Inform\u00e1tica\",\"isPartOf\":{\"@id\":\"https:\/\/www.ati.es\/#website\"},\"datePublished\":\"2016-11-16T22:12:38+00:00\",\"dateModified\":\"2016-11-16T22:12:44+00:00\",\"breadcrumb\":{\"@id\":\"https:\/\/www.ati.es\/ofertas-comerciales\/#breadcrumb\"},\"inLanguage\":\"ca\",\"potentialAction\":[{\"@type\":\"ReadAction\",\"target\":[\"https:\/\/www.ati.es\/ofertas-comerciales\/\"]}]},{\"@type\":\"BreadcrumbList\",\"@id\":\"https:\/\/www.ati.es\/ofertas-comerciales\/#breadcrumb\",\"itemListElement\":[{\"@type\":\"ListItem\",\"position\":1,\"name\":\"Portada\",\"item\":\"https:\/\/www.ati.es\/\"},{\"@type\":\"ListItem\",\"position\":2,\"name\":\"Ofertas Comerciales\"}]},{\"@type\":\"WebSite\",\"@id\":\"https:\/\/www.ati.es\/#website\",\"url\":\"https:\/\/www.ati.es\/\",\"name\":\"Asociaci\u00f3n de T\u00e9cnicos de Inform\u00e1tica\",\"description\":\"\",\"publisher\":{\"@id\":\"https:\/\/www.ati.es\/#organization\"},\"potentialAction\":[{\"@type\":\"SearchAction\",\"target\":{\"@type\":\"EntryPoint\",\"urlTemplate\":\"https:\/\/www.ati.es\/?s={search_term_string}\"},\"query-input\":\"required name=search_term_string\"}],\"inLanguage\":\"ca\"},{\"@type\":\"Organization\",\"@id\":\"https:\/\/www.ati.es\/#organization\",\"name\":\"Asociaci\u00f3n de T\u00e9cnicos de Inform\u00e1tica\",\"url\":\"https:\/\/www.ati.es\/\",\"logo\":{\"@type\":\"ImageObject\",\"inLanguage\":\"ca\",\"@id\":\"https:\/\/www.ati.es\/#\/schema\/logo\/image\/\",\"url\":\"https:\/\/www.ati.es\/wp-content\/uploads\/2021\/07\/cropped-logoATIvectorized.png\",\"contentUrl\":\"https:\/\/www.ati.es\/wp-content\/uploads\/2021\/07\/cropped-logoATIvectorized.png\",\"width\":431,\"height\":231,\"caption\":\"Asociaci\u00f3n de T\u00e9cnicos de Inform\u00e1tica\"},\"image\":{\"@id\":\"https:\/\/www.ati.es\/#\/schema\/logo\/image\/\"}}]}<\/script>\n<!-- \/ Yoast SEO plugin. -->","yoast_head_json":{"title":"Ofertas Comerciales - Asociaci\u00f3n de T\u00e9cnicos de Inform\u00e1tica","robots":{"index":"index","follow":"follow","max-snippet":"max-snippet:-1","max-image-preview":"max-image-preview:large","max-video-preview":"max-video-preview:-1"},"canonical":"https:\/\/www.ati.es\/ca\/ofertas-comerciales\/","og_locale":"ca_ES","og_type":"article","og_title":"Ofertas Comerciales - Asociaci\u00f3n de T\u00e9cnicos de Inform\u00e1tica","og_description":".","og_url":"https:\/\/www.ati.es\/ca\/ofertas-comerciales\/","og_site_name":"Asociaci\u00f3n de T\u00e9cnicos de Inform\u00e1tica","article_modified_time":"2016-11-16T22:12:44+00:00","twitter_card":"summary_large_image","schema":{"@context":"https:\/\/schema.org","@graph":[{"@type":"WebPage","@id":"https:\/\/www.ati.es\/ofertas-comerciales\/","url":"https:\/\/www.ati.es\/ofertas-comerciales\/","name":"Ofertas Comerciales - Asociaci\u00f3n de T\u00e9cnicos de Inform\u00e1tica","isPartOf":{"@id":"https:\/\/www.ati.es\/#website"},"datePublished":"2016-11-16T22:12:38+00:00","dateModified":"2016-11-16T22:12:44+00:00","breadcrumb":{"@id":"https:\/\/www.ati.es\/ofertas-comerciales\/#breadcrumb"},"inLanguage":"ca","potentialAction":[{"@type":"ReadAction","target":["https:\/\/www.ati.es\/ofertas-comerciales\/"]}]},{"@type":"BreadcrumbList","@id":"https:\/\/www.ati.es\/ofertas-comerciales\/#breadcrumb","itemListElement":[{"@type":"ListItem","position":1,"name":"Portada","item":"https:\/\/www.ati.es\/"},{"@type":"ListItem","position":2,"name":"Ofertas Comerciales"}]},{"@type":"WebSite","@id":"https:\/\/www.ati.es\/#website","url":"https:\/\/www.ati.es\/","name":"Associaci\u00f3 de T\u00e8cnics d'Inform\u00e0tica","description":"","publisher":{"@id":"https:\/\/www.ati.es\/#organization"},"potentialAction":[{"@type":"SearchAction","target":{"@type":"EntryPoint","urlTemplate":"https:\/\/www.ati.es\/?s={search_term_string}"},"query-input":"required name=search_term_string"}],"inLanguage":"ca"},{"@type":"Organization","@id":"https:\/\/www.ati.es\/#organization","name":"Associaci\u00f3 de T\u00e8cnics d'Inform\u00e0tica","url":"https:\/\/www.ati.es\/","logo":{"@type":"ImageObject","inLanguage":"ca","@id":"https:\/\/www.ati.es\/#\/schema\/logo\/image\/","url":"https:\/\/www.ati.es\/wp-content\/uploads\/2021\/07\/cropped-logoATIvectorized.png","contentUrl":"https:\/\/www.ati.es\/wp-content\/uploads\/2021\/07\/cropped-logoATIvectorized.png","width":431,"height":231,"caption":"Asociaci\u00f3n de T\u00e9cnicos de Inform\u00e1tica"},"image":{"@id":"https:\/\/www.ati.es\/#\/schema\/logo\/image\/"}}]}},"_links":{"self":[{"href":"https:\/\/www.ati.es\/ca\/wp-json\/wp\/v2\/pages\/682"}],"collection":[{"href":"https:\/\/www.ati.es\/ca\/wp-json\/wp\/v2\/pages"}],"about":[{"href":"https:\/\/www.ati.es\/ca\/wp-json\/wp\/v2\/types\/page"}],"author":[{"embeddable":true,"href":"https:\/\/www.ati.es\/ca\/wp-json\/wp\/v2\/users\/1"}],"replies":[{"embeddable":true,"href":"https:\/\/www.ati.es\/ca\/wp-json\/wp\/v2\/comments?post=682"}],"version-history":[{"count":0,"href":"https:\/\/www.ati.es\/ca\/wp-json\/wp\/v2\/pages\/682\/revisions"}],"wp:attachment":[{"href":"https:\/\/www.ati.es\/ca\/wp-json\/wp\/v2\/media?parent=682"}],"curies":[{"name":"wp","href":"https:\/\/api.w.org\/{rel}","templated":true}]}}