{"id":5510,"date":"2024-09-26T15:26:24","date_gmt":"2024-09-26T14:26:24","guid":{"rendered":"https:\/\/www.ati.es\/?page_id=5510"},"modified":"2025-06-04T13:48:16","modified_gmt":"2025-06-04T12:48:16","slug":"icodsip-2025-privacy-policy","status":"publish","type":"page","link":"https:\/\/www.ati.es\/ca\/icodsip-2025-privacy-policy\/","title":{"rendered":"ICODSIP 2025 Privacy Policy"},"content":{"rendered":"<p><br>PROTOCOLS AND PRIVACY POLICIES<\/p>\n\n\n\n<p>In our Entity we have adapted our protocols and privacy policies to the European Data Protection Regulation 679\/2016 (RGPD) and to Organic Law 3\/2018, of December 5, on the Protection of Personal Data and Guarantee of Digital Rights, given that we are concerned about the security and protection of the data we process.<\/p>\n\n\n\n<p><strong>1. WHO IS RESPONSIBLE FOR DATA PROCESSING<\/strong><\/p>\n\n\n\n<p>ATI \u2013 ASOCIACI\u00d3N DE T\u00c9CNICOS DE INFORM\u00c1TICA, with registered office at C\/ Camil Fabra 2, entresuelo 2\u00aa \u2013 08030- BARCELONA, is responsible for the correct processing of your data. You can inquire about this processing by sending an email to: secregen@atinet.es.<\/p>\n\n\n\n<p><strong>2.<\/strong> <strong>WHY DO WE USE YOUR DATA AND HOW LONG DO WE KEEP IT?<\/strong><\/p>\n\n\n\n<p>At ATI we process the information provided by interested parties only for the purpose of processing and managing requests made in relation to the ICODSIP 2025 Conference and its results.<\/p>\n\n\n\n<p>The personal data provided will be kept for the duration of the Conference and its results, and the interested party does not request its deletion. There are data that, due to their nature, must be kept even if you withdraw your consent if there is a legal obligation.<\/p>\n\n\n\n<p><strong>3. WHAT IS THE LEGAL BASIS FOR DATA PROCESSING?<\/strong><\/p>\n\n\n\n<p>The use of the data that you have provided us through consent is necessary for the correct management of your Registration for the ICODSIP 2025 event and of our collaborators in this Event and, in addition, to be able to comply with legal obligations.<\/p>\n\n\n\n<p>You may at any time express your opposition to the use of your data and, therefore, cancel any type of management with them, leaving only your data blocked for the legally established period of time.<\/p>\n\n\n\n<p>Inform you that non-consent may result in you not being able to participate in the Conference or in its results.<\/p>\n\n\n\n<p><strong>4. THEY ARE GOING TO TRANSFER MY DATA<\/strong><\/p>\n\n\n\n<p>Your registration data will be transferred to the Co-organizers (UAH \u2013 Universidad de Alcal\u00e1 de Henares and CEPIS &#8211; The Council of European Professional Informatics Societies), and to no other entity or organization, except under legal obligation.<\/p>\n\n\n\n<p><strong>5. HOW CAN I EXERCISE MY RIGHTS?<\/strong><\/p>\n\n\n\n<p>As the owner of the rights, you have control over your data and, therefore, you can exercise your rights at any time by sending us an email to <a href=\"mailto:secregen@atinet.es\">secregen@atinet.es<\/a>.<\/p>\n\n\n\n<p>The rights you can exercise are:<\/p>\n\n\n\n<p>&#8211; Access: You may consult your personal data processed by this Entity (ATI).<\/p>\n\n\n\n<p>&#8211; Rectification: You may modify your personal data when it is inaccurate.<\/p>\n\n\n\n<p>&#8211; Deletion: You may request the deletion of your personal data.<\/p>\n\n\n\n<p>&#8211; Objection: You may request that none of your personal data be processed.<\/p>\n\n\n\n<p>&#8211; Limitation of Processing: You may request that the processing of your personal data be limited in certain circumstances.<\/p>\n\n\n\n<p>&#8211; Portability: You may receive the personal data that you have provided to us or that we have obtained in our contractual relationship, as well as transmit them to another Entity.<\/p>\n\n\n\n<p>Users are informed that they have the right to revoke consent at any time, without affecting the legality of the processing based on consent prior to its withdrawal.<\/p>\n\n\n\n<p>Interested parties are also informed that they may file a claim with the competent Data Protection Control Authority, especially when they have not obtained satisfaction in the exercise of their rights.<\/p>\n\n\n\n<p>You can request all of your rights by stating your name and sending us a photocopy of your identification with the request.<\/p>","protected":false},"excerpt":{"rendered":"<p>PROTOCOLS AND PRIVACY POLICIES In our Entity we have adapted our protocols and privacy policies to the European Data Protection Regulation 679\/2016 (RGPD) and to Organic Law 3\/2018, of December 5, on the Protection of Personal Data and Guarantee of Digital Rights, given that we are concerned about the security and protection of the data&#8230;<\/p>\n<p class=\"more-link-wrap\"><a href=\"https:\/\/www.ati.es\/ca\/icodsip-2025-privacy-policy\/\" class=\"more-link\">Leer m\u00e1s<span class=\"screen-reader-text\"> &ldquo;ICODSIP 2025 Privacy Policy&rdquo;<\/span> \u00bb<\/a><\/p>","protected":false},"author":16,"featured_media":0,"parent":0,"menu_order":0,"comment_status":"closed","ping_status":"closed","template":"","meta":[],"yoast_head":"<!-- This site is optimized with the Yoast SEO plugin v20.6 - https:\/\/yoast.com\/wordpress\/plugins\/seo\/ -->\n<title>ICODSIP 2025 Privacy Policy - Asociaci\u00f3n de T\u00e9cnicos de Inform\u00e1tica<\/title>\n<meta name=\"robots\" content=\"index, follow, max-snippet:-1, max-image-preview:large, max-video-preview:-1\" \/>\n<link rel=\"canonical\" href=\"https:\/\/www.ati.es\/ca\/icodsip-2025-privacy-policy\/\" \/>\n<meta property=\"og:locale\" content=\"ca_ES\" \/>\n<meta property=\"og:type\" content=\"article\" \/>\n<meta property=\"og:title\" content=\"ICODSIP 2025 Privacy Policy - Asociaci\u00f3n de T\u00e9cnicos de Inform\u00e1tica\" \/>\n<meta property=\"og:description\" content=\"PROTOCOLS AND PRIVACY POLICIES In our Entity we have adapted our protocols and privacy policies to the European Data Protection Regulation 679\/2016 (RGPD) and to Organic Law 3\/2018, of December 5, on the Protection of Personal Data and Guarantee of Digital Rights, given that we are concerned about the security and protection of the data...Leer m\u00e1s &ldquo;ICODSIP 2025 Privacy Policy&rdquo; &raquo;\" \/>\n<meta property=\"og:url\" content=\"https:\/\/www.ati.es\/ca\/icodsip-2025-privacy-policy\/\" \/>\n<meta property=\"og:site_name\" content=\"Asociaci\u00f3n de T\u00e9cnicos de Inform\u00e1tica\" \/>\n<meta property=\"article:modified_time\" content=\"2025-06-04T12:48:16+00:00\" \/>\n<meta name=\"twitter:card\" content=\"summary_large_image\" \/>\n<meta name=\"twitter:label1\" content=\"Temps estimat de lectura\" \/>\n\t<meta name=\"twitter:data1\" content=\"3 minuts\" \/>\n<script type=\"application\/ld+json\" class=\"yoast-schema-graph\">{\"@context\":\"https:\/\/schema.org\",\"@graph\":[{\"@type\":\"WebPage\",\"@id\":\"https:\/\/www.ati.es\/icodsip-2025-privacy-policy\/\",\"url\":\"https:\/\/www.ati.es\/icodsip-2025-privacy-policy\/\",\"name\":\"ICODSIP 2025 Privacy Policy - Asociaci\u00f3n de T\u00e9cnicos de Inform\u00e1tica\",\"isPartOf\":{\"@id\":\"https:\/\/www.ati.es\/#website\"},\"datePublished\":\"2024-09-26T14:26:24+00:00\",\"dateModified\":\"2025-06-04T12:48:16+00:00\",\"breadcrumb\":{\"@id\":\"https:\/\/www.ati.es\/icodsip-2025-privacy-policy\/#breadcrumb\"},\"inLanguage\":\"ca\",\"potentialAction\":[{\"@type\":\"ReadAction\",\"target\":[\"https:\/\/www.ati.es\/icodsip-2025-privacy-policy\/\"]}]},{\"@type\":\"BreadcrumbList\",\"@id\":\"https:\/\/www.ati.es\/icodsip-2025-privacy-policy\/#breadcrumb\",\"itemListElement\":[{\"@type\":\"ListItem\",\"position\":1,\"name\":\"Portada\",\"item\":\"https:\/\/www.ati.es\/\"},{\"@type\":\"ListItem\",\"position\":2,\"name\":\"ICODSIP 2025 Privacy Policy\"}]},{\"@type\":\"WebSite\",\"@id\":\"https:\/\/www.ati.es\/#website\",\"url\":\"https:\/\/www.ati.es\/\",\"name\":\"Asociaci\u00f3n de T\u00e9cnicos de Inform\u00e1tica\",\"description\":\"\",\"publisher\":{\"@id\":\"https:\/\/www.ati.es\/#organization\"},\"potentialAction\":[{\"@type\":\"SearchAction\",\"target\":{\"@type\":\"EntryPoint\",\"urlTemplate\":\"https:\/\/www.ati.es\/?s={search_term_string}\"},\"query-input\":\"required name=search_term_string\"}],\"inLanguage\":\"ca\"},{\"@type\":\"Organization\",\"@id\":\"https:\/\/www.ati.es\/#organization\",\"name\":\"Asociaci\u00f3n de T\u00e9cnicos de Inform\u00e1tica\",\"url\":\"https:\/\/www.ati.es\/\",\"logo\":{\"@type\":\"ImageObject\",\"inLanguage\":\"ca\",\"@id\":\"https:\/\/www.ati.es\/#\/schema\/logo\/image\/\",\"url\":\"https:\/\/www.ati.es\/wp-content\/uploads\/2021\/07\/cropped-logoATIvectorized.png\",\"contentUrl\":\"https:\/\/www.ati.es\/wp-content\/uploads\/2021\/07\/cropped-logoATIvectorized.png\",\"width\":431,\"height\":231,\"caption\":\"Asociaci\u00f3n de T\u00e9cnicos de Inform\u00e1tica\"},\"image\":{\"@id\":\"https:\/\/www.ati.es\/#\/schema\/logo\/image\/\"}}]}<\/script>\n<!-- \/ Yoast SEO plugin. -->","yoast_head_json":{"title":"ICODSIP 2025 Privacy Policy - Asociaci\u00f3n de T\u00e9cnicos de Inform\u00e1tica","robots":{"index":"index","follow":"follow","max-snippet":"max-snippet:-1","max-image-preview":"max-image-preview:large","max-video-preview":"max-video-preview:-1"},"canonical":"https:\/\/www.ati.es\/ca\/icodsip-2025-privacy-policy\/","og_locale":"ca_ES","og_type":"article","og_title":"ICODSIP 2025 Privacy Policy - Asociaci\u00f3n de T\u00e9cnicos de Inform\u00e1tica","og_description":"PROTOCOLS AND PRIVACY POLICIES In our Entity we have adapted our protocols and privacy policies to the European Data Protection Regulation 679\/2016 (RGPD) and to Organic Law 3\/2018, of December 5, on the Protection of Personal Data and Guarantee of Digital Rights, given that we are concerned about the security and protection of the data...Leer m\u00e1s &ldquo;ICODSIP 2025 Privacy Policy&rdquo; &raquo;","og_url":"https:\/\/www.ati.es\/ca\/icodsip-2025-privacy-policy\/","og_site_name":"Asociaci\u00f3n de T\u00e9cnicos de Inform\u00e1tica","article_modified_time":"2025-06-04T12:48:16+00:00","twitter_card":"summary_large_image","twitter_misc":{"Temps estimat de lectura":"3 minuts"},"schema":{"@context":"https:\/\/schema.org","@graph":[{"@type":"WebPage","@id":"https:\/\/www.ati.es\/icodsip-2025-privacy-policy\/","url":"https:\/\/www.ati.es\/icodsip-2025-privacy-policy\/","name":"ICODSIP 2025 Privacy Policy - Asociaci\u00f3n de T\u00e9cnicos de Inform\u00e1tica","isPartOf":{"@id":"https:\/\/www.ati.es\/#website"},"datePublished":"2024-09-26T14:26:24+00:00","dateModified":"2025-06-04T12:48:16+00:00","breadcrumb":{"@id":"https:\/\/www.ati.es\/icodsip-2025-privacy-policy\/#breadcrumb"},"inLanguage":"ca","potentialAction":[{"@type":"ReadAction","target":["https:\/\/www.ati.es\/icodsip-2025-privacy-policy\/"]}]},{"@type":"BreadcrumbList","@id":"https:\/\/www.ati.es\/icodsip-2025-privacy-policy\/#breadcrumb","itemListElement":[{"@type":"ListItem","position":1,"name":"Portada","item":"https:\/\/www.ati.es\/"},{"@type":"ListItem","position":2,"name":"ICODSIP 2025 Privacy Policy"}]},{"@type":"WebSite","@id":"https:\/\/www.ati.es\/#website","url":"https:\/\/www.ati.es\/","name":"Associaci\u00f3 de T\u00e8cnics d'Inform\u00e0tica","description":"","publisher":{"@id":"https:\/\/www.ati.es\/#organization"},"potentialAction":[{"@type":"SearchAction","target":{"@type":"EntryPoint","urlTemplate":"https:\/\/www.ati.es\/?s={search_term_string}"},"query-input":"required name=search_term_string"}],"inLanguage":"ca"},{"@type":"Organization","@id":"https:\/\/www.ati.es\/#organization","name":"Associaci\u00f3 de T\u00e8cnics d'Inform\u00e0tica","url":"https:\/\/www.ati.es\/","logo":{"@type":"ImageObject","inLanguage":"ca","@id":"https:\/\/www.ati.es\/#\/schema\/logo\/image\/","url":"https:\/\/www.ati.es\/wp-content\/uploads\/2021\/07\/cropped-logoATIvectorized.png","contentUrl":"https:\/\/www.ati.es\/wp-content\/uploads\/2021\/07\/cropped-logoATIvectorized.png","width":431,"height":231,"caption":"Asociaci\u00f3n de T\u00e9cnicos de Inform\u00e1tica"},"image":{"@id":"https:\/\/www.ati.es\/#\/schema\/logo\/image\/"}}]}},"_links":{"self":[{"href":"https:\/\/www.ati.es\/ca\/wp-json\/wp\/v2\/pages\/5510"}],"collection":[{"href":"https:\/\/www.ati.es\/ca\/wp-json\/wp\/v2\/pages"}],"about":[{"href":"https:\/\/www.ati.es\/ca\/wp-json\/wp\/v2\/types\/page"}],"author":[{"embeddable":true,"href":"https:\/\/www.ati.es\/ca\/wp-json\/wp\/v2\/users\/16"}],"replies":[{"embeddable":true,"href":"https:\/\/www.ati.es\/ca\/wp-json\/wp\/v2\/comments?post=5510"}],"version-history":[{"count":6,"href":"https:\/\/www.ati.es\/ca\/wp-json\/wp\/v2\/pages\/5510\/revisions"}],"predecessor-version":[{"id":5753,"href":"https:\/\/www.ati.es\/ca\/wp-json\/wp\/v2\/pages\/5510\/revisions\/5753"}],"wp:attachment":[{"href":"https:\/\/www.ati.es\/ca\/wp-json\/wp\/v2\/media?parent=5510"}],"curies":[{"name":"wp","href":"https:\/\/api.w.org\/{rel}","templated":true}]}}