{"id":4830,"date":"2022-05-24T11:43:23","date_gmt":"2022-05-24T10:43:23","guid":{"rendered":"https:\/\/www.ati.es\/?page_id=4830"},"modified":"2023-11-06T12:06:37","modified_gmt":"2023-11-06T11:06:37","slug":"conveni-uoc-ati","status":"publish","type":"page","link":"https:\/\/www.ati.es\/ca\/conveni-uoc-ati\/","title":{"rendered":"Conveni UOC &#8211; ATI"},"content":{"rendered":"<div class=\"wp-container-2 wp-block-columns\">\n<div class=\"wp-container-1 wp-block-column\"><div class=\"wp-block-image\">\n<figure class=\"alignright size-full is-resized\"><img loading=\"lazy\" src=\"https:\/\/www.ati.es\/wp-content\/uploads\/2022\/05\/Sin-nombre-1.png\" alt=\"\" class=\"wp-image-4878\" width=\"324\" height=\"57\" srcset=\"https:\/\/www.ati.es\/wp-content\/uploads\/2022\/05\/Sin-nombre-1.png 512w, https:\/\/www.ati.es\/wp-content\/uploads\/2022\/05\/Sin-nombre-1-300x53.png 300w\" sizes=\"(max-width: 324px) 100vw, 324px\" \/><\/figure><\/div>\n\n\n<p><\/p>\n<\/div>\n<\/div>\n\n\n\n<div class=\"wp-container-7 wp-block-columns\">\n<div class=\"wp-container-6 wp-block-column\">\n<div class=\"wp-container-5 wp-block-columns\">\n<div class=\"wp-container-3 wp-block-column\" style=\"flex-basis:33.33%\">\n<figure class=\"wp-block-image size-large\"><img loading=\"lazy\" width=\"1024\" height=\"576\" src=\"https:\/\/www.ati.es\/wp-content\/uploads\/2022\/05\/e44d13a7-b0c0-db71-6fd5-cd017d2a6624-1024x576.jpg\" alt=\"\" class=\"wp-image-4841\" srcset=\"https:\/\/www.ati.es\/wp-content\/uploads\/2022\/05\/e44d13a7-b0c0-db71-6fd5-cd017d2a6624-1024x576.jpg 1024w, https:\/\/www.ati.es\/wp-content\/uploads\/2022\/05\/e44d13a7-b0c0-db71-6fd5-cd017d2a6624-300x169.jpg 300w, https:\/\/www.ati.es\/wp-content\/uploads\/2022\/05\/e44d13a7-b0c0-db71-6fd5-cd017d2a6624-768x432.jpg 768w, https:\/\/www.ati.es\/wp-content\/uploads\/2022\/05\/e44d13a7-b0c0-db71-6fd5-cd017d2a6624-1536x864.jpg 1536w, https:\/\/www.ati.es\/wp-content\/uploads\/2022\/05\/e44d13a7-b0c0-db71-6fd5-cd017d2a6624-2048x1152.jpg 2048w\" sizes=\"(max-width: 1024px) 100vw, 1024px\" \/><\/figure>\n<\/div>\n\n\n\n<div class=\"wp-container-4 wp-block-column\" style=\"flex-basis:66.66%\">\n<p>Interessat en avan\u00e7ar en la teva carrera?<\/p>\n\n\n\n<p>Una alian\u00e7a de l&#8217;Associaci\u00f3 de T\u00e8cnics d&#8217;Inform\u00e0tica (ATI)&nbsp;i la UOC per oferir-te descomptes i avantatges en formaci\u00f3.<br>Si el que necessites \u00e9s aprendre de deb\u00f2, tria la primera universitat amb <strong>programes 100% en l\u00ednia&nbsp;<\/strong>i orientats a l&#8217;\u00e8xit de les organitzacions i empreses.<\/p>\n<\/div>\n<\/div>\n<\/div>\n<\/div>\n\n\n\n<div class=\"wp-container-10 wp-block-columns\">\n<div class=\"wp-container-8 wp-block-column is-vertically-aligned-center\" style=\"flex-basis:33.33%\"><div class=\"wp-block-image\">\n<figure class=\"alignright size-full is-resized\"><img loading=\"lazy\" src=\"https:\/\/www.ati.es\/wp-content\/uploads\/2022\/05\/5a8d485d-ccd9-33f1-7d26-79d6160c0c34.png\" alt=\"\" class=\"wp-image-4842\" width=\"59\" height=\"59\" srcset=\"https:\/\/www.ati.es\/wp-content\/uploads\/2022\/05\/5a8d485d-ccd9-33f1-7d26-79d6160c0c34.png 128w, https:\/\/www.ati.es\/wp-content\/uploads\/2022\/05\/5a8d485d-ccd9-33f1-7d26-79d6160c0c34-150x150.png 150w\" sizes=\"(max-width: 59px) 100vw, 59px\" \/><\/figure><\/div><\/div>\n\n\n\n<div class=\"wp-container-9 wp-block-column\" style=\"flex-basis:66.66%\">\n<h3><strong>Descompte Programes Especials<\/strong><\/h3>\n\n\n\n<p>Com beneficiar-te dels descomptes: utilitza el codi que et donarem a ATI en matricular-te des del web de la UOC.<\/p>\n<\/div>\n<\/div>\n\n\n\n<div class=\"wp-container-13 wp-block-columns\">\n<div class=\"wp-container-11 wp-block-column\">\n<p>&#8211;&nbsp;<a href=\"https:\/\/estudis.uoc.edu\/ca\/masters-postgraus-especialitzacions\/master\/economia-empresa\/inteligencia-negoci-big-data\/presentacio\" target=\"_blank\" rel=\"noreferrer noopener\">M\u00e0ster propi Business Intelligence i Big Data Analytics<\/a><\/p>\n\n\n\n<p>&#8211;&nbsp;<a href=\"https:\/\/estudis.uoc.edu\/ca\/masters-postgraus-especialitzacions\/master\/informatica-multimedia-telecomunicacio\/industria\/presentacio\" target=\"_blank\" rel=\"noreferrer noopener\">M\u00e0ster propi Ind\u00fastria 4.0 (UOC, ESUPT)<\/a><\/p>\n\n\n\n<p><a href=\"https:\/\/estudis.uoc.edu\/ca\/masters-postgraus-especialitzacions\/diploma-postgrau\/informatica-multimedia-telecomunicacio\/it-project-management\/presentacio\" target=\"_blank\" rel=\"noreferrer noopener\">&#8211; Postgrau en IT Project Management<\/a><\/p>\n<\/div>\n\n\n\n<div class=\"wp-container-12 wp-block-column\">\n<p><br><strong>30%&nbsp;dte. de l&#8217;11\/05 al 09\/06<br>25%&nbsp;dte. del 10\/06 al 10\/07<br>15%&nbsp;dte. a partir del 11\/07<\/strong><\/p>\n<\/div>\n<\/div>\n\n\n\n<div class=\"wp-container-15 wp-block-columns\">\n<div class=\"wp-container-14 wp-block-column\">\n<p><em>Descomptes aplicables a cadascuna de les matr\u00edcules realitzades (primera i seg\u00fcents)<\/em>. <a href=\"https:\/\/mailchi.mp\/uoc\/ati_ca\">Informa&#8217;t<\/a><\/p>\n<\/div>\n<\/div>\n\n\n\n<div class=\"wp-container-18 wp-block-columns\">\n<div class=\"wp-container-16 wp-block-column is-vertically-aligned-center\" style=\"flex-basis:33.33%\"><div class=\"wp-block-image\">\n<figure class=\"alignright size-full is-resized\"><img loading=\"lazy\" src=\"https:\/\/www.ati.es\/wp-content\/uploads\/2022\/05\/5a8d485d-ccd9-33f1-7d26-79d6160c0c34-1.png\" alt=\"\" class=\"wp-image-4843\" width=\"60\" height=\"60\" srcset=\"https:\/\/www.ati.es\/wp-content\/uploads\/2022\/05\/5a8d485d-ccd9-33f1-7d26-79d6160c0c34-1.png 128w, https:\/\/www.ati.es\/wp-content\/uploads\/2022\/05\/5a8d485d-ccd9-33f1-7d26-79d6160c0c34-1-150x150.png 150w\" sizes=\"(max-width: 60px) 100vw, 60px\" \/><\/figure><\/div><\/div>\n\n\n\n<div class=\"wp-container-17 wp-block-column\" style=\"flex-basis:66.66%\">\n<h3><strong>Descompte resta de Programes<\/strong><\/h3>\n\n\n\n<p>Com beneficiar-te dels descomptes:  utilitza el codi que et donarem a ATI en matricular-te des del web de la UOC. <\/p>\n<\/div>\n<\/div>\n\n\n\n<div class=\"wp-container-21 wp-block-columns\">\n<div class=\"wp-container-19 wp-block-column\">\n<p><strong>Graus i M\u00e0sters Universitaris<\/strong><br><strong>18%&nbsp;dte. fins al 21\/06<br>10%&nbsp;dte. a partir del 22\/06<\/strong><\/p>\n<\/div>\n\n\n\n<div class=\"wp-container-20 wp-block-column\">\n<p><a href=\"https:\/\/mailchi.mp\/uoc\/ati_ca\">Informa&#8217;t<\/a><br><em>Descomptes aplicables a cadascuna de les matr\u00edcules realitzades (primera i seg\u00fcents)<\/em><\/p>\n<\/div>\n<\/div>\n\n\n\n<div class=\"wp-container-24 wp-block-columns\">\n<div class=\"wp-container-22 wp-block-column\">\n<p><strong>Formaci\u00f3 de Postgrau<\/strong><br>M\u00e0sters, Postgraus i Especialitzacions<br><strong>30%&nbsp;dte. de l&#8217;11\/05 al 09\/06<br>20%&nbsp;dte. del 10\/06 al 10\/07<br>10%&nbsp;dte. a partir del 11\/07<\/strong><\/p>\n<\/div>\n\n\n\n<div class=\"wp-container-23 wp-block-column\">\n<p><a href=\"https:\/\/estudios.uoc.edu\/es\/descuentos-matricula-corporativa\" target=\"_blank\" rel=\"noreferrer noopener\">Infor<\/a><a href=\"https:\/\/mailchi.mp\/uoc\/ati_ca\">ma&#8217;t<\/a><br><em>Descomptes aplicables a cadascuna de les matr\u00edcules realitzades (primera i seg\u00fcents)<\/em><\/p>\n<\/div>\n<\/div>\n\n\n\n<div class=\"wp-container-27 wp-block-columns\">\n<div class=\"wp-container-25 wp-block-column\">\n<p><strong>Una altra oferta formativa<\/strong><br>Idiomes, Cursos professionalitzadors,<br>Cursos de curta durada, Formaci\u00f3 Professional i<br>Cursos d&#8217;acc\u00e9s a la universitat<br><strong>10%&nbsp;dte. durant tota la campanya<\/strong><\/p>\n<\/div>\n\n\n\n<div class=\"wp-container-26 wp-block-column\">\n<p><a href=\"https:\/\/mailchi.mp\/uoc\/ati_ca\">Informa&#8217;t<\/a><br><em>Descomptes aplicables a cadascuna de les matr\u00edcules realitzades (primera i seg\u00fcents)<\/em><\/p>\n<\/div>\n<\/div>\n\n\n\n<div class=\"wp-container-30 wp-block-columns\">\n<div class=\"wp-container-28 wp-block-column\">\n<p>M\u00e9s de 700 programes a la teva disposici\u00f3.<br>Informa&#8217;t!<\/p>\n<\/div>\n\n\n\n<div class=\"wp-container-29 wp-block-column\">\n<p><a href=\"mailto:matriculacorporativa@uoc.edu\" target=\"_blank\" rel=\"noreferrer noopener\">matriculacorporativa@uoc.edu<\/a><\/p>\n<\/div>\n<\/div>","protected":false},"excerpt":{"rendered":"<p>Interessat en avan\u00e7ar en la teva carrera? Una alian\u00e7a de l&#8217;Associaci\u00f3 de T\u00e8cnics d&#8217;Inform\u00e0tica (ATI)&nbsp;i la UOC per oferir-te descomptes i avantatges en formaci\u00f3.Si el que necessites \u00e9s aprendre de deb\u00f2, tria la primera universitat amb programes 100% en l\u00ednia&nbsp;i orientats a l&#8217;\u00e8xit de les organitzacions i empreses. Descompte Programes Especials Com beneficiar-te dels descomptes:&#8230;<\/p>\n<p class=\"more-link-wrap\"><a href=\"https:\/\/www.ati.es\/ca\/conveni-uoc-ati\/\" class=\"more-link\">Leer m\u00e1s<span class=\"screen-reader-text\"> &ldquo;Conveni UOC &#8211; ATI&rdquo;<\/span> \u00bb<\/a><\/p>","protected":false},"author":16,"featured_media":0,"parent":0,"menu_order":0,"comment_status":"closed","ping_status":"closed","template":"","meta":[],"yoast_head":"<!-- This site is optimized with the Yoast SEO plugin v20.6 - https:\/\/yoast.com\/wordpress\/plugins\/seo\/ -->\n<title>Conveni UOC - ATI - Asociaci\u00f3n de T\u00e9cnicos de Inform\u00e1tica<\/title>\n<meta name=\"robots\" content=\"index, follow, max-snippet:-1, max-image-preview:large, max-video-preview:-1\" \/>\n<link rel=\"canonical\" href=\"https:\/\/www.ati.es\/ca\/conveni-uoc-ati\/\" \/>\n<meta property=\"og:locale\" content=\"ca_ES\" \/>\n<meta property=\"og:type\" content=\"article\" \/>\n<meta property=\"og:title\" content=\"Conveni UOC - ATI - Asociaci\u00f3n de T\u00e9cnicos de Inform\u00e1tica\" \/>\n<meta property=\"og:description\" content=\"Interessat en avan\u00e7ar en la teva carrera? Una alian\u00e7a de l&#8217;Associaci\u00f3 de T\u00e8cnics d&#8217;Inform\u00e0tica (ATI)&nbsp;i la UOC per oferir-te descomptes i avantatges en formaci\u00f3.Si el que necessites \u00e9s aprendre de deb\u00f2, tria la primera universitat amb programes 100% en l\u00ednia&nbsp;i orientats a l&#8217;\u00e8xit de les organitzacions i empreses. Descompte Programes Especials Com beneficiar-te dels descomptes:...Leer m\u00e1s &ldquo;Conveni UOC &#8211; ATI&rdquo; &raquo;\" \/>\n<meta property=\"og:url\" content=\"https:\/\/www.ati.es\/ca\/conveni-uoc-ati\/\" \/>\n<meta property=\"og:site_name\" content=\"Asociaci\u00f3n de T\u00e9cnicos de Inform\u00e1tica\" \/>\n<meta property=\"article:modified_time\" content=\"2023-11-06T11:06:37+00:00\" \/>\n<meta property=\"og:image\" content=\"https:\/\/www.ati.es\/wp-content\/uploads\/2022\/05\/Sin-nombre-1.png\" \/>\n<meta name=\"twitter:card\" content=\"summary_large_image\" \/>\n<meta name=\"twitter:label1\" content=\"Temps estimat de lectura\" \/>\n\t<meta name=\"twitter:data1\" content=\"2 minuts\" \/>\n<script type=\"application\/ld+json\" class=\"yoast-schema-graph\">{\"@context\":\"https:\/\/schema.org\",\"@graph\":[{\"@type\":\"WebPage\",\"@id\":\"https:\/\/www.ati.es\/conveni-uoc-ati\/\",\"url\":\"https:\/\/www.ati.es\/conveni-uoc-ati\/\",\"name\":\"Conveni UOC - ATI - Asociaci\u00f3n de T\u00e9cnicos de Inform\u00e1tica\",\"isPartOf\":{\"@id\":\"https:\/\/www.ati.es\/#website\"},\"datePublished\":\"2022-05-24T10:43:23+00:00\",\"dateModified\":\"2023-11-06T11:06:37+00:00\",\"breadcrumb\":{\"@id\":\"https:\/\/www.ati.es\/conveni-uoc-ati\/#breadcrumb\"},\"inLanguage\":\"ca\",\"potentialAction\":[{\"@type\":\"ReadAction\",\"target\":[\"https:\/\/www.ati.es\/conveni-uoc-ati\/\"]}]},{\"@type\":\"BreadcrumbList\",\"@id\":\"https:\/\/www.ati.es\/conveni-uoc-ati\/#breadcrumb\",\"itemListElement\":[{\"@type\":\"ListItem\",\"position\":1,\"name\":\"Portada\",\"item\":\"https:\/\/www.ati.es\/\"},{\"@type\":\"ListItem\",\"position\":2,\"name\":\"Conveni UOC &#8211; ATI\"}]},{\"@type\":\"WebSite\",\"@id\":\"https:\/\/www.ati.es\/#website\",\"url\":\"https:\/\/www.ati.es\/\",\"name\":\"Asociaci\u00f3n de T\u00e9cnicos de Inform\u00e1tica\",\"description\":\"\",\"publisher\":{\"@id\":\"https:\/\/www.ati.es\/#organization\"},\"potentialAction\":[{\"@type\":\"SearchAction\",\"target\":{\"@type\":\"EntryPoint\",\"urlTemplate\":\"https:\/\/www.ati.es\/?s={search_term_string}\"},\"query-input\":\"required name=search_term_string\"}],\"inLanguage\":\"ca\"},{\"@type\":\"Organization\",\"@id\":\"https:\/\/www.ati.es\/#organization\",\"name\":\"Asociaci\u00f3n de T\u00e9cnicos de Inform\u00e1tica\",\"url\":\"https:\/\/www.ati.es\/\",\"logo\":{\"@type\":\"ImageObject\",\"inLanguage\":\"ca\",\"@id\":\"https:\/\/www.ati.es\/#\/schema\/logo\/image\/\",\"url\":\"https:\/\/www.ati.es\/wp-content\/uploads\/2021\/07\/cropped-logoATIvectorized.png\",\"contentUrl\":\"https:\/\/www.ati.es\/wp-content\/uploads\/2021\/07\/cropped-logoATIvectorized.png\",\"width\":431,\"height\":231,\"caption\":\"Asociaci\u00f3n de T\u00e9cnicos de Inform\u00e1tica\"},\"image\":{\"@id\":\"https:\/\/www.ati.es\/#\/schema\/logo\/image\/\"}}]}<\/script>\n<!-- \/ Yoast SEO plugin. -->","yoast_head_json":{"title":"Conveni UOC - ATI - Asociaci\u00f3n de T\u00e9cnicos de Inform\u00e1tica","robots":{"index":"index","follow":"follow","max-snippet":"max-snippet:-1","max-image-preview":"max-image-preview:large","max-video-preview":"max-video-preview:-1"},"canonical":"https:\/\/www.ati.es\/ca\/conveni-uoc-ati\/","og_locale":"ca_ES","og_type":"article","og_title":"Conveni UOC - ATI - Asociaci\u00f3n de T\u00e9cnicos de Inform\u00e1tica","og_description":"Interessat en avan\u00e7ar en la teva carrera? Una alian\u00e7a de l&#8217;Associaci\u00f3 de T\u00e8cnics d&#8217;Inform\u00e0tica (ATI)&nbsp;i la UOC per oferir-te descomptes i avantatges en formaci\u00f3.Si el que necessites \u00e9s aprendre de deb\u00f2, tria la primera universitat amb programes 100% en l\u00ednia&nbsp;i orientats a l&#8217;\u00e8xit de les organitzacions i empreses. Descompte Programes Especials Com beneficiar-te dels descomptes:...Leer m\u00e1s &ldquo;Conveni UOC &#8211; ATI&rdquo; &raquo;","og_url":"https:\/\/www.ati.es\/ca\/conveni-uoc-ati\/","og_site_name":"Asociaci\u00f3n de T\u00e9cnicos de Inform\u00e1tica","article_modified_time":"2023-11-06T11:06:37+00:00","og_image":[{"url":"https:\/\/www.ati.es\/wp-content\/uploads\/2022\/05\/Sin-nombre-1.png"}],"twitter_card":"summary_large_image","twitter_misc":{"Temps estimat de lectura":"2 minuts"},"schema":{"@context":"https:\/\/schema.org","@graph":[{"@type":"WebPage","@id":"https:\/\/www.ati.es\/conveni-uoc-ati\/","url":"https:\/\/www.ati.es\/conveni-uoc-ati\/","name":"Conveni UOC - ATI - Asociaci\u00f3n de T\u00e9cnicos de Inform\u00e1tica","isPartOf":{"@id":"https:\/\/www.ati.es\/#website"},"datePublished":"2022-05-24T10:43:23+00:00","dateModified":"2023-11-06T11:06:37+00:00","breadcrumb":{"@id":"https:\/\/www.ati.es\/conveni-uoc-ati\/#breadcrumb"},"inLanguage":"ca","potentialAction":[{"@type":"ReadAction","target":["https:\/\/www.ati.es\/conveni-uoc-ati\/"]}]},{"@type":"BreadcrumbList","@id":"https:\/\/www.ati.es\/conveni-uoc-ati\/#breadcrumb","itemListElement":[{"@type":"ListItem","position":1,"name":"Portada","item":"https:\/\/www.ati.es\/"},{"@type":"ListItem","position":2,"name":"Conveni UOC &#8211; ATI"}]},{"@type":"WebSite","@id":"https:\/\/www.ati.es\/#website","url":"https:\/\/www.ati.es\/","name":"Associaci\u00f3 de T\u00e8cnics d'Inform\u00e0tica","description":"","publisher":{"@id":"https:\/\/www.ati.es\/#organization"},"potentialAction":[{"@type":"SearchAction","target":{"@type":"EntryPoint","urlTemplate":"https:\/\/www.ati.es\/?s={search_term_string}"},"query-input":"required name=search_term_string"}],"inLanguage":"ca"},{"@type":"Organization","@id":"https:\/\/www.ati.es\/#organization","name":"Associaci\u00f3 de T\u00e8cnics d'Inform\u00e0tica","url":"https:\/\/www.ati.es\/","logo":{"@type":"ImageObject","inLanguage":"ca","@id":"https:\/\/www.ati.es\/#\/schema\/logo\/image\/","url":"https:\/\/www.ati.es\/wp-content\/uploads\/2021\/07\/cropped-logoATIvectorized.png","contentUrl":"https:\/\/www.ati.es\/wp-content\/uploads\/2021\/07\/cropped-logoATIvectorized.png","width":431,"height":231,"caption":"Asociaci\u00f3n de T\u00e9cnicos de Inform\u00e1tica"},"image":{"@id":"https:\/\/www.ati.es\/#\/schema\/logo\/image\/"}}]}},"_links":{"self":[{"href":"https:\/\/www.ati.es\/ca\/wp-json\/wp\/v2\/pages\/4830"}],"collection":[{"href":"https:\/\/www.ati.es\/ca\/wp-json\/wp\/v2\/pages"}],"about":[{"href":"https:\/\/www.ati.es\/ca\/wp-json\/wp\/v2\/types\/page"}],"author":[{"embeddable":true,"href":"https:\/\/www.ati.es\/ca\/wp-json\/wp\/v2\/users\/16"}],"replies":[{"embeddable":true,"href":"https:\/\/www.ati.es\/ca\/wp-json\/wp\/v2\/comments?post=4830"}],"version-history":[{"count":42,"href":"https:\/\/www.ati.es\/ca\/wp-json\/wp\/v2\/pages\/4830\/revisions"}],"predecessor-version":[{"id":5268,"href":"https:\/\/www.ati.es\/ca\/wp-json\/wp\/v2\/pages\/4830\/revisions\/5268"}],"wp:attachment":[{"href":"https:\/\/www.ati.es\/ca\/wp-json\/wp\/v2\/media?parent=4830"}],"curies":[{"name":"wp","href":"https:\/\/api.w.org\/{rel}","templated":true}]}}