{"id":460,"date":"2016-11-13T16:03:19","date_gmt":"2016-11-13T15:03:19","guid":{"rendered":"http:\/\/www.ati.es\/?page_id=460"},"modified":"2017-01-02T18:52:01","modified_gmt":"2017-01-02T17:52:01","slug":"junta-directiva-general","status":"publish","type":"page","link":"https:\/\/www.ati.es\/ca\/junta-directiva-general\/","title":{"rendered":"Junta Directiva General"},"content":{"rendered":"<p><span style=\"text-decoration: underline;\">Legislatura 2016-2017<\/span><\/p>\n<table class=\"wp-list-table widefat fixed striped posts\">\n<tbody id=\"the-list\">\n<tr id=\"post-465\" class=\"iedit author-self level-0 post-465 type-al_product status-publish has-post-thumbnail hentry\">\n<td class=\"shortcode column-shortcode\" data-colname=\"Shortcode\">[show_products product=&#8221;465&#8243;]<\/td>\n<\/tr>\n<\/tbody>\n<\/table>\n<table class=\"wp-list-table widefat fixed striped posts\">\n<tbody id=\"the-list\">\n<tr id=\"post-475\" class=\"iedit author-self level-0 post-475 type-al_product status-publish has-post-thumbnail hentry\">\n<td class=\"shortcode column-shortcode\" data-colname=\"Shortcode\">[show_products product=&#8221;475&#8243;]<\/td>\n<\/tr>\n<\/tbody>\n<\/table>\n<table class=\"wp-list-table widefat fixed striped posts\">\n<tbody id=\"the-list\">\n<tr id=\"post-475\" class=\"iedit author-self level-0 post-475 type-al_product status-publish has-post-thumbnail hentry\">\n<td class=\"shortcode column-shortcode\" data-colname=\"Shortcode\">[show_products product=&#8221;476&#8243;]<\/td>\n<\/tr>\n<\/tbody>\n<\/table>\n<table class=\"wp-list-table widefat fixed striped posts\">\n<tbody id=\"the-list\">\n<tr id=\"post-475\" class=\"iedit author-self level-0 post-475 type-al_product status-publish has-post-thumbnail hentry\">\n<td class=\"shortcode column-shortcode\" data-colname=\"Shortcode\">[show_products product=&#8221;477&#8243;]<\/td>\n<\/tr>\n<\/tbody>\n<\/table>\n<table class=\"wp-list-table widefat fixed striped posts\">\n<tbody id=\"the-list\">\n<tr id=\"post-475\" class=\"iedit author-self level-0 post-475 type-al_product status-publish has-post-thumbnail hentry\">\n<td class=\"shortcode column-shortcode\" data-colname=\"Shortcode\">[show_products product=&#8221;478&#8243;]<\/td>\n<\/tr>\n<\/tbody>\n<\/table>\n<table class=\"wp-list-table widefat fixed striped posts\">\n<tbody id=\"the-list\">\n<tr id=\"post-484\" class=\"iedit author-self level-0 post-484 type-al_product status-publish has-post-thumbnail hentry\">\n<td class=\"shortcode column-shortcode\" data-colname=\"Shortcode\">[show_products product=&#8221;484&#8243;]<\/td>\n<\/tr>\n<\/tbody>\n<\/table>\n<table class=\"wp-list-table widefat fixed striped posts\">\n<tbody id=\"the-list\">\n<tr id=\"post-475\" class=\"iedit author-self level-0 post-475 type-al_product status-publish has-post-thumbnail hentry\">\n<td class=\"shortcode column-shortcode\" data-colname=\"Shortcode\">[show_products product=&#8221;479&#8243;]<\/td>\n<\/tr>\n<\/tbody>\n<\/table>\n<table class=\"wp-list-table widefat fixed striped posts\">\n<tbody id=\"the-list\">\n<tr id=\"post-475\" class=\"iedit author-self level-0 post-475 type-al_product status-publish has-post-thumbnail hentry\">\n<td class=\"shortcode column-shortcode\" data-colname=\"Shortcode\">[show_products product=&#8221;480&#8243;]<\/td>\n<\/tr>\n<\/tbody>\n<\/table>\n<table class=\"wp-list-table widefat fixed striped posts\">\n<tbody id=\"the-list\">\n<tr id=\"post-475\" class=\"iedit author-self level-0 post-475 type-al_product status-publish has-post-thumbnail hentry\">\n<td class=\"shortcode column-shortcode\" data-colname=\"Shortcode\">[show_products product=&#8221;481&#8243;]<\/td>\n<\/tr>\n<\/tbody>\n<\/table>","protected":false},"excerpt":{"rendered":"<p>Legislatura 2016-2017 [show_products product=&#8221;465&#8243;] [show_products product=&#8221;475&#8243;] [show_products product=&#8221;476&#8243;] [show_products product=&#8221;477&#8243;] [show_products product=&#8221;478&#8243;] [show_products product=&#8221;484&#8243;] [show_products product=&#8221;479&#8243;] [show_products product=&#8221;480&#8243;] [show_products product=&#8221;481&#8243;]<\/p>","protected":false},"author":1,"featured_media":0,"parent":0,"menu_order":0,"comment_status":"closed","ping_status":"closed","template":"template-fullwidth.php","meta":[],"yoast_head":"<!-- This site is optimized with the Yoast SEO plugin v20.6 - https:\/\/yoast.com\/wordpress\/plugins\/seo\/ -->\n<title>Junta Directiva General - Asociaci\u00f3n de T\u00e9cnicos de Inform\u00e1tica<\/title>\n<meta name=\"robots\" content=\"index, follow, max-snippet:-1, max-image-preview:large, max-video-preview:-1\" \/>\n<link rel=\"canonical\" href=\"https:\/\/www.ati.es\/ca\/junta-directiva-general\/\" \/>\n<meta property=\"og:locale\" content=\"ca_ES\" \/>\n<meta property=\"og:type\" content=\"article\" \/>\n<meta property=\"og:title\" content=\"Junta Directiva General - Asociaci\u00f3n de T\u00e9cnicos de Inform\u00e1tica\" \/>\n<meta property=\"og:description\" content=\"Legislatura 2016-2017 [show_products product=&#8221;465&#8243;] [show_products product=&#8221;475&#8243;] [show_products product=&#8221;476&#8243;] [show_products product=&#8221;477&#8243;] [show_products product=&#8221;478&#8243;] [show_products product=&#8221;484&#8243;] [show_products product=&#8221;479&#8243;] [show_products product=&#8221;480&#8243;] [show_products product=&#8221;481&#8243;]\" \/>\n<meta property=\"og:url\" content=\"https:\/\/www.ati.es\/ca\/junta-directiva-general\/\" \/>\n<meta property=\"og:site_name\" content=\"Asociaci\u00f3n de T\u00e9cnicos de Inform\u00e1tica\" \/>\n<meta property=\"article:modified_time\" content=\"2017-01-02T17:52:01+00:00\" \/>\n<meta name=\"twitter:card\" content=\"summary_large_image\" \/>\n<script type=\"application\/ld+json\" class=\"yoast-schema-graph\">{\"@context\":\"https:\/\/schema.org\",\"@graph\":[{\"@type\":\"WebPage\",\"@id\":\"https:\/\/www.ati.es\/junta-directiva-general\/\",\"url\":\"https:\/\/www.ati.es\/junta-directiva-general\/\",\"name\":\"Junta Directiva General - Asociaci\u00f3n de T\u00e9cnicos de Inform\u00e1tica\",\"isPartOf\":{\"@id\":\"https:\/\/www.ati.es\/#website\"},\"datePublished\":\"2016-11-13T15:03:19+00:00\",\"dateModified\":\"2017-01-02T17:52:01+00:00\",\"breadcrumb\":{\"@id\":\"https:\/\/www.ati.es\/junta-directiva-general\/#breadcrumb\"},\"inLanguage\":\"ca\",\"potentialAction\":[{\"@type\":\"ReadAction\",\"target\":[\"https:\/\/www.ati.es\/junta-directiva-general\/\"]}]},{\"@type\":\"BreadcrumbList\",\"@id\":\"https:\/\/www.ati.es\/junta-directiva-general\/#breadcrumb\",\"itemListElement\":[{\"@type\":\"ListItem\",\"position\":1,\"name\":\"Portada\",\"item\":\"https:\/\/www.ati.es\/\"},{\"@type\":\"ListItem\",\"position\":2,\"name\":\"Junta Directiva General\"}]},{\"@type\":\"WebSite\",\"@id\":\"https:\/\/www.ati.es\/#website\",\"url\":\"https:\/\/www.ati.es\/\",\"name\":\"Asociaci\u00f3n de T\u00e9cnicos de Inform\u00e1tica\",\"description\":\"\",\"publisher\":{\"@id\":\"https:\/\/www.ati.es\/#organization\"},\"potentialAction\":[{\"@type\":\"SearchAction\",\"target\":{\"@type\":\"EntryPoint\",\"urlTemplate\":\"https:\/\/www.ati.es\/?s={search_term_string}\"},\"query-input\":\"required name=search_term_string\"}],\"inLanguage\":\"ca\"},{\"@type\":\"Organization\",\"@id\":\"https:\/\/www.ati.es\/#organization\",\"name\":\"Asociaci\u00f3n de T\u00e9cnicos de Inform\u00e1tica\",\"url\":\"https:\/\/www.ati.es\/\",\"logo\":{\"@type\":\"ImageObject\",\"inLanguage\":\"ca\",\"@id\":\"https:\/\/www.ati.es\/#\/schema\/logo\/image\/\",\"url\":\"https:\/\/www.ati.es\/wp-content\/uploads\/2021\/07\/cropped-logoATIvectorized.png\",\"contentUrl\":\"https:\/\/www.ati.es\/wp-content\/uploads\/2021\/07\/cropped-logoATIvectorized.png\",\"width\":431,\"height\":231,\"caption\":\"Asociaci\u00f3n de T\u00e9cnicos de Inform\u00e1tica\"},\"image\":{\"@id\":\"https:\/\/www.ati.es\/#\/schema\/logo\/image\/\"}}]}<\/script>\n<!-- \/ Yoast SEO plugin. -->","yoast_head_json":{"title":"Junta Directiva General - Asociaci\u00f3n de T\u00e9cnicos de Inform\u00e1tica","robots":{"index":"index","follow":"follow","max-snippet":"max-snippet:-1","max-image-preview":"max-image-preview:large","max-video-preview":"max-video-preview:-1"},"canonical":"https:\/\/www.ati.es\/ca\/junta-directiva-general\/","og_locale":"ca_ES","og_type":"article","og_title":"Junta Directiva General - Asociaci\u00f3n de T\u00e9cnicos de Inform\u00e1tica","og_description":"Legislatura 2016-2017 [show_products product=&#8221;465&#8243;] [show_products product=&#8221;475&#8243;] [show_products product=&#8221;476&#8243;] [show_products product=&#8221;477&#8243;] [show_products product=&#8221;478&#8243;] [show_products product=&#8221;484&#8243;] [show_products product=&#8221;479&#8243;] [show_products product=&#8221;480&#8243;] [show_products product=&#8221;481&#8243;]","og_url":"https:\/\/www.ati.es\/ca\/junta-directiva-general\/","og_site_name":"Asociaci\u00f3n de T\u00e9cnicos de Inform\u00e1tica","article_modified_time":"2017-01-02T17:52:01+00:00","twitter_card":"summary_large_image","schema":{"@context":"https:\/\/schema.org","@graph":[{"@type":"WebPage","@id":"https:\/\/www.ati.es\/junta-directiva-general\/","url":"https:\/\/www.ati.es\/junta-directiva-general\/","name":"Junta Directiva General - Asociaci\u00f3n de T\u00e9cnicos de Inform\u00e1tica","isPartOf":{"@id":"https:\/\/www.ati.es\/#website"},"datePublished":"2016-11-13T15:03:19+00:00","dateModified":"2017-01-02T17:52:01+00:00","breadcrumb":{"@id":"https:\/\/www.ati.es\/junta-directiva-general\/#breadcrumb"},"inLanguage":"ca","potentialAction":[{"@type":"ReadAction","target":["https:\/\/www.ati.es\/junta-directiva-general\/"]}]},{"@type":"BreadcrumbList","@id":"https:\/\/www.ati.es\/junta-directiva-general\/#breadcrumb","itemListElement":[{"@type":"ListItem","position":1,"name":"Portada","item":"https:\/\/www.ati.es\/"},{"@type":"ListItem","position":2,"name":"Junta Directiva General"}]},{"@type":"WebSite","@id":"https:\/\/www.ati.es\/#website","url":"https:\/\/www.ati.es\/","name":"Associaci\u00f3 de T\u00e8cnics d'Inform\u00e0tica","description":"","publisher":{"@id":"https:\/\/www.ati.es\/#organization"},"potentialAction":[{"@type":"SearchAction","target":{"@type":"EntryPoint","urlTemplate":"https:\/\/www.ati.es\/?s={search_term_string}"},"query-input":"required name=search_term_string"}],"inLanguage":"ca"},{"@type":"Organization","@id":"https:\/\/www.ati.es\/#organization","name":"Associaci\u00f3 de T\u00e8cnics d'Inform\u00e0tica","url":"https:\/\/www.ati.es\/","logo":{"@type":"ImageObject","inLanguage":"ca","@id":"https:\/\/www.ati.es\/#\/schema\/logo\/image\/","url":"https:\/\/www.ati.es\/wp-content\/uploads\/2021\/07\/cropped-logoATIvectorized.png","contentUrl":"https:\/\/www.ati.es\/wp-content\/uploads\/2021\/07\/cropped-logoATIvectorized.png","width":431,"height":231,"caption":"Asociaci\u00f3n de T\u00e9cnicos de Inform\u00e1tica"},"image":{"@id":"https:\/\/www.ati.es\/#\/schema\/logo\/image\/"}}]}},"_links":{"self":[{"href":"https:\/\/www.ati.es\/ca\/wp-json\/wp\/v2\/pages\/460"}],"collection":[{"href":"https:\/\/www.ati.es\/ca\/wp-json\/wp\/v2\/pages"}],"about":[{"href":"https:\/\/www.ati.es\/ca\/wp-json\/wp\/v2\/types\/page"}],"author":[{"embeddable":true,"href":"https:\/\/www.ati.es\/ca\/wp-json\/wp\/v2\/users\/1"}],"replies":[{"embeddable":true,"href":"https:\/\/www.ati.es\/ca\/wp-json\/wp\/v2\/comments?post=460"}],"version-history":[{"count":2,"href":"https:\/\/www.ati.es\/ca\/wp-json\/wp\/v2\/pages\/460\/revisions"}],"predecessor-version":[{"id":1203,"href":"https:\/\/www.ati.es\/ca\/wp-json\/wp\/v2\/pages\/460\/revisions\/1203"}],"wp:attachment":[{"href":"https:\/\/www.ati.es\/ca\/wp-json\/wp\/v2\/media?parent=460"}],"curies":[{"name":"wp","href":"https:\/\/api.w.org\/{rel}","templated":true}]}}