{"id":4443,"date":"2021-10-20T09:57:31","date_gmt":"2021-10-20T08:57:31","guid":{"rendered":"https:\/\/www.ati.es\/?page_id=4443"},"modified":"2022-04-01T15:49:23","modified_gmt":"2022-04-01T14:49:23","slug":"servicios","status":"publish","type":"page","link":"https:\/\/www.ati.es\/ca\/servicios\/","title":{"rendered":"Servicios"},"content":{"rendered":"<figure class=\"wp-block-table is-style-stripes\"><table><tbody><tr><td class=\"has-text-align-center\" data-align=\"center\"><img src=\"https:\/\/www.ati.es\/wp-content\/uploads\/2021\/07\/Logo-bureau.png\" alt=\"La imagen tiene un atributo ALT vac\u00edo; su nombre de archivo es Logo-bureau.png\" style=\"width: 500px;\"><\/td><td><\/td><td>Acord de col\u00b7laboraci\u00f3 amb&nbsp;<strong>BUREAU VERITAS<\/strong>&nbsp;para ofrecer a los socios&nbsp;<strong>condiciones especiales<\/strong>&nbsp;en los servicios de certificaci\u00f3n en sistemas de IT y formaci\u00f3n.<br>Se pueden consultar todos los&nbsp;<a href=\"https:\/\/www.bureauveritas.es\/ciberseguridad\" target=\"_blank\" rel=\"noreferrer noopener\"><strong>servicios de ciberseguridad&nbsp;aqu\u00ed<\/strong><\/a>.<\/td><\/tr><tr><td class=\"has-text-align-center\" data-align=\"center\"><img src=\"https:\/\/www.ati.es\/wp-content\/uploads\/2021\/03\/munozabogados.png\" alt=\"La imagen tiene un atributo ALT vac\u00edo; su nombre de archivo es munozabogados.png\" style=\"width: 450px;\"><\/td><td><\/td><td>Acord de col\u00b7laboraci\u00f3 amb&nbsp;<strong><a href=\"https:\/\/www.xn--muozabogados-bhb.eu\/\" target=\"_blank\" rel=\"noreferrer noopener\">MU\u00d1OZ ABOGADOS &amp; CIBERSEGURIDAD<\/a><\/strong>&nbsp;cuyo objeto es facilitar y fomentar las actividades de asesoramiento, formaci\u00f3n y orientaci\u00f3n a los socios de ATI en los siguientes \u00e1mbitos: Asesoramiento Jur\u00eddico, Defensa en los Tribunales, Charlas de Ciberseguridad (inform\u00e1tica, derecho y criminolog\u00eda)<\/td><\/tr><tr><td class=\"has-text-align-center\" data-align=\"center\"><img loading=\"lazy\" width=\"1200\" height=\"350\" class=\"wp-image-4604\" style=\"width: 400px;\" src=\"https:\/\/www.ati.es\/wp-content\/uploads\/2022\/02\/DFO-Logotipo-Pantalla.png\" alt=\"\" srcset=\"https:\/\/www.ati.es\/wp-content\/uploads\/2022\/02\/DFO-Logotipo-Pantalla.png 1200w, https:\/\/www.ati.es\/wp-content\/uploads\/2022\/02\/DFO-Logotipo-Pantalla-300x88.png 300w, https:\/\/www.ati.es\/wp-content\/uploads\/2022\/02\/DFO-Logotipo-Pantalla-1024x299.png 1024w, https:\/\/www.ati.es\/wp-content\/uploads\/2022\/02\/DFO-Logotipo-Pantalla-768x224.png 768w\" sizes=\"(max-width: 1200px) 100vw, 1200px\" \/><\/td><td><\/td><td>Convenio&nbsp;de colaboraci\u00f3n con&nbsp;<strong><a href=\"https:\/\/www.deustoformacion.com\/\" target=\"_blank\" rel=\"noreferrer noopener\">D<\/a><\/strong><a href=\"https:\/\/www.deustoformacion.com\/\" target=\"_blank\" rel=\"noreferrer noopener\"><strong>EUSTO<\/strong>&nbsp;<strong>FORMACI\u00d3N<\/strong><\/a>.<\/td><\/tr><tr><td class=\"has-text-align-center\" data-align=\"center\"><img loading=\"lazy\" width=\"750\" height=\"753\" class=\"wp-image-4603\" style=\"width: 80px;\" src=\"https:\/\/www.ati.es\/wp-content\/uploads\/2022\/02\/CEAC-Logotipo-Pantalla-sin-claim.png\" alt=\"\" srcset=\"https:\/\/www.ati.es\/wp-content\/uploads\/2022\/02\/CEAC-Logotipo-Pantalla-sin-claim.png 750w, https:\/\/www.ati.es\/wp-content\/uploads\/2022\/02\/CEAC-Logotipo-Pantalla-sin-claim-300x300.png 300w, https:\/\/www.ati.es\/wp-content\/uploads\/2022\/02\/CEAC-Logotipo-Pantalla-sin-claim-150x150.png 150w\" sizes=\"(max-width: 750px) 100vw, 750px\" \/><\/td><td><\/td><td>Convenio\u00a0de colaboraci\u00f3n con\u00a0<strong><a href=\"https:\/\/www.ceac.es\/\" target=\"_blank\" rel=\"noreferrer noopener\">CEAC<\/a><\/strong>.<\/td><\/tr><tr><td class=\"has-text-align-center\" data-align=\"center\"><img src=\"https:\/\/www.ati.es\/wp-content\/uploads\/2021\/03\/devoluiva.png\" alt=\"La imagen tiene un atributo ALT vac\u00edo; su nombre de archivo es devoluiva.png\"><\/td><td><\/td><td><strong><a href=\"https:\/\/www.devoluiva.com\/\" target=\"_blank\" rel=\"noreferrer noopener\">DevoluIVA<\/a><\/strong> ofrece un servicio de gesti\u00f3n integral de gastos profesionales que incluye la emisi\u00f3n de facturas (legalmente deducibles) en formato electr\u00f3nico, de los gastos incurridos en los centros de su cat\u00e1logo.<\/td><\/tr><tr><td class=\"has-text-align-center\" data-align=\"center\"><img loading=\"lazy\" width=\"150\" height=\"150\" class=\"wp-image-4700\" style=\"width: 150px;\" src=\"https:\/\/www.ati.es\/wp-content\/uploads\/2022\/03\/BS_COLECTIVOS_150x150_CAST.png\" alt=\"\"><\/td><td><\/td><td>Acord de col\u00b7laboraci\u00f3 amb <strong>BANC SABADELL <\/strong>para ofrecerle ventajas exclusivas en la contrataci\u00f3n de productos financieros: Cuenta Expansi\u00f3n PRO, Cuenta Expansi\u00f3n, Negocios PRO, Cr\u00e9dito PRO, Pr\u00e9stamo Inicio, Financiaci\u00f3n de Estudios<\/td><\/tr><tr><td class=\"has-text-align-center\" data-align=\"center\"><img src=\"https:\/\/www.ati.es\/wp-content\/uploads\/2021\/02\/ATI_Jobs.png\" alt=\"La imagen tiene un atributo ALT vac\u00edo; su nombre de archivo es ATI_Jobs.png\" style=\"width: 650px;\"><\/td><td><\/td><td>Acc\u00e9s a <strong><a href=\"https:\/\/www.ati.es\/ca\/author-jobs\/\" target=\"_blank\" rel=\"noreferrer noopener\">ATI Jobs<\/a><\/strong>, secci\u00f3n que ofrece ofertas de empleo relacionadas con el sector TIC en toda Espa\u00f1a.<\/td><\/tr><\/tbody><\/table><\/figure>","protected":false},"excerpt":{"rendered":"<p>Acuerdo de colaboraci\u00f3n con&nbsp;BUREAU VERITAS&nbsp;para ofrecer a los socios&nbsp;condiciones especiales&nbsp;en los servicios de certificaci\u00f3n en sistemas de IT y formaci\u00f3n.Se pueden consultar todos los&nbsp;servicios de ciberseguridad&nbsp;aqu\u00ed. Acuerdo de colaboraci\u00f3n con&nbsp;MU\u00d1OZ ABOGADOS &amp; CIBERSEGURIDAD&nbsp;cuyo objeto es facilitar y fomentar las actividades de asesoramiento, formaci\u00f3n y orientaci\u00f3n a los socios de ATI en los siguientes \u00e1mbitos: Asesoramiento&#8230;<\/p>\n<p class=\"more-link-wrap\"><a href=\"https:\/\/www.ati.es\/ca\/servicios\/\" class=\"more-link\">Leer m\u00e1s<span class=\"screen-reader-text\"> &ldquo;Servicios&rdquo;<\/span> \u00bb<\/a><\/p>","protected":false},"author":16,"featured_media":0,"parent":0,"menu_order":0,"comment_status":"closed","ping_status":"closed","template":"","meta":[],"yoast_head":"<!-- This site is optimized with the Yoast SEO plugin v20.6 - https:\/\/yoast.com\/wordpress\/plugins\/seo\/ -->\n<title>Servicios - Asociaci\u00f3n de T\u00e9cnicos de Inform\u00e1tica<\/title>\n<meta name=\"robots\" content=\"index, follow, max-snippet:-1, max-image-preview:large, max-video-preview:-1\" \/>\n<link rel=\"canonical\" href=\"https:\/\/www.ati.es\/ca\/servicios\/\" \/>\n<meta property=\"og:locale\" content=\"ca_ES\" \/>\n<meta property=\"og:type\" content=\"article\" \/>\n<meta property=\"og:title\" content=\"Servicios - Asociaci\u00f3n de T\u00e9cnicos de Inform\u00e1tica\" \/>\n<meta property=\"og:description\" content=\"Acuerdo de colaboraci\u00f3n con&nbsp;BUREAU VERITAS&nbsp;para ofrecer a los socios&nbsp;condiciones especiales&nbsp;en los servicios de certificaci\u00f3n en sistemas de IT y formaci\u00f3n.Se pueden consultar todos los&nbsp;servicios de ciberseguridad&nbsp;aqu\u00ed. Acuerdo de colaboraci\u00f3n con&nbsp;MU\u00d1OZ ABOGADOS &amp; CIBERSEGURIDAD&nbsp;cuyo objeto es facilitar y fomentar las actividades de asesoramiento, formaci\u00f3n y orientaci\u00f3n a los socios de ATI en los siguientes \u00e1mbitos: Asesoramiento...Leer m\u00e1s &ldquo;Servicios&rdquo; &raquo;\" \/>\n<meta property=\"og:url\" content=\"https:\/\/www.ati.es\/ca\/servicios\/\" \/>\n<meta property=\"og:site_name\" content=\"Asociaci\u00f3n de T\u00e9cnicos de Inform\u00e1tica\" \/>\n<meta property=\"article:modified_time\" content=\"2022-04-01T14:49:23+00:00\" \/>\n<meta property=\"og:image\" content=\"https:\/\/www.ati.es\/wp-content\/uploads\/2021\/07\/Logo-bureau.png\" \/>\n<meta name=\"twitter:card\" content=\"summary_large_image\" \/>\n<meta name=\"twitter:label1\" content=\"Temps estimat de lectura\" \/>\n\t<meta name=\"twitter:data1\" content=\"3 minuts\" \/>\n<script type=\"application\/ld+json\" class=\"yoast-schema-graph\">{\"@context\":\"https:\/\/schema.org\",\"@graph\":[{\"@type\":\"WebPage\",\"@id\":\"https:\/\/www.ati.es\/servicios\/\",\"url\":\"https:\/\/www.ati.es\/servicios\/\",\"name\":\"Servicios - Asociaci\u00f3n de T\u00e9cnicos de Inform\u00e1tica\",\"isPartOf\":{\"@id\":\"https:\/\/www.ati.es\/#website\"},\"datePublished\":\"2021-10-20T08:57:31+00:00\",\"dateModified\":\"2022-04-01T14:49:23+00:00\",\"breadcrumb\":{\"@id\":\"https:\/\/www.ati.es\/servicios\/#breadcrumb\"},\"inLanguage\":\"ca\",\"potentialAction\":[{\"@type\":\"ReadAction\",\"target\":[\"https:\/\/www.ati.es\/servicios\/\"]}]},{\"@type\":\"BreadcrumbList\",\"@id\":\"https:\/\/www.ati.es\/servicios\/#breadcrumb\",\"itemListElement\":[{\"@type\":\"ListItem\",\"position\":1,\"name\":\"Portada\",\"item\":\"https:\/\/www.ati.es\/\"},{\"@type\":\"ListItem\",\"position\":2,\"name\":\"Servicios\"}]},{\"@type\":\"WebSite\",\"@id\":\"https:\/\/www.ati.es\/#website\",\"url\":\"https:\/\/www.ati.es\/\",\"name\":\"Asociaci\u00f3n de T\u00e9cnicos de Inform\u00e1tica\",\"description\":\"\",\"publisher\":{\"@id\":\"https:\/\/www.ati.es\/#organization\"},\"potentialAction\":[{\"@type\":\"SearchAction\",\"target\":{\"@type\":\"EntryPoint\",\"urlTemplate\":\"https:\/\/www.ati.es\/?s={search_term_string}\"},\"query-input\":\"required name=search_term_string\"}],\"inLanguage\":\"ca\"},{\"@type\":\"Organization\",\"@id\":\"https:\/\/www.ati.es\/#organization\",\"name\":\"Asociaci\u00f3n de T\u00e9cnicos de Inform\u00e1tica\",\"url\":\"https:\/\/www.ati.es\/\",\"logo\":{\"@type\":\"ImageObject\",\"inLanguage\":\"ca\",\"@id\":\"https:\/\/www.ati.es\/#\/schema\/logo\/image\/\",\"url\":\"https:\/\/www.ati.es\/wp-content\/uploads\/2021\/07\/cropped-logoATIvectorized.png\",\"contentUrl\":\"https:\/\/www.ati.es\/wp-content\/uploads\/2021\/07\/cropped-logoATIvectorized.png\",\"width\":431,\"height\":231,\"caption\":\"Asociaci\u00f3n de T\u00e9cnicos de Inform\u00e1tica\"},\"image\":{\"@id\":\"https:\/\/www.ati.es\/#\/schema\/logo\/image\/\"}}]}<\/script>\n<!-- \/ Yoast SEO plugin. -->","yoast_head_json":{"title":"Servicios - Asociaci\u00f3n de T\u00e9cnicos de Inform\u00e1tica","robots":{"index":"index","follow":"follow","max-snippet":"max-snippet:-1","max-image-preview":"max-image-preview:large","max-video-preview":"max-video-preview:-1"},"canonical":"https:\/\/www.ati.es\/ca\/servicios\/","og_locale":"ca_ES","og_type":"article","og_title":"Servicios - Asociaci\u00f3n de T\u00e9cnicos de Inform\u00e1tica","og_description":"Acuerdo de colaboraci\u00f3n con&nbsp;BUREAU VERITAS&nbsp;para ofrecer a los socios&nbsp;condiciones especiales&nbsp;en los servicios de certificaci\u00f3n en sistemas de IT y formaci\u00f3n.Se pueden consultar todos los&nbsp;servicios de ciberseguridad&nbsp;aqu\u00ed. Acuerdo de colaboraci\u00f3n con&nbsp;MU\u00d1OZ ABOGADOS &amp; CIBERSEGURIDAD&nbsp;cuyo objeto es facilitar y fomentar las actividades de asesoramiento, formaci\u00f3n y orientaci\u00f3n a los socios de ATI en los siguientes \u00e1mbitos: Asesoramiento...Leer m\u00e1s &ldquo;Servicios&rdquo; &raquo;","og_url":"https:\/\/www.ati.es\/ca\/servicios\/","og_site_name":"Asociaci\u00f3n de T\u00e9cnicos de Inform\u00e1tica","article_modified_time":"2022-04-01T14:49:23+00:00","og_image":[{"url":"https:\/\/www.ati.es\/wp-content\/uploads\/2021\/07\/Logo-bureau.png"}],"twitter_card":"summary_large_image","twitter_misc":{"Temps estimat de lectura":"3 minuts"},"schema":{"@context":"https:\/\/schema.org","@graph":[{"@type":"WebPage","@id":"https:\/\/www.ati.es\/servicios\/","url":"https:\/\/www.ati.es\/servicios\/","name":"Servicios - Asociaci\u00f3n de T\u00e9cnicos de Inform\u00e1tica","isPartOf":{"@id":"https:\/\/www.ati.es\/#website"},"datePublished":"2021-10-20T08:57:31+00:00","dateModified":"2022-04-01T14:49:23+00:00","breadcrumb":{"@id":"https:\/\/www.ati.es\/servicios\/#breadcrumb"},"inLanguage":"ca","potentialAction":[{"@type":"ReadAction","target":["https:\/\/www.ati.es\/servicios\/"]}]},{"@type":"BreadcrumbList","@id":"https:\/\/www.ati.es\/servicios\/#breadcrumb","itemListElement":[{"@type":"ListItem","position":1,"name":"Portada","item":"https:\/\/www.ati.es\/"},{"@type":"ListItem","position":2,"name":"Servicios"}]},{"@type":"WebSite","@id":"https:\/\/www.ati.es\/#website","url":"https:\/\/www.ati.es\/","name":"Associaci\u00f3 de T\u00e8cnics d'Inform\u00e0tica","description":"","publisher":{"@id":"https:\/\/www.ati.es\/#organization"},"potentialAction":[{"@type":"SearchAction","target":{"@type":"EntryPoint","urlTemplate":"https:\/\/www.ati.es\/?s={search_term_string}"},"query-input":"required name=search_term_string"}],"inLanguage":"ca"},{"@type":"Organization","@id":"https:\/\/www.ati.es\/#organization","name":"Associaci\u00f3 de T\u00e8cnics d'Inform\u00e0tica","url":"https:\/\/www.ati.es\/","logo":{"@type":"ImageObject","inLanguage":"ca","@id":"https:\/\/www.ati.es\/#\/schema\/logo\/image\/","url":"https:\/\/www.ati.es\/wp-content\/uploads\/2021\/07\/cropped-logoATIvectorized.png","contentUrl":"https:\/\/www.ati.es\/wp-content\/uploads\/2021\/07\/cropped-logoATIvectorized.png","width":431,"height":231,"caption":"Asociaci\u00f3n de T\u00e9cnicos de Inform\u00e1tica"},"image":{"@id":"https:\/\/www.ati.es\/#\/schema\/logo\/image\/"}}]}},"_links":{"self":[{"href":"https:\/\/www.ati.es\/ca\/wp-json\/wp\/v2\/pages\/4443"}],"collection":[{"href":"https:\/\/www.ati.es\/ca\/wp-json\/wp\/v2\/pages"}],"about":[{"href":"https:\/\/www.ati.es\/ca\/wp-json\/wp\/v2\/types\/page"}],"author":[{"embeddable":true,"href":"https:\/\/www.ati.es\/ca\/wp-json\/wp\/v2\/users\/16"}],"replies":[{"embeddable":true,"href":"https:\/\/www.ati.es\/ca\/wp-json\/wp\/v2\/comments?post=4443"}],"version-history":[{"count":74,"href":"https:\/\/www.ati.es\/ca\/wp-json\/wp\/v2\/pages\/4443\/revisions"}],"predecessor-version":[{"id":4751,"href":"https:\/\/www.ati.es\/ca\/wp-json\/wp\/v2\/pages\/4443\/revisions\/4751"}],"wp:attachment":[{"href":"https:\/\/www.ati.es\/ca\/wp-json\/wp\/v2\/media?parent=4443"}],"curies":[{"name":"wp","href":"https:\/\/api.w.org\/{rel}","templated":true}]}}