{"id":430,"date":"2016-11-13T15:13:00","date_gmt":"2016-11-13T14:13:00","guid":{"rendered":"http:\/\/www.ati.es\/?page_id=430"},"modified":"2023-06-28T08:48:07","modified_gmt":"2023-06-28T07:48:07","slug":"ati-socios","status":"publish","type":"page","link":"https:\/\/www.ati.es\/ca\/ati-socios\/","title":{"rendered":"Zona de socis"},"content":{"rendered":"<p>ATI \u00e9s una associaci\u00f3 oberta a qualsevol professional vinculat al sector TIC i, des dels seus inicis, vol mantenir la filosofia que li va donar la seva ra\u00f3 d'existir:<\/p>\n\n\n\n<h4 class=\"has-text-align-center\">El Intercanvi de Coneixement i Experi\u00e8ncies<br>perqu\u00e8 els seus associats puguin desenvolupar-se professionalment de la millor manera<\/h4>\n\n\n\n<p>Volem ser un punt de trobada, un connector entre tots aquests professionals per millorar la seva traject\u00f2ria laboral. I ho fem a trav\u00e9s de trobades de <strong>networking<\/strong>, de grups de treball, de publicacions, de cursos, tallers, seminaris... que possibilitin aquest desenvolupament professional, i generin punts de trobada amb tots els agents del sector per posar en marxa projectes i iniciatives que propiciin oportunitats de negoci.<\/p>\n\n\n\n<p>Associa't i beneficia't...<\/p>\n\n\n\n<ul><li>Forma part d'una <strong>Comunitat Professional TIC<\/strong> oberta i conectada internacionalment<\/li><li>La revista <strong>Nov\u00e1tica<\/strong>&nbsp;<strong>Digital<\/strong><\/li><li><strong>Descomptes<\/strong> en cursos, seminaris, ofertes especials, invitacions... Xerrades, jornades, esdeveniments...<\/li><li>L' <strong>Participaci\u00f3<\/strong> en Grups de Treball, Llistes de Distribuci\u00f3...<\/li><li>Acc\u00e9s a la <strong>Borsa de Treball<\/strong> especialitzada<\/li><\/ul>\n\n\n\n<p>I moltes altres coses que tu mateix ens pots proposar.<\/p>\n\n\n\n<p>I si encara no ets Soci d'ATI, pots ser-ho\u00a0<strong><a href=\"http:\/\/www.ati.es\/ca\/hazte-socio\/\">ara<\/a><\/strong>!<\/p>","protected":false},"excerpt":{"rendered":"<p>ATI es una asociaci\u00f3n abierta a cualquier profesional vinculado al sector TIC y, desde sus inicios, quiere mantener la filosof\u00eda que le dio su raz\u00f3n de ser: El Intercambio de Conocimiento y Experienciaspara que sus asociados puedan desarrollarse profesionalmente de la mejor manera Queremos ser un punto de encuentro, un conector entre todos estos profesionales&#8230;<\/p>\n<p class=\"more-link-wrap\"><a href=\"https:\/\/www.ati.es\/ca\/ati-socios\/\" class=\"more-link\">Leer m\u00e1s<span class=\"screen-reader-text\"> &ldquo;Zona de Socios&rdquo;<\/span> \u00bb<\/a><\/p>","protected":false},"author":1,"featured_media":0,"parent":0,"menu_order":0,"comment_status":"closed","ping_status":"closed","template":"","meta":[],"yoast_head":"<!-- This site is optimized with the Yoast SEO plugin v20.6 - https:\/\/yoast.com\/wordpress\/plugins\/seo\/ -->\n<title>ATI Socios (Asociaci\u00f3n de T\u00e9cnicos de Inform\u00e1tica)<\/title>\n<meta name=\"description\" content=\"La Asociaci\u00f3n de T\u00e9cnicos de Inform\u00e1tica es un punto de encuentro, un conector entre los profesionales del sector TIC para mejorar su trayectoria laboral. Networkings, grupos de trabajo, publicaciones (Nov\u00e1tica), cursos, seminarios\u2026\" \/>\n<meta name=\"robots\" content=\"index, follow, max-snippet:-1, max-image-preview:large, max-video-preview:-1\" \/>\n<link rel=\"canonical\" href=\"https:\/\/www.ati.es\/ca\/ati-socios\/\" \/>\n<meta property=\"og:locale\" content=\"ca_ES\" \/>\n<meta property=\"og:type\" content=\"article\" \/>\n<meta property=\"og:title\" content=\"ATI Socios (Asociaci\u00f3n de T\u00e9cnicos de Inform\u00e1tica)\" \/>\n<meta property=\"og:description\" content=\"La Asociaci\u00f3n de T\u00e9cnicos de Inform\u00e1tica es un punto de encuentro, un conector entre los profesionales del sector TIC para mejorar su trayectoria laboral. Networkings, grupos de trabajo, publicaciones (Nov\u00e1tica), cursos, seminarios\u2026\" \/>\n<meta property=\"og:url\" content=\"https:\/\/www.ati.es\/ca\/ati-socios\/\" \/>\n<meta property=\"og:site_name\" content=\"Asociaci\u00f3n de T\u00e9cnicos de Inform\u00e1tica\" \/>\n<meta property=\"article:modified_time\" content=\"2023-06-28T07:48:07+00:00\" \/>\n<meta name=\"twitter:card\" content=\"summary_large_image\" \/>\n<meta name=\"twitter:label1\" content=\"Temps estimat de lectura\" \/>\n\t<meta name=\"twitter:data1\" content=\"1 minut\" \/>\n<script type=\"application\/ld+json\" class=\"yoast-schema-graph\">{\"@context\":\"https:\/\/schema.org\",\"@graph\":[{\"@type\":\"WebPage\",\"@id\":\"https:\/\/www.ati.es\/ati-socios\/\",\"url\":\"https:\/\/www.ati.es\/ati-socios\/\",\"name\":\"ATI Socios (Asociaci\u00f3n de T\u00e9cnicos de Inform\u00e1tica)\",\"isPartOf\":{\"@id\":\"https:\/\/www.ati.es\/#website\"},\"datePublished\":\"2016-11-13T14:13:00+00:00\",\"dateModified\":\"2023-06-28T07:48:07+00:00\",\"description\":\"La Asociaci\u00f3n de T\u00e9cnicos de Inform\u00e1tica es un punto de encuentro, un conector entre los profesionales del sector TIC para mejorar su trayectoria laboral. Networkings, grupos de trabajo, publicaciones (Nov\u00e1tica), cursos, seminarios\u2026\",\"breadcrumb\":{\"@id\":\"https:\/\/www.ati.es\/ati-socios\/#breadcrumb\"},\"inLanguage\":\"ca\",\"potentialAction\":[{\"@type\":\"ReadAction\",\"target\":[\"https:\/\/www.ati.es\/ati-socios\/\"]}]},{\"@type\":\"BreadcrumbList\",\"@id\":\"https:\/\/www.ati.es\/ati-socios\/#breadcrumb\",\"itemListElement\":[{\"@type\":\"ListItem\",\"position\":1,\"name\":\"Portada\",\"item\":\"https:\/\/www.ati.es\/\"},{\"@type\":\"ListItem\",\"position\":2,\"name\":\"Zona de Socios\"}]},{\"@type\":\"WebSite\",\"@id\":\"https:\/\/www.ati.es\/#website\",\"url\":\"https:\/\/www.ati.es\/\",\"name\":\"Asociaci\u00f3n de T\u00e9cnicos de Inform\u00e1tica\",\"description\":\"\",\"publisher\":{\"@id\":\"https:\/\/www.ati.es\/#organization\"},\"potentialAction\":[{\"@type\":\"SearchAction\",\"target\":{\"@type\":\"EntryPoint\",\"urlTemplate\":\"https:\/\/www.ati.es\/?s={search_term_string}\"},\"query-input\":\"required name=search_term_string\"}],\"inLanguage\":\"ca\"},{\"@type\":\"Organization\",\"@id\":\"https:\/\/www.ati.es\/#organization\",\"name\":\"Asociaci\u00f3n de T\u00e9cnicos de Inform\u00e1tica\",\"url\":\"https:\/\/www.ati.es\/\",\"logo\":{\"@type\":\"ImageObject\",\"inLanguage\":\"ca\",\"@id\":\"https:\/\/www.ati.es\/#\/schema\/logo\/image\/\",\"url\":\"https:\/\/www.ati.es\/wp-content\/uploads\/2021\/07\/cropped-logoATIvectorized.png\",\"contentUrl\":\"https:\/\/www.ati.es\/wp-content\/uploads\/2021\/07\/cropped-logoATIvectorized.png\",\"width\":431,\"height\":231,\"caption\":\"Asociaci\u00f3n de T\u00e9cnicos de Inform\u00e1tica\"},\"image\":{\"@id\":\"https:\/\/www.ati.es\/#\/schema\/logo\/image\/\"}}]}<\/script>\n<!-- \/ Yoast SEO plugin. -->","yoast_head_json":{"title":"ATI Socios (Asociaci\u00f3n de T\u00e9cnicos de Inform\u00e1tica)","description":"La Asociaci\u00f3n de T\u00e9cnicos de Inform\u00e1tica es un punto de encuentro, un conector entre los profesionales del sector TIC para mejorar su trayectoria laboral. Networkings, grupos de trabajo, publicaciones (Nov\u00e1tica), cursos, seminarios\u2026","robots":{"index":"index","follow":"follow","max-snippet":"max-snippet:-1","max-image-preview":"max-image-preview:large","max-video-preview":"max-video-preview:-1"},"canonical":"https:\/\/www.ati.es\/ca\/ati-socios\/","og_locale":"ca_ES","og_type":"article","og_title":"ATI Socios (Asociaci\u00f3n de T\u00e9cnicos de Inform\u00e1tica)","og_description":"La Asociaci\u00f3n de T\u00e9cnicos de Inform\u00e1tica es un punto de encuentro, un conector entre los profesionales del sector TIC para mejorar su trayectoria laboral. Networkings, grupos de trabajo, publicaciones (Nov\u00e1tica), cursos, seminarios\u2026","og_url":"https:\/\/www.ati.es\/ca\/ati-socios\/","og_site_name":"Asociaci\u00f3n de T\u00e9cnicos de Inform\u00e1tica","article_modified_time":"2023-06-28T07:48:07+00:00","twitter_card":"summary_large_image","twitter_misc":{"Temps estimat de lectura":"1 minut"},"schema":{"@context":"https:\/\/schema.org","@graph":[{"@type":"WebPage","@id":"https:\/\/www.ati.es\/ati-socios\/","url":"https:\/\/www.ati.es\/ati-socios\/","name":"ATI Socios (Asociaci\u00f3n de T\u00e9cnicos de Inform\u00e1tica)","isPartOf":{"@id":"https:\/\/www.ati.es\/#website"},"datePublished":"2016-11-13T14:13:00+00:00","dateModified":"2023-06-28T07:48:07+00:00","description":"La Asociaci\u00f3n de T\u00e9cnicos de Inform\u00e1tica es un punto de encuentro, un conector entre los profesionales del sector TIC para mejorar su trayectoria laboral. Networkings, grupos de trabajo, publicaciones (Nov\u00e1tica), cursos, seminarios\u2026","breadcrumb":{"@id":"https:\/\/www.ati.es\/ati-socios\/#breadcrumb"},"inLanguage":"ca","potentialAction":[{"@type":"ReadAction","target":["https:\/\/www.ati.es\/ati-socios\/"]}]},{"@type":"BreadcrumbList","@id":"https:\/\/www.ati.es\/ati-socios\/#breadcrumb","itemListElement":[{"@type":"ListItem","position":1,"name":"Portada","item":"https:\/\/www.ati.es\/"},{"@type":"ListItem","position":2,"name":"Zona de Socios"}]},{"@type":"WebSite","@id":"https:\/\/www.ati.es\/#website","url":"https:\/\/www.ati.es\/","name":"Associaci\u00f3 de T\u00e8cnics d'Inform\u00e0tica","description":"","publisher":{"@id":"https:\/\/www.ati.es\/#organization"},"potentialAction":[{"@type":"SearchAction","target":{"@type":"EntryPoint","urlTemplate":"https:\/\/www.ati.es\/?s={search_term_string}"},"query-input":"required name=search_term_string"}],"inLanguage":"ca"},{"@type":"Organization","@id":"https:\/\/www.ati.es\/#organization","name":"Associaci\u00f3 de T\u00e8cnics d'Inform\u00e0tica","url":"https:\/\/www.ati.es\/","logo":{"@type":"ImageObject","inLanguage":"ca","@id":"https:\/\/www.ati.es\/#\/schema\/logo\/image\/","url":"https:\/\/www.ati.es\/wp-content\/uploads\/2021\/07\/cropped-logoATIvectorized.png","contentUrl":"https:\/\/www.ati.es\/wp-content\/uploads\/2021\/07\/cropped-logoATIvectorized.png","width":431,"height":231,"caption":"Asociaci\u00f3n de T\u00e9cnicos de Inform\u00e1tica"},"image":{"@id":"https:\/\/www.ati.es\/#\/schema\/logo\/image\/"}}]}},"_links":{"self":[{"href":"https:\/\/www.ati.es\/ca\/wp-json\/wp\/v2\/pages\/430"}],"collection":[{"href":"https:\/\/www.ati.es\/ca\/wp-json\/wp\/v2\/pages"}],"about":[{"href":"https:\/\/www.ati.es\/ca\/wp-json\/wp\/v2\/types\/page"}],"author":[{"embeddable":true,"href":"https:\/\/www.ati.es\/ca\/wp-json\/wp\/v2\/users\/1"}],"replies":[{"embeddable":true,"href":"https:\/\/www.ati.es\/ca\/wp-json\/wp\/v2\/comments?post=430"}],"version-history":[{"count":23,"href":"https:\/\/www.ati.es\/ca\/wp-json\/wp\/v2\/pages\/430\/revisions"}],"predecessor-version":[{"id":5208,"href":"https:\/\/www.ati.es\/ca\/wp-json\/wp\/v2\/pages\/430\/revisions\/5208"}],"wp:attachment":[{"href":"https:\/\/www.ati.es\/ca\/wp-json\/wp\/v2\/media?parent=430"}],"curies":[{"name":"wp","href":"https:\/\/api.w.org\/{rel}","templated":true}]}}