{"id":408,"date":"2016-11-12T22:27:26","date_gmt":"2016-11-12T21:27:26","guid":{"rendered":"http:\/\/www.ati.es\/?page_id=408"},"modified":"2020-12-28T11:27:20","modified_gmt":"2020-12-28T10:27:20","slug":"ifip","status":"publish","type":"page","link":"https:\/\/www.ati.es\/ca\/ifip\/","title":{"rendered":"IFIP &#8211; International Federation for Information Processing"},"content":{"rendered":"<p class=\"spip\"><img loading=\"lazy\" class=\"wp-image-1162 alignnone aligncenter\" src=\"http:\/\/www.ati.es\/wp-content\/uploads\/2016\/11\/descarga-1.jpg\" alt=\"descarga-1\" width=\"230\" height=\"74\" srcset=\"https:\/\/www.ati.es\/wp-content\/uploads\/2016\/11\/descarga-1.jpg 320w, https:\/\/www.ati.es\/wp-content\/uploads\/2016\/11\/descarga-1-300x97.jpg 300w, https:\/\/www.ati.es\/wp-content\/uploads\/2016\/11\/descarga-1-280x90.jpg 280w\" sizes=\"(max-width: 230px) 100vw, 230px\" \/><\/p>\n<p class=\"spip\"><strong class=\"spip\"><a href=\"http:\/\/www.ifip.org\/\" target=\"_blank\" rel=\"noopener noreferrer\">IFIP<\/a><\/strong><a href=\"http:\/\/www.ifip.org\/\" target=\"_blank\" rel=\"noopener noreferrer\"> (International Federation for Information Processing)<\/a> es una organizaci\u00f3n no gubernamental internacional, cuya creaci\u00f3n auspici\u00f3 <strong>Unesco<\/strong> en 1960. El n\u00facleo principal de la actividad de <strong>IFIP<\/strong> lo gestionan los Comit\u00e9s T\u00e9cnicos <strong class=\"spip\">(TCs)<\/strong>. En ellos coordinan su actividad y sus trabajos t\u00e9cnicos inform\u00e1ticos de Universidades y Centros de investigaci\u00f3n.<\/p>\n<p class=\"spip\">ATI dispone de un\u00a0Delegado permanente en <strong>IFIP<\/strong>.<\/p>\n<p class=\"spip\">Adem\u00e1s, socios de ATI ostentan tambi\u00e9n la representaci\u00f3n en los distintos Comit\u00e9s T\u00e9cnicos (TCs) y gestionan las secciones de esta web en las que se informa de sus actividades.<\/p>","protected":false},"excerpt":{"rendered":"<p>IFIP (International Federation for Information Processing) es una organizaci\u00f3n no gubernamental internacional, cuya creaci\u00f3n auspici\u00f3 Unesco en 1960. El n\u00facleo principal de la actividad de IFIP lo gestionan los Comit\u00e9s T\u00e9cnicos (TCs). En ellos coordinan su actividad y sus trabajos t\u00e9cnicos inform\u00e1ticos de Universidades y Centros de investigaci\u00f3n. ATI dispone de un\u00a0Delegado permanente en IFIP&#8230;.<\/p>\n<p class=\"more-link-wrap\"><a href=\"https:\/\/www.ati.es\/ca\/ifip\/\" class=\"more-link\">Leer m\u00e1s<span class=\"screen-reader-text\"> &ldquo;IFIP &#8211; International Federation for Information Processing&rdquo;<\/span> \u00bb<\/a><\/p>","protected":false},"author":1,"featured_media":0,"parent":0,"menu_order":0,"comment_status":"closed","ping_status":"closed","template":"","meta":[],"yoast_head":"<!-- This site is optimized with the Yoast SEO plugin v20.6 - https:\/\/yoast.com\/wordpress\/plugins\/seo\/ -->\n<title>IFIP - International Federation for Information Processing - Asociaci\u00f3n de T\u00e9cnicos de Inform\u00e1tica<\/title>\n<meta name=\"description\" content=\"Adem\u00e1s, socios de ATI ostentan tambi\u00e9n la representaci\u00f3n en los distintos Comit\u00e9s T\u00e9cnicos (TCs) y gestionan las secciones de esta web en las que se informa de sus actividades.\" \/>\n<meta name=\"robots\" content=\"index, follow, max-snippet:-1, max-image-preview:large, max-video-preview:-1\" \/>\n<link rel=\"canonical\" href=\"https:\/\/www.ati.es\/ca\/ifip\/\" \/>\n<meta property=\"og:locale\" content=\"ca_ES\" \/>\n<meta property=\"og:type\" content=\"article\" \/>\n<meta property=\"og:title\" content=\"IFIP - International Federation for Information Processing - Asociaci\u00f3n de T\u00e9cnicos de Inform\u00e1tica\" \/>\n<meta property=\"og:description\" content=\"Adem\u00e1s, socios de ATI ostentan tambi\u00e9n la representaci\u00f3n en los distintos Comit\u00e9s T\u00e9cnicos (TCs) y gestionan las secciones de esta web en las que se informa de sus actividades.\" \/>\n<meta property=\"og:url\" content=\"https:\/\/www.ati.es\/ca\/ifip\/\" \/>\n<meta property=\"og:site_name\" content=\"Asociaci\u00f3n de T\u00e9cnicos de Inform\u00e1tica\" \/>\n<meta property=\"article:modified_time\" content=\"2020-12-28T10:27:20+00:00\" \/>\n<meta property=\"og:image\" content=\"http:\/\/www.ati.es\/wp-content\/uploads\/2016\/11\/descarga-1.jpg\" \/>\n<meta name=\"twitter:card\" content=\"summary_large_image\" \/>\n<script type=\"application\/ld+json\" class=\"yoast-schema-graph\">{\"@context\":\"https:\/\/schema.org\",\"@graph\":[{\"@type\":\"WebPage\",\"@id\":\"https:\/\/www.ati.es\/ifip\/\",\"url\":\"https:\/\/www.ati.es\/ifip\/\",\"name\":\"IFIP - International Federation for Information Processing - Asociaci\u00f3n de T\u00e9cnicos de Inform\u00e1tica\",\"isPartOf\":{\"@id\":\"https:\/\/www.ati.es\/#website\"},\"datePublished\":\"2016-11-12T21:27:26+00:00\",\"dateModified\":\"2020-12-28T10:27:20+00:00\",\"description\":\"Adem\u00e1s, socios de ATI ostentan tambi\u00e9n la representaci\u00f3n en los distintos Comit\u00e9s T\u00e9cnicos (TCs) y gestionan las secciones de esta web en las que se informa de sus actividades.\",\"breadcrumb\":{\"@id\":\"https:\/\/www.ati.es\/ifip\/#breadcrumb\"},\"inLanguage\":\"ca\",\"potentialAction\":[{\"@type\":\"ReadAction\",\"target\":[\"https:\/\/www.ati.es\/ifip\/\"]}]},{\"@type\":\"BreadcrumbList\",\"@id\":\"https:\/\/www.ati.es\/ifip\/#breadcrumb\",\"itemListElement\":[{\"@type\":\"ListItem\",\"position\":1,\"name\":\"Portada\",\"item\":\"https:\/\/www.ati.es\/\"},{\"@type\":\"ListItem\",\"position\":2,\"name\":\"IFIP &#8211; International Federation for Information Processing\"}]},{\"@type\":\"WebSite\",\"@id\":\"https:\/\/www.ati.es\/#website\",\"url\":\"https:\/\/www.ati.es\/\",\"name\":\"Asociaci\u00f3n de T\u00e9cnicos de Inform\u00e1tica\",\"description\":\"\",\"publisher\":{\"@id\":\"https:\/\/www.ati.es\/#organization\"},\"potentialAction\":[{\"@type\":\"SearchAction\",\"target\":{\"@type\":\"EntryPoint\",\"urlTemplate\":\"https:\/\/www.ati.es\/?s={search_term_string}\"},\"query-input\":\"required name=search_term_string\"}],\"inLanguage\":\"ca\"},{\"@type\":\"Organization\",\"@id\":\"https:\/\/www.ati.es\/#organization\",\"name\":\"Asociaci\u00f3n de T\u00e9cnicos de Inform\u00e1tica\",\"url\":\"https:\/\/www.ati.es\/\",\"logo\":{\"@type\":\"ImageObject\",\"inLanguage\":\"ca\",\"@id\":\"https:\/\/www.ati.es\/#\/schema\/logo\/image\/\",\"url\":\"https:\/\/www.ati.es\/wp-content\/uploads\/2021\/07\/cropped-logoATIvectorized.png\",\"contentUrl\":\"https:\/\/www.ati.es\/wp-content\/uploads\/2021\/07\/cropped-logoATIvectorized.png\",\"width\":431,\"height\":231,\"caption\":\"Asociaci\u00f3n de T\u00e9cnicos de Inform\u00e1tica\"},\"image\":{\"@id\":\"https:\/\/www.ati.es\/#\/schema\/logo\/image\/\"}}]}<\/script>\n<!-- \/ Yoast SEO plugin. -->","yoast_head_json":{"title":"IFIP - International Federation for Information Processing - Asociaci\u00f3n de T\u00e9cnicos de Inform\u00e1tica","description":"Adem\u00e1s, socios de ATI ostentan tambi\u00e9n la representaci\u00f3n en los distintos Comit\u00e9s T\u00e9cnicos (TCs) y gestionan las secciones de esta web en las que se informa de sus actividades.","robots":{"index":"index","follow":"follow","max-snippet":"max-snippet:-1","max-image-preview":"max-image-preview:large","max-video-preview":"max-video-preview:-1"},"canonical":"https:\/\/www.ati.es\/ca\/ifip\/","og_locale":"ca_ES","og_type":"article","og_title":"IFIP - International Federation for Information Processing - Asociaci\u00f3n de T\u00e9cnicos de Inform\u00e1tica","og_description":"Adem\u00e1s, socios de ATI ostentan tambi\u00e9n la representaci\u00f3n en los distintos Comit\u00e9s T\u00e9cnicos (TCs) y gestionan las secciones de esta web en las que se informa de sus actividades.","og_url":"https:\/\/www.ati.es\/ca\/ifip\/","og_site_name":"Asociaci\u00f3n de T\u00e9cnicos de Inform\u00e1tica","article_modified_time":"2020-12-28T10:27:20+00:00","og_image":[{"url":"http:\/\/www.ati.es\/wp-content\/uploads\/2016\/11\/descarga-1.jpg"}],"twitter_card":"summary_large_image","schema":{"@context":"https:\/\/schema.org","@graph":[{"@type":"WebPage","@id":"https:\/\/www.ati.es\/ifip\/","url":"https:\/\/www.ati.es\/ifip\/","name":"IFIP - International Federation for Information Processing - Asociaci\u00f3n de T\u00e9cnicos de Inform\u00e1tica","isPartOf":{"@id":"https:\/\/www.ati.es\/#website"},"datePublished":"2016-11-12T21:27:26+00:00","dateModified":"2020-12-28T10:27:20+00:00","description":"Adem\u00e1s, socios de ATI ostentan tambi\u00e9n la representaci\u00f3n en los distintos Comit\u00e9s T\u00e9cnicos (TCs) y gestionan las secciones de esta web en las que se informa de sus actividades.","breadcrumb":{"@id":"https:\/\/www.ati.es\/ifip\/#breadcrumb"},"inLanguage":"ca","potentialAction":[{"@type":"ReadAction","target":["https:\/\/www.ati.es\/ifip\/"]}]},{"@type":"BreadcrumbList","@id":"https:\/\/www.ati.es\/ifip\/#breadcrumb","itemListElement":[{"@type":"ListItem","position":1,"name":"Portada","item":"https:\/\/www.ati.es\/"},{"@type":"ListItem","position":2,"name":"IFIP &#8211; International Federation for Information Processing"}]},{"@type":"WebSite","@id":"https:\/\/www.ati.es\/#website","url":"https:\/\/www.ati.es\/","name":"Associaci\u00f3 de T\u00e8cnics d'Inform\u00e0tica","description":"","publisher":{"@id":"https:\/\/www.ati.es\/#organization"},"potentialAction":[{"@type":"SearchAction","target":{"@type":"EntryPoint","urlTemplate":"https:\/\/www.ati.es\/?s={search_term_string}"},"query-input":"required name=search_term_string"}],"inLanguage":"ca"},{"@type":"Organization","@id":"https:\/\/www.ati.es\/#organization","name":"Associaci\u00f3 de T\u00e8cnics d'Inform\u00e0tica","url":"https:\/\/www.ati.es\/","logo":{"@type":"ImageObject","inLanguage":"ca","@id":"https:\/\/www.ati.es\/#\/schema\/logo\/image\/","url":"https:\/\/www.ati.es\/wp-content\/uploads\/2021\/07\/cropped-logoATIvectorized.png","contentUrl":"https:\/\/www.ati.es\/wp-content\/uploads\/2021\/07\/cropped-logoATIvectorized.png","width":431,"height":231,"caption":"Asociaci\u00f3n de T\u00e9cnicos de Inform\u00e1tica"},"image":{"@id":"https:\/\/www.ati.es\/#\/schema\/logo\/image\/"}}]}},"_links":{"self":[{"href":"https:\/\/www.ati.es\/ca\/wp-json\/wp\/v2\/pages\/408"}],"collection":[{"href":"https:\/\/www.ati.es\/ca\/wp-json\/wp\/v2\/pages"}],"about":[{"href":"https:\/\/www.ati.es\/ca\/wp-json\/wp\/v2\/types\/page"}],"author":[{"embeddable":true,"href":"https:\/\/www.ati.es\/ca\/wp-json\/wp\/v2\/users\/1"}],"replies":[{"embeddable":true,"href":"https:\/\/www.ati.es\/ca\/wp-json\/wp\/v2\/comments?post=408"}],"version-history":[{"count":1,"href":"https:\/\/www.ati.es\/ca\/wp-json\/wp\/v2\/pages\/408\/revisions"}],"predecessor-version":[{"id":3099,"href":"https:\/\/www.ati.es\/ca\/wp-json\/wp\/v2\/pages\/408\/revisions\/3099"}],"wp:attachment":[{"href":"https:\/\/www.ati.es\/ca\/wp-json\/wp\/v2\/media?parent=408"}],"curies":[{"name":"wp","href":"https:\/\/api.w.org\/{rel}","templated":true}]}}