{"id":395,"date":"2016-11-12T22:15:15","date_gmt":"2016-11-12T21:15:15","guid":{"rendered":"http:\/\/www.ati.es\/?page_id=395"},"modified":"2020-12-28T12:13:29","modified_gmt":"2020-12-28T11:13:29","slug":"ecwt","status":"publish","type":"page","link":"https:\/\/www.ati.es\/ca\/ati-internacional\/ecwt\/","title":{"rendered":"ECWT &#8211; European Centre for Women and Technology"},"content":{"rendered":"<img class=\"alignright\" style=\"width:270px\" src=\"https:\/\/www.ati.es\/wp-content\/uploads\/2020\/12\/ecwt_logo_low_res_trans.png\">\n<p class=\"spip\" style=\"margin-top:20px\">ATI gestiona el <strong class=\"spip\">punt nacional de contacte (NPOC)<\/strong> de la iniciativa europea <strong class=\"spip\">ECWT &#8211;<a href=\"http:\/\/womenandtechnology.eu\/\" target=\"_blank\" rel=\"noopener noreferrer\">European Centre for Women and Technology<\/a><\/strong>, creada amb la intenci\u00f3 d'analitzar i potenciar la participaci\u00f3 de les dones en l'economia basada en el coneixement i incrementar la seva pres\u00e8ncia en el sector TIC des d'\u00e0mbits com el de l'educaci\u00f3, l'ocupaci\u00f3, el lideratge i l'emprenedoria.<\/p>\n<p>&nbsp;<\/p>","protected":false},"excerpt":{"rendered":"<p>ATI gestiona el punto nacional de contacto (NPOC) de la iniciativa europea ECWT &#8211;European Centre for Women and Technology, creada con la intenci\u00f3n de analizar y potenciar la participaci\u00f3n de las mujeres en la econom\u00eda basada en el conocimiento e incrementar su presencia en el sector TIC desde \u00e1mbitos como el de la educaci\u00f3n, el&#8230;<\/p>\n<p class=\"more-link-wrap\"><a href=\"https:\/\/www.ati.es\/ca\/ati-internacional\/ecwt\/\" class=\"more-link\">Leer m\u00e1s<span class=\"screen-reader-text\"> &ldquo;ECWT &#8211; European Centre for Women and Technology&rdquo;<\/span> \u00bb<\/a><\/p>","protected":false},"author":1,"featured_media":0,"parent":352,"menu_order":0,"comment_status":"closed","ping_status":"closed","template":"","meta":[],"yoast_head":"<!-- This site is optimized with the Yoast SEO plugin v20.6 - https:\/\/yoast.com\/wordpress\/plugins\/seo\/ -->\n<title>ECWT - European Centre for Women and Technology - Asociaci\u00f3n de T\u00e9cnicos de Inform\u00e1tica<\/title>\n<meta name=\"description\" content=\"ATI gestiona el punto nacional de contacto (NPOC) de la iniciativa europea ECWT \u2013European Centre for Women and Technology.\" \/>\n<meta name=\"robots\" content=\"index, follow, max-snippet:-1, max-image-preview:large, max-video-preview:-1\" \/>\n<link rel=\"canonical\" href=\"https:\/\/www.ati.es\/ca\/ati-internacional\/ecwt\/\" \/>\n<meta property=\"og:locale\" content=\"ca_ES\" \/>\n<meta property=\"og:type\" content=\"article\" \/>\n<meta property=\"og:title\" content=\"ECWT - European Centre for Women and Technology - Asociaci\u00f3n de T\u00e9cnicos de Inform\u00e1tica\" \/>\n<meta property=\"og:description\" content=\"ATI gestiona el punto nacional de contacto (NPOC) de la iniciativa europea ECWT \u2013European Centre for Women and Technology.\" \/>\n<meta property=\"og:url\" content=\"https:\/\/www.ati.es\/ca\/ati-internacional\/ecwt\/\" \/>\n<meta property=\"og:site_name\" content=\"Asociaci\u00f3n de T\u00e9cnicos de Inform\u00e1tica\" \/>\n<meta property=\"article:modified_time\" content=\"2020-12-28T11:13:29+00:00\" \/>\n<meta property=\"og:image\" content=\"https:\/\/www.ati.es\/wp-content\/uploads\/2020\/12\/ecwt_logo_low_res_trans.png\" \/>\n<meta name=\"twitter:card\" content=\"summary_large_image\" \/>\n<script type=\"application\/ld+json\" class=\"yoast-schema-graph\">{\"@context\":\"https:\/\/schema.org\",\"@graph\":[{\"@type\":\"WebPage\",\"@id\":\"https:\/\/www.ati.es\/ati-internacional\/ecwt\/\",\"url\":\"https:\/\/www.ati.es\/ati-internacional\/ecwt\/\",\"name\":\"ECWT - European Centre for Women and Technology - Asociaci\u00f3n de T\u00e9cnicos de Inform\u00e1tica\",\"isPartOf\":{\"@id\":\"https:\/\/www.ati.es\/#website\"},\"datePublished\":\"2016-11-12T21:15:15+00:00\",\"dateModified\":\"2020-12-28T11:13:29+00:00\",\"description\":\"ATI gestiona el punto nacional de contacto (NPOC) de la iniciativa europea ECWT \u2013European Centre for Women and Technology.\",\"breadcrumb\":{\"@id\":\"https:\/\/www.ati.es\/ati-internacional\/ecwt\/#breadcrumb\"},\"inLanguage\":\"ca\",\"potentialAction\":[{\"@type\":\"ReadAction\",\"target\":[\"https:\/\/www.ati.es\/ati-internacional\/ecwt\/\"]}]},{\"@type\":\"BreadcrumbList\",\"@id\":\"https:\/\/www.ati.es\/ati-internacional\/ecwt\/#breadcrumb\",\"itemListElement\":[{\"@type\":\"ListItem\",\"position\":1,\"name\":\"Portada\",\"item\":\"https:\/\/www.ati.es\/\"},{\"@type\":\"ListItem\",\"position\":2,\"name\":\"ATI Internacional\",\"item\":\"https:\/\/www.ati.es\/ati-internacional\/\"},{\"@type\":\"ListItem\",\"position\":3,\"name\":\"ECWT &#8211; European Centre for Women and Technology\"}]},{\"@type\":\"WebSite\",\"@id\":\"https:\/\/www.ati.es\/#website\",\"url\":\"https:\/\/www.ati.es\/\",\"name\":\"Asociaci\u00f3n de T\u00e9cnicos de Inform\u00e1tica\",\"description\":\"\",\"publisher\":{\"@id\":\"https:\/\/www.ati.es\/#organization\"},\"potentialAction\":[{\"@type\":\"SearchAction\",\"target\":{\"@type\":\"EntryPoint\",\"urlTemplate\":\"https:\/\/www.ati.es\/?s={search_term_string}\"},\"query-input\":\"required name=search_term_string\"}],\"inLanguage\":\"ca\"},{\"@type\":\"Organization\",\"@id\":\"https:\/\/www.ati.es\/#organization\",\"name\":\"Asociaci\u00f3n de T\u00e9cnicos de Inform\u00e1tica\",\"url\":\"https:\/\/www.ati.es\/\",\"logo\":{\"@type\":\"ImageObject\",\"inLanguage\":\"ca\",\"@id\":\"https:\/\/www.ati.es\/#\/schema\/logo\/image\/\",\"url\":\"https:\/\/www.ati.es\/wp-content\/uploads\/2021\/07\/cropped-logoATIvectorized.png\",\"contentUrl\":\"https:\/\/www.ati.es\/wp-content\/uploads\/2021\/07\/cropped-logoATIvectorized.png\",\"width\":431,\"height\":231,\"caption\":\"Asociaci\u00f3n de T\u00e9cnicos de Inform\u00e1tica\"},\"image\":{\"@id\":\"https:\/\/www.ati.es\/#\/schema\/logo\/image\/\"}}]}<\/script>\n<!-- \/ Yoast SEO plugin. -->","yoast_head_json":{"title":"ECWT - European Centre for Women and Technology - Asociaci\u00f3n de T\u00e9cnicos de Inform\u00e1tica","description":"ATI gestiona el punto nacional de contacto (NPOC) de la iniciativa europea ECWT \u2013European Centre for Women and Technology.","robots":{"index":"index","follow":"follow","max-snippet":"max-snippet:-1","max-image-preview":"max-image-preview:large","max-video-preview":"max-video-preview:-1"},"canonical":"https:\/\/www.ati.es\/ca\/ati-internacional\/ecwt\/","og_locale":"ca_ES","og_type":"article","og_title":"ECWT - European Centre for Women and Technology - Asociaci\u00f3n de T\u00e9cnicos de Inform\u00e1tica","og_description":"ATI gestiona el punto nacional de contacto (NPOC) de la iniciativa europea ECWT \u2013European Centre for Women and Technology.","og_url":"https:\/\/www.ati.es\/ca\/ati-internacional\/ecwt\/","og_site_name":"Asociaci\u00f3n de T\u00e9cnicos de Inform\u00e1tica","article_modified_time":"2020-12-28T11:13:29+00:00","og_image":[{"url":"https:\/\/www.ati.es\/wp-content\/uploads\/2020\/12\/ecwt_logo_low_res_trans.png"}],"twitter_card":"summary_large_image","schema":{"@context":"https:\/\/schema.org","@graph":[{"@type":"WebPage","@id":"https:\/\/www.ati.es\/ati-internacional\/ecwt\/","url":"https:\/\/www.ati.es\/ati-internacional\/ecwt\/","name":"ECWT - European Centre for Women and Technology - Asociaci\u00f3n de T\u00e9cnicos de Inform\u00e1tica","isPartOf":{"@id":"https:\/\/www.ati.es\/#website"},"datePublished":"2016-11-12T21:15:15+00:00","dateModified":"2020-12-28T11:13:29+00:00","description":"ATI gestiona el punto nacional de contacto (NPOC) de la iniciativa europea ECWT \u2013European Centre for Women and Technology.","breadcrumb":{"@id":"https:\/\/www.ati.es\/ati-internacional\/ecwt\/#breadcrumb"},"inLanguage":"ca","potentialAction":[{"@type":"ReadAction","target":["https:\/\/www.ati.es\/ati-internacional\/ecwt\/"]}]},{"@type":"BreadcrumbList","@id":"https:\/\/www.ati.es\/ati-internacional\/ecwt\/#breadcrumb","itemListElement":[{"@type":"ListItem","position":1,"name":"Portada","item":"https:\/\/www.ati.es\/"},{"@type":"ListItem","position":2,"name":"ATI Internacional","item":"https:\/\/www.ati.es\/ati-internacional\/"},{"@type":"ListItem","position":3,"name":"ECWT &#8211; European Centre for Women and Technology"}]},{"@type":"WebSite","@id":"https:\/\/www.ati.es\/#website","url":"https:\/\/www.ati.es\/","name":"Associaci\u00f3 de T\u00e8cnics d'Inform\u00e0tica","description":"","publisher":{"@id":"https:\/\/www.ati.es\/#organization"},"potentialAction":[{"@type":"SearchAction","target":{"@type":"EntryPoint","urlTemplate":"https:\/\/www.ati.es\/?s={search_term_string}"},"query-input":"required name=search_term_string"}],"inLanguage":"ca"},{"@type":"Organization","@id":"https:\/\/www.ati.es\/#organization","name":"Associaci\u00f3 de T\u00e8cnics d'Inform\u00e0tica","url":"https:\/\/www.ati.es\/","logo":{"@type":"ImageObject","inLanguage":"ca","@id":"https:\/\/www.ati.es\/#\/schema\/logo\/image\/","url":"https:\/\/www.ati.es\/wp-content\/uploads\/2021\/07\/cropped-logoATIvectorized.png","contentUrl":"https:\/\/www.ati.es\/wp-content\/uploads\/2021\/07\/cropped-logoATIvectorized.png","width":431,"height":231,"caption":"Asociaci\u00f3n de T\u00e9cnicos de Inform\u00e1tica"},"image":{"@id":"https:\/\/www.ati.es\/#\/schema\/logo\/image\/"}}]}},"_links":{"self":[{"href":"https:\/\/www.ati.es\/ca\/wp-json\/wp\/v2\/pages\/395"}],"collection":[{"href":"https:\/\/www.ati.es\/ca\/wp-json\/wp\/v2\/pages"}],"about":[{"href":"https:\/\/www.ati.es\/ca\/wp-json\/wp\/v2\/types\/page"}],"author":[{"embeddable":true,"href":"https:\/\/www.ati.es\/ca\/wp-json\/wp\/v2\/users\/1"}],"replies":[{"embeddable":true,"href":"https:\/\/www.ati.es\/ca\/wp-json\/wp\/v2\/comments?post=395"}],"version-history":[{"count":26,"href":"https:\/\/www.ati.es\/ca\/wp-json\/wp\/v2\/pages\/395\/revisions"}],"predecessor-version":[{"id":3098,"href":"https:\/\/www.ati.es\/ca\/wp-json\/wp\/v2\/pages\/395\/revisions\/3098"}],"up":[{"embeddable":true,"href":"https:\/\/www.ati.es\/ca\/wp-json\/wp\/v2\/pages\/352"}],"wp:attachment":[{"href":"https:\/\/www.ati.es\/ca\/wp-json\/wp\/v2\/media?parent=395"}],"curies":[{"name":"wp","href":"https:\/\/api.w.org\/{rel}","templated":true}]}}