{"id":383,"date":"2016-11-12T22:08:23","date_gmt":"2016-11-12T21:08:23","guid":{"rendered":"http:\/\/www.ati.es\/?page_id=383"},"modified":"2020-12-28T12:16:57","modified_gmt":"2020-12-28T11:16:57","slug":"cecua","status":"publish","type":"page","link":"https:\/\/www.ati.es\/ca\/ati-internacional\/cecua\/","title":{"rendered":"CECUA &#8211; Confederaci\u00f3n Europea de Usuarios de Tecnolog\u00edas de la Informaci\u00f3n"},"content":{"rendered":"<p class=\"spip\"><img loading=\"lazy\" class=\"alignright\" src=\"http:\/\/static.wixstatic.com\/media\/1db7fe_05d2354554e04f32879f17557f0997b7.jpg_srz_245_164_85_22_0.50_1.20_0.00_jpg_srz\" alt=\"Resultado de imagen de cecua\" width=\"136\" height=\"91\"><\/p>\n<p class=\"spip\">ATI \u00e9s el representant espanyol de <strong class=\"spip\"><a class=\"spip_out\" href=\"http:\/\/cecua1.wixsite.com\/cecua\" target=\"_blank\" rel=\"noopener noreferrer\">CECUA<\/a><\/strong>, la Confederaci\u00f3n Europea de Usuarios de Tecnolog\u00edas de la Informaci\u00f3n.<\/p>\n<p class=\"spip\">ATI col\u00b7labora amb CECUA en diferents accions, i fins i tot va representar, en el seu moment mitjan\u00e7ant el seu vicepresident Luis Fern\u00e1ndez, a CECUA en actes com la presentaci\u00f3 en <br>el Parlament Europeu del informe <strong class=\"spip\">The Digital World in 2030<\/strong> el dia 18 de mar\u00e7 de 2014.<\/p>\n<p class=\"spip\">Tamb\u00e9, el que fos president d'ATI \u00a0-Didac L\u00f3pez-\u00a0en el seu moment, va ser nomenat <strong class=\"spip\">embaixador especial de CECUA per al Mobile World Congress 2015<\/strong>, representant a CECUA en la taula rodona especial de <strong class=\"spip\"><a class=\"spip_out\" href=\"https:\/\/www.eifonline.org\/\" target=\"_blank\" rel=\"noopener noreferrer\">EIF<\/a><\/strong> celebrada a Barcelona el 1 de mar\u00e7 de 2015 amb el t\u00edtol \u2018Sharpening Europe\u2019s Mobile Edge\u2019.<\/p>\n<hr>\n<p class=\"spip\"><\/p>\n\n\n<div class=\"wp-block-image is-style-default\"><figure class=\"alignleft size-large is-resized\"><img loading=\"lazy\" src=\"https:\/\/www.ati.es\/wp-content\/uploads\/2020\/12\/2030.jpg\" alt=\"\" class=\"wp-image-3394\" width=\"262\" height=\"370\"\/><\/figure><\/div>\n\n\n\n<p>L' <strong>European Internet Foundation<\/strong> <strong>(EIF) <\/strong>va publicar el informe <strong>El mundo digital en 2030<\/strong>, que presenta una visi\u00f3 del m\u00f3n digital en el futur i analitza la tecnologia, la economia, i les dimensions socio-pol\u00edtiques de les tend\u00e8ncies digitals clau.<\/p>\n\n\n\n<p>El informe proposa un paradigma central per tractar d'imaginar el m\u00f3n digital de 2030: la Sociedad del Conocimiento. D'acord amb aquest paradigma, la capacitat en temps real per realitzar un seguiment de forma cont\u00ednua, medida, i reaccionar a la situaci\u00f3 actual de pr\u00e0cticament qualsevol condici\u00f3 externa o fen\u00f2men a qualsevol escala, en qualsevol moment, a trav\u00e9s de la captura de dades continua dirigida en temps real i el seu an\u00e0lisis, es converteix en la principal font de poder econ\u00f2mic, social i pol\u00edtic a qualsevol escala.<\/p>\n\n\n\n<p>ATI va participar en representaci\u00f3 de <strong>CEPIS<\/strong> i <strong>CECUA<\/strong> en l'acte de presentaci\u00f3 del informe.<\/p>","protected":false},"excerpt":{"rendered":"<p>ATI es el representante espa\u00f1ol de CECUA, la Confederaci\u00f3n Europea de Usuarios de Tecnolog\u00edas de la Informaci\u00f3n. ATI colabora con CECUA en distintas acciones, e incluso represent\u00f3, en su momento mediante su vicepresidente Luis Fern\u00e1ndez, a CECUA en actos como la presentaci\u00f3n en el Parlamento Europeo del informe The Digital World in 2030 el d\u00eda&#8230;<\/p>\n<p class=\"more-link-wrap\"><a href=\"https:\/\/www.ati.es\/ca\/ati-internacional\/cecua\/\" class=\"more-link\">Leer m\u00e1s<span class=\"screen-reader-text\"> &ldquo;CECUA &#8211; Confederaci\u00f3n Europea de Usuarios de Tecnolog\u00edas de la Informaci\u00f3n&rdquo;<\/span> \u00bb<\/a><\/p>","protected":false},"author":1,"featured_media":0,"parent":352,"menu_order":0,"comment_status":"closed","ping_status":"closed","template":"","meta":[],"yoast_head":"<!-- This site is optimized with the Yoast SEO plugin v20.6 - https:\/\/yoast.com\/wordpress\/plugins\/seo\/ -->\n<title>CECUA - Confederaci\u00f3n Europea de Usuarios de Tecnolog\u00edas de la Informaci\u00f3n - Asociaci\u00f3n de T\u00e9cnicos de Inform\u00e1tica<\/title>\n<meta name=\"description\" content=\"ATI es el representante espa\u00f1ol de CECUA, la Confederaci\u00f3n Europea de Usuarios de Tecnolog\u00edas de la Informaci\u00f3n.\" \/>\n<meta name=\"robots\" content=\"index, follow, max-snippet:-1, max-image-preview:large, max-video-preview:-1\" \/>\n<link rel=\"canonical\" href=\"https:\/\/www.ati.es\/ca\/ati-internacional\/cecua\/\" \/>\n<meta property=\"og:locale\" content=\"ca_ES\" \/>\n<meta property=\"og:type\" content=\"article\" \/>\n<meta property=\"og:title\" content=\"CECUA - Confederaci\u00f3n Europea de Usuarios de Tecnolog\u00edas de la Informaci\u00f3n - Asociaci\u00f3n de T\u00e9cnicos de Inform\u00e1tica\" \/>\n<meta property=\"og:description\" content=\"ATI es el representante espa\u00f1ol de CECUA, la Confederaci\u00f3n Europea de Usuarios de Tecnolog\u00edas de la Informaci\u00f3n.\" \/>\n<meta property=\"og:url\" content=\"https:\/\/www.ati.es\/ca\/ati-internacional\/cecua\/\" \/>\n<meta property=\"og:site_name\" content=\"Asociaci\u00f3n de T\u00e9cnicos de Inform\u00e1tica\" \/>\n<meta property=\"article:modified_time\" content=\"2020-12-28T11:16:57+00:00\" \/>\n<meta property=\"og:image\" content=\"http:\/\/static.wixstatic.com\/media\/1db7fe_05d2354554e04f32879f17557f0997b7.jpg_srz_245_164_85_22_0.50_1.20_0.00_jpg_srz\" \/>\n<meta name=\"twitter:card\" content=\"summary_large_image\" \/>\n<meta name=\"twitter:label1\" content=\"Temps estimat de lectura\" \/>\n\t<meta name=\"twitter:data1\" content=\"1 minut\" \/>\n<script type=\"application\/ld+json\" class=\"yoast-schema-graph\">{\"@context\":\"https:\/\/schema.org\",\"@graph\":[{\"@type\":\"WebPage\",\"@id\":\"https:\/\/www.ati.es\/ati-internacional\/cecua\/\",\"url\":\"https:\/\/www.ati.es\/ati-internacional\/cecua\/\",\"name\":\"CECUA - Confederaci\u00f3n Europea de Usuarios de Tecnolog\u00edas de la Informaci\u00f3n - Asociaci\u00f3n de T\u00e9cnicos de Inform\u00e1tica\",\"isPartOf\":{\"@id\":\"https:\/\/www.ati.es\/#website\"},\"datePublished\":\"2016-11-12T21:08:23+00:00\",\"dateModified\":\"2020-12-28T11:16:57+00:00\",\"description\":\"ATI es el representante espa\u00f1ol de CECUA, la Confederaci\u00f3n Europea de Usuarios de Tecnolog\u00edas de la Informaci\u00f3n.\",\"breadcrumb\":{\"@id\":\"https:\/\/www.ati.es\/ati-internacional\/cecua\/#breadcrumb\"},\"inLanguage\":\"ca\",\"potentialAction\":[{\"@type\":\"ReadAction\",\"target\":[\"https:\/\/www.ati.es\/ati-internacional\/cecua\/\"]}]},{\"@type\":\"BreadcrumbList\",\"@id\":\"https:\/\/www.ati.es\/ati-internacional\/cecua\/#breadcrumb\",\"itemListElement\":[{\"@type\":\"ListItem\",\"position\":1,\"name\":\"Portada\",\"item\":\"https:\/\/www.ati.es\/\"},{\"@type\":\"ListItem\",\"position\":2,\"name\":\"ATI Internacional\",\"item\":\"https:\/\/www.ati.es\/ati-internacional\/\"},{\"@type\":\"ListItem\",\"position\":3,\"name\":\"CECUA &#8211; Confederaci\u00f3n Europea de Usuarios de Tecnolog\u00edas de la Informaci\u00f3n\"}]},{\"@type\":\"WebSite\",\"@id\":\"https:\/\/www.ati.es\/#website\",\"url\":\"https:\/\/www.ati.es\/\",\"name\":\"Asociaci\u00f3n de T\u00e9cnicos de Inform\u00e1tica\",\"description\":\"\",\"publisher\":{\"@id\":\"https:\/\/www.ati.es\/#organization\"},\"potentialAction\":[{\"@type\":\"SearchAction\",\"target\":{\"@type\":\"EntryPoint\",\"urlTemplate\":\"https:\/\/www.ati.es\/?s={search_term_string}\"},\"query-input\":\"required name=search_term_string\"}],\"inLanguage\":\"ca\"},{\"@type\":\"Organization\",\"@id\":\"https:\/\/www.ati.es\/#organization\",\"name\":\"Asociaci\u00f3n de T\u00e9cnicos de Inform\u00e1tica\",\"url\":\"https:\/\/www.ati.es\/\",\"logo\":{\"@type\":\"ImageObject\",\"inLanguage\":\"ca\",\"@id\":\"https:\/\/www.ati.es\/#\/schema\/logo\/image\/\",\"url\":\"https:\/\/www.ati.es\/wp-content\/uploads\/2021\/07\/cropped-logoATIvectorized.png\",\"contentUrl\":\"https:\/\/www.ati.es\/wp-content\/uploads\/2021\/07\/cropped-logoATIvectorized.png\",\"width\":431,\"height\":231,\"caption\":\"Asociaci\u00f3n de T\u00e9cnicos de Inform\u00e1tica\"},\"image\":{\"@id\":\"https:\/\/www.ati.es\/#\/schema\/logo\/image\/\"}}]}<\/script>\n<!-- \/ Yoast SEO plugin. -->","yoast_head_json":{"title":"CECUA - Confederaci\u00f3n Europea de Usuarios de Tecnolog\u00edas de la Informaci\u00f3n - Asociaci\u00f3n de T\u00e9cnicos de Inform\u00e1tica","description":"ATI es el representante espa\u00f1ol de CECUA, la Confederaci\u00f3n Europea de Usuarios de Tecnolog\u00edas de la Informaci\u00f3n.","robots":{"index":"index","follow":"follow","max-snippet":"max-snippet:-1","max-image-preview":"max-image-preview:large","max-video-preview":"max-video-preview:-1"},"canonical":"https:\/\/www.ati.es\/ca\/ati-internacional\/cecua\/","og_locale":"ca_ES","og_type":"article","og_title":"CECUA - Confederaci\u00f3n Europea de Usuarios de Tecnolog\u00edas de la Informaci\u00f3n - Asociaci\u00f3n de T\u00e9cnicos de Inform\u00e1tica","og_description":"ATI es el representante espa\u00f1ol de CECUA, la Confederaci\u00f3n Europea de Usuarios de Tecnolog\u00edas de la Informaci\u00f3n.","og_url":"https:\/\/www.ati.es\/ca\/ati-internacional\/cecua\/","og_site_name":"Asociaci\u00f3n de T\u00e9cnicos de Inform\u00e1tica","article_modified_time":"2020-12-28T11:16:57+00:00","og_image":[{"url":"http:\/\/static.wixstatic.com\/media\/1db7fe_05d2354554e04f32879f17557f0997b7.jpg_srz_245_164_85_22_0.50_1.20_0.00_jpg_srz"}],"twitter_card":"summary_large_image","twitter_misc":{"Temps estimat de lectura":"1 minut"},"schema":{"@context":"https:\/\/schema.org","@graph":[{"@type":"WebPage","@id":"https:\/\/www.ati.es\/ati-internacional\/cecua\/","url":"https:\/\/www.ati.es\/ati-internacional\/cecua\/","name":"CECUA - Confederaci\u00f3n Europea de Usuarios de Tecnolog\u00edas de la Informaci\u00f3n - Asociaci\u00f3n de T\u00e9cnicos de Inform\u00e1tica","isPartOf":{"@id":"https:\/\/www.ati.es\/#website"},"datePublished":"2016-11-12T21:08:23+00:00","dateModified":"2020-12-28T11:16:57+00:00","description":"ATI es el representante espa\u00f1ol de CECUA, la Confederaci\u00f3n Europea de Usuarios de Tecnolog\u00edas de la Informaci\u00f3n.","breadcrumb":{"@id":"https:\/\/www.ati.es\/ati-internacional\/cecua\/#breadcrumb"},"inLanguage":"ca","potentialAction":[{"@type":"ReadAction","target":["https:\/\/www.ati.es\/ati-internacional\/cecua\/"]}]},{"@type":"BreadcrumbList","@id":"https:\/\/www.ati.es\/ati-internacional\/cecua\/#breadcrumb","itemListElement":[{"@type":"ListItem","position":1,"name":"Portada","item":"https:\/\/www.ati.es\/"},{"@type":"ListItem","position":2,"name":"ATI Internacional","item":"https:\/\/www.ati.es\/ati-internacional\/"},{"@type":"ListItem","position":3,"name":"CECUA &#8211; Confederaci\u00f3n Europea de Usuarios de Tecnolog\u00edas de la Informaci\u00f3n"}]},{"@type":"WebSite","@id":"https:\/\/www.ati.es\/#website","url":"https:\/\/www.ati.es\/","name":"Associaci\u00f3 de T\u00e8cnics d'Inform\u00e0tica","description":"","publisher":{"@id":"https:\/\/www.ati.es\/#organization"},"potentialAction":[{"@type":"SearchAction","target":{"@type":"EntryPoint","urlTemplate":"https:\/\/www.ati.es\/?s={search_term_string}"},"query-input":"required name=search_term_string"}],"inLanguage":"ca"},{"@type":"Organization","@id":"https:\/\/www.ati.es\/#organization","name":"Associaci\u00f3 de T\u00e8cnics d'Inform\u00e0tica","url":"https:\/\/www.ati.es\/","logo":{"@type":"ImageObject","inLanguage":"ca","@id":"https:\/\/www.ati.es\/#\/schema\/logo\/image\/","url":"https:\/\/www.ati.es\/wp-content\/uploads\/2021\/07\/cropped-logoATIvectorized.png","contentUrl":"https:\/\/www.ati.es\/wp-content\/uploads\/2021\/07\/cropped-logoATIvectorized.png","width":431,"height":231,"caption":"Asociaci\u00f3n de T\u00e9cnicos de Inform\u00e1tica"},"image":{"@id":"https:\/\/www.ati.es\/#\/schema\/logo\/image\/"}}]}},"_links":{"self":[{"href":"https:\/\/www.ati.es\/ca\/wp-json\/wp\/v2\/pages\/383"}],"collection":[{"href":"https:\/\/www.ati.es\/ca\/wp-json\/wp\/v2\/pages"}],"about":[{"href":"https:\/\/www.ati.es\/ca\/wp-json\/wp\/v2\/types\/page"}],"author":[{"embeddable":true,"href":"https:\/\/www.ati.es\/ca\/wp-json\/wp\/v2\/users\/1"}],"replies":[{"embeddable":true,"href":"https:\/\/www.ati.es\/ca\/wp-json\/wp\/v2\/comments?post=383"}],"version-history":[{"count":28,"href":"https:\/\/www.ati.es\/ca\/wp-json\/wp\/v2\/pages\/383\/revisions"}],"predecessor-version":[{"id":3472,"href":"https:\/\/www.ati.es\/ca\/wp-json\/wp\/v2\/pages\/383\/revisions\/3472"}],"up":[{"embeddable":true,"href":"https:\/\/www.ati.es\/ca\/wp-json\/wp\/v2\/pages\/352"}],"wp:attachment":[{"href":"https:\/\/www.ati.es\/ca\/wp-json\/wp\/v2\/media?parent=383"}],"curies":[{"name":"wp","href":"https:\/\/api.w.org\/{rel}","templated":true}]}}