{"id":352,"date":"2016-11-12T20:51:13","date_gmt":"2016-11-12T19:51:13","guid":{"rendered":"http:\/\/www.ati.es\/?page_id=352"},"modified":"2024-01-17T14:29:39","modified_gmt":"2024-01-17T13:29:39","slug":"ati-internacional","status":"publish","type":"page","link":"https:\/\/www.ati.es\/ca\/ati-internacional\/","title":{"rendered":"ATI Internacional"},"content":{"rendered":"<p class=\"spip\">ATI \u00e9s el membre exclusiu a Espanya de <strong class=\"spip\"><a href=\"http:\/\/www.ati.es\/ca\/cepis\/\">CEPIS<\/a><\/strong>, que \u00e9s el Consell Europeu d'Associacions de Professionals Inform\u00e0tics, organisme del qual ATI \u00e9s, a m\u00e9s, membre fundador. A m\u00e9s, <strong class=\"spip\">ATI \u00e9s la llicenciat\u00e0ria<\/strong> a Espanya de la reconeguda <strong class=\"spip\"><a class=\"spip_out\" href=\"http:\/\/www.ati.es\/ca\/certificacion_ecdl\/\">acreditaci\u00f3 ICDL<\/a><\/strong> d'inform\u00e0tica d'usuari, creada per CEPIS i gestionada per <strong class=\"spip\"><a class=\"spip_out\" href=\"http:\/\/www.ecdl.org\/\" target=\"_blank\" rel=\"noopener noreferrer\">ICDL Foundation<\/a><\/strong>.<\/p>\n<p class=\"spip\">A m\u00e9s, ATI gestiona el <strong class=\"spip\">punt nacional de contacte (NPOC) de la iniciativa europea <a href=\"http:\/\/www.ati.es\/ca\/ecwt-european-centre-for-women-and-technology\/\">ECWT<\/a> (European Centre for Women and Technology)<\/strong>.<\/p>\n<p>ATI tamb\u00e9 est\u00e0 present en el <strong class=\"spip\"><a href=\"http:\/\/www.cen.eu\/about\/Pages\/default.aspx\" target=\"_blank\" rel=\"noopener noreferrer\">CEN<\/a> <a href=\"http:\/\/www.cen.eu\/work\/areas\/ICT\/eEducation\/Pages\/WS-ICT-skills.aspx\" target=\"_blank\" rel=\"noopener noreferrer\">Workshop on ICT Skills<\/a><\/strong>, actualment l'\u00fanica entitat espanyola en aquest aforament on s'estan generant est\u00e0ndards clau per a la <strong class=\"spip\">organitzaci\u00f3 i classificaci\u00f3 de les compet\u00e8ncies professionals en TIC<\/strong> com <strong class=\"spip\"><a class=\"spip_out\" href=\"http:\/\/www.ecompetences.eu\/\" target=\"_blank\" rel=\"noopener noreferrer\">eCF<\/a><\/strong>.<\/p>","protected":false},"excerpt":{"rendered":"<p>ATI es el miembro exclusivo en Espa\u00f1a de CEPIS, que es el Consejo Europeo de Asociaciones de Profesionales Inform\u00e1ticos, organismo del que ATI es adem\u00e1s miembro fundador. Adem\u00e1s ATI es la licenciataria en Espa\u00f1a de la reconocida acreditaci\u00f3n ICDL de inform\u00e1tica de usuario, creada por\u00a0CEPIS y gestionada por ICDL Foundation. Adem\u00e1s, ATI gestiona el punto&#8230;<\/p>\n<p class=\"more-link-wrap\"><a href=\"https:\/\/www.ati.es\/ca\/ati-internacional\/\" class=\"more-link\">Leer m\u00e1s<span class=\"screen-reader-text\"> &ldquo;ATI Internacional&rdquo;<\/span> \u00bb<\/a><\/p>","protected":false},"author":1,"featured_media":0,"parent":0,"menu_order":0,"comment_status":"closed","ping_status":"closed","template":"","meta":[],"yoast_head":"<!-- This site is optimized with the Yoast SEO plugin v20.6 - https:\/\/yoast.com\/wordpress\/plugins\/seo\/ -->\n<title>ATI Internacional - Asociaci\u00f3n de T\u00e9cnicos de Inform\u00e1tica<\/title>\n<meta name=\"robots\" content=\"index, follow, max-snippet:-1, max-image-preview:large, max-video-preview:-1\" \/>\n<link rel=\"canonical\" href=\"https:\/\/www.ati.es\/ca\/ati-internacional\/\" \/>\n<meta property=\"og:locale\" content=\"ca_ES\" \/>\n<meta property=\"og:type\" content=\"article\" \/>\n<meta property=\"og:title\" content=\"ATI Internacional - Asociaci\u00f3n de T\u00e9cnicos de Inform\u00e1tica\" \/>\n<meta property=\"og:description\" content=\"ATI es el miembro exclusivo en Espa\u00f1a de CEPIS, que es el Consejo Europeo de Asociaciones de Profesionales Inform\u00e1ticos, organismo del que ATI es adem\u00e1s miembro fundador. Adem\u00e1s ATI es la licenciataria en Espa\u00f1a de la reconocida acreditaci\u00f3n ICDL de inform\u00e1tica de usuario, creada por\u00a0CEPIS y gestionada por ICDL Foundation. Adem\u00e1s, ATI gestiona el punto...Leer m\u00e1s &ldquo;ATI Internacional&rdquo; &raquo;\" \/>\n<meta property=\"og:url\" content=\"https:\/\/www.ati.es\/ca\/ati-internacional\/\" \/>\n<meta property=\"og:site_name\" content=\"Asociaci\u00f3n de T\u00e9cnicos de Inform\u00e1tica\" \/>\n<meta property=\"article:modified_time\" content=\"2024-01-17T13:29:39+00:00\" \/>\n<meta name=\"twitter:card\" content=\"summary_large_image\" \/>\n<meta name=\"twitter:label1\" content=\"Temps estimat de lectura\" \/>\n\t<meta name=\"twitter:data1\" content=\"1 minut\" \/>\n<script type=\"application\/ld+json\" class=\"yoast-schema-graph\">{\"@context\":\"https:\/\/schema.org\",\"@graph\":[{\"@type\":\"WebPage\",\"@id\":\"https:\/\/www.ati.es\/ati-internacional\/\",\"url\":\"https:\/\/www.ati.es\/ati-internacional\/\",\"name\":\"ATI Internacional - Asociaci\u00f3n de T\u00e9cnicos de Inform\u00e1tica\",\"isPartOf\":{\"@id\":\"https:\/\/www.ati.es\/#website\"},\"datePublished\":\"2016-11-12T19:51:13+00:00\",\"dateModified\":\"2024-01-17T13:29:39+00:00\",\"breadcrumb\":{\"@id\":\"https:\/\/www.ati.es\/ati-internacional\/#breadcrumb\"},\"inLanguage\":\"ca\",\"potentialAction\":[{\"@type\":\"ReadAction\",\"target\":[\"https:\/\/www.ati.es\/ati-internacional\/\"]}]},{\"@type\":\"BreadcrumbList\",\"@id\":\"https:\/\/www.ati.es\/ati-internacional\/#breadcrumb\",\"itemListElement\":[{\"@type\":\"ListItem\",\"position\":1,\"name\":\"Portada\",\"item\":\"https:\/\/www.ati.es\/\"},{\"@type\":\"ListItem\",\"position\":2,\"name\":\"ATI Internacional\"}]},{\"@type\":\"WebSite\",\"@id\":\"https:\/\/www.ati.es\/#website\",\"url\":\"https:\/\/www.ati.es\/\",\"name\":\"Asociaci\u00f3n de T\u00e9cnicos de Inform\u00e1tica\",\"description\":\"\",\"publisher\":{\"@id\":\"https:\/\/www.ati.es\/#organization\"},\"potentialAction\":[{\"@type\":\"SearchAction\",\"target\":{\"@type\":\"EntryPoint\",\"urlTemplate\":\"https:\/\/www.ati.es\/?s={search_term_string}\"},\"query-input\":\"required name=search_term_string\"}],\"inLanguage\":\"ca\"},{\"@type\":\"Organization\",\"@id\":\"https:\/\/www.ati.es\/#organization\",\"name\":\"Asociaci\u00f3n de T\u00e9cnicos de Inform\u00e1tica\",\"url\":\"https:\/\/www.ati.es\/\",\"logo\":{\"@type\":\"ImageObject\",\"inLanguage\":\"ca\",\"@id\":\"https:\/\/www.ati.es\/#\/schema\/logo\/image\/\",\"url\":\"https:\/\/www.ati.es\/wp-content\/uploads\/2021\/07\/cropped-logoATIvectorized.png\",\"contentUrl\":\"https:\/\/www.ati.es\/wp-content\/uploads\/2021\/07\/cropped-logoATIvectorized.png\",\"width\":431,\"height\":231,\"caption\":\"Asociaci\u00f3n de T\u00e9cnicos de Inform\u00e1tica\"},\"image\":{\"@id\":\"https:\/\/www.ati.es\/#\/schema\/logo\/image\/\"}}]}<\/script>\n<!-- \/ Yoast SEO plugin. -->","yoast_head_json":{"title":"ATI Internacional - Asociaci\u00f3n de T\u00e9cnicos de Inform\u00e1tica","robots":{"index":"index","follow":"follow","max-snippet":"max-snippet:-1","max-image-preview":"max-image-preview:large","max-video-preview":"max-video-preview:-1"},"canonical":"https:\/\/www.ati.es\/ca\/ati-internacional\/","og_locale":"ca_ES","og_type":"article","og_title":"ATI Internacional - Asociaci\u00f3n de T\u00e9cnicos de Inform\u00e1tica","og_description":"ATI es el miembro exclusivo en Espa\u00f1a de CEPIS, que es el Consejo Europeo de Asociaciones de Profesionales Inform\u00e1ticos, organismo del que ATI es adem\u00e1s miembro fundador. Adem\u00e1s ATI es la licenciataria en Espa\u00f1a de la reconocida acreditaci\u00f3n ICDL de inform\u00e1tica de usuario, creada por\u00a0CEPIS y gestionada por ICDL Foundation. Adem\u00e1s, ATI gestiona el punto...Leer m\u00e1s &ldquo;ATI Internacional&rdquo; &raquo;","og_url":"https:\/\/www.ati.es\/ca\/ati-internacional\/","og_site_name":"Asociaci\u00f3n de T\u00e9cnicos de Inform\u00e1tica","article_modified_time":"2024-01-17T13:29:39+00:00","twitter_card":"summary_large_image","twitter_misc":{"Temps estimat de lectura":"1 minut"},"schema":{"@context":"https:\/\/schema.org","@graph":[{"@type":"WebPage","@id":"https:\/\/www.ati.es\/ati-internacional\/","url":"https:\/\/www.ati.es\/ati-internacional\/","name":"ATI Internacional - Asociaci\u00f3n de T\u00e9cnicos de Inform\u00e1tica","isPartOf":{"@id":"https:\/\/www.ati.es\/#website"},"datePublished":"2016-11-12T19:51:13+00:00","dateModified":"2024-01-17T13:29:39+00:00","breadcrumb":{"@id":"https:\/\/www.ati.es\/ati-internacional\/#breadcrumb"},"inLanguage":"ca","potentialAction":[{"@type":"ReadAction","target":["https:\/\/www.ati.es\/ati-internacional\/"]}]},{"@type":"BreadcrumbList","@id":"https:\/\/www.ati.es\/ati-internacional\/#breadcrumb","itemListElement":[{"@type":"ListItem","position":1,"name":"Portada","item":"https:\/\/www.ati.es\/"},{"@type":"ListItem","position":2,"name":"ATI Internacional"}]},{"@type":"WebSite","@id":"https:\/\/www.ati.es\/#website","url":"https:\/\/www.ati.es\/","name":"Associaci\u00f3 de T\u00e8cnics d'Inform\u00e0tica","description":"","publisher":{"@id":"https:\/\/www.ati.es\/#organization"},"potentialAction":[{"@type":"SearchAction","target":{"@type":"EntryPoint","urlTemplate":"https:\/\/www.ati.es\/?s={search_term_string}"},"query-input":"required name=search_term_string"}],"inLanguage":"ca"},{"@type":"Organization","@id":"https:\/\/www.ati.es\/#organization","name":"Associaci\u00f3 de T\u00e8cnics d'Inform\u00e0tica","url":"https:\/\/www.ati.es\/","logo":{"@type":"ImageObject","inLanguage":"ca","@id":"https:\/\/www.ati.es\/#\/schema\/logo\/image\/","url":"https:\/\/www.ati.es\/wp-content\/uploads\/2021\/07\/cropped-logoATIvectorized.png","contentUrl":"https:\/\/www.ati.es\/wp-content\/uploads\/2021\/07\/cropped-logoATIvectorized.png","width":431,"height":231,"caption":"Asociaci\u00f3n de T\u00e9cnicos de Inform\u00e1tica"},"image":{"@id":"https:\/\/www.ati.es\/#\/schema\/logo\/image\/"}}]}},"_links":{"self":[{"href":"https:\/\/www.ati.es\/ca\/wp-json\/wp\/v2\/pages\/352"}],"collection":[{"href":"https:\/\/www.ati.es\/ca\/wp-json\/wp\/v2\/pages"}],"about":[{"href":"https:\/\/www.ati.es\/ca\/wp-json\/wp\/v2\/types\/page"}],"author":[{"embeddable":true,"href":"https:\/\/www.ati.es\/ca\/wp-json\/wp\/v2\/users\/1"}],"replies":[{"embeddable":true,"href":"https:\/\/www.ati.es\/ca\/wp-json\/wp\/v2\/comments?post=352"}],"version-history":[{"count":19,"href":"https:\/\/www.ati.es\/ca\/wp-json\/wp\/v2\/pages\/352\/revisions"}],"predecessor-version":[{"id":5311,"href":"https:\/\/www.ati.es\/ca\/wp-json\/wp\/v2\/pages\/352\/revisions\/5311"}],"wp:attachment":[{"href":"https:\/\/www.ati.es\/ca\/wp-json\/wp\/v2\/media?parent=352"}],"curies":[{"name":"wp","href":"https:\/\/api.w.org\/{rel}","templated":true}]}}