{"id":2584,"date":"2020-10-22T13:40:55","date_gmt":"2020-10-22T12:40:55","guid":{"rendered":"https:\/\/www.ati.es\/?page_id=2584"},"modified":"2024-10-10T12:21:54","modified_gmt":"2024-10-10T11:21:54","slug":"alumnos","status":"publish","type":"page","link":"https:\/\/www.ati.es\/ca\/alumnos\/","title":{"rendered":"Alumnes"},"content":{"rendered":"<div style=\"height:100px\" aria-hidden=\"true\" class=\"wp-block-spacer\"><\/div>\n\n\n\n<div class=\"wp-container-6 wp-block-columns\">\n<div class=\"wp-container-1 wp-block-column\">\n<figure class=\"wp-block-image size-large is-resized\"><a href=\"https:\/\/www.ati.es\/ca\/alumnos\/universidad-de-alcala\/\"><img loading=\"lazy\" src=\"https:\/\/www.ati.es\/wp-content\/uploads\/2024\/10\/uah-1024x311.png\" alt=\"\" class=\"wp-image-5589\" width=\"233\" height=\"71\" srcset=\"https:\/\/www.ati.es\/wp-content\/uploads\/2024\/10\/uah-1024x311.png 1024w, https:\/\/www.ati.es\/wp-content\/uploads\/2024\/10\/uah-300x91.png 300w, https:\/\/www.ati.es\/wp-content\/uploads\/2024\/10\/uah-768x234.png 768w, https:\/\/www.ati.es\/wp-content\/uploads\/2024\/10\/uah-1536x467.png 1536w, https:\/\/www.ati.es\/wp-content\/uploads\/2024\/10\/uah-2048x623.png 2048w, https:\/\/www.ati.es\/wp-content\/uploads\/2024\/10\/uah-18x5.png 18w\" sizes=\"(max-width: 233px) 100vw, 233px\" \/><\/a><\/figure>\n\n\n\n<p>ATI ofrece una cuota de 15\u20ac para los alumnos de la Universidad de Alcal\u00e1 que cursen el <em>M\u00e1ster Universitario en\u00a0Direcci\u00f3n de Proyectos Inform\u00e1ticos y\u00a0M\u00e1ster Universitario en\u00a0Desarrollo \u00c1gil de Software para la Web<\/em>.<\/p>\n<\/div>\n\n\n\n<div class=\"wp-container-5 wp-block-column\">\n<div class=\"wp-container-4 wp-block-columns\">\n<div class=\"wp-container-2 wp-block-column\"><div class=\"wp-block-image\">\n<figure class=\"alignleft size-full is-resized\"><a href=\"https:\/\/www.ati.es\/ca\/alumnos\/ceac\/\"><img loading=\"lazy\" src=\"https:\/\/www.ati.es\/wp-content\/uploads\/2022\/02\/CEAC-Logotipo-Pantalla-sin-claim.png\" alt=\"\" class=\"wp-image-4603\" width=\"87\" height=\"87\" srcset=\"https:\/\/www.ati.es\/wp-content\/uploads\/2022\/02\/CEAC-Logotipo-Pantalla-sin-claim.png 750w, https:\/\/www.ati.es\/wp-content\/uploads\/2022\/02\/CEAC-Logotipo-Pantalla-sin-claim-300x300.png 300w, https:\/\/www.ati.es\/wp-content\/uploads\/2022\/02\/CEAC-Logotipo-Pantalla-sin-claim-150x150.png 150w\" sizes=\"(max-width: 87px) 100vw, 87px\" \/><\/a><\/figure><\/div><\/div>\n\n\n\n<div class=\"wp-container-3 wp-block-column is-vertically-aligned-center\"><div class=\"wp-block-image\">\n<figure class=\"alignleft size-large is-resized\"><a href=\"https:\/\/www.ati.es\/ca\/alumnos\/deusto-formacion\/\"><img loading=\"lazy\" src=\"https:\/\/www.ati.es\/wp-content\/uploads\/2022\/02\/DFO-Logotipo-Pantalla-1024x299.png\" alt=\"\" class=\"wp-image-4604\" width=\"196\" height=\"57\" srcset=\"https:\/\/www.ati.es\/wp-content\/uploads\/2022\/02\/DFO-Logotipo-Pantalla-1024x299.png 1024w, https:\/\/www.ati.es\/wp-content\/uploads\/2022\/02\/DFO-Logotipo-Pantalla-300x88.png 300w, https:\/\/www.ati.es\/wp-content\/uploads\/2022\/02\/DFO-Logotipo-Pantalla-768x224.png 768w, https:\/\/www.ati.es\/wp-content\/uploads\/2022\/02\/DFO-Logotipo-Pantalla.png 1200w\" sizes=\"(max-width: 196px) 100vw, 196px\" \/><\/a><\/figure><\/div><\/div>\n<\/div>\n\n\n\n<p>ATI ofereix la subscripci\u00f3 gratu\u00efta durant un any per als alumnes dels cicles formatius i cursos de CEAC i Deusto Formaci\u00f3n.<\/p>\n<\/div>\n<\/div>\n\n\n\n<div style=\"height:100px\" aria-hidden=\"true\" class=\"wp-block-spacer\"><\/div>","protected":false},"excerpt":{"rendered":"<p>ATI ofrece una cuota de 15\u20ac para los alumnos de la Universidad de Alcal\u00e1 que cursen el M\u00e1ster Universitario en\u00a0Direcci\u00f3n de Proyectos Inform\u00e1ticos y\u00a0M\u00e1ster Universitario en\u00a0Desarrollo \u00c1gil de Software para la Web. ATI ofrece la suscripci\u00f3n gratuita durante un a\u00f1o para los alumnos de los ciclos formativos y cursos de CEAC y Deusto Formaci\u00f3n.<\/p>","protected":false},"author":16,"featured_media":0,"parent":0,"menu_order":0,"comment_status":"closed","ping_status":"closed","template":"","meta":[],"yoast_head":"<!-- This site is optimized with the Yoast SEO plugin v20.6 - https:\/\/yoast.com\/wordpress\/plugins\/seo\/ -->\n<title>Alumn@s - Asociaci\u00f3n de T\u00e9cnicos de Inform\u00e1tica<\/title>\n<meta name=\"robots\" content=\"index, follow, max-snippet:-1, max-image-preview:large, max-video-preview:-1\" \/>\n<link rel=\"canonical\" href=\"https:\/\/www.ati.es\/ca\/alumnos\/\" \/>\n<meta property=\"og:locale\" content=\"ca_ES\" \/>\n<meta property=\"og:type\" content=\"article\" \/>\n<meta property=\"og:title\" content=\"Alumn@s - Asociaci\u00f3n de T\u00e9cnicos de Inform\u00e1tica\" \/>\n<meta property=\"og:description\" content=\"ATI ofrece una cuota de 15\u20ac para los alumnos de la Universidad de Alcal\u00e1 que cursen el M\u00e1ster Universitario en\u00a0Direcci\u00f3n de Proyectos Inform\u00e1ticos y\u00a0M\u00e1ster Universitario en\u00a0Desarrollo \u00c1gil de Software para la Web. ATI ofrece la suscripci\u00f3n gratuita durante un a\u00f1o para los alumnos de los ciclos formativos y cursos de CEAC y Deusto Formaci\u00f3n.\" \/>\n<meta property=\"og:url\" content=\"https:\/\/www.ati.es\/ca\/alumnos\/\" \/>\n<meta property=\"og:site_name\" content=\"Asociaci\u00f3n de T\u00e9cnicos de Inform\u00e1tica\" \/>\n<meta property=\"article:modified_time\" content=\"2024-10-10T11:21:54+00:00\" \/>\n<meta property=\"og:image\" content=\"https:\/\/www.ati.es\/wp-content\/uploads\/2024\/10\/uah-1024x311.png\" \/>\n<meta name=\"twitter:card\" content=\"summary_large_image\" \/>\n<meta name=\"twitter:label1\" content=\"Temps estimat de lectura\" \/>\n\t<meta name=\"twitter:data1\" content=\"1 minut\" \/>\n<script type=\"application\/ld+json\" class=\"yoast-schema-graph\">{\"@context\":\"https:\/\/schema.org\",\"@graph\":[{\"@type\":\"WebPage\",\"@id\":\"https:\/\/www.ati.es\/alumnos\/\",\"url\":\"https:\/\/www.ati.es\/alumnos\/\",\"name\":\"Alumn@s - Asociaci\u00f3n de T\u00e9cnicos de Inform\u00e1tica\",\"isPartOf\":{\"@id\":\"https:\/\/www.ati.es\/#website\"},\"datePublished\":\"2020-10-22T12:40:55+00:00\",\"dateModified\":\"2024-10-10T11:21:54+00:00\",\"breadcrumb\":{\"@id\":\"https:\/\/www.ati.es\/alumnos\/#breadcrumb\"},\"inLanguage\":\"ca\",\"potentialAction\":[{\"@type\":\"ReadAction\",\"target\":[\"https:\/\/www.ati.es\/alumnos\/\"]}]},{\"@type\":\"BreadcrumbList\",\"@id\":\"https:\/\/www.ati.es\/alumnos\/#breadcrumb\",\"itemListElement\":[{\"@type\":\"ListItem\",\"position\":1,\"name\":\"Portada\",\"item\":\"https:\/\/www.ati.es\/\"},{\"@type\":\"ListItem\",\"position\":2,\"name\":\"Alumn@s\"}]},{\"@type\":\"WebSite\",\"@id\":\"https:\/\/www.ati.es\/#website\",\"url\":\"https:\/\/www.ati.es\/\",\"name\":\"Asociaci\u00f3n de T\u00e9cnicos de Inform\u00e1tica\",\"description\":\"\",\"publisher\":{\"@id\":\"https:\/\/www.ati.es\/#organization\"},\"potentialAction\":[{\"@type\":\"SearchAction\",\"target\":{\"@type\":\"EntryPoint\",\"urlTemplate\":\"https:\/\/www.ati.es\/?s={search_term_string}\"},\"query-input\":\"required name=search_term_string\"}],\"inLanguage\":\"ca\"},{\"@type\":\"Organization\",\"@id\":\"https:\/\/www.ati.es\/#organization\",\"name\":\"Asociaci\u00f3n de T\u00e9cnicos de Inform\u00e1tica\",\"url\":\"https:\/\/www.ati.es\/\",\"logo\":{\"@type\":\"ImageObject\",\"inLanguage\":\"ca\",\"@id\":\"https:\/\/www.ati.es\/#\/schema\/logo\/image\/\",\"url\":\"https:\/\/www.ati.es\/wp-content\/uploads\/2021\/07\/cropped-logoATIvectorized.png\",\"contentUrl\":\"https:\/\/www.ati.es\/wp-content\/uploads\/2021\/07\/cropped-logoATIvectorized.png\",\"width\":431,\"height\":231,\"caption\":\"Asociaci\u00f3n de T\u00e9cnicos de Inform\u00e1tica\"},\"image\":{\"@id\":\"https:\/\/www.ati.es\/#\/schema\/logo\/image\/\"}}]}<\/script>\n<!-- \/ Yoast SEO plugin. -->","yoast_head_json":{"title":"Alumn@s - Asociaci\u00f3n de T\u00e9cnicos de Inform\u00e1tica","robots":{"index":"index","follow":"follow","max-snippet":"max-snippet:-1","max-image-preview":"max-image-preview:large","max-video-preview":"max-video-preview:-1"},"canonical":"https:\/\/www.ati.es\/ca\/alumnos\/","og_locale":"ca_ES","og_type":"article","og_title":"Alumn@s - Asociaci\u00f3n de T\u00e9cnicos de Inform\u00e1tica","og_description":"ATI ofrece una cuota de 15\u20ac para los alumnos de la Universidad de Alcal\u00e1 que cursen el M\u00e1ster Universitario en\u00a0Direcci\u00f3n de Proyectos Inform\u00e1ticos y\u00a0M\u00e1ster Universitario en\u00a0Desarrollo \u00c1gil de Software para la Web. ATI ofrece la suscripci\u00f3n gratuita durante un a\u00f1o para los alumnos de los ciclos formativos y cursos de CEAC y Deusto Formaci\u00f3n.","og_url":"https:\/\/www.ati.es\/ca\/alumnos\/","og_site_name":"Asociaci\u00f3n de T\u00e9cnicos de Inform\u00e1tica","article_modified_time":"2024-10-10T11:21:54+00:00","og_image":[{"url":"https:\/\/www.ati.es\/wp-content\/uploads\/2024\/10\/uah-1024x311.png"}],"twitter_card":"summary_large_image","twitter_misc":{"Temps estimat de lectura":"1 minut"},"schema":{"@context":"https:\/\/schema.org","@graph":[{"@type":"WebPage","@id":"https:\/\/www.ati.es\/alumnos\/","url":"https:\/\/www.ati.es\/alumnos\/","name":"Alumn@s - Asociaci\u00f3n de T\u00e9cnicos de Inform\u00e1tica","isPartOf":{"@id":"https:\/\/www.ati.es\/#website"},"datePublished":"2020-10-22T12:40:55+00:00","dateModified":"2024-10-10T11:21:54+00:00","breadcrumb":{"@id":"https:\/\/www.ati.es\/alumnos\/#breadcrumb"},"inLanguage":"ca","potentialAction":[{"@type":"ReadAction","target":["https:\/\/www.ati.es\/alumnos\/"]}]},{"@type":"BreadcrumbList","@id":"https:\/\/www.ati.es\/alumnos\/#breadcrumb","itemListElement":[{"@type":"ListItem","position":1,"name":"Portada","item":"https:\/\/www.ati.es\/"},{"@type":"ListItem","position":2,"name":"Alumn@s"}]},{"@type":"WebSite","@id":"https:\/\/www.ati.es\/#website","url":"https:\/\/www.ati.es\/","name":"Associaci\u00f3 de T\u00e8cnics d'Inform\u00e0tica","description":"","publisher":{"@id":"https:\/\/www.ati.es\/#organization"},"potentialAction":[{"@type":"SearchAction","target":{"@type":"EntryPoint","urlTemplate":"https:\/\/www.ati.es\/?s={search_term_string}"},"query-input":"required name=search_term_string"}],"inLanguage":"ca"},{"@type":"Organization","@id":"https:\/\/www.ati.es\/#organization","name":"Associaci\u00f3 de T\u00e8cnics d'Inform\u00e0tica","url":"https:\/\/www.ati.es\/","logo":{"@type":"ImageObject","inLanguage":"ca","@id":"https:\/\/www.ati.es\/#\/schema\/logo\/image\/","url":"https:\/\/www.ati.es\/wp-content\/uploads\/2021\/07\/cropped-logoATIvectorized.png","contentUrl":"https:\/\/www.ati.es\/wp-content\/uploads\/2021\/07\/cropped-logoATIvectorized.png","width":431,"height":231,"caption":"Asociaci\u00f3n de T\u00e9cnicos de Inform\u00e1tica"},"image":{"@id":"https:\/\/www.ati.es\/#\/schema\/logo\/image\/"}}]}},"_links":{"self":[{"href":"https:\/\/www.ati.es\/ca\/wp-json\/wp\/v2\/pages\/2584"}],"collection":[{"href":"https:\/\/www.ati.es\/ca\/wp-json\/wp\/v2\/pages"}],"about":[{"href":"https:\/\/www.ati.es\/ca\/wp-json\/wp\/v2\/types\/page"}],"author":[{"embeddable":true,"href":"https:\/\/www.ati.es\/ca\/wp-json\/wp\/v2\/users\/16"}],"replies":[{"embeddable":true,"href":"https:\/\/www.ati.es\/ca\/wp-json\/wp\/v2\/comments?post=2584"}],"version-history":[{"count":113,"href":"https:\/\/www.ati.es\/ca\/wp-json\/wp\/v2\/pages\/2584\/revisions"}],"predecessor-version":[{"id":5627,"href":"https:\/\/www.ati.es\/ca\/wp-json\/wp\/v2\/pages\/2584\/revisions\/5627"}],"wp:attachment":[{"href":"https:\/\/www.ati.es\/ca\/wp-json\/wp\/v2\/media?parent=2584"}],"curies":[{"name":"wp","href":"https:\/\/api.w.org\/{rel}","templated":true}]}}