{"id":24,"date":"2016-06-19T11:41:32","date_gmt":"2016-06-19T11:41:32","guid":{"rendered":"http:\/\/www.ati.es\/?page_id=24"},"modified":"2023-06-21T15:16:29","modified_gmt":"2023-06-21T14:16:29","slug":"capitulo-catalunya","status":"publish","type":"page","link":"https:\/\/www.ati.es\/ca\/capitulo-catalunya\/","title":{"rendered":"Cap\u00edtol de Catalunya"},"content":{"rendered":"<p>El <strong>Cap\u00edtol de Catalunya<\/strong> agrupa els socis d'ATI vinculats administrativament a la seu central d'ATI a Barcelona. Actualment pertanyen a cinc comunitats aut\u00f2nomes: Catalunya, Balears, Euskadi, Navarra i La Rioja. S'espera que les quatre \u00faltimes poden constituir un cap\u00edtol propi quan el seu n\u00famero de socis ho permeti.<\/p>\n<p class=\"spip\"><strong>SEU ATI<\/strong><\/p>\n<ul>\n<li class=\"spip\">C\/ Camil Fabra 2, entresol 2a<br \/>08030 Barcelona<br \/>T. +34 93 412 52 35<br \/><a class=\"spip_out\" href=\"mailto:secregen@atinet.es\">secregen@atinet.es<\/a><\/li>\n<\/ul>\n<ul>\n<li class=\"spip\"><u>Horari<\/u><br \/>De dilluns a divendres: 09:00h - 13:00h i 14:00h - 18:00h.<\/li>\n<\/ul>\n\n\n<p><\/p>","protected":false},"excerpt":{"rendered":"<p>El Cap\u00edtulo de Catalunya agrupa los socios de ATI vinculados administrativamente a la sede central de ATI en Barcelona. Actualmente pertenecen a cinco comunidades aut\u00f3nomas: Catalunya, Balears, Euskadi, Navarra y La Rioja. Se espera que las cuatro \u00faltimas puedan constituir un cap\u00edtulo propio cuando su n\u00famero de socios lo permita. SEDE ATI C\/ Camil Fabra&#8230;<\/p>\n<p class=\"more-link-wrap\"><a href=\"https:\/\/www.ati.es\/ca\/capitulo-catalunya\/\" class=\"more-link\">Leer m\u00e1s<span class=\"screen-reader-text\"> &ldquo;Cap\u00edtulo Catalunya&rdquo;<\/span> \u00bb<\/a><\/p>","protected":false},"author":1,"featured_media":0,"parent":0,"menu_order":0,"comment_status":"closed","ping_status":"closed","template":"","meta":[],"yoast_head":"<!-- This site is optimized with the Yoast SEO plugin v20.6 - https:\/\/yoast.com\/wordpress\/plugins\/seo\/ -->\n<title>ATI cap\u00edtulo Catalu\u00f1a (sede) - Asociaci\u00f3n de T\u00e9cncios de Inform\u00e1tica<\/title>\n<meta name=\"description\" content=\"El Cap\u00edtulo de Catalunya agrupa los socios de ATI vinculados administrativamente a la sede central de ATI en Barcelona.\" \/>\n<meta name=\"robots\" content=\"index, follow, max-snippet:-1, max-image-preview:large, max-video-preview:-1\" \/>\n<link rel=\"canonical\" href=\"https:\/\/www.ati.es\/ca\/capitulo-catalunya\/\" \/>\n<meta property=\"og:locale\" content=\"ca_ES\" \/>\n<meta property=\"og:type\" content=\"article\" \/>\n<meta property=\"og:title\" content=\"ATI cap\u00edtulo Catalu\u00f1a (sede) - Asociaci\u00f3n de T\u00e9cncios de Inform\u00e1tica\" \/>\n<meta property=\"og:description\" content=\"El Cap\u00edtulo de Catalunya agrupa los socios de ATI vinculados administrativamente a la sede central de ATI en Barcelona.\" \/>\n<meta property=\"og:url\" content=\"https:\/\/www.ati.es\/ca\/capitulo-catalunya\/\" \/>\n<meta property=\"og:site_name\" content=\"Asociaci\u00f3n de T\u00e9cnicos de Inform\u00e1tica\" \/>\n<meta property=\"article:modified_time\" content=\"2023-06-21T14:16:29+00:00\" \/>\n<meta name=\"twitter:card\" content=\"summary_large_image\" \/>\n<meta name=\"twitter:label1\" content=\"Temps estimat de lectura\" \/>\n\t<meta name=\"twitter:data1\" content=\"1 minut\" \/>\n<script type=\"application\/ld+json\" class=\"yoast-schema-graph\">{\"@context\":\"https:\/\/schema.org\",\"@graph\":[{\"@type\":\"WebPage\",\"@id\":\"https:\/\/www.ati.es\/capitulo-catalunya\/\",\"url\":\"https:\/\/www.ati.es\/capitulo-catalunya\/\",\"name\":\"ATI cap\u00edtulo Catalu\u00f1a (sede) - Asociaci\u00f3n de T\u00e9cncios de Inform\u00e1tica\",\"isPartOf\":{\"@id\":\"https:\/\/www.ati.es\/#website\"},\"datePublished\":\"2016-06-19T11:41:32+00:00\",\"dateModified\":\"2023-06-21T14:16:29+00:00\",\"description\":\"El Cap\u00edtulo de Catalunya agrupa los socios de ATI vinculados administrativamente a la sede central de ATI en Barcelona.\",\"breadcrumb\":{\"@id\":\"https:\/\/www.ati.es\/capitulo-catalunya\/#breadcrumb\"},\"inLanguage\":\"ca\",\"potentialAction\":[{\"@type\":\"ReadAction\",\"target\":[\"https:\/\/www.ati.es\/capitulo-catalunya\/\"]}]},{\"@type\":\"BreadcrumbList\",\"@id\":\"https:\/\/www.ati.es\/capitulo-catalunya\/#breadcrumb\",\"itemListElement\":[{\"@type\":\"ListItem\",\"position\":1,\"name\":\"Portada\",\"item\":\"https:\/\/www.ati.es\/\"},{\"@type\":\"ListItem\",\"position\":2,\"name\":\"Cap\u00edtulo Catalunya\"}]},{\"@type\":\"WebSite\",\"@id\":\"https:\/\/www.ati.es\/#website\",\"url\":\"https:\/\/www.ati.es\/\",\"name\":\"Asociaci\u00f3n de T\u00e9cnicos de Inform\u00e1tica\",\"description\":\"\",\"publisher\":{\"@id\":\"https:\/\/www.ati.es\/#organization\"},\"potentialAction\":[{\"@type\":\"SearchAction\",\"target\":{\"@type\":\"EntryPoint\",\"urlTemplate\":\"https:\/\/www.ati.es\/?s={search_term_string}\"},\"query-input\":\"required name=search_term_string\"}],\"inLanguage\":\"ca\"},{\"@type\":\"Organization\",\"@id\":\"https:\/\/www.ati.es\/#organization\",\"name\":\"Asociaci\u00f3n de T\u00e9cnicos de Inform\u00e1tica\",\"url\":\"https:\/\/www.ati.es\/\",\"logo\":{\"@type\":\"ImageObject\",\"inLanguage\":\"ca\",\"@id\":\"https:\/\/www.ati.es\/#\/schema\/logo\/image\/\",\"url\":\"https:\/\/www.ati.es\/wp-content\/uploads\/2021\/07\/cropped-logoATIvectorized.png\",\"contentUrl\":\"https:\/\/www.ati.es\/wp-content\/uploads\/2021\/07\/cropped-logoATIvectorized.png\",\"width\":431,\"height\":231,\"caption\":\"Asociaci\u00f3n de T\u00e9cnicos de Inform\u00e1tica\"},\"image\":{\"@id\":\"https:\/\/www.ati.es\/#\/schema\/logo\/image\/\"}}]}<\/script>\n<!-- \/ Yoast SEO plugin. -->","yoast_head_json":{"title":"ATI cap\u00edtulo Catalu\u00f1a (sede) - Asociaci\u00f3n de T\u00e9cncios de Inform\u00e1tica","description":"El Cap\u00edtulo de Catalunya agrupa los socios de ATI vinculados administrativamente a la sede central de ATI en Barcelona.","robots":{"index":"index","follow":"follow","max-snippet":"max-snippet:-1","max-image-preview":"max-image-preview:large","max-video-preview":"max-video-preview:-1"},"canonical":"https:\/\/www.ati.es\/ca\/capitulo-catalunya\/","og_locale":"ca_ES","og_type":"article","og_title":"ATI cap\u00edtulo Catalu\u00f1a (sede) - Asociaci\u00f3n de T\u00e9cncios de Inform\u00e1tica","og_description":"El Cap\u00edtulo de Catalunya agrupa los socios de ATI vinculados administrativamente a la sede central de ATI en Barcelona.","og_url":"https:\/\/www.ati.es\/ca\/capitulo-catalunya\/","og_site_name":"Asociaci\u00f3n de T\u00e9cnicos de Inform\u00e1tica","article_modified_time":"2023-06-21T14:16:29+00:00","twitter_card":"summary_large_image","twitter_misc":{"Temps estimat de lectura":"1 minut"},"schema":{"@context":"https:\/\/schema.org","@graph":[{"@type":"WebPage","@id":"https:\/\/www.ati.es\/capitulo-catalunya\/","url":"https:\/\/www.ati.es\/capitulo-catalunya\/","name":"ATI cap\u00edtulo Catalu\u00f1a (sede) - Asociaci\u00f3n de T\u00e9cncios de Inform\u00e1tica","isPartOf":{"@id":"https:\/\/www.ati.es\/#website"},"datePublished":"2016-06-19T11:41:32+00:00","dateModified":"2023-06-21T14:16:29+00:00","description":"El Cap\u00edtulo de Catalunya agrupa los socios de ATI vinculados administrativamente a la sede central de ATI en Barcelona.","breadcrumb":{"@id":"https:\/\/www.ati.es\/capitulo-catalunya\/#breadcrumb"},"inLanguage":"ca","potentialAction":[{"@type":"ReadAction","target":["https:\/\/www.ati.es\/capitulo-catalunya\/"]}]},{"@type":"BreadcrumbList","@id":"https:\/\/www.ati.es\/capitulo-catalunya\/#breadcrumb","itemListElement":[{"@type":"ListItem","position":1,"name":"Portada","item":"https:\/\/www.ati.es\/"},{"@type":"ListItem","position":2,"name":"Cap\u00edtulo Catalunya"}]},{"@type":"WebSite","@id":"https:\/\/www.ati.es\/#website","url":"https:\/\/www.ati.es\/","name":"Associaci\u00f3 de T\u00e8cnics d'Inform\u00e0tica","description":"","publisher":{"@id":"https:\/\/www.ati.es\/#organization"},"potentialAction":[{"@type":"SearchAction","target":{"@type":"EntryPoint","urlTemplate":"https:\/\/www.ati.es\/?s={search_term_string}"},"query-input":"required name=search_term_string"}],"inLanguage":"ca"},{"@type":"Organization","@id":"https:\/\/www.ati.es\/#organization","name":"Associaci\u00f3 de T\u00e8cnics d'Inform\u00e0tica","url":"https:\/\/www.ati.es\/","logo":{"@type":"ImageObject","inLanguage":"ca","@id":"https:\/\/www.ati.es\/#\/schema\/logo\/image\/","url":"https:\/\/www.ati.es\/wp-content\/uploads\/2021\/07\/cropped-logoATIvectorized.png","contentUrl":"https:\/\/www.ati.es\/wp-content\/uploads\/2021\/07\/cropped-logoATIvectorized.png","width":431,"height":231,"caption":"Asociaci\u00f3n de T\u00e9cnicos de Inform\u00e1tica"},"image":{"@id":"https:\/\/www.ati.es\/#\/schema\/logo\/image\/"}}]}},"_links":{"self":[{"href":"https:\/\/www.ati.es\/ca\/wp-json\/wp\/v2\/pages\/24"}],"collection":[{"href":"https:\/\/www.ati.es\/ca\/wp-json\/wp\/v2\/pages"}],"about":[{"href":"https:\/\/www.ati.es\/ca\/wp-json\/wp\/v2\/types\/page"}],"author":[{"embeddable":true,"href":"https:\/\/www.ati.es\/ca\/wp-json\/wp\/v2\/users\/1"}],"replies":[{"embeddable":true,"href":"https:\/\/www.ati.es\/ca\/wp-json\/wp\/v2\/comments?post=24"}],"version-history":[{"count":36,"href":"https:\/\/www.ati.es\/ca\/wp-json\/wp\/v2\/pages\/24\/revisions"}],"predecessor-version":[{"id":3367,"href":"https:\/\/www.ati.es\/ca\/wp-json\/wp\/v2\/pages\/24\/revisions\/3367"}],"wp:attachment":[{"href":"https:\/\/www.ati.es\/ca\/wp-json\/wp\/v2\/media?parent=24"}],"curies":[{"name":"wp","href":"https:\/\/api.w.org\/{rel}","templated":true}]}}