{"id":2361,"date":"2020-03-11T11:34:15","date_gmt":"2020-03-11T10:34:15","guid":{"rendered":"https:\/\/www.ati.es\/?page_id=2361"},"modified":"2025-07-01T10:54:10","modified_gmt":"2025-07-01T09:54:10","slug":"contacto","status":"publish","type":"page","link":"https:\/\/www.ati.es\/ca\/contacto\/","title":{"rendered":"Contacte"},"content":{"rendered":"<div class=\"wp-container-3 wp-block-columns\">\n<div class=\"wp-container-1 wp-block-column\">\n<p><iframe src=\"https:\/\/www.google.com\/maps\/embed?pb=!1m18!1m12!1m3!1d2991.4285591777166!2d2.1848292153875213!3d41.42992177926026!2m3!1f0!2f0!3f0!3m2!1i1024!2i768!4f13.1!3m3!1m2!1s0x12a4bcd7775d6d25%3A0xe6da3a0f7639964c!2sCarrer%20de%20Camil%20Fabra%2C%202%2C%2008030%20Barcelona!5e0!3m2!1ses!2ses!4v1626164806982!5m2!1ses!2ses\" width=\"600\" height=\"450\" style=\"border:0;\" allowfullscreen=\"\" loading=\"lazy\"><\/iframe><\/p>\n<\/div>\n\n\n\n<div class=\"wp-container-2 wp-block-column\">\n<p><strong>Asociaci\u00f3n de T\u00e9cnicos de Inform\u00e1tica (ATI)<\/strong><br>C\/ Camil Fabra 2, entresol 2a<br>08030 Barcelona<br>Tel. +34 93 412 52 35<br><a href=\"mailto:secregen@atinet.es\" target=\"_blank\" rel=\"noreferrer noopener\">secregen@atinet.es<\/a><\/p>\n\n\n\n<p>HORARIO INTENSIVO DE 9:00 A 15:00 DEL 1 DE JULIO AL 29 DE AGOSTO.<\/p>\n<\/div>\n<\/div>\n\n\n\n<p><\/p>","protected":false},"excerpt":{"rendered":"<p>Asociaci\u00f3n de T\u00e9cnicos de Inform\u00e1tica (ATI)C\/ Camil Fabra 2, entresuelo 2\u00aa08030 BarcelonaTel. +34 93 412 52 35secregen@atinet.es HORARIO INTENSIVO DE 9:00 A 15:00 DEL 1 DE JULIO AL 29 DE AGOSTO.<\/p>","protected":false},"author":16,"featured_media":0,"parent":0,"menu_order":0,"comment_status":"closed","ping_status":"closed","template":"","meta":[],"yoast_head":"<!-- This site is optimized with the Yoast SEO plugin v20.6 - https:\/\/yoast.com\/wordpress\/plugins\/seo\/ -->\n<title>Contacto - Asociaci\u00f3n de T\u00e9cnicos de Inform\u00e1tica<\/title>\n<meta name=\"robots\" content=\"index, follow, max-snippet:-1, max-image-preview:large, max-video-preview:-1\" \/>\n<link rel=\"canonical\" href=\"https:\/\/www.ati.es\/ca\/contacto\/\" \/>\n<meta property=\"og:locale\" content=\"ca_ES\" \/>\n<meta property=\"og:type\" content=\"article\" \/>\n<meta property=\"og:title\" content=\"Contacto - Asociaci\u00f3n de T\u00e9cnicos de Inform\u00e1tica\" \/>\n<meta property=\"og:description\" content=\"Asociaci\u00f3n de T\u00e9cnicos de Inform\u00e1tica (ATI)C\/ Camil Fabra 2, entresuelo 2\u00aa08030 BarcelonaTel. +34 93 412 52 35secregen@atinet.es HORARIO INTENSIVO DE 9:00 A 15:00 DEL 1 DE JULIO AL 29 DE AGOSTO.\" \/>\n<meta property=\"og:url\" content=\"https:\/\/www.ati.es\/ca\/contacto\/\" \/>\n<meta property=\"og:site_name\" content=\"Asociaci\u00f3n de T\u00e9cnicos de Inform\u00e1tica\" \/>\n<meta property=\"article:modified_time\" content=\"2025-07-01T09:54:10+00:00\" \/>\n<meta name=\"twitter:card\" content=\"summary_large_image\" \/>\n<meta name=\"twitter:label1\" content=\"Temps estimat de lectura\" \/>\n\t<meta name=\"twitter:data1\" content=\"1 minut\" \/>\n<script type=\"application\/ld+json\" class=\"yoast-schema-graph\">{\"@context\":\"https:\/\/schema.org\",\"@graph\":[{\"@type\":\"WebPage\",\"@id\":\"https:\/\/www.ati.es\/contacto\/\",\"url\":\"https:\/\/www.ati.es\/contacto\/\",\"name\":\"Contacto - Asociaci\u00f3n de T\u00e9cnicos de Inform\u00e1tica\",\"isPartOf\":{\"@id\":\"https:\/\/www.ati.es\/#website\"},\"datePublished\":\"2020-03-11T10:34:15+00:00\",\"dateModified\":\"2025-07-01T09:54:10+00:00\",\"breadcrumb\":{\"@id\":\"https:\/\/www.ati.es\/contacto\/#breadcrumb\"},\"inLanguage\":\"ca\",\"potentialAction\":[{\"@type\":\"ReadAction\",\"target\":[\"https:\/\/www.ati.es\/contacto\/\"]}]},{\"@type\":\"BreadcrumbList\",\"@id\":\"https:\/\/www.ati.es\/contacto\/#breadcrumb\",\"itemListElement\":[{\"@type\":\"ListItem\",\"position\":1,\"name\":\"Portada\",\"item\":\"https:\/\/www.ati.es\/\"},{\"@type\":\"ListItem\",\"position\":2,\"name\":\"Contacto\"}]},{\"@type\":\"WebSite\",\"@id\":\"https:\/\/www.ati.es\/#website\",\"url\":\"https:\/\/www.ati.es\/\",\"name\":\"Asociaci\u00f3n de T\u00e9cnicos de Inform\u00e1tica\",\"description\":\"\",\"publisher\":{\"@id\":\"https:\/\/www.ati.es\/#organization\"},\"potentialAction\":[{\"@type\":\"SearchAction\",\"target\":{\"@type\":\"EntryPoint\",\"urlTemplate\":\"https:\/\/www.ati.es\/?s={search_term_string}\"},\"query-input\":\"required name=search_term_string\"}],\"inLanguage\":\"ca\"},{\"@type\":\"Organization\",\"@id\":\"https:\/\/www.ati.es\/#organization\",\"name\":\"Asociaci\u00f3n de T\u00e9cnicos de Inform\u00e1tica\",\"url\":\"https:\/\/www.ati.es\/\",\"logo\":{\"@type\":\"ImageObject\",\"inLanguage\":\"ca\",\"@id\":\"https:\/\/www.ati.es\/#\/schema\/logo\/image\/\",\"url\":\"https:\/\/www.ati.es\/wp-content\/uploads\/2021\/07\/cropped-logoATIvectorized.png\",\"contentUrl\":\"https:\/\/www.ati.es\/wp-content\/uploads\/2021\/07\/cropped-logoATIvectorized.png\",\"width\":431,\"height\":231,\"caption\":\"Asociaci\u00f3n de T\u00e9cnicos de Inform\u00e1tica\"},\"image\":{\"@id\":\"https:\/\/www.ati.es\/#\/schema\/logo\/image\/\"}}]}<\/script>\n<!-- \/ Yoast SEO plugin. -->","yoast_head_json":{"title":"Contacto - Asociaci\u00f3n de T\u00e9cnicos de Inform\u00e1tica","robots":{"index":"index","follow":"follow","max-snippet":"max-snippet:-1","max-image-preview":"max-image-preview:large","max-video-preview":"max-video-preview:-1"},"canonical":"https:\/\/www.ati.es\/ca\/contacto\/","og_locale":"ca_ES","og_type":"article","og_title":"Contacto - Asociaci\u00f3n de T\u00e9cnicos de Inform\u00e1tica","og_description":"Asociaci\u00f3n de T\u00e9cnicos de Inform\u00e1tica (ATI)C\/ Camil Fabra 2, entresuelo 2\u00aa08030 BarcelonaTel. +34 93 412 52 35secregen@atinet.es HORARIO INTENSIVO DE 9:00 A 15:00 DEL 1 DE JULIO AL 29 DE AGOSTO.","og_url":"https:\/\/www.ati.es\/ca\/contacto\/","og_site_name":"Asociaci\u00f3n de T\u00e9cnicos de Inform\u00e1tica","article_modified_time":"2025-07-01T09:54:10+00:00","twitter_card":"summary_large_image","twitter_misc":{"Temps estimat de lectura":"1 minut"},"schema":{"@context":"https:\/\/schema.org","@graph":[{"@type":"WebPage","@id":"https:\/\/www.ati.es\/contacto\/","url":"https:\/\/www.ati.es\/contacto\/","name":"Contacto - Asociaci\u00f3n de T\u00e9cnicos de Inform\u00e1tica","isPartOf":{"@id":"https:\/\/www.ati.es\/#website"},"datePublished":"2020-03-11T10:34:15+00:00","dateModified":"2025-07-01T09:54:10+00:00","breadcrumb":{"@id":"https:\/\/www.ati.es\/contacto\/#breadcrumb"},"inLanguage":"ca","potentialAction":[{"@type":"ReadAction","target":["https:\/\/www.ati.es\/contacto\/"]}]},{"@type":"BreadcrumbList","@id":"https:\/\/www.ati.es\/contacto\/#breadcrumb","itemListElement":[{"@type":"ListItem","position":1,"name":"Portada","item":"https:\/\/www.ati.es\/"},{"@type":"ListItem","position":2,"name":"Contacto"}]},{"@type":"WebSite","@id":"https:\/\/www.ati.es\/#website","url":"https:\/\/www.ati.es\/","name":"Associaci\u00f3 de T\u00e8cnics d'Inform\u00e0tica","description":"","publisher":{"@id":"https:\/\/www.ati.es\/#organization"},"potentialAction":[{"@type":"SearchAction","target":{"@type":"EntryPoint","urlTemplate":"https:\/\/www.ati.es\/?s={search_term_string}"},"query-input":"required name=search_term_string"}],"inLanguage":"ca"},{"@type":"Organization","@id":"https:\/\/www.ati.es\/#organization","name":"Associaci\u00f3 de T\u00e8cnics d'Inform\u00e0tica","url":"https:\/\/www.ati.es\/","logo":{"@type":"ImageObject","inLanguage":"ca","@id":"https:\/\/www.ati.es\/#\/schema\/logo\/image\/","url":"https:\/\/www.ati.es\/wp-content\/uploads\/2021\/07\/cropped-logoATIvectorized.png","contentUrl":"https:\/\/www.ati.es\/wp-content\/uploads\/2021\/07\/cropped-logoATIvectorized.png","width":431,"height":231,"caption":"Asociaci\u00f3n de T\u00e9cnicos de Inform\u00e1tica"},"image":{"@id":"https:\/\/www.ati.es\/#\/schema\/logo\/image\/"}}]}},"_links":{"self":[{"href":"https:\/\/www.ati.es\/ca\/wp-json\/wp\/v2\/pages\/2361"}],"collection":[{"href":"https:\/\/www.ati.es\/ca\/wp-json\/wp\/v2\/pages"}],"about":[{"href":"https:\/\/www.ati.es\/ca\/wp-json\/wp\/v2\/types\/page"}],"author":[{"embeddable":true,"href":"https:\/\/www.ati.es\/ca\/wp-json\/wp\/v2\/users\/16"}],"replies":[{"embeddable":true,"href":"https:\/\/www.ati.es\/ca\/wp-json\/wp\/v2\/comments?post=2361"}],"version-history":[{"count":28,"href":"https:\/\/www.ati.es\/ca\/wp-json\/wp\/v2\/pages\/2361\/revisions"}],"predecessor-version":[{"id":5778,"href":"https:\/\/www.ati.es\/ca\/wp-json\/wp\/v2\/pages\/2361\/revisions\/5778"}],"wp:attachment":[{"href":"https:\/\/www.ati.es\/ca\/wp-json\/wp\/v2\/media?parent=2361"}],"curies":[{"name":"wp","href":"https:\/\/api.w.org\/{rel}","templated":true}]}}