{"id":2,"date":"2016-05-09T19:12:52","date_gmt":"2016-05-09T19:12:52","guid":{"rendered":"http:\/\/www.ati.es\/?page_id=2"},"modified":"2026-02-18T13:05:25","modified_gmt":"2026-02-18T12:05:25","slug":"que_es_ati","status":"publish","type":"page","link":"https:\/\/www.ati.es\/ca\/que_es_ati\/","title":{"rendered":"\u00bfQu\u00e9 es ATI?"},"content":{"rendered":"<p class=\"spip\">L' <strong>Associaci\u00f3 de T\u00e8cnics d'Inform\u00e0tica<\/strong> (<strong>ATI<\/strong>) inscrita en el Registro Nacional de Asociaciones, Grupo 1, Secci\u00f3n 1 y N\u00famero Nacional 31434, \u00e9s una associaci\u00f3 sense \u00e0nim de lucre fundada el 1967, oberta a tots els que, en qualsevol nivell professional i sector productiu, desenvolupin su activitat com a professionals en l'\u00e0mbit de les Tecnologies de la Informaci\u00f3 i la Comunicaci\u00f3 (TIC).<\/p>\n\n\n\n<p>T\u00e9 com a objectiu la defensa, promoci\u00f3 i desenvolupament de l'activitat dels que exerceixen com a t\u00e8cnics i professionals en el camp de les tecnologies de la informaci\u00f3, facilitant als seus socis l'intercanvi d'experi\u00e8ncies, la formaci\u00f3 i la informaci\u00f3 sobre aquestes tecnologies, a la vegada que contribueix a la promoci\u00f3 i al desenvolupament de les mateixes, estudiant el seu impacte en la Societat i els ciutadans, i potenciant les relacions amb el seu entorn social i econ\u00f2mic, col\u00b7laborant amb altres entitats professionals inform\u00e0tiques, implantades tant al nostre pa\u00eds com fora d'ell.<\/p>\n\n\n\n<p>ATI es la principal y m\u00e1s veterana asociaci\u00f3n de profesionales de la inform\u00e1tica en Espa\u00f1a, constituy\u00e9ndose como una comunidad abierta, conectada con las principales entidades internacionales como\u00a0<strong><a href=\"http:\/\/www.cepis.org\/\">CEPIS<\/a>\u00a0<\/strong>(Council for European Professional Informatic Societies),\u00a0<strong><a href=\"http:\/\/womenandtechnology.eu\/\">ECWT<\/a>\u00a0<\/strong>(European Center for Women and Technology), Pacto por la Generaci\u00f3n D (Subdirecci\u00f3n General de Talento y Emprendimiento Digital) y otras. Es una asociaci\u00f3n con vocaci\u00f3n de influir en el desarrollo profesional de los profesionales de inform\u00e1tica de nuestro pa\u00eds.<\/p>\n\n\n\n<hr class=\"wp-block-separator has-css-opacity\"\/>\n\n\n\n<h3>Objectius<\/h3>\n\n\n\n<p>Els objectius b\u00e0sics de l'associaci\u00f3 s\u00f3n:<\/p>\n\n\n\n<ul><li>Defensar, promoure i millorar el desenvolupament de l'activitat dels que exerceixen com a t\u00e8cnics i professionals en el camp de les tecnologies de la informaci\u00f3.<\/li><li>Facilitar als seus socis, l'intercanvi d'experi\u00e8ncies, la formaci\u00f3 i la informaci\u00f3 sobre aquestes tecnologies.<\/li><li>Contribu\u00efr a la promoci\u00f3 i desenvolupament de les tecnologies de la informaci\u00f3.<\/li><li>Mantenir relacions amb l'entorn social i econ\u00f2mic en que l'Associaci\u00f3 es mou.<\/li><li>Fomentar la difussi\u00f3 de les tecnologies de la Informaci\u00f3 i estudiar el seu impacte sobre la societat i sobre els ciutadans.<\/li><li>Col\u00b7laborar amb altres entitats professionals inform\u00e0tiques, implantades tant al nostre pa\u00eds com fora d'ell, especialment a Europa i Am\u00e8rica llatina.<\/li><\/ul>\n\n\n\n<hr class=\"wp-block-separator has-css-opacity\"\/>\n\n\n\n<h3 class=\"spip\">Organitzaci\u00f3<\/h3>\n\n\n\n<p>L' <strong>Assamblea General de Socis<\/strong> i la <strong>Junta Directiva General<\/strong> s\u00f3n els \u00f2rgans m\u00e0xims per al conjunt de l'associaci\u00f3.<\/p>\n\n\n\n<p class=\"spip\">Els <a href=\"http:\/\/www.ati.es\/ca\/capitulos-territoriales\/\"><strong>Cap\u00edtols Territorials<\/strong><\/a> amb els seus <strong>Assamblees Territorials<\/strong> i les seves <strong>Juntes Directives Territorials&nbsp;<\/strong>estructuren l'associaci\u00f3 a les Comunitats Aut\u00f2nomes mitjan\u00e7ant una organitzaci\u00f3 de tipus federal.<\/p>\n\n\n\n<p class=\"spip\">Les <strong>Seccions T\u00e8cniques, Grups de Treball i Grups d'Inter\u00e8s<\/strong> faciliten la participaci\u00f3 dels socis a les activitats de l'Associaci\u00f3.<\/p>\n\n\n\n<hr class=\"wp-block-separator has-css-opacity\"\/>\n\n\n\n<h3 class=\"spip\">Grups de Treball i Inter\u00e8s<\/h3>\n\n\n\n<p class=\"spip\">Els <strong class=\"spip\">Grups de Treball i d'Inter\u00e8s<\/strong> estan formats per un conjunt de socis, que els creen per al desenvolupament de temes cient\u00edfics, t\u00e8cnics, professionals o l\u00fadics en el seno de l'Associaci\u00f3. S'exclou l'\u00e0nim de lucre dels seus integrants. Aquests grups han estat tradicionalment el instrument de participaci\u00f3 dels socis en la vida de la mateixa.<\/p>\n\n\n\n<p class=\"spip\">Els grups de treball i d'inter\u00e8s estan oberts a tots els socis que se sentin atrets per algun dels seus <strong class=\"spip\">Temes d'Actuaci\u00f3<\/strong>, \u00e9s per aix\u00f2 que animem a participar activament en els que ja estan creats o proposar altres de nous.<\/p>\n\n\n\n<p class=\"spip\">La forma de participar \u00e9s senzilla, nom\u00e9s s'ha de manifestar el desig a la Secretaria del Cap\u00edtol Territorial corresponent.<\/p>\n\n\n\n<p class=\"spip\">Per crear un nou grup \u00e9s necessari comunicar-ho per escrit a la Secretaria del Cap\u00edtol Territorial corresponent, qui ho traspassar\u00e0 a la Junta Directiva per al seu estudi i aprovaci\u00f3 si escau. Si el seu objectiu no figur\u00e9s entre els Temes d'actuaci\u00f3 d'ATI, haur\u00e0 de tenir l'aprovaci\u00f3 de la Junta Directiva General.<\/p>\n\n\n\n<p class=\"spip\">Les Seccions T\u00e8cniques esculleixen al seu Coordinador, en canvi, per als Grups de Treball, per abordar una tem\u00e0tica que pot afectar al posicionament o a la imatge d'ATI, \u00e9s la Junta Directiva que els crea qui nombra el seu Coordinador.<\/p>","protected":false},"excerpt":{"rendered":"<p>La Asociaci\u00f3n de T\u00e9cnicos de Inform\u00e1tica (ATI) inscrita en el Registro Nacional de Asociaciones, Grupo 1, Secci\u00f3n 1 y N\u00famero Nacional 31434, es una asociaci\u00f3n sin \u00e1nimo de lucro fundada en 1967, abierta a todos los que, en cualquier nivel profesional y sector productivo, desarrollan su actividad como profesionales en el \u00e1mbito de las Tecnolog\u00edas&#8230;<\/p>\n<p class=\"more-link-wrap\"><a href=\"https:\/\/www.ati.es\/ca\/que_es_ati\/\" class=\"more-link\">Leer m\u00e1s<span class=\"screen-reader-text\"> &ldquo;\u00bfQu\u00e9 es ATI?&rdquo;<\/span> \u00bb<\/a><\/p>","protected":false},"author":1,"featured_media":0,"parent":0,"menu_order":0,"comment_status":"closed","ping_status":"open","template":"","meta":[],"yoast_head":"<!-- This site is optimized with the Yoast SEO plugin v20.6 - https:\/\/yoast.com\/wordpress\/plugins\/seo\/ -->\n<title>Que es ATI?<\/title>\n<meta name=\"description\" content=\"Somos un punto de encuentro, un conector entre todos los profesionales del sector TIC, para mejorar su trayectoria laboral. Y lo hacemos a trav\u00e9s de encuentros de networking, de grupos de trabajo, de publicaciones, de cursos, talleres, seminarios\u2026\" \/>\n<meta name=\"robots\" content=\"index, follow, max-snippet:-1, max-image-preview:large, max-video-preview:-1\" \/>\n<link rel=\"canonical\" href=\"https:\/\/www.ati.es\/ca\/que_es_ati\/\" \/>\n<meta property=\"og:locale\" content=\"ca_ES\" \/>\n<meta property=\"og:type\" content=\"article\" \/>\n<meta property=\"og:title\" content=\"Que es ATI?\" \/>\n<meta property=\"og:description\" content=\"Somos un punto de encuentro, un conector entre todos los profesionales del sector TIC, para mejorar su trayectoria laboral. Y lo hacemos a trav\u00e9s de encuentros de networking, de grupos de trabajo, de publicaciones, de cursos, talleres, seminarios\u2026\" \/>\n<meta property=\"og:url\" content=\"https:\/\/www.ati.es\/ca\/que_es_ati\/\" \/>\n<meta property=\"og:site_name\" content=\"Asociaci\u00f3n de T\u00e9cnicos de Inform\u00e1tica\" \/>\n<meta property=\"article:modified_time\" content=\"2026-02-18T12:05:25+00:00\" \/>\n<meta name=\"twitter:card\" content=\"summary_large_image\" \/>\n<meta name=\"twitter:label1\" content=\"Temps estimat de lectura\" \/>\n\t<meta name=\"twitter:data1\" content=\"3 minuts\" \/>\n<script type=\"application\/ld+json\" class=\"yoast-schema-graph\">{\"@context\":\"https:\/\/schema.org\",\"@graph\":[{\"@type\":\"WebPage\",\"@id\":\"https:\/\/www.ati.es\/que_es_ati\/\",\"url\":\"https:\/\/www.ati.es\/que_es_ati\/\",\"name\":\"Que es ATI?\",\"isPartOf\":{\"@id\":\"https:\/\/www.ati.es\/#website\"},\"datePublished\":\"2016-05-09T19:12:52+00:00\",\"dateModified\":\"2026-02-18T12:05:25+00:00\",\"description\":\"Somos un punto de encuentro, un conector entre todos los profesionales del sector TIC, para mejorar su trayectoria laboral. Y lo hacemos a trav\u00e9s de encuentros de networking, de grupos de trabajo, de publicaciones, de cursos, talleres, seminarios\u2026\",\"breadcrumb\":{\"@id\":\"https:\/\/www.ati.es\/que_es_ati\/#breadcrumb\"},\"inLanguage\":\"ca\",\"potentialAction\":[{\"@type\":\"ReadAction\",\"target\":[\"https:\/\/www.ati.es\/que_es_ati\/\"]}]},{\"@type\":\"BreadcrumbList\",\"@id\":\"https:\/\/www.ati.es\/que_es_ati\/#breadcrumb\",\"itemListElement\":[{\"@type\":\"ListItem\",\"position\":1,\"name\":\"Portada\",\"item\":\"https:\/\/www.ati.es\/\"},{\"@type\":\"ListItem\",\"position\":2,\"name\":\"\u00bfQu\u00e9 es ATI?\"}]},{\"@type\":\"WebSite\",\"@id\":\"https:\/\/www.ati.es\/#website\",\"url\":\"https:\/\/www.ati.es\/\",\"name\":\"Asociaci\u00f3n de T\u00e9cnicos de Inform\u00e1tica\",\"description\":\"\",\"publisher\":{\"@id\":\"https:\/\/www.ati.es\/#organization\"},\"potentialAction\":[{\"@type\":\"SearchAction\",\"target\":{\"@type\":\"EntryPoint\",\"urlTemplate\":\"https:\/\/www.ati.es\/?s={search_term_string}\"},\"query-input\":\"required name=search_term_string\"}],\"inLanguage\":\"ca\"},{\"@type\":\"Organization\",\"@id\":\"https:\/\/www.ati.es\/#organization\",\"name\":\"Asociaci\u00f3n de T\u00e9cnicos de Inform\u00e1tica\",\"url\":\"https:\/\/www.ati.es\/\",\"logo\":{\"@type\":\"ImageObject\",\"inLanguage\":\"ca\",\"@id\":\"https:\/\/www.ati.es\/#\/schema\/logo\/image\/\",\"url\":\"https:\/\/www.ati.es\/wp-content\/uploads\/2021\/07\/cropped-logoATIvectorized.png\",\"contentUrl\":\"https:\/\/www.ati.es\/wp-content\/uploads\/2021\/07\/cropped-logoATIvectorized.png\",\"width\":431,\"height\":231,\"caption\":\"Asociaci\u00f3n de T\u00e9cnicos de Inform\u00e1tica\"},\"image\":{\"@id\":\"https:\/\/www.ati.es\/#\/schema\/logo\/image\/\"}}]}<\/script>\n<!-- \/ Yoast SEO plugin. -->","yoast_head_json":{"title":"Que es ATI?","description":"Somos un punto de encuentro, un conector entre todos los profesionales del sector TIC, para mejorar su trayectoria laboral. Y lo hacemos a trav\u00e9s de encuentros de networking, de grupos de trabajo, de publicaciones, de cursos, talleres, seminarios\u2026","robots":{"index":"index","follow":"follow","max-snippet":"max-snippet:-1","max-image-preview":"max-image-preview:large","max-video-preview":"max-video-preview:-1"},"canonical":"https:\/\/www.ati.es\/ca\/que_es_ati\/","og_locale":"ca_ES","og_type":"article","og_title":"Que es ATI?","og_description":"Somos un punto de encuentro, un conector entre todos los profesionales del sector TIC, para mejorar su trayectoria laboral. Y lo hacemos a trav\u00e9s de encuentros de networking, de grupos de trabajo, de publicaciones, de cursos, talleres, seminarios\u2026","og_url":"https:\/\/www.ati.es\/ca\/que_es_ati\/","og_site_name":"Asociaci\u00f3n de T\u00e9cnicos de Inform\u00e1tica","article_modified_time":"2026-02-18T12:05:25+00:00","twitter_card":"summary_large_image","twitter_misc":{"Temps estimat de lectura":"3 minuts"},"schema":{"@context":"https:\/\/schema.org","@graph":[{"@type":"WebPage","@id":"https:\/\/www.ati.es\/que_es_ati\/","url":"https:\/\/www.ati.es\/que_es_ati\/","name":"Que es ATI?","isPartOf":{"@id":"https:\/\/www.ati.es\/#website"},"datePublished":"2016-05-09T19:12:52+00:00","dateModified":"2026-02-18T12:05:25+00:00","description":"Somos un punto de encuentro, un conector entre todos los profesionales del sector TIC, para mejorar su trayectoria laboral. Y lo hacemos a trav\u00e9s de encuentros de networking, de grupos de trabajo, de publicaciones, de cursos, talleres, seminarios\u2026","breadcrumb":{"@id":"https:\/\/www.ati.es\/que_es_ati\/#breadcrumb"},"inLanguage":"ca","potentialAction":[{"@type":"ReadAction","target":["https:\/\/www.ati.es\/que_es_ati\/"]}]},{"@type":"BreadcrumbList","@id":"https:\/\/www.ati.es\/que_es_ati\/#breadcrumb","itemListElement":[{"@type":"ListItem","position":1,"name":"Portada","item":"https:\/\/www.ati.es\/"},{"@type":"ListItem","position":2,"name":"\u00bfQu\u00e9 es ATI?"}]},{"@type":"WebSite","@id":"https:\/\/www.ati.es\/#website","url":"https:\/\/www.ati.es\/","name":"Associaci\u00f3 de T\u00e8cnics d'Inform\u00e0tica","description":"","publisher":{"@id":"https:\/\/www.ati.es\/#organization"},"potentialAction":[{"@type":"SearchAction","target":{"@type":"EntryPoint","urlTemplate":"https:\/\/www.ati.es\/?s={search_term_string}"},"query-input":"required name=search_term_string"}],"inLanguage":"ca"},{"@type":"Organization","@id":"https:\/\/www.ati.es\/#organization","name":"Associaci\u00f3 de T\u00e8cnics d'Inform\u00e0tica","url":"https:\/\/www.ati.es\/","logo":{"@type":"ImageObject","inLanguage":"ca","@id":"https:\/\/www.ati.es\/#\/schema\/logo\/image\/","url":"https:\/\/www.ati.es\/wp-content\/uploads\/2021\/07\/cropped-logoATIvectorized.png","contentUrl":"https:\/\/www.ati.es\/wp-content\/uploads\/2021\/07\/cropped-logoATIvectorized.png","width":431,"height":231,"caption":"Asociaci\u00f3n de T\u00e9cnicos de Inform\u00e1tica"},"image":{"@id":"https:\/\/www.ati.es\/#\/schema\/logo\/image\/"}}]}},"_links":{"self":[{"href":"https:\/\/www.ati.es\/ca\/wp-json\/wp\/v2\/pages\/2"}],"collection":[{"href":"https:\/\/www.ati.es\/ca\/wp-json\/wp\/v2\/pages"}],"about":[{"href":"https:\/\/www.ati.es\/ca\/wp-json\/wp\/v2\/types\/page"}],"author":[{"embeddable":true,"href":"https:\/\/www.ati.es\/ca\/wp-json\/wp\/v2\/users\/1"}],"replies":[{"embeddable":true,"href":"https:\/\/www.ati.es\/ca\/wp-json\/wp\/v2\/comments?post=2"}],"version-history":[{"count":35,"href":"https:\/\/www.ati.es\/ca\/wp-json\/wp\/v2\/pages\/2\/revisions"}],"predecessor-version":[{"id":5819,"href":"https:\/\/www.ati.es\/ca\/wp-json\/wp\/v2\/pages\/2\/revisions\/5819"}],"wp:attachment":[{"href":"https:\/\/www.ati.es\/ca\/wp-json\/wp\/v2\/media?parent=2"}],"curies":[{"name":"wp","href":"https:\/\/api.w.org\/{rel}","templated":true}]}}