{"id":183,"date":"2016-10-31T21:44:32","date_gmt":"2016-10-31T20:44:32","guid":{"rendered":"http:\/\/www.ati.es\/?page_id=183"},"modified":"2021-03-05T11:35:15","modified_gmt":"2021-03-05T10:35:15","slug":"eventos_ati","status":"publish","type":"page","link":"https:\/\/www.ati.es\/ca\/eventos_ati\/","title":{"rendered":"Eventos \/ Noticias"},"content":{"rendered":"<div class=\"wpnawfree-plugin news-clearfix\" id=\"wpnw-news-1\">\r\n\r\n\t\t\r\n\t\t\t<div id=\"post-4550\" class=\"news type-news wpnaw-blog-class has-date news-col-list wpnaw-first\">\r\n\t\t\t\t<div class=\"news-inner-wrap-view news-clearfix wpnaw-news-no-image\">\r\n\r\n\t\t\t\t\t\r\n\t\t\t\t\t<div class=\"news-content\">\r\n\t\t\t\t\t\t\t\t\t\t\t\t\t<div class=\"grid-date-post\">\r\n\t\t\t\t\t\t\t\t10 gener, 2022 \/ <a href=\"https:\/\/www.ati.es\/ca\/news-category\/evento\/\">Evento<\/a>\t\t\t\t\t\t\t<\/div>\r\n\t\t\t\t\t\t\r\n\t\t\t\t\t\t<div class=\"post-content-text\">\r\n\t\t\t\t\t\t\t<h3 class=\"news-title\"><a href=\"https:\/\/www.ati.es\/ca\/news\/24-01-2022-talent-per-a-lempresa-la-dual-internacional-en-el-el-sistema-dfp-a-catalunya\/\" rel=\"bookmark\">24\/01\/2022 Talent per a l&#8217;empresa: la dual internacional en el el sistema d&#8217;FP a Catalunya<\/a><\/h3>\t\t\t\t\t\t\t\t<div class=\"news-content-excerpt\">\r\n\t\t\t\t\t\t\t\t\t\t\t\t\t\t\t\t\t\t\t<div class=\"news-short-content\">\r\n\t\t\t\t\t\t\t\t\t\t\tConnecta't a aquest seminari en l\u00ednia per con\u00e8ixer el programa d'FP Dual Internacional. Descobrir\u00e0s els seus...\t\t\t\t\t\t\t\t\t\t<\/div>\r\n\t\t\t\t\t\t\t\t\t\t<a href=\"https:\/\/www.ati.es\/ca\/news\/24-01-2022-talent-per-a-lempresa-la-dual-internacional-en-el-el-sistema-dfp-a-catalunya\/\" class=\"news-more-link\">Read More<\/a>\r\n\t\t\t\t\t\t\t\t\t\t\t\t\t\t\t\t\t<\/div><!-- .entry-content -->\r\n\t\t\t\t\t\t\t\t\t\t\t\t\t<\/div>\r\n\t\t\t\t\t<\/div>\r\n\t\t\t\t<\/div><!-- #post-## -->\r\n\t\t\t<\/div><!-- #post-## -->\r\n\t\t\r\n\t\t\t<div id=\"post-4484\" class=\"news type-news wpnaw-blog-class has-date news-col-list\">\r\n\t\t\t\t<div class=\"news-inner-wrap-view news-clearfix wpnaw-news-no-image\">\r\n\r\n\t\t\t\t\t\r\n\t\t\t\t\t<div class=\"news-content\">\r\n\t\t\t\t\t\t\t\t\t\t\t\t\t<div class=\"grid-date-post\">\r\n\t\t\t\t\t\t\t\t20 octubre, 2021 \/ <a href=\"https:\/\/www.ati.es\/ca\/news-category\/evento\/\">Evento<\/a>, <a href=\"https:\/\/www.ati.es\/ca\/news-category\/formacion\/\">Formaci\u00f3n<\/a>\t\t\t\t\t\t\t<\/div>\r\n\t\t\t\t\t\t\r\n\t\t\t\t\t\t<div class=\"post-content-text\">\r\n\t\t\t\t\t\t\t<h3 class=\"news-title\"><a href=\"https:\/\/www.ati.es\/ca\/news\/bureau-veritas-formacion\/\" rel=\"bookmark\">BUREAU VERITAS FORMACI\u00d3N<\/a><\/h3>\t\t\t\t\t\t\t\t<div class=\"news-content-excerpt\">\r\n\t\t\t\t\t\t\t\t\t\t\t\t\t\t\t\t\t\t\t<div class=\"news-short-content\">\r\n\t\t\t\t\t\t\t\t\t\t\tMes Europeo de la\u00a0Ciberseguridad\u00a0en\u00a0Bureau VeritasCada mes de octubre se celebra el\u00a0Mes Europeo de la Ciberseguridad\u00a0con el...\t\t\t\t\t\t\t\t\t\t<\/div>\r\n\t\t\t\t\t\t\t\t\t\t<a href=\"https:\/\/www.ati.es\/ca\/news\/bureau-veritas-formacion\/\" class=\"news-more-link\">Read More<\/a>\r\n\t\t\t\t\t\t\t\t\t\t\t\t\t\t\t\t\t<\/div><!-- .entry-content -->\r\n\t\t\t\t\t\t\t\t\t\t\t\t\t<\/div>\r\n\t\t\t\t\t<\/div>\r\n\t\t\t\t<\/div><!-- #post-## -->\r\n\t\t\t<\/div><!-- #post-## -->\r\n\t\t\r\n\t\t\t<div id=\"post-4099\" class=\"news type-news wpnaw-blog-class has-date news-col-list\">\r\n\t\t\t\t<div class=\"news-inner-wrap-view news-clearfix\">\r\n\r\n\t\t\t\t\t\t\t\t\t\t<div class=\"news-thumb\">\r\n\t\t\t\t\t\t\t\t\t\t\t\t\t<div class=\"grid-news-thumb\">\r\n\t\t\t\t\t\t\t\t<a href=\"https:\/\/www.ati.es\/ca\/news\/ai-big-data-congress-2021\/\"><img width=\"650\" height=\"340\" src=\"https:\/\/www.ati.es\/wp-content\/uploads\/2021\/08\/AIBDC21_BannerLinekdinCAST_1200x627-2-1.jpg\" class=\"attachment-medium_large size-medium_large wp-post-image\" alt=\"\" loading=\"lazy\" \/><\/a>\r\n\t\t\t\t\t\t\t<\/div>\r\n\t\t\t\t\t\t\t\t\t\t\t<\/div>\r\n\t\t\t\t\t\r\n\t\t\t\t\t<div class=\"news-content\">\r\n\t\t\t\t\t\t\t\t\t\t\t\t\t<div class=\"grid-date-post\">\r\n\t\t\t\t\t\t\t\t31 agost, 2021 \/ <a href=\"https:\/\/www.ati.es\/ca\/news-category\/evento\/\">Evento<\/a>\t\t\t\t\t\t\t<\/div>\r\n\t\t\t\t\t\t\r\n\t\t\t\t\t\t<div class=\"post-content-text\">\r\n\t\t\t\t\t\t\t<h3 class=\"news-title\"><a href=\"https:\/\/www.ati.es\/ca\/news\/ai-big-data-congress-2021\/\" rel=\"bookmark\">AI &#038; Big Data Congress 2021<\/a><\/h3>\t\t\t\t\t\t\t\t<div class=\"news-content-excerpt\">\r\n\t\t\t\t\t\t\t\t\t\t\t\t\t\t\t\t\t\t\t<div class=\"news-short-content\">\r\n\t\t\t\t\t\t\t\t\t\t\tLos pr\u00f3ximos d\u00edas&nbsp;14 y 15 de septiembre&nbsp;se celebrar\u00e1 el&nbsp;AI &amp; Big Data Congress.&nbsp;El d\u00eda&nbsp;14 ser\u00e1 presencial&nbsp;&amp;...\t\t\t\t\t\t\t\t\t\t<\/div>\r\n\t\t\t\t\t\t\t\t\t\t<a href=\"https:\/\/www.ati.es\/ca\/news\/ai-big-data-congress-2021\/\" class=\"news-more-link\">Read More<\/a>\r\n\t\t\t\t\t\t\t\t\t\t\t\t\t\t\t\t\t<\/div><!-- .entry-content -->\r\n\t\t\t\t\t\t\t\t\t\t\t\t\t<\/div>\r\n\t\t\t\t\t<\/div>\r\n\t\t\t\t<\/div><!-- #post-## -->\r\n\t\t\t<\/div><!-- #post-## -->\r\n\t\t\r\n\t\t\t<div id=\"post-3979\" class=\"news type-news wpnaw-blog-class has-date news-col-list wpnaw-last\">\r\n\t\t\t\t<div class=\"news-inner-wrap-view news-clearfix\">\r\n\r\n\t\t\t\t\t\t\t\t\t\t<div class=\"news-thumb\">\r\n\t\t\t\t\t\t\t\t\t\t\t\t\t<div class=\"grid-news-thumb\">\r\n\t\t\t\t\t\t\t\t<a href=\"https:\/\/www.ati.es\/ca\/news\/conviertete-en-experto-en-ciberseguridad-con-bureau-veritas\/\"><img width=\"650\" height=\"237\" src=\"https:\/\/www.ati.es\/wp-content\/uploads\/2021\/07\/unnamed.jpg\" class=\"attachment-medium_large size-medium_large wp-post-image\" alt=\"\" loading=\"lazy\" srcset=\"https:\/\/www.ati.es\/wp-content\/uploads\/2021\/07\/unnamed.jpg 700w, https:\/\/www.ati.es\/wp-content\/uploads\/2021\/07\/unnamed-300x109.jpg 300w\" sizes=\"(max-width: 650px) 100vw, 650px\" \/><\/a>\r\n\t\t\t\t\t\t\t<\/div>\r\n\t\t\t\t\t\t\t\t\t\t\t<\/div>\r\n\t\t\t\t\t\r\n\t\t\t\t\t<div class=\"news-content\">\r\n\t\t\t\t\t\t\t\t\t\t\t\t\t<div class=\"grid-date-post\">\r\n\t\t\t\t\t\t\t\t29 juliol, 2021 \/ <a href=\"https:\/\/www.ati.es\/ca\/news-category\/ati-general\/\">ATI General<\/a>, <a href=\"https:\/\/www.ati.es\/ca\/news-category\/formacion\/\">Formaci\u00f3n<\/a>, <a href=\"https:\/\/www.ati.es\/ca\/news-category\/noticia\/\">Noticia<\/a>\t\t\t\t\t\t\t<\/div>\r\n\t\t\t\t\t\t\r\n\t\t\t\t\t\t<div class=\"post-content-text\">\r\n\t\t\t\t\t\t\t<h3 class=\"news-title\"><a href=\"https:\/\/www.ati.es\/ca\/news\/conviertete-en-experto-en-ciberseguridad-con-bureau-veritas\/\" rel=\"bookmark\">Convi\u00e9rtete en experto en Ciberseguridad con Bureau Veritas<\/a><\/h3>\t\t\t\t\t\t\t\t<div class=\"news-content-excerpt\">\r\n\t\t\t\t\t\t\t\t\t\t\t\t\t\t\t\t\t\t\t<div class=\"news-short-content\">\r\n\t\t\t\t\t\t\t\t\t\t\tAhora los\u00a0socios de ATI\u00a0disponen de hasta un 30% de descuento\u00a0en la formaci\u00f3n online M\u00e1ster en Ciberseguridad...\t\t\t\t\t\t\t\t\t\t<\/div>\r\n\t\t\t\t\t\t\t\t\t\t<a href=\"https:\/\/www.ati.es\/ca\/news\/conviertete-en-experto-en-ciberseguridad-con-bureau-veritas\/\" class=\"news-more-link\">Read More<\/a>\r\n\t\t\t\t\t\t\t\t\t\t\t\t\t\t\t\t\t<\/div><!-- .entry-content -->\r\n\t\t\t\t\t\t\t\t\t\t\t\t\t<\/div>\r\n\t\t\t\t\t<\/div>\r\n\t\t\t\t<\/div><!-- #post-## -->\r\n\t\t\t<\/div><!-- #post-## -->\r\n\t\t\t\t\t<div class=\"news_pagination wpnw-numeric\">\r\n\t\t\t\t<span aria-current=\"page\" class=\"page-numbers current\">1<\/span>\n<a class=\"page-numbers\" href=\"https:\/\/www.ati.es\/ca\/wp-json\/wp\/v2\/pages\/183\/page\/2\/#wpnw-news-1\">2<\/a>\n<a class=\"page-numbers\" href=\"https:\/\/www.ati.es\/ca\/wp-json\/wp\/v2\/pages\/183\/page\/3\/#wpnw-news-1\">3<\/a>\n<span class=\"page-numbers dots\">&hellip;<\/span>\n<a class=\"page-numbers\" href=\"https:\/\/www.ati.es\/ca\/wp-json\/wp\/v2\/pages\/183\/page\/44\/#wpnw-news-1\">44<\/a>\n<a class=\"next page-numbers\" href=\"https:\/\/www.ati.es\/ca\/wp-json\/wp\/v2\/pages\/183\/page\/2\/#wpnw-news-1\">Next &raquo;<\/a>\t\t\t<\/div>\r\n\t\t\t<\/div>","protected":false},"excerpt":{"rendered":"","protected":false},"author":1,"featured_media":0,"parent":0,"menu_order":0,"comment_status":"closed","ping_status":"closed","template":"","meta":[],"yoast_head":"<!-- This site is optimized with the Yoast SEO plugin v20.6 - https:\/\/yoast.com\/wordpress\/plugins\/seo\/ -->\n<title>Eventos \/ Noticias - Asociaci\u00f3n de T\u00e9cnicos de Inform\u00e1tica<\/title>\n<meta name=\"description\" content=\"Eventos y noticias destacadas de la Asociaci\u00f3n de T\u00e9cnicos de Inform\u00e1tica (ATI).\" \/>\n<meta name=\"robots\" content=\"index, follow, max-snippet:-1, max-image-preview:large, max-video-preview:-1\" \/>\n<link rel=\"canonical\" href=\"https:\/\/www.ati.es\/ca\/eventos_ati\/\" \/>\n<meta property=\"og:locale\" content=\"ca_ES\" \/>\n<meta property=\"og:type\" content=\"article\" \/>\n<meta property=\"og:title\" content=\"Eventos \/ Noticias - Asociaci\u00f3n de T\u00e9cnicos de Inform\u00e1tica\" \/>\n<meta property=\"og:description\" content=\"Eventos y noticias destacadas de la Asociaci\u00f3n de T\u00e9cnicos de Inform\u00e1tica (ATI).\" \/>\n<meta property=\"og:url\" content=\"https:\/\/www.ati.es\/ca\/eventos_ati\/\" \/>\n<meta property=\"og:site_name\" content=\"Asociaci\u00f3n de T\u00e9cnicos de Inform\u00e1tica\" \/>\n<meta property=\"article:modified_time\" content=\"2021-03-05T10:35:15+00:00\" \/>\n<meta name=\"twitter:card\" content=\"summary_large_image\" \/>\n<meta name=\"twitter:label1\" content=\"Temps estimat de lectura\" \/>\n\t<meta name=\"twitter:data1\" content=\"1 minut\" \/>\n<script type=\"application\/ld+json\" class=\"yoast-schema-graph\">{\"@context\":\"https:\/\/schema.org\",\"@graph\":[{\"@type\":\"WebPage\",\"@id\":\"https:\/\/www.ati.es\/eventos_ati\/\",\"url\":\"https:\/\/www.ati.es\/eventos_ati\/\",\"name\":\"Eventos \/ Noticias - Asociaci\u00f3n de T\u00e9cnicos de Inform\u00e1tica\",\"isPartOf\":{\"@id\":\"https:\/\/www.ati.es\/#website\"},\"datePublished\":\"2016-10-31T20:44:32+00:00\",\"dateModified\":\"2021-03-05T10:35:15+00:00\",\"description\":\"Eventos y noticias destacadas de la Asociaci\u00f3n de T\u00e9cnicos de Inform\u00e1tica (ATI).\",\"breadcrumb\":{\"@id\":\"https:\/\/www.ati.es\/eventos_ati\/#breadcrumb\"},\"inLanguage\":\"ca\",\"potentialAction\":[{\"@type\":\"ReadAction\",\"target\":[\"https:\/\/www.ati.es\/eventos_ati\/\"]}]},{\"@type\":\"BreadcrumbList\",\"@id\":\"https:\/\/www.ati.es\/eventos_ati\/#breadcrumb\",\"itemListElement\":[{\"@type\":\"ListItem\",\"position\":1,\"name\":\"Portada\",\"item\":\"https:\/\/www.ati.es\/\"},{\"@type\":\"ListItem\",\"position\":2,\"name\":\"Eventos \/ Noticias\"}]},{\"@type\":\"WebSite\",\"@id\":\"https:\/\/www.ati.es\/#website\",\"url\":\"https:\/\/www.ati.es\/\",\"name\":\"Asociaci\u00f3n de T\u00e9cnicos de Inform\u00e1tica\",\"description\":\"\",\"publisher\":{\"@id\":\"https:\/\/www.ati.es\/#organization\"},\"potentialAction\":[{\"@type\":\"SearchAction\",\"target\":{\"@type\":\"EntryPoint\",\"urlTemplate\":\"https:\/\/www.ati.es\/?s={search_term_string}\"},\"query-input\":\"required name=search_term_string\"}],\"inLanguage\":\"ca\"},{\"@type\":\"Organization\",\"@id\":\"https:\/\/www.ati.es\/#organization\",\"name\":\"Asociaci\u00f3n de T\u00e9cnicos de Inform\u00e1tica\",\"url\":\"https:\/\/www.ati.es\/\",\"logo\":{\"@type\":\"ImageObject\",\"inLanguage\":\"ca\",\"@id\":\"https:\/\/www.ati.es\/#\/schema\/logo\/image\/\",\"url\":\"https:\/\/www.ati.es\/wp-content\/uploads\/2021\/07\/cropped-logoATIvectorized.png\",\"contentUrl\":\"https:\/\/www.ati.es\/wp-content\/uploads\/2021\/07\/cropped-logoATIvectorized.png\",\"width\":431,\"height\":231,\"caption\":\"Asociaci\u00f3n de T\u00e9cnicos de Inform\u00e1tica\"},\"image\":{\"@id\":\"https:\/\/www.ati.es\/#\/schema\/logo\/image\/\"}}]}<\/script>\n<!-- \/ Yoast SEO plugin. -->","yoast_head_json":{"title":"Eventos \/ Noticias - Asociaci\u00f3n de T\u00e9cnicos de Inform\u00e1tica","description":"Eventos y noticias destacadas de la Asociaci\u00f3n de T\u00e9cnicos de Inform\u00e1tica (ATI).","robots":{"index":"index","follow":"follow","max-snippet":"max-snippet:-1","max-image-preview":"max-image-preview:large","max-video-preview":"max-video-preview:-1"},"canonical":"https:\/\/www.ati.es\/ca\/eventos_ati\/","og_locale":"ca_ES","og_type":"article","og_title":"Eventos \/ Noticias - Asociaci\u00f3n de T\u00e9cnicos de Inform\u00e1tica","og_description":"Eventos y noticias destacadas de la Asociaci\u00f3n de T\u00e9cnicos de Inform\u00e1tica (ATI).","og_url":"https:\/\/www.ati.es\/ca\/eventos_ati\/","og_site_name":"Asociaci\u00f3n de T\u00e9cnicos de Inform\u00e1tica","article_modified_time":"2021-03-05T10:35:15+00:00","twitter_card":"summary_large_image","twitter_misc":{"Temps estimat de lectura":"1 minut"},"schema":{"@context":"https:\/\/schema.org","@graph":[{"@type":"WebPage","@id":"https:\/\/www.ati.es\/eventos_ati\/","url":"https:\/\/www.ati.es\/eventos_ati\/","name":"Eventos \/ Noticias - Asociaci\u00f3n de T\u00e9cnicos de Inform\u00e1tica","isPartOf":{"@id":"https:\/\/www.ati.es\/#website"},"datePublished":"2016-10-31T20:44:32+00:00","dateModified":"2021-03-05T10:35:15+00:00","description":"Eventos y noticias destacadas de la Asociaci\u00f3n de T\u00e9cnicos de Inform\u00e1tica (ATI).","breadcrumb":{"@id":"https:\/\/www.ati.es\/eventos_ati\/#breadcrumb"},"inLanguage":"ca","potentialAction":[{"@type":"ReadAction","target":["https:\/\/www.ati.es\/eventos_ati\/"]}]},{"@type":"BreadcrumbList","@id":"https:\/\/www.ati.es\/eventos_ati\/#breadcrumb","itemListElement":[{"@type":"ListItem","position":1,"name":"Portada","item":"https:\/\/www.ati.es\/"},{"@type":"ListItem","position":2,"name":"Eventos \/ Noticias"}]},{"@type":"WebSite","@id":"https:\/\/www.ati.es\/#website","url":"https:\/\/www.ati.es\/","name":"Associaci\u00f3 de T\u00e8cnics d'Inform\u00e0tica","description":"","publisher":{"@id":"https:\/\/www.ati.es\/#organization"},"potentialAction":[{"@type":"SearchAction","target":{"@type":"EntryPoint","urlTemplate":"https:\/\/www.ati.es\/?s={search_term_string}"},"query-input":"required name=search_term_string"}],"inLanguage":"ca"},{"@type":"Organization","@id":"https:\/\/www.ati.es\/#organization","name":"Associaci\u00f3 de T\u00e8cnics d'Inform\u00e0tica","url":"https:\/\/www.ati.es\/","logo":{"@type":"ImageObject","inLanguage":"ca","@id":"https:\/\/www.ati.es\/#\/schema\/logo\/image\/","url":"https:\/\/www.ati.es\/wp-content\/uploads\/2021\/07\/cropped-logoATIvectorized.png","contentUrl":"https:\/\/www.ati.es\/wp-content\/uploads\/2021\/07\/cropped-logoATIvectorized.png","width":431,"height":231,"caption":"Asociaci\u00f3n de T\u00e9cnicos de Inform\u00e1tica"},"image":{"@id":"https:\/\/www.ati.es\/#\/schema\/logo\/image\/"}}]}},"_links":{"self":[{"href":"https:\/\/www.ati.es\/ca\/wp-json\/wp\/v2\/pages\/183"}],"collection":[{"href":"https:\/\/www.ati.es\/ca\/wp-json\/wp\/v2\/pages"}],"about":[{"href":"https:\/\/www.ati.es\/ca\/wp-json\/wp\/v2\/types\/page"}],"author":[{"embeddable":true,"href":"https:\/\/www.ati.es\/ca\/wp-json\/wp\/v2\/users\/1"}],"replies":[{"embeddable":true,"href":"https:\/\/www.ati.es\/ca\/wp-json\/wp\/v2\/comments?post=183"}],"version-history":[{"count":28,"href":"https:\/\/www.ati.es\/ca\/wp-json\/wp\/v2\/pages\/183\/revisions"}],"predecessor-version":[{"id":3569,"href":"https:\/\/www.ati.es\/ca\/wp-json\/wp\/v2\/pages\/183\/revisions\/3569"}],"wp:attachment":[{"href":"https:\/\/www.ati.es\/ca\/wp-json\/wp\/v2\/media?parent=183"}],"curies":[{"name":"wp","href":"https:\/\/api.w.org\/{rel}","templated":true}]}}